{"id":10811,"date":"2026-02-19T14:41:40","date_gmt":"2026-02-19T13:41:40","guid":{"rendered":"https:\/\/www.mirabel-mielles.com\/?page_id=10811"},"modified":"2026-02-26T16:50:14","modified_gmt":"2026-02-26T15:50:14","slug":"camping-cotes-darmor","status":"publish","type":"page","link":"https:\/\/www.mirabel-mielles.com\/de\/camping-cotes-darmor","title":{"rendered":"C\u00f4tes d'Armor"},"content":{"rendered":"<h1 class=\"wp-block-heading\"><strong>Ein Campingplatz in den C\u00f4tes d'Armor am Meer<\/strong><\/h1>\n\n\n\n<p>Unser 4-Sterne-Campingplatz Les Mielles empf\u00e4ngt Sie zu <strong>Urlaub in C\u00f4tes d'Armor<\/strong> direkt am Meer gelegen. Es liegt weniger als 300 m von der gro\u00dfen <strong>Strand von Saint-Cast-le-Guildo<\/strong>, Kommen Sie auf diesen Familiencampingplatz und entdecken Sie die Sch\u00e4tze der Bretagne.<\/p>\n\n\n\n<figure class=\"wp-block-image aligncenter size-full\"><img loading=\"lazy\" decoding=\"async\" width=\"50\" height=\"8\" src=\"https:\/\/www.mirabel-mielles.com\/wp-content\/uploads\/2022\/09\/barre-bleue.png\" alt=\"\" class=\"wp-image-5969\"\/><\/figure>\n\n\n\n<div class=\"wp-block-media-text is-stacked-on-mobile\"><figure class=\"wp-block-media-text__media\"><img loading=\"lazy\" decoding=\"async\" width=\"700\" height=\"525\" src=\"https:\/\/www.mirabel-mielles.com\/wp-content\/uploads\/2023\/08\/palmier-piscine-matin2-1024x768-Personnalise.jpg\" alt=\"familiencamping cote d&#039;armor\" class=\"wp-image-8839 size-full\" srcset=\"https:\/\/www.mirabel-mielles.com\/wp-content\/uploads\/2023\/08\/palmier-piscine-matin2-1024x768-Personnalise.jpg 700w, https:\/\/www.mirabel-mielles.com\/wp-content\/uploads\/2023\/08\/palmier-piscine-matin2-1024x768-Personnalise-300x225.jpg 300w\" sizes=\"auto, (max-width: 700px) 100vw, 700px\" \/><\/figure><div class=\"wp-block-media-text__content\">\n<h2 class=\"wp-block-heading\">Ein ideal gelegener Familiencampingplatz<\/h2>\n\n\n\n<p>Das Hotel liegt im Herzen des Badeortes <a href=\"https:\/\/www.mirabel-mielles.com\/de\/saint-cast-le-guildo\/\" data-type=\"page\" data-id=\"69\">Saint-Cast-le-Guildo<\/a><strong>, Unser Familiencampingplatz<\/strong> bietet Ihnen eine privilegierte Lage f\u00fcr <strong>Urlaub in der Bretagne am Meer<\/strong>. Nur wenige Minuten vom Strand, dem Stadtzentrum und den Gesch\u00e4ften entfernt, sodass Sie Ihr Auto nicht brauchen. Im Sommer erwacht der Ort zum Leben und bietet Aktivit\u00e4ten f\u00fcr alle.<\/p>\n\n\n\n<p>Der Campingplatz ist von April bis Oktober ge\u00f6ffnet und empf\u00e4ngt Familien in einer geselligen Atmosph\u00e4re. Vollst\u00e4ndig ausgestattete Unterk\u00fcnfte, <a href=\"https:\/\/www.mirabel-mielles.com\/de\/schwimmbad-wasserbereich\/\" target=\"_blank\" rel=\"noreferrer noopener\">beheizter Wasserbereich<\/a>, Sommeranimationen, Kinderspielpl\u00e4tze... alles ist f\u00fcr einen gelungenen Urlaub an der C\u00f4tes d'Armor gedacht.<\/p>\n\n\n\n<p>Eine <strong>Familiensommer in der Bretagne<\/strong> an die Sie sich noch lange erinnern werden.<\/p>\n<\/div><\/div>\n\n\n\n<p><\/p>\n\n\n\n<div class=\"wp-block-media-text has-media-on-the-right is-stacked-on-mobile front-page-section grey\"><div class=\"wp-block-media-text__content\">\n<h2 class=\"wp-block-heading\">Warum sollten Sie das Departement C\u00f4tes d'Armor f\u00fcr Ihren Campingurlaub w\u00e4hlen?<\/h2>\n\n\n\n<p>Die Region besticht durch ihre vielf\u00e4ltigen Landschaften: lange Sandstr\u00e4nde, wilde Klippen, typische kleine H\u00e4fen und spektakul\u00e4re K\u00fcstenpfade. Die bretonische K\u00fcste bietet ein perfektes Gleichgewicht zwischen <strong>Entspannung, Natur und Kulturerbe<\/strong>.<\/p>\n\n\n\n<p>Ein Aufenthalt auf einem Campingplatz am Meer in den C\u00f4tes d'Armor bedeutet, zu genie\u00dfen :<\/p>\n\n\n\n<ul class=\"wp-block-list\">\n<li>eines direkten Zugangs zu den Str\u00e4nden<\/li>\n\n\n\n<li>von verschiedenen Wassersportaktivit\u00e4ten<\/li>\n\n\n\n<li>eines bemerkenswerten historischen Erbes<\/li>\n\n\n\n<li>eines authentischen Familienreiseziels<\/li>\n<\/ul>\n\n\n\n<p>Die Region ist ideal f\u00fcr einen <strong>Campingaufenthalt in der Bretagne<\/strong>, Es ist egal, ob Sie als Paar, mit Freunden oder mit der Familie reisen.<\/p>\n<\/div><figure class=\"wp-block-media-text__media\"><img loading=\"lazy\" decoding=\"async\" width=\"1024\" height=\"768\" src=\"https:\/\/www.mirabel-mielles.com\/wp-content\/uploads\/2022\/09\/ploumanach-crique-granit-rose-1024x768.jpg\" alt=\"urlaub an der bretonischen k\u00fcste\" class=\"wp-image-6156 size-full\" srcset=\"https:\/\/www.mirabel-mielles.com\/wp-content\/uploads\/2022\/09\/ploumanach-crique-granit-rose-1024x768.jpg 1024w, https:\/\/www.mirabel-mielles.com\/wp-content\/uploads\/2022\/09\/ploumanach-crique-granit-rose-300x225.jpg 300w, https:\/\/www.mirabel-mielles.com\/wp-content\/uploads\/2022\/09\/ploumanach-crique-granit-rose-768x576.jpg 768w, https:\/\/www.mirabel-mielles.com\/wp-content\/uploads\/2022\/09\/ploumanach-crique-granit-rose.jpg 1200w\" sizes=\"auto, (max-width: 1024px) 100vw, 1024px\" \/><\/figure><\/div>\n\n\n\n<p><\/p>\n\n\n\n<div class=\"wp-block-media-text is-stacked-on-mobile\"><figure class=\"wp-block-media-text__media\"><img loading=\"lazy\" decoding=\"async\" width=\"500\" height=\"550\" src=\"https:\/\/www.mirabel-mielles.com\/wp-content\/uploads\/2026\/02\/saint-briac-sur-mer-cote-darmor.jpg\" alt=\"\" class=\"wp-image-10845 size-full\" srcset=\"https:\/\/www.mirabel-mielles.com\/wp-content\/uploads\/2026\/02\/saint-briac-sur-mer-cote-darmor.jpg 500w, https:\/\/www.mirabel-mielles.com\/wp-content\/uploads\/2026\/02\/saint-briac-sur-mer-cote-darmor-273x300.jpg 273w\" sizes=\"auto, (max-width: 500px) 100vw, 500px\" \/><\/figure><div class=\"wp-block-media-text__content\">\n<h2 class=\"wp-block-heading\">Was kann man im Urlaub in den C\u00f4tes d'Armor unternehmen?<\/h2>\n\n\n\n<h3 class=\"wp-block-heading\">St\u00e4dte und Badeorte erkunden<\/h3>\n\n\n\n<p>Wir alle kennen die unumg\u00e4nglichen Sehensw\u00fcrdigkeiten der Region wie Saint-Malo, Dinard oder Cancale. Aber <a href=\"https:\/\/www.mirabel-mielles.com\/de\/cote-demeraude-bretagne\/\" target=\"_blank\" rel=\"noreferrer noopener\">die Smaragdk\u00fcste<\/a> ist voll von kleinen D\u00f6rfern, die Sie sich nicht entgehen lassen sollten.<\/p>\n\n\n\n<ul class=\"wp-block-list\">\n<li><strong>Pl\u00e9neuf-Val-Andr\u00e9 :<\/strong> Der familienfreundliche Badeort bezaubert durch seinen gro\u00dfen Strand, den belebten Deich und den authentischen Hafen von Dahou\u00ebt.<\/li>\n\n\n\n<li><strong>Saint-Briac-sur-Mer<\/strong> Saint-Briac: Das charmante Dorf am Meer mit seinen eleganten Villen besticht durch seine ruhigen Str\u00e4nde und seine K\u00fcstenpfade.<\/li>\n\n\n\n<li><strong>Saint-Jacut-de-la-Mer<\/strong> Saint-Jacut-de-la-Mer ist eine gesch\u00fctzte Halbinsel zwischen Buchten und S\u00fcmpfen und bietet einen authentischen nat\u00fcrlichen Rahmen, der sich f\u00fcr Spazierg\u00e4nge am Meer anbietet.<\/li>\n\n\n\n<li><strong>Lancieux<\/strong> : geselliger Badeort zwischen Meer und Land <strong>in der N\u00e4he des Campingplatzes Les Mielles<\/strong> Lancieux besticht durch seine weiten Str\u00e4nde, wilden Buchten und seinen <strong>famili\u00e4re Atmosph\u00e4re.<\/strong><\/li>\n<\/ul>\n\n\n\n<p class=\"has-text-align-right\"><img loading=\"lazy\" decoding=\"async\" width=\"50\" height=\"48\" class=\"wp-image-6142\" style=\"width: 50px;\" src=\"https:\/\/www.mirabel-mielles.com\/wp-content\/uploads\/2022\/09\/Coquillage-300x287-1.png\" alt=\"\"><\/p>\n<\/div><\/div>\n\n\n\n<div class=\"wp-block-media-text is-stacked-on-mobile\"><figure class=\"wp-block-media-text__media\"><img loading=\"lazy\" decoding=\"async\" width=\"1024\" height=\"683\" src=\"https:\/\/www.mirabel-mielles.com\/wp-content\/uploads\/2022\/09\/car-erquy-9-1024x683.jpg\" alt=\"wandern GR34 camping in C\u00f4te d&#039;Armor\" class=\"wp-image-6199 size-full\" srcset=\"https:\/\/www.mirabel-mielles.com\/wp-content\/uploads\/2022\/09\/car-erquy-9-1024x683.jpg 1024w, https:\/\/www.mirabel-mielles.com\/wp-content\/uploads\/2022\/09\/car-erquy-9-300x200.jpg 300w, https:\/\/www.mirabel-mielles.com\/wp-content\/uploads\/2022\/09\/car-erquy-9-768x512.jpg 768w, https:\/\/www.mirabel-mielles.com\/wp-content\/uploads\/2022\/09\/car-erquy-9.jpg 1200w\" sizes=\"auto, (max-width: 1024px) 100vw, 1024px\" \/><\/figure><div class=\"wp-block-media-text__content\">\n<h3 class=\"wp-block-heading\">Familienaktivit\u00e4ten in der N\u00e4he des Campingplatzes<\/h3>\n\n\n\n<p>W\u00e4hrend Ihres Familienurlaubs auf unserem Campingplatz k\u00f6nnen Sie viele Ausfl\u00fcge f\u00fcr Gro\u00df und Klein unternehmen. Ob Sie sich eher f\u00fcr Aktivit\u00e4ten in der Natur, Sport, Freizeit oder kulturelle Besichtigungen interessieren, es ist f\u00fcr jeden Geschmack etwas dabei. <strong>Was man mit der Familie in C\u00f4tes d'Armor unternehmen kann<\/strong> und in der N\u00e4he des Campingplatzes gibt es keinen Mangel :<\/p>\n\n\n\n<ul class=\"wp-block-list\">\n<li><strong>Wanderung<\/strong> auf dem GR34 entlang der K\u00fcste<\/li>\n\n\n\n<li><strong>Wassersportliche Aktivit\u00e4ten<\/strong> an den zahlreichen Str\u00e4nden von Saint-Cast wie Windsurfen, Tauchen oder Wasserski.<\/li>\n\n\n\n<li><strong>Ein bisschen Sport <\/strong>mit dem Reitzentrum von Saint-Cast oder auch dem Golfplatz, der das Meer \u00fcberblickt<\/li>\n\n\n\n<li><strong>Familienfreundliche Aktivit\u00e4ten<\/strong> rund um die Tiere mit dem Aquarium von Saint-Malo, dem Zoo von La Bourbansais<\/li>\n\n\n\n<li><strong>Kulturelle St\u00e4tten <\/strong>zu entdecken, wie das Ch\u00e2teau du Guildo, das Fort Lalatte oder auch das <strong>Leuchtturm von Cap Fr\u00e9hel<\/strong><\/li>\n<\/ul>\n\n\n\n<p>Weitere Ideen f\u00fcr Ausfl\u00fcge finden Sie auf <a href=\"https:\/\/www.mirabel-mielles.com\/de\/gute-adressen-links\/\" target=\"_blank\" rel=\"noreferrer noopener\">unsere eigene Seite<\/a><\/p>\n<\/div><\/div>\n\n\n\n<p><\/p>\n\n\n\n<p>W\u00e4hlen Sie einen <strong>camping in den C\u00f4tes d'Armor am Meer<\/strong>, Ein Urlaub zwischen Str\u00e4nden, Kulturerbe und unber\u00fchrter Natur. Der Campingplatz Mirabel Les Mielles empf\u00e4ngt Sie in Saint-Cast-le-Guildo und bietet Ihnen einen unvergesslichen Urlaub. <strong>Familienaufenthalt<\/strong> nur wenige Schritte vom Meer entfernt und im Herzen eines symboltr\u00e4chtigen Reiseziels in der Bretagne.<\/p>\n\n\n\n<p class=\"has-text-align-center texte-rond mt-5 has-large-font-size\">Was es auf dem Campingplatz zu entdecken gibt<\/p>\n\n\n\n<div class=\"wp-block-columns are-vertically-aligned-center h-20 front-page-section grey is-layout-flex wp-container-core-columns-is-layout-28f84493 wp-block-columns-is-layout-flex\">\n<div class=\"wp-block-column is-layout-flow wp-block-column-is-layout-flow\"><\/div>\n\n\n\n<div class=\"wp-block-column is-layout-flow wp-block-column-is-layout-flow\">\n<div class=\"wp-block-create-block-sevgutenberg-navigation\"><aside class=\"encart-sev-navigation small carre\"><a href=\"https:\/\/www.mirabel-mielles.com\/de\/tarife-fur-die-vermietung-von-mobilheimen\/\" class=\"d-flex flex-column align-items-center\"><div class=\"encart-title\"><span>Vermietungen<\/span><\/div><div class=\"vague\"><\/div><img decoding=\"async\" src=\"https:\/\/www.mirabel-mielles.com\/wp-content\/uploads\/2022\/09\/mh-pmr-soleil.jpg\" alt=\"Vermietung Mobilheim PMR\"\/><div class=\"ligne\"><\/div><div class=\"hover\"><\/div><\/a><\/aside><\/div>\n<\/div>\n\n\n\n<div class=\"wp-block-column is-vertically-aligned-center is-layout-flow wp-block-column-is-layout-flow\">\n<div class=\"wp-block-create-block-sevgutenberg-navigation\"><aside class=\"encart-sev-navigation small carre\"><a href=\"https:\/\/www.mirabel-mielles.com\/de\/schwimmbad-wasserbereich\/\" class=\"d-flex flex-column align-items-center\"><div class=\"encart-title\"><span>Wasserpark<\/span><\/div><div class=\"vague\"><\/div><img decoding=\"async\" src=\"https:\/\/www.mirabel-mielles.com\/wp-content\/uploads\/2022\/09\/piscine-soleil-baignade.jpg\" alt=\"beheizter Au\u00dfenpool\"\/><div class=\"ligne\"><\/div><div class=\"hover\"><\/div><\/a><\/aside><\/div>\n<\/div>\n\n\n\n<div class=\"wp-block-column is-vertically-aligned-center is-layout-flow wp-block-column-is-layout-flow\">\n<div class=\"wp-block-create-block-sevgutenberg-navigation\"><aside class=\"encart-sev-navigation small carre\"><a href=\"https:\/\/www.mirabel-mielles.com\/de\/campingdienste\/\" class=\"d-flex flex-column align-items-center\"><div class=\"encart-title\"><span>Dienste<\/span><\/div><div class=\"vague\"><\/div><img decoding=\"async\" src=\"https:\/\/www.mirabel-mielles.com\/wp-content\/uploads\/2022\/09\/accueil-entree-mielles-mirabel-1.jpg\" alt=\"rezeption des campingplatzes Mirabel\"\/><div class=\"ligne\"><\/div><div class=\"hover\"><\/div><\/a><\/aside><\/div>\n<\/div>\n\n\n\n<div class=\"wp-block-column is-layout-flow wp-block-column-is-layout-flow\"><\/div>\n<\/div>\n\n\n\n<figure class=\"wp-block-image aligncenter size-full\"><img loading=\"lazy\" decoding=\"async\" width=\"1024\" height=\"84\" src=\"https:\/\/www.mirabel-mielles.com\/wp-content\/uploads\/2022\/09\/photo-1024x84-1.png\" alt=\"\" class=\"wp-image-6139\" srcset=\"https:\/\/www.mirabel-mielles.com\/wp-content\/uploads\/2022\/09\/photo-1024x84-1.png 1024w, https:\/\/www.mirabel-mielles.com\/wp-content\/uploads\/2022\/09\/photo-1024x84-1-300x25.png 300w, https:\/\/www.mirabel-mielles.com\/wp-content\/uploads\/2022\/09\/photo-1024x84-1-768x63.png 768w\" sizes=\"auto, (max-width: 1024px) 100vw, 1024px\" \/><\/figure>\n\n\n\t\t\t<div id=\"sevgallery-325081601\" class=\"sev-diaporama sev-diaporama-portfolio\">\r\n\t\t\t\t<div class=\"row\">\r\n\r\n\t\t\t\t\t\r\n\t\t\t\t\t\t\r\n\t\t\t\t\t\t<div class=\"sev-diaporama-portfolio-item   btnseeall btnseeall-xl col-12 col-md  col-shrink\">\r\n\t\t\t\t\t\t\t<a href=\"https:\/\/www.mirabel-mielles.com\/wp-content\/uploads\/2022\/09\/crtb-cancale-huitres_BERTHIER-Emmanuel-1024x667.jpg\" data-lightbox=\"sevgallery-325081601\" style=\"background-image: url(https:\/\/www.mirabel-mielles.com\/wp-content\/uploads\/2022\/09\/crtb-cancale-huitres_BERTHIER-Emmanuel-1024x667.jpg)\">\r\n\t\t\t\t\t\t\t\t<img decoding=\"async\" src=\"https:\/\/www.mirabel-mielles.com\/wp-content\/uploads\/2022\/09\/crtb-cancale-huitres_BERTHIER-Emmanuel-1024x667.jpg\" alt=\"Austernverkostung\" loading=\"lazy\">\r\n\t\t\t\t\t\t\t\t\t\t\t\t\t\t\t<\/a>\r\n\t\t\t\t\t\t<\/div>\r\n\r\n\t\t\t\t\t\t\r\n\t\t\t\t\t\t\t\t\t\t\t\t\t\t\t\t\t\r\n\t\t\t\t\t\t\r\n\t\t\t\t\t\t<div class=\"sev-diaporama-portfolio-item   btnseeall btnseeall-xl col-12 col-md\">\r\n\t\t\t\t\t\t\t<a href=\"https:\/\/www.mirabel-mielles.com\/wp-content\/uploads\/2022\/09\/crtb-saint-malo_LE-GAL-Yannick-1024x681.jpg\" data-lightbox=\"sevgallery-325081601\" style=\"background-image: url(https:\/\/www.mirabel-mielles.com\/wp-content\/uploads\/2022\/09\/crtb-saint-malo_LE-GAL-Yannick-1024x681.jpg)\">\r\n\t\t\t\t\t\t\t\t<img decoding=\"async\" src=\"https:\/\/www.mirabel-mielles.com\/wp-content\/uploads\/2022\/09\/crtb-saint-malo_LE-GAL-Yannick-1024x681.jpg\" alt=\"besuch von saint malo\" loading=\"lazy\">\r\n\t\t\t\t\t\t\t\t\t\t\t\t\t\t\t<\/a>\r\n\t\t\t\t\t\t<\/div>\r\n\r\n\t\t\t\t\t\t\r\n\t\t\t\t\t\t\t\t\t\t\t\t\t\t\t\t\t\r\n\t\t\t\t\t\t\r\n\t\t\t\t\t\t<div class=\"sev-diaporama-portfolio-item   btnseeall btnseeall-xl col-12 col-md  col-grow\">\r\n\t\t\t\t\t\t\t<a href=\"https:\/\/www.mirabel-mielles.com\/wp-content\/uploads\/2022\/09\/Dinard-cote-digue-1024x1024.jpg\" data-lightbox=\"sevgallery-325081601\" style=\"background-image: url(https:\/\/www.mirabel-mielles.com\/wp-content\/uploads\/2022\/09\/Dinard-cote-digue-1024x1024.jpg)\">\r\n\t\t\t\t\t\t\t\t<img decoding=\"async\" src=\"https:\/\/www.mirabel-mielles.com\/wp-content\/uploads\/2022\/09\/Dinard-cote-digue-1024x1024.jpg\" alt=\"Besuch von DINARD\" loading=\"lazy\">\r\n\t\t\t\t\t\t\t\t\t\t\t\t\t\t\t<\/a>\r\n\t\t\t\t\t\t<\/div>\r\n\r\n\t\t\t\t\t\t\r\n\t\t\t\t\t\t\t\t\t\t\t\t\t\t\t\t\t\r\n\t\t\t\t\t\t\r\n\t\t\t\t\t\t<div class=\"sev-diaporama-portfolio-item   btnseeall btnseeall-xl col-12 col-md\">\r\n\t\t\t\t\t\t\t<a href=\"https:\/\/www.mirabel-mielles.com\/wp-content\/uploads\/2022\/09\/perros-guirec-falaise-crique-1024x683.jpg\" data-lightbox=\"sevgallery-325081601\" style=\"background-image: url(https:\/\/www.mirabel-mielles.com\/wp-content\/uploads\/2022\/09\/perros-guirec-falaise-crique-1024x683.jpg)\">\r\n\t\t\t\t\t\t\t\t<img decoding=\"async\" src=\"https:\/\/www.mirabel-mielles.com\/wp-content\/uploads\/2022\/09\/perros-guirec-falaise-crique-1024x683.jpg\" alt=\"Klippe in der Umgebung des Campingplatzes\" loading=\"lazy\">\r\n\t\t\t\t\t\t\t\t\t\t\t\t\t\t\t<\/a>\r\n\t\t\t\t\t\t<\/div>\r\n\r\n\t\t\t\t\t\t\t\t\t\t\t\t\t<div class=\"w-100\"><\/div>\r\n\t\t\t\t\t\t\t\t\t\t\t\t\t\r\n\t\t\t\t\t\t\t\t\t\t\t\t\t\t\t\t\t\r\n\t\t\t\t\t\t\r\n\t\t\t\t\t\t<div class=\"sev-diaporama-portfolio-item   btnseeall btnseeall-xl col-12 col-md\">\r\n\t\t\t\t\t\t\t<a href=\"https:\/\/www.mirabel-mielles.com\/wp-content\/uploads\/2022\/09\/perros-guirec-granit-rose-1024x768.jpg\" data-lightbox=\"sevgallery-325081601\" style=\"background-image: url(https:\/\/www.mirabel-mielles.com\/wp-content\/uploads\/2022\/09\/perros-guirec-granit-rose-1024x768.jpg)\">\r\n\t\t\t\t\t\t\t\t<img decoding=\"async\" src=\"https:\/\/www.mirabel-mielles.com\/wp-content\/uploads\/2022\/09\/perros-guirec-granit-rose-1024x768.jpg\" alt=\"Besuch aus der Bretagne\" loading=\"lazy\">\r\n\t\t\t\t\t\t\t\t\t\t\t\t\t\t\t<\/a>\r\n\t\t\t\t\t\t<\/div>\r\n\r\n\t\t\t\t\t\t\r\n\t\t\t\t\t\t\t\t\t\t\t\t\t\t\t\t\t\r\n\t\t\t\t\t\t\r\n\t\t\t\t\t\t<div class=\"sev-diaporama-portfolio-item   btnseeall btnseeall-xl col-12 col-md  col-grow\">\r\n\t\t\t\t\t\t\t<a href=\"https:\/\/www.mirabel-mielles.com\/wp-content\/uploads\/2022\/09\/perros-guirec-ploumanach-1024x683.jpg\" data-lightbox=\"sevgallery-325081601\" style=\"background-image: url(https:\/\/www.mirabel-mielles.com\/wp-content\/uploads\/2022\/09\/perros-guirec-ploumanach-1024x683.jpg)\">\r\n\t\t\t\t\t\t\t\t<img decoding=\"async\" src=\"https:\/\/www.mirabel-mielles.com\/wp-content\/uploads\/2022\/09\/perros-guirec-ploumanach-1024x683.jpg\" alt=\"Besuch aus der Bretagne\" loading=\"lazy\">\r\n\t\t\t\t\t\t\t\t\t\t\t\t\t\t\t<\/a>\r\n\t\t\t\t\t\t<\/div>\r\n\r\n\t\t\t\t\t\t\r\n\t\t\t\t\t\t\t\t\t\t\t\t\t\t\t\t\t\r\n\t\t\t\t\t\t\r\n\t\t\t\t\t\t<div class=\"sev-diaporama-portfolio-item   btnseeall btnseeall-xl col-12 col-md\">\r\n\t\t\t\t\t\t\t<a href=\"https:\/\/www.mirabel-mielles.com\/wp-content\/uploads\/2022\/09\/ploumanach-crique-granit-rose-1024x768.jpg\" data-lightbox=\"sevgallery-325081601\" style=\"background-image: url(https:\/\/www.mirabel-mielles.com\/wp-content\/uploads\/2022\/09\/ploumanach-crique-granit-rose-1024x768.jpg)\">\r\n\t\t\t\t\t\t\t\t<img decoding=\"async\" src=\"https:\/\/www.mirabel-mielles.com\/wp-content\/uploads\/2022\/09\/ploumanach-crique-granit-rose-1024x768.jpg\" alt=\"urlaub an der bretonischen k\u00fcste\" loading=\"lazy\">\r\n\t\t\t\t\t\t\t\t\t\t\t\t\t\t\t<\/a>\r\n\t\t\t\t\t\t<\/div>\r\n\r\n\t\t\t\t\t\t\r\n\t\t\t\t\t\t\t\t\t\t\t\t\t\t\t\t\t\r\n\t\t\t\t\t\t\r\n\t\t\t\t\t\t<div class=\"sev-diaporama-portfolio-item   btnseeall btnseeall-xl col-12 col-md  last-visible\">\r\n\t\t\t\t\t\t\t<a href=\"https:\/\/www.mirabel-mielles.com\/de\/photos-camping-mielles\"  style=\"background-image: url(https:\/\/www.mirabel-mielles.com\/wp-content\/uploads\/2022\/09\/ploumanach-perros-guirec-768x1024.jpg)\">\r\n\t\t\t\t\t\t\t\t<img decoding=\"async\" src=\"https:\/\/www.mirabel-mielles.com\/wp-content\/uploads\/2022\/09\/ploumanach-perros-guirec-768x1024.jpg\" alt=\"au\u00dfergew\u00f6hnliche Landschaft vor den Toren des Campingplatzes\" loading=\"lazy\">\r\n\t\t\t\t\t\t\t\t\t\t\t\t\t\t\t\t\t<img decoding=\"async\" src=\"https:\/\/www.mirabel-mielles.com\/wp-content\/themes\/mielles\/assets\/img\/voir-photos.png\" alt=\"\" \/>\r\n\t\t\t\t\t\t\t\t\t<span>Alle Fotos anzeigen<\/span>\r\n\t\t\t\t\t\t\t\t\t\t\t\t\t\t\t<\/a>\r\n\t\t\t\t\t\t<\/div>\r\n\r\n\t\t\t\t\t\t\t\t\t\t\t\t\t<div class=\"w-100\"><\/div>\r\n\t\t\t\t\t\t\t\t\t\t\t\t\t\r\n\t\t\t\t\t\t\t\t\t\t\t\t\t\t\t\t\t\r\n\t\t\t\t\t\t\r\n\t\t\t\t\t\t<div class=\"sev-diaporama-portfolio-item   btnseeall btnseeall-xl col-12 col-md  col-shrink d-none\">\r\n\t\t\t\t\t\t\t<a href=\"https:\/\/www.mirabel-mielles.com\/wp-content\/uploads\/2022\/09\/perros-guirrec-1024x683.jpg\" data-lightbox=\"sevgallery-325081601\" style=\"background-image: url(https:\/\/www.mirabel-mielles.com\/wp-content\/uploads\/2022\/09\/perros-guirrec-1024x683.jpg)\">\r\n\t\t\t\t\t\t\t\t<img decoding=\"async\" src=\"https:\/\/www.mirabel-mielles.com\/wp-content\/uploads\/2022\/09\/perros-guirrec-1024x683.jpg\" alt=\"Aufenthalt in der Bretagne\" loading=\"lazy\">\r\n\t\t\t\t\t\t\t\t\t\t\t\t\t\t\t<\/a>\r\n\t\t\t\t\t\t<\/div>\r\n\r\n\t\t\t\t\t\t\r\n\t\t\t\t\t\t\t\t\t\t\t\t\t\t\t\t\t\r\n\t\t\t\t\t\t\r\n\t\t\t\t\t\t<div class=\"sev-diaporama-portfolio-item  limitsm btnseeall btnseeall-xl col-12 col-md  col-shrink d-none\">\r\n\t\t\t\t\t\t\t<a href=\"https:\/\/www.mirabel-mielles.com\/wp-content\/uploads\/2022\/09\/Dinard-cote-eau-turquoise-1024x683.jpg\" data-lightbox=\"sevgallery-325081601\" style=\"background-image: url(https:\/\/www.mirabel-mielles.com\/wp-content\/uploads\/2022\/09\/Dinard-cote-eau-turquoise-1024x683.jpg)\">\r\n\t\t\t\t\t\t\t\t<img decoding=\"async\" src=\"https:\/\/www.mirabel-mielles.com\/wp-content\/uploads\/2022\/09\/Dinard-cote-eau-turquoise-1024x683.jpg\" alt=\"Campingplatz in der N\u00e4he von Dinard\" loading=\"lazy\">\r\n\t\t\t\t\t\t\t\t\t\t\t\t\t\t\t<\/a>\r\n\t\t\t\t\t\t<\/div>\r\n\r\n\t\t\t\t\t\t\r\n\t\t\t\t\t\t\t\t\t\t\t\t\t\t\t\t\t\t\t\t\t<\/div>\r\n\t\t\t<\/div>\r\n\r\n\t\t\t<script>\r\n\t\t\tjQuery(function($) {\r\n\r\n\t\t\t\tvar marginPortfolio = function() {\r\n\r\n\t\t\t\t\tvar $diapo          = $('#sevgallery-325081601');\r\n\t\t\t\t\tvar container_width = $diapo.parent().outerWidth();\r\n\t\t\t\t\tvar side            = ( $(window).innerWidth() - container_width ) \/ 2;\r\n\r\n\t\t\t\t\t$diapo.css( {\r\n\t\t\t\t\t\t'margin-left': '-' + side + 'px',\r\n\t\t\t\t\t\t'margin-right': '-' + side + 'px',\r\n\t\t\t\t\t} );\r\n\t\t\t\t};\r\n\r\n\t\t\t\t$( window ).resize( function() {\r\n\t\t\t\t\tmarginPortfolio();\r\n\t\t\t\t} );\r\n\t\t\t\tmarginPortfolio();\r\n\t\t\t});\r\n\t\t\t<\/script>","protected":false},"excerpt":{"rendered":"<p>Un camping dans les C\u00f4tes d\u2019Armor en bord de mer Notre camping 4 \u00e9toiles Les Mielles vous accueille pour des [&hellip;]<\/p>\n","protected":false},"author":2,"featured_media":0,"parent":0,"menu_order":0,"comment_status":"closed","ping_status":"closed","template":"","meta":{"_seopress_robots_primary_cat":"","_seopress_titles_title":"Camping 4 \u00e9toiles C\u00f4tes d'Armor en bord de mer","_seopress_titles_desc":"Pendant votre s\u00e9jour dans notre camping Les Mielles \u00e0 Saint-Cast-le-Guildo, d\u00e9couvrez les C\u00f4tes d'Armor et ses activit\u00e9s familiales","_seopress_robots_index":"","footnotes":""},"class_list":["post-10811","page","type-page","status-publish","hentry"],"_links":{"self":[{"href":"https:\/\/www.mirabel-mielles.com\/de\/wp-json\/wp\/v2\/pages\/10811","targetHints":{"allow":["GET"]}}],"collection":[{"href":"https:\/\/www.mirabel-mielles.com\/de\/wp-json\/wp\/v2\/pages"}],"about":[{"href":"https:\/\/www.mirabel-mielles.com\/de\/wp-json\/wp\/v2\/types\/page"}],"author":[{"embeddable":true,"href":"https:\/\/www.mirabel-mielles.com\/de\/wp-json\/wp\/v2\/users\/2"}],"replies":[{"embeddable":true,"href":"https:\/\/www.mirabel-mielles.com\/de\/wp-json\/wp\/v2\/comments?post=10811"}],"version-history":[{"count":11,"href":"https:\/\/www.mirabel-mielles.com\/de\/wp-json\/wp\/v2\/pages\/10811\/revisions"}],"predecessor-version":[{"id":10945,"href":"https:\/\/www.mirabel-mielles.com\/de\/wp-json\/wp\/v2\/pages\/10811\/revisions\/10945"}],"wp:attachment":[{"href":"https:\/\/www.mirabel-mielles.com\/de\/wp-json\/wp\/v2\/media?parent=10811"}],"curies":[{"name":"WordPress","href":"https:\/\/api.w.org\/{rel}","templated":true}]}}