{"id":40,"date":"2021-12-10T14:14:32","date_gmt":"2021-12-10T13:14:32","guid":{"rendered":"https:\/\/www.campinglarenaudiere.com\/?page_id=40"},"modified":"2021-12-10T14:14:32","modified_gmt":"2021-12-10T13:14:32","slug":"restaurant-bar-snack","status":"publish","type":"page","link":"https:\/\/www.mirabel-mielles.com\/de\/restaurant-bar-snack","title":{"rendered":"Snack Bar"},"content":{"rendered":"<h1 class=\"wp-block-heading\" id=\"restaurant-snack-bar-a-la-plaine-sur-mer\">Snack Bar in La Plaine-sur-Mer<\/h1>\n\n\n\n<p class=\"has-text-align-center\">Wir begr\u00fc\u00dfen Sie von Mai bis September an sonnigen Tagen auf der Terrasse und an k\u00fchleren Abenden im Innenbereich.&nbsp;<\/p>\n\n\n\n<div class=\"wp-block-image\"><figure class=\"aligncenter size-full\"><img decoding=\"async\" src=\"https:\/\/www.campinglarenaudiere.com\/wp-content\/uploads\/2022\/01\/barre-bleue.png\" alt=\"\" class=\"wp-image-2382\"\/><\/figure><\/div>\n\n\n\n<div class=\"wp-block-media-text alignwide has-media-on-the-right is-stacked-on-mobile is-vertically-aligned-center\"><figure class=\"wp-block-media-text__media\"><img decoding=\"async\" src=\"https:\/\/www.campinglarenaudiere.com\/wp-content\/uploads\/2021\/12\/restaurant-bar-perroquet-1024x768.jpg\" alt=\"Die Terrasse der Snackbar La Renaudi\u00e8re\" class=\"wp-image-576 size-full\"\/><\/figure><div class=\"wp-block-media-text__content\">\n<p>Zu jeder Tageszeit k\u00f6nnen Sie im Le Perroquet, der Snackbar des Campingplatzes, eine Pause einlegen.<\/p>\n\n\n\n<p>Kalte Getr\u00e4nke, Hei\u00dfgetr\u00e4nke, Eis, Waffeln f\u00fcr den Snack nach dem Schwimmen. <\/p>\n\n\n\n<p>Zum Abendessen bietet das Le Perroquet eine abwechslungsreiche Speisekarte: Burger, Pizza, Aperitifbrett mit Wurst\/K\u00e4se, Geb\u00e4ck f\u00fcr ein Essen in der Sonne in der N\u00e4he von <a href=\"https:\/\/www.campinglarenaudiere.com\/piscine-espace-aquatique\">der Pool&nbsp;<\/a>!<\/p>\n\n\n\n<div class=\"wp-block-image\"><figure class=\"aligncenter size-full is-resized\"><a href=\"https:\/\/www.campinglarenaudiere.com\/wp-content\/uploads\/2021\/12\/bar-restaurant-le-perroquet.jpg\"><img loading=\"lazy\" decoding=\"async\" src=\"https:\/\/www.campinglarenaudiere.com\/wp-content\/uploads\/2021\/12\/bar-restaurant-le-perroquet.jpg\" alt=\"Bar Restaurant le Perroquet\" class=\"wp-image-631\" width=\"400\" height=\"205\"\/><\/a><\/figure><\/div>\n<\/div><\/div>\n\n\n\n<div style=\"height:14px\" aria-hidden=\"true\" class=\"wp-block-spacer\"><\/div>\n\n\n\n<div class=\"wp-block-media-text alignwide is-stacked-on-mobile front-page-section grey\"><figure class=\"wp-block-media-text__media\"><img decoding=\"async\" src=\"https:\/\/www.campinglarenaudiere.com\/wp-content\/uploads\/2021\/12\/cocktail-bar-camping-1-1024x768.jpg\" alt=\"Cocktail in der Snackbar des Campingplatzes\" class=\"wp-image-575 size-full\"\/><\/figure><div class=\"wp-block-media-text__content\">\n<h2 class=\"wp-block-heading\" id=\"le-snack-bar-du-camping-sur-place-ou-a-emporter\">Die Snackbar des Campingplatzes: vor Ort oder zum Mitnehmen!<\/h2>\n\n\n\n<figure class=\"wp-block-image size-full\"><img decoding=\"async\" src=\"https:\/\/www.campinglarenaudiere.com\/wp-content\/uploads\/2022\/01\/barre-bleue.png\" alt=\"\" class=\"wp-image-2382\"\/><\/figure>\n\n\n\n<p>Wenn Sie einen geselligen Moment mit Ihren Lieben verbringen m\u00f6chten, kommen Sie auf ein Getr\u00e4nk in die Snackbar des Campingplatzes. <\/p>\n\n\n\n<p>Er ist in der Saison von Mai bis September ge\u00f6ffnet. Unsere Mitarbeiter bereiten Ihnen kleine Cocktails zu, f\u00fcr die sie ein Geheimnis haben.<\/p>\n\n\n\n<p> Wenn Sie m\u00f6chten, k\u00f6nnen Sie auch unsere Snackprodukte zum Mitnehmen bestellen: Paninis, Cr\u00eapes, Pizzas, ... <\/p>\n\n\n\n<p><\/p>\n\n\n\n<p><\/p>\n\n\n\n<p><\/p>\n\n\n\n<div class=\"wp-block-buttons is-layout-flex wp-block-buttons-is-layout-flex\">\n<div class=\"wp-block-button aligncenter\"><a class=\"wp-block-button__link has-turquoise-background-color has-background\" href=\"https:\/\/www.facebook.com\/leperroquetrestaurant\" target=\"_blank\" rel=\"noreferrer noopener\">Folgen Sie uns auf Facebook<\/a><\/div>\n<\/div>\n<\/div><\/div>\n\n\n\n<div class=\"wp-block-media-text alignwide has-media-on-the-right is-stacked-on-mobile animate right\"><figure class=\"wp-block-media-text__media\"><img decoding=\"async\" src=\"https:\/\/www.campinglarenaudiere.com\/wp-content\/uploads\/2021\/12\/cafe-bar-camping-1-1024x729.jpg\" alt=\"einen Kaffee in der Bar Le Perroquet\" class=\"wp-image-573 size-full\"\/><\/figure><div class=\"wp-block-media-text__content\">\n<p class=\"texte-rond has-orange-color has-text-color has-large-font-size\">Ihr Fr\u00fchst\u00fcck wie zu Hause!&nbsp;<\/p>\n\n\n\n<p><strong>Brot- und Geb\u00e4ckverkauf im Sommer<\/strong><\/p>\n\n\n\n<p>Im Juli und August bietet der Campingplatz Brot und Geb\u00e4ck f\u00fcr Ihr Fr\u00fchst\u00fcck an. Bestellen Sie am Vortag und genie\u00dfen Sie die frischen Produkte direkt in der K\u00fcche. <a href=\"https:\/\/www.campinglarenaudiere.com\/tarifs-locations-mobilhomes\" data-type=\"page\" data-id=\"56\">Ihr Mobilheim<\/a> oder auf <a href=\"https:\/\/www.campinglarenaudiere.com\/tarifs-tentes-caravanes\" data-type=\"page\" data-id=\"60\">Ihr Standort<\/a>. <\/p>\n\n\n\n<p>Es gibt auch ein \u00abFr\u00fchst\u00fccksangebot\u00bb mit Fruchtsaft, Hei\u00dfgetr\u00e4nk, frischem Brot und Croissant oder Pain au chocolat. F\u00fcr die erste Mahlzeit des Tages brauchen Sie den Campingplatz nicht mehr zu verlassen!<\/p>\n\n\n\n<p><strong>Entdecken Sie unsere Karten<\/strong><\/p>\n\n\n\n<div class=\"wp-block-buttons is-layout-flex wp-block-buttons-is-layout-flex\"><\/div>\n\n\n\n<div class=\"wp-block-buttons is-horizontal is-content-justification-left is-layout-flex wp-container-core-buttons-is-layout-20be11b6 wp-block-buttons-is-layout-flex\">\n<div class=\"wp-block-button\"><a class=\"wp-block-button__link has-turquoise-background-color has-background\" href=\"https:\/\/www.campinglarenaudiere.com\/wp-content\/uploads\/2022\/05\/carte-snack-bar-le-perroquet-juillet2022.pdf\" target=\"_blank\" rel=\"noreferrer noopener\"> Snack-Men\u00fc <\/a><\/div>\n<\/div>\n<\/div><\/div>\n\n\n\n<p class=\"has-text-align-center texte-rond mt-5 has-large-font-size\">Was es auf dem Campingplatz zu entdecken gibt<\/p>\n\n\n\n<div class=\"wp-block-columns h-20 front-page-section grey is-layout-flex wp-container-core-columns-is-layout-28f84493 wp-block-columns-is-layout-flex\">\n<div class=\"wp-block-column is-layout-flow wp-block-column-is-layout-flow\" style=\"flex-basis:20%\"><\/div>\n\n\n\n<div class=\"wp-block-column is-layout-flow wp-block-column-is-layout-flow\">\n<div class=\"wp-block-create-block-sevgutenberg-navigation\"><aside class=\"encart-sev-navigation small carre\"><a href=\"https:\/\/www.campinglarenaudiere.com\/piscine-espace-aquatique\" class=\"d-flex flex-column align-items-center\"><div class=\"encart-title\"><span>Wasserpark<\/span><\/div><div class=\"vague\"><\/div><img decoding=\"async\" src=\"https:\/\/www.campinglarenaudiere.com\/wp-content\/uploads\/2021\/12\/piscine-toboggan-camping.jpg\" alt=\"campingplatz mit schwimmbad und wasserrutschen\"\/><div class=\"ligne\"><\/div><div class=\"hover\"><\/div><\/a><\/aside><\/div>\n<\/div>\n\n\n\n<div class=\"wp-block-column is-layout-flow wp-block-column-is-layout-flow\">\n<div class=\"wp-block-create-block-sevgutenberg-navigation\"><aside class=\"encart-sev-navigation small carre\"><a href=\"https:\/\/www.campinglarenaudiere.com\/region-destination-pornic\" class=\"d-flex flex-column align-items-center\"><div class=\"encart-title\"><span>Pornic<\/span><\/div><div class=\"vague\"><\/div><img decoding=\"async\" src=\"https:\/\/www.campinglarenaudiere.com\/wp-content\/uploads\/2021\/12\/glaces_fraiseraie_pornic.jpg\" alt=\"Glaces la Fraiseraie in Pornic\"\/><div class=\"ligne\"><\/div><div class=\"hover\"><\/div><\/a><\/aside><\/div>\n<\/div>\n\n\n\n<div class=\"wp-block-column is-layout-flow wp-block-column-is-layout-flow\">\n<div class=\"wp-block-create-block-sevgutenberg-navigation\"><aside class=\"encart-sev-navigation small carre\"><a href=\"https:\/\/www.campinglarenaudiere.com\/activites-animations-soirees\" class=\"d-flex flex-column align-items-center\"><div class=\"encart-title\"><span>Aktivit\u00e4ten <\/span><\/div><div class=\"vague\"><\/div><img decoding=\"async\" src=\"https:\/\/www.campinglarenaudiere.com\/wp-content\/uploads\/2021\/12\/club-enfant-camping-1.jpg\" alt=\"Kinderclub des Campingplatzes\"\/><div class=\"ligne\"><\/div><div class=\"hover\"><\/div><\/a><\/aside><\/div>\n<\/div>\n\n\n\n<div class=\"wp-block-column is-layout-flow wp-block-column-is-layout-flow\" style=\"flex-basis:20%\"><\/div>\n<\/div>\n\n\n\n<div class=\"wp-block-image mt-5\"><figure class=\"aligncenter size-large is-resized\"><img loading=\"lazy\" decoding=\"async\" src=\"https:\/\/www.campinglarenaudiere.com\/wp-content\/uploads\/2022\/01\/photo-1024x84.png\" alt=\"Fotogalerie\" class=\"wp-image-2371\" width=\"768\" height=\"63\"\/><\/figure><\/div>\n\n\n<!-- Aucune image dans cette galerie -->","protected":false},"excerpt":{"rendered":"<p>Snack Bar \u00e0 la Plaine-sur-Mer Nous vous accueillons en terrasse pour les jours ensoleill\u00e9s et en int\u00e9rieur pour les soir\u00e9es [&hellip;]<\/p>\n","protected":false},"author":1,"featured_media":0,"parent":0,"menu_order":0,"comment_status":"closed","ping_status":"closed","template":"","meta":{"_seopress_robots_primary_cat":"","_seopress_titles_title":"Camping avec snack-bar restaurant pr\u00e8s de Pornic","_seopress_titles_desc":"Ouvert en Juillet et Ao\u00fbt, le snack-bar-restaurant du Camping La Renaudi\u00e8re pr\u00e8s de Pornic vous propose aussi le wifi gratuit !","_seopress_robots_index":"","footnotes":""},"class_list":["post-40","page","type-page","status-publish","hentry"],"_links":{"self":[{"href":"https:\/\/www.mirabel-mielles.com\/de\/wp-json\/wp\/v2\/pages\/40","targetHints":{"allow":["GET"]}}],"collection":[{"href":"https:\/\/www.mirabel-mielles.com\/de\/wp-json\/wp\/v2\/pages"}],"about":[{"href":"https:\/\/www.mirabel-mielles.com\/de\/wp-json\/wp\/v2\/types\/page"}],"author":[{"embeddable":true,"href":"https:\/\/www.mirabel-mielles.com\/de\/wp-json\/wp\/v2\/users\/1"}],"replies":[{"embeddable":true,"href":"https:\/\/www.mirabel-mielles.com\/de\/wp-json\/wp\/v2\/comments?post=40"}],"version-history":[{"count":0,"href":"https:\/\/www.mirabel-mielles.com\/de\/wp-json\/wp\/v2\/pages\/40\/revisions"}],"wp:attachment":[{"href":"https:\/\/www.mirabel-mielles.com\/de\/wp-json\/wp\/v2\/media?parent=40"}],"curies":[{"name":"WordPress","href":"https:\/\/api.w.org\/{rel}","templated":true}]}}