{"id":43,"date":"2021-12-10T14:15:21","date_gmt":"2021-12-10T13:15:21","guid":{"rendered":"https:\/\/www.campinglarenaudiere.com\/?page_id=43"},"modified":"2026-01-14T15:16:43","modified_gmt":"2026-01-14T14:16:43","slug":"aktivitaten-sport-freizeit","status":"publish","type":"page","link":"https:\/\/www.mirabel-mielles.com\/de\/activites-sports-loisirs","title":{"rendered":"Sport und Freizeit"},"content":{"rendered":"<h1 class=\"wp-block-heading\" id=\"faites-le-plein-d-activites-au-camping-la-renaudiere\">Qualitativ hochwertige Einrichtungen auf dem Campingplatz in Saint-Cast-le-Guildo<\/h1>\n\n\n\n<p class=\"has-text-align-center\">Bei einem Urlaub auf dem Campingplatz haben Sie dank unserer zahlreichen Einrichtungen vor Ort die M\u00f6glichkeit, an zahlreichen Aktivit\u00e4ten teilzunehmen. Spiele f\u00fcr die Kinder, Platz f\u00fcr die Gr\u00f6\u00dferen - hier kommt jeder auf seine Kosten.<\/p>\n\n\n\n<figure class=\"wp-block-image aligncenter size-full\"><img decoding=\"async\" src=\"https:\/\/www.campinglarenaudiere.com\/wp-content\/uploads\/2022\/01\/barre-bleue.png\" alt=\"\" class=\"wp-image-2382\"\/><\/figure>\n\n\n\n<div class=\"wp-block-media-text alignwide has-media-on-the-right is-stacked-on-mobile\"><div class=\"wp-block-media-text__content\">\n<p class=\"texte-rond has-orange-color has-text-color has-large-font-size\">Unser Campingplatz mit Spielplatz<\/p>\n\n\n\n<p>Auf dem Campingplatz Les Mielles in Saint-Cast-le-Guildo stellen wir Ihnen Folgendes zur Verf\u00fcgung <strong>kostenlos sichere Ger\u00e4te<\/strong> damit Ihre Kinder Spa\u00df haben und Ferienfreunde finden k\u00f6nnen!<\/p>\n\n\n\n<p><\/p>\n\n\n\n<ul class=\"wp-block-list\">\n<li>Ein gro\u00dfer Spielplatz mit f\u00fcr Kinder <strong>Schaukel, Rutsche <\/strong>und Sandkasten<\/li>\n\n\n\n<li>Der Star in der Ecke : <strong>das Trampolin <\/strong>um abzuprallen!<\/li>\n\n\n\n<li>Ein sch\u00f6nes <strong>H\u00fcpfburg<\/strong> installiert (kann bei schlechtem Wetter geschlossen werden)<\/li>\n<\/ul>\n<\/div><figure class=\"wp-block-media-text__media\"><img loading=\"lazy\" decoding=\"async\" width=\"1024\" height=\"683\" src=\"https:\/\/www.mirabel-mielles.com\/wp-content\/uploads\/2022\/09\/1-mielles-trampoline.jpeg\" alt=\"Campingplatz mit Animationen in St Cast le Guildo\" class=\"wp-image-5931 size-full\" srcset=\"https:\/\/www.mirabel-mielles.com\/wp-content\/uploads\/2022\/09\/1-mielles-trampoline.jpeg 1024w, https:\/\/www.mirabel-mielles.com\/wp-content\/uploads\/2022\/09\/1-mielles-trampoline-300x200.jpeg 300w, https:\/\/www.mirabel-mielles.com\/wp-content\/uploads\/2022\/09\/1-mielles-trampoline-768x512.jpeg 768w\" sizes=\"auto, (max-width: 1024px) 100vw, 1024px\" \/><\/figure><\/div>\n\n\n\n<div style=\"height:14px\" aria-hidden=\"true\" class=\"wp-block-spacer\"><\/div>\n\n\n\n<div class=\"wp-block-media-text alignwide front-page-section grey\"><figure class=\"wp-block-media-text__media\"><img loading=\"lazy\" decoding=\"async\" width=\"600\" height=\"400\" src=\"https:\/\/www.mirabel-mielles.com\/wp-content\/uploads\/2026\/01\/boulodrome-petanque-camping-1.jpg\" alt=\"boulodrome partie p\u00e9tanque camping bretagne\" class=\"wp-image-10616 size-medium\" srcset=\"https:\/\/www.mirabel-mielles.com\/wp-content\/uploads\/2026\/01\/boulodrome-petanque-camping-1.jpg 600w, https:\/\/www.mirabel-mielles.com\/wp-content\/uploads\/2026\/01\/boulodrome-petanque-camping-1-300x200.jpg 300w\" sizes=\"auto, (max-width: 600px) 100vw, 600px\" \/><\/figure><div class=\"wp-block-media-text__content\">\n<p class=\"texte-rond has-orange-color has-text-color\" style=\"font-size:32px\">Einrichtungen f\u00fcr Sportler auf dem Campingplatz<\/p>\n\n\n\n<p>F\u00fcr manche bedeutet Urlaub nicht immer \u00abErholung\u00bb. Wir wissen das, Sie sind von <strong>zahlreiche Sportlerinnen und Sportler<\/strong> ein paar Tage oder eine Woche in Les Mielles in der C\u00f4tes d'Armor zu verbringen. Damit Sie also auf dem Laufenden bleiben, haben wir eine<strong> Tischtennisplatte <\/strong>um sich mit Freunden zu messen. Au\u00dferdem finden Sie einen <strong>Volleyballnetz<\/strong> auf einem Grasplatz, um ein kleines Spiel unter der bretonischen Sonne zu spielen.<\/p>\n\n\n\n<p>Und schlie\u00dflich, weil es sich um die unumg\u00e4nglichen Aktivit\u00e4ten eines jeden guten Campers handelt: <strong>der Boulodrome<\/strong> f\u00fcr deine <strong>Boule-Partien<\/strong>e, Bretonen-Puck oder Molkky stehen Ihnen in der N\u00e4he des Kinderspielplatzes zur Verf\u00fcgung. Jeder hat seinen eigenen Raum und die Freiheit, sich in Ruhe zu am\u00fcsieren, das ist der Geist unseres Hauses. <strong>4-Sterne-Familiencampingplatz<\/strong>.<\/p>\n<\/div><\/div>\n\n\n\n<p><\/p>\n\n\n\n<div class=\"wp-block-media-text has-media-on-the-right is-stacked-on-mobile\"><div class=\"wp-block-media-text__content\">\n<h3 class=\"wp-block-heading\">Verleih von Material an der Rezeption des Campingplatzes<\/h3>\n\n\n\n<p>Ist das Wetter nicht gut genug, um drau\u00dfen zu sein? Keine Panik, wir haben immer einen Plan B oder sogar einen Plan C in Les Mielles! <\/p>\n\n\n\n<p>Plan B: Der Saloon. In diesem <strong>\u00fcberdachter Gemeinschaftsraum<\/strong>, In der Spielhalle gibt es Arcade-Spiele und Sitzb\u00e4nke f\u00fcr Gespr\u00e4che mit Freunden. Er ist von 9:00 bis 18:00 Uhr ge\u00f6ffnet (im Sommer bis 22:00 Uhr). Lassen Sie sich mit Ihren Freunden nieder und teilen Sie einen Moment mit ihnen. <strong>vor Regen gesch\u00fctzt<\/strong>.<\/p>\n\n\n\n<p>Plan C: Leihen <strong>B\u00fccher oder Gesellschaftsspiele an der Rezeption.<\/strong> Es ist kostenlos, also nutzen Sie es. Z\u00f6gern Sie auch nicht, Ihre eigenen mitzubringen, um mit Ihren Freunden im Saloon oder auf der Terrasse Ihres Mobilheims zu spielen.<br><\/p>\n\n\n\n<figure class=\"wp-block-image alignright size-full is-resized\"><img decoding=\"async\" src=\"https:\/\/www.campinglarenaudiere.com\/wp-content\/uploads\/2022\/01\/livre.png\" alt=\"\" class=\"wp-image-1892\" style=\"width:80px;height:70px\"\/><\/figure>\n<\/div><figure class=\"wp-block-media-text__media\"><img loading=\"lazy\" decoding=\"async\" width=\"600\" height=\"480\" src=\"https:\/\/www.mirabel-mielles.com\/wp-content\/uploads\/2026\/01\/mielles-saloon-salle-couverte.jpg\" alt=\"\u00fcberdachte Halle auf dem Campingplatz, um sich zu am\u00fcsieren\" class=\"wp-image-10619 size-full\" srcset=\"https:\/\/www.mirabel-mielles.com\/wp-content\/uploads\/2026\/01\/mielles-saloon-salle-couverte.jpg 600w, https:\/\/www.mirabel-mielles.com\/wp-content\/uploads\/2026\/01\/mielles-saloon-salle-couverte-300x240.jpg 300w\" sizes=\"auto, (max-width: 600px) 100vw, 600px\" \/><\/figure><\/div>\n\n\n\n<p class=\"has-text-align-center texte-rond mt-5 has-large-font-size\">Was es auf dem Campingplatz zu entdecken gibt<\/p>\n\n\n\n<div class=\"wp-block-columns h-20 front-page-section grey is-layout-flex wp-container-core-columns-is-layout-28f84493 wp-block-columns-is-layout-flex\">\n<div class=\"wp-block-column is-layout-flow wp-block-column-is-layout-flow\"><\/div>\n\n\n\n<div class=\"wp-block-column is-layout-flow wp-block-column-is-layout-flow\">\n<div class=\"wp-block-create-block-sevgutenberg-navigation\"><aside class=\"encart-sev-navigation small carre\"><a href=\"https:\/\/www.mirabel-mielles.com\/de\/schwimmbad-wasserbereich\/\" class=\"d-flex flex-column align-items-center\"><div class=\"encart-title\"><span>Wasserpark<\/span><\/div><div class=\"vague\"><\/div><img decoding=\"async\" src=\"https:\/\/www.mirabel-mielles.com\/wp-content\/uploads\/2022\/09\/piscine-soleil-baignade.jpg\" alt=\"beheizter Au\u00dfenpool\"\/><div class=\"ligne\"><\/div><div class=\"hover\"><\/div><\/a><\/aside><\/div>\n<\/div>\n\n\n\n<div class=\"wp-block-column is-layout-flow wp-block-column-is-layout-flow\">\n<div class=\"wp-block-create-block-sevgutenberg-navigation\"><aside class=\"encart-sev-navigation small carre\"><a href=\"https:\/\/www.mirabel-mielles.com\/de\/gute-adressen-links\/\" class=\"d-flex flex-column align-items-center\"><div class=\"encart-title\"><span>Aktivit\u00e4ten<\/span><\/div><div class=\"vague\"><\/div><img decoding=\"async\" src=\"https:\/\/www.mirabel-mielles.com\/wp-content\/uploads\/2022\/09\/3-Adt-accrobranche_Loic-KERSUZAN.jpg\" alt=\"\"\/><div class=\"ligne\"><\/div><div class=\"hover\"><\/div><\/a><\/aside><\/div>\n<\/div>\n\n\n\n<div class=\"wp-block-column is-layout-flow wp-block-column-is-layout-flow\">\n<div class=\"wp-block-create-block-sevgutenberg-navigation\"><aside class=\"encart-sev-navigation small carre\"><a href=\"https:\/\/www.mirabel-mielles.com\/de\/die-erfahrungen\/\" class=\"d-flex flex-column align-items-center\"><div class=\"encart-title\"><span>Erfahrungen<\/span><\/div><div class=\"vague\"><\/div><img decoding=\"async\" src=\"https:\/\/www.mirabel-mielles.com\/wp-content\/uploads\/2022\/09\/2-parapente-mer-pixabay.jpg\" alt=\"\"\/><div class=\"ligne\"><\/div><div class=\"hover\"><\/div><\/a><\/aside><\/div>\n<\/div>\n\n\n\n<div class=\"wp-block-column is-layout-flow wp-block-column-is-layout-flow\"><\/div>\n<\/div>\n\n\n\n<div class=\"wp-block-group is-layout-flow wp-block-group-is-layout-flow\">\n<figure class=\"wp-block-image aligncenter size-large is-resized mt-5\"><img decoding=\"async\" src=\"https:\/\/www.campinglarenaudiere.com\/wp-content\/uploads\/2022\/01\/photo-1024x84.png\" alt=\"Fotogalerie\" class=\"wp-image-2371\" style=\"width:768px;height:63px\"\/><\/figure>\n\n\n\t\t\t<div id=\"sevgallery-1964042748\" class=\"sev-diaporama sev-diaporama-portfolio\">\r\n\t\t\t\t<div class=\"row\">\r\n\r\n\t\t\t\t\t\r\n\t\t\t\t\t\t\r\n\t\t\t\t\t\t<div class=\"sev-diaporama-portfolio-item   btnseeall btnseeall-xl col-12 col-md  col-shrink\">\r\n\t\t\t\t\t\t\t<a href=\"https:\/\/www.mirabel-mielles.com\/wp-content\/uploads\/2023\/12\/aire-jeux-homeball1-1024x768.jpg\" data-lightbox=\"sevgallery-1964042748\" style=\"background-image: url(https:\/\/www.mirabel-mielles.com\/wp-content\/uploads\/2023\/12\/aire-jeux-homeball1-1024x768.jpg)\">\r\n\t\t\t\t\t\t\t\t<img decoding=\"async\" src=\"https:\/\/www.mirabel-mielles.com\/wp-content\/uploads\/2023\/12\/aire-jeux-homeball1-1024x768.jpg\" alt=\"\" loading=\"lazy\">\r\n\t\t\t\t\t\t\t\t\t\t\t\t\t\t\t<\/a>\r\n\t\t\t\t\t\t<\/div>\r\n\r\n\t\t\t\t\t\t\r\n\t\t\t\t\t\t\t\t\t\t\t\t\t\t\t\t\t\r\n\t\t\t\t\t\t\r\n\t\t\t\t\t\t<div class=\"sev-diaporama-portfolio-item   btnseeall btnseeall-xl col-12 col-md\">\r\n\t\t\t\t\t\t\t<a href=\"https:\/\/www.mirabel-mielles.com\/wp-content\/uploads\/2023\/12\/meilles-aires-de-jeux-2-1024x683.jpg\" data-lightbox=\"sevgallery-1964042748\" style=\"background-image: url(https:\/\/www.mirabel-mielles.com\/wp-content\/uploads\/2023\/12\/meilles-aires-de-jeux-2-1024x683.jpg)\">\r\n\t\t\t\t\t\t\t\t<img decoding=\"async\" src=\"https:\/\/www.mirabel-mielles.com\/wp-content\/uploads\/2023\/12\/meilles-aires-de-jeux-2-1024x683.jpg\" alt=\"\" loading=\"lazy\">\r\n\t\t\t\t\t\t\t\t\t\t\t\t\t\t\t<\/a>\r\n\t\t\t\t\t\t<\/div>\r\n\r\n\t\t\t\t\t\t\r\n\t\t\t\t\t\t\t\t\t\t\t\t\t\t\t\t\t\r\n\t\t\t\t\t\t\r\n\t\t\t\t\t\t<div class=\"sev-diaporama-portfolio-item   btnseeall btnseeall-xl col-12 col-md  col-shrink\">\r\n\t\t\t\t\t\t\t<a href=\"https:\/\/www.mirabel-mielles.com\/wp-content\/uploads\/2022\/09\/aire-de-jeux-enfants-1024x683.jpg\" data-lightbox=\"sevgallery-1964042748\" style=\"background-image: url(https:\/\/www.mirabel-mielles.com\/wp-content\/uploads\/2022\/09\/aire-de-jeux-enfants-1024x683.jpg)\">\r\n\t\t\t\t\t\t\t\t<img decoding=\"async\" src=\"https:\/\/www.mirabel-mielles.com\/wp-content\/uploads\/2022\/09\/aire-de-jeux-enfants-1024x683.jpg\" alt=\"Spielplatz des 4-Sterne-Campingplatzes\" loading=\"lazy\">\r\n\t\t\t\t\t\t\t\t\t\t\t\t\t\t\t<\/a>\r\n\t\t\t\t\t\t<\/div>\r\n\r\n\t\t\t\t\t\t\r\n\t\t\t\t\t\t\t\t\t\t\t\t\t\t\t\t\t\r\n\t\t\t\t\t\t\r\n\t\t\t\t\t\t<div class=\"sev-diaporama-portfolio-item   btnseeall btnseeall-xl col-12 col-md  col-shrink\">\r\n\t\t\t\t\t\t\t<a href=\"https:\/\/www.mirabel-mielles.com\/wp-content\/uploads\/2022\/09\/trampoline-enfant-1024x768.jpg\" data-lightbox=\"sevgallery-1964042748\" style=\"background-image: url(https:\/\/www.mirabel-mielles.com\/wp-content\/uploads\/2022\/09\/trampoline-enfant-1024x768.jpg)\">\r\n\t\t\t\t\t\t\t\t<img decoding=\"async\" src=\"https:\/\/www.mirabel-mielles.com\/wp-content\/uploads\/2022\/09\/trampoline-enfant-1024x768.jpg\" alt=\"Trampolin Camping\" loading=\"lazy\">\r\n\t\t\t\t\t\t\t\t\t\t\t\t\t\t\t<\/a>\r\n\t\t\t\t\t\t<\/div>\r\n\r\n\t\t\t\t\t\t\t\t\t\t\t\t\t<div class=\"w-100\"><\/div>\r\n\t\t\t\t\t\t\t\t\t\t\t\t\t\r\n\t\t\t\t\t\t\t\t\t\t\t\t\t\t\t\t\t\r\n\t\t\t\t\t\t\r\n\t\t\t\t\t\t<div class=\"sev-diaporama-portfolio-item   btnseeall btnseeall-xl col-12 col-md\">\r\n\t\t\t\t\t\t\t<a href=\"https:\/\/www.mirabel-mielles.com\/wp-content\/uploads\/2022\/09\/aire-jeux-enfants-mielles-1024x768.jpg\" data-lightbox=\"sevgallery-1964042748\" style=\"background-image: url(https:\/\/www.mirabel-mielles.com\/wp-content\/uploads\/2022\/09\/aire-jeux-enfants-mielles-1024x768.jpg)\">\r\n\t\t\t\t\t\t\t\t<img decoding=\"async\" src=\"https:\/\/www.mirabel-mielles.com\/wp-content\/uploads\/2022\/09\/aire-jeux-enfants-mielles-1024x768.jpg\" alt=\"Spielplatz auf dem Campingplatz\" loading=\"lazy\">\r\n\t\t\t\t\t\t\t\t\t\t\t\t\t\t\t<\/a>\r\n\t\t\t\t\t\t<\/div>\r\n\r\n\t\t\t\t\t\t\r\n\t\t\t\t\t\t\t\t\t\t\t\t\t\t\t\t\t\r\n\t\t\t\t\t\t\r\n\t\t\t\t\t\t<div class=\"sev-diaporama-portfolio-item   btnseeall btnseeall-xl col-12 col-md\">\r\n\t\t\t\t\t\t\t<a href=\"https:\/\/www.mirabel-mielles.com\/wp-content\/uploads\/2022\/09\/allee-camping-velos-enfants-1024x768.jpg\" data-lightbox=\"sevgallery-1964042748\" style=\"background-image: url(https:\/\/www.mirabel-mielles.com\/wp-content\/uploads\/2022\/09\/allee-camping-velos-enfants-1024x768.jpg)\">\r\n\t\t\t\t\t\t\t\t<img decoding=\"async\" src=\"https:\/\/www.mirabel-mielles.com\/wp-content\/uploads\/2022\/09\/allee-camping-velos-enfants-1024x768.jpg\" alt=\"Fahrrad in den Gassen des Campingplatzes\" loading=\"lazy\">\r\n\t\t\t\t\t\t\t\t\t\t\t\t\t\t\t<\/a>\r\n\t\t\t\t\t\t<\/div>\r\n\r\n\t\t\t\t\t\t\r\n\t\t\t\t\t\t\t\t\t\t\t\t\t\t\t\t\t\r\n\t\t\t\t\t\t\r\n\t\t\t\t\t\t<div class=\"sev-diaporama-portfolio-item   btnseeall btnseeall-xl col-12 col-md\">\r\n\t\t\t\t\t\t\t<a href=\"https:\/\/www.mirabel-mielles.com\/wp-content\/uploads\/2022\/09\/balancoire-jeu-enfant.9-1024x683.jpg\" data-lightbox=\"sevgallery-1964042748\" style=\"background-image: url(https:\/\/www.mirabel-mielles.com\/wp-content\/uploads\/2022\/09\/balancoire-jeu-enfant.9-1024x683.jpg)\">\r\n\t\t\t\t\t\t\t\t<img decoding=\"async\" src=\"https:\/\/www.mirabel-mielles.com\/wp-content\/uploads\/2022\/09\/balancoire-jeu-enfant.9-1024x683.jpg\" alt=\"4-Sterne-Familiencampingplatz\" loading=\"lazy\">\r\n\t\t\t\t\t\t\t\t\t\t\t\t\t\t\t<\/a>\r\n\t\t\t\t\t\t<\/div>\r\n\r\n\t\t\t\t\t\t\r\n\t\t\t\t\t\t\t\t\t\t\t\t\t\t\t\t\t\r\n\t\t\t\t\t\t\r\n\t\t\t\t\t\t<div class=\"sev-diaporama-portfolio-item   btnseeall btnseeall-xl col-12 col-md  last-visible\">\r\n\t\t\t\t\t\t\t<a href=\"https:\/\/www.mirabel-mielles.com\/wp-content\/uploads\/2022\/09\/boulodrome-petanque-2-1024x683.jpg\" data-lightbox=\"sevgallery-1964042748\" style=\"background-image: url(https:\/\/www.mirabel-mielles.com\/wp-content\/uploads\/2022\/09\/boulodrome-petanque-2-1024x683.jpg)\">\r\n\t\t\t\t\t\t\t\t<img decoding=\"async\" src=\"https:\/\/www.mirabel-mielles.com\/wp-content\/uploads\/2022\/09\/boulodrome-petanque-2-1024x683.jpg\" alt=\"Boulodrome du camping\" loading=\"lazy\">\r\n\t\t\t\t\t\t\t\t\t\t\t\t\t\t\t\t\t<img decoding=\"async\" src=\"https:\/\/www.mirabel-mielles.com\/wp-content\/themes\/mielles\/assets\/img\/voir-photos.png\" alt=\"\" \/>\r\n\t\t\t\t\t\t\t\t\t<span>Alle Fotos anzeigen<\/span>\r\n\t\t\t\t\t\t\t\t\t\t\t\t\t\t\t<\/a>\r\n\t\t\t\t\t\t<\/div>\r\n\r\n\t\t\t\t\t\t\t\t\t\t\t\t\t<div class=\"w-100\"><\/div>\r\n\t\t\t\t\t\t\t\t\t\t\t\t\t\r\n\t\t\t\t\t\t\t\t\t\t\t\t\t\t\t\t\t\r\n\t\t\t\t\t\t\r\n\t\t\t\t\t\t<div class=\"sev-diaporama-portfolio-item   btnseeall btnseeall-xl col-12 col-md  d-none\">\r\n\t\t\t\t\t\t\t<a href=\"https:\/\/www.mirabel-mielles.com\/wp-content\/uploads\/2022\/09\/boulodrome-velo-enfant-1-1024x683.jpg\" data-lightbox=\"sevgallery-1964042748\" style=\"background-image: url(https:\/\/www.mirabel-mielles.com\/wp-content\/uploads\/2022\/09\/boulodrome-velo-enfant-1-1024x683.jpg)\">\r\n\t\t\t\t\t\t\t\t<img decoding=\"async\" src=\"https:\/\/www.mirabel-mielles.com\/wp-content\/uploads\/2022\/09\/boulodrome-velo-enfant-1-1024x683.jpg\" alt=\"Boulodrome du Campig\" loading=\"lazy\">\r\n\t\t\t\t\t\t\t\t\t\t\t\t\t\t\t<\/a>\r\n\t\t\t\t\t\t<\/div>\r\n\r\n\t\t\t\t\t\t\r\n\t\t\t\t\t\t\t\t\t\t\t\t\t\t\t\t\t\r\n\t\t\t\t\t\t\r\n\t\t\t\t\t\t<div class=\"sev-diaporama-portfolio-item   btnseeall btnseeall-xl col-12 col-md  d-none\">\r\n\t\t\t\t\t\t\t<a href=\"https:\/\/www.mirabel-mielles.com\/de\/photos-camping-mielles\"  style=\"background-image: url(https:\/\/www.mirabel-mielles.com\/wp-content\/uploads\/2022\/09\/jeu-gonflable-enfant-683x1024.jpg)\">\r\n\t\t\t\t\t\t\t\t<img decoding=\"async\" src=\"https:\/\/www.mirabel-mielles.com\/wp-content\/uploads\/2022\/09\/jeu-gonflable-enfant-683x1024.jpg\" alt=\"aufblasbare Struktur des Campingplatzes\" loading=\"lazy\">\r\n\t\t\t\t\t\t\t\t\t\t\t\t\t\t\t<\/a>\r\n\t\t\t\t\t\t<\/div>\r\n\r\n\t\t\t\t\t\t\r\n\t\t\t\t\t\t\t\t\t\t\t\t\t\t\t\t\t\r\n\t\t\t\t\t\t\r\n\t\t\t\t\t\t<div class=\"sev-diaporama-portfolio-item   btnseeall btnseeall-xl col-12 col-md  col-grow d-none\">\r\n\t\t\t\t\t\t\t<a href=\"https:\/\/www.mirabel-mielles.com\/wp-content\/uploads\/2022\/09\/jeu-gonflable-enfants2-1024x683.jpg\" data-lightbox=\"sevgallery-1964042748\" style=\"background-image: url(https:\/\/www.mirabel-mielles.com\/wp-content\/uploads\/2022\/09\/jeu-gonflable-enfants2-1024x683.jpg)\">\r\n\t\t\t\t\t\t\t\t<img decoding=\"async\" src=\"https:\/\/www.mirabel-mielles.com\/wp-content\/uploads\/2022\/09\/jeu-gonflable-enfants2-1024x683.jpg\" alt=\"Spiel f\u00fcr Kinder\" loading=\"lazy\">\r\n\t\t\t\t\t\t\t\t\t\t\t\t\t\t\t<\/a>\r\n\t\t\t\t\t\t<\/div>\r\n\r\n\t\t\t\t\t\t\r\n\t\t\t\t\t\t\t\t\t\t\t\t\t\t\t\t\t\r\n\t\t\t\t\t\t\r\n\t\t\t\t\t\t<div class=\"sev-diaporama-portfolio-item   btnseeall btnseeall-xl col-12 col-md  col-grow d-none\">\r\n\t\t\t\t\t\t\t<a href=\"https:\/\/www.mirabel-mielles.com\/wp-content\/uploads\/2022\/09\/mielles-joueurs-petanque-1024x683.jpg\" data-lightbox=\"sevgallery-1964042748\" style=\"background-image: url(https:\/\/www.mirabel-mielles.com\/wp-content\/uploads\/2022\/09\/mielles-joueurs-petanque-1024x683.jpg)\">\r\n\t\t\t\t\t\t\t\t<img decoding=\"async\" src=\"https:\/\/www.mirabel-mielles.com\/wp-content\/uploads\/2022\/09\/mielles-joueurs-petanque-1024x683.jpg\" alt=\"petanque-platz camping bretagne\" loading=\"lazy\">\r\n\t\t\t\t\t\t\t\t\t\t\t\t\t\t\t<\/a>\r\n\t\t\t\t\t\t<\/div>\r\n\r\n\t\t\t\t\t\t\t\t\t\t\t\t\t<div class=\"w-100 d-none\"><\/div>\r\n\t\t\t\t\t\t\t\t\t\t\t\t\t\r\n\t\t\t\t\t\t\t\t\t\t\t\t\t\t\t\t\t\r\n\t\t\t\t\t\t\r\n\t\t\t\t\t\t<div class=\"sev-diaporama-portfolio-item   btnseeall btnseeall-xl col-12 col-md  d-none\">\r\n\t\t\t\t\t\t\t<a href=\"https:\/\/www.mirabel-mielles.com\/wp-content\/uploads\/2022\/09\/trampoline-enfants-jeu-6-768x1024.jpg\" data-lightbox=\"sevgallery-1964042748\" style=\"background-image: url(https:\/\/www.mirabel-mielles.com\/wp-content\/uploads\/2022\/09\/trampoline-enfants-jeu-6-768x1024.jpg)\">\r\n\t\t\t\t\t\t\t\t<img decoding=\"async\" src=\"https:\/\/www.mirabel-mielles.com\/wp-content\/uploads\/2022\/09\/trampoline-enfants-jeu-6-768x1024.jpg\" alt=\"spiele f\u00fcr kinder auf dem campingplatz\" loading=\"lazy\">\r\n\t\t\t\t\t\t\t\t\t\t\t\t\t\t\t<\/a>\r\n\t\t\t\t\t\t<\/div>\r\n\r\n\t\t\t\t\t\t\r\n\t\t\t\t\t\t\t\t\t\t\t\t\t\t\t\t\t\r\n\t\t\t\t\t\t\r\n\t\t\t\t\t\t<div class=\"sev-diaporama-portfolio-item  limitsm btnseeall btnseeall-xl col-12 col-md  col-grow d-none\">\r\n\t\t\t\t\t\t\t<a href=\"https:\/\/www.mirabel-mielles.com\/wp-content\/uploads\/2022\/09\/allee-jeu-palet2-1024x683.jpg\" data-lightbox=\"sevgallery-1964042748\" style=\"background-image: url(https:\/\/www.mirabel-mielles.com\/wp-content\/uploads\/2022\/09\/allee-jeu-palet2-1024x683.jpg)\">\r\n\t\t\t\t\t\t\t\t<img decoding=\"async\" src=\"https:\/\/www.mirabel-mielles.com\/wp-content\/uploads\/2022\/09\/allee-jeu-palet2-1024x683.jpg\" alt=\"Familiencamping\" loading=\"lazy\">\r\n\t\t\t\t\t\t\t\t\t\t\t\t\t\t\t<\/a>\r\n\t\t\t\t\t\t<\/div>\r\n\r\n\t\t\t\t\t\t\r\n\t\t\t\t\t\t\t\t\t\t\t\t\t\t\t\t\t\t\t\t\t<\/div>\r\n\t\t\t<\/div>\r\n\r\n\t\t\t<script>\r\n\t\t\tjQuery(function($) {\r\n\r\n\t\t\t\tvar marginPortfolio = function() {\r\n\r\n\t\t\t\t\tvar $diapo          = $('#sevgallery-1964042748');\r\n\t\t\t\t\tvar container_width = $diapo.parent().outerWidth();\r\n\t\t\t\t\tvar side            = ( $(window).innerWidth() - container_width ) \/ 2;\r\n\r\n\t\t\t\t\t$diapo.css( {\r\n\t\t\t\t\t\t'margin-left': '-' + side + 'px',\r\n\t\t\t\t\t\t'margin-right': '-' + side + 'px',\r\n\t\t\t\t\t} );\r\n\t\t\t\t};\r\n\r\n\t\t\t\t$( window ).resize( function() {\r\n\t\t\t\t\tmarginPortfolio();\r\n\t\t\t\t} );\r\n\t\t\t\tmarginPortfolio();\r\n\t\t\t});\r\n\t\t\t<\/script>\r\n\t\t\t\n<\/div>","protected":false},"excerpt":{"rendered":"<p>Des \u00e9quipements de qualit\u00e9 au camping \u00e0 Saint-Cast-le-Guildo En vacances au camping, vous avez la possibilit\u00e9 de participer \u00e0 de [&hellip;]<\/p>\n","protected":false},"author":1,"featured_media":0,"parent":0,"menu_order":0,"comment_status":"closed","ping_status":"closed","template":"","meta":{"_seopress_robots_primary_cat":"","_seopress_titles_title":"Camping avec activit\u00e9s 4 \u00e9toiles Saint Cast le Guildo","_seopress_titles_desc":"Au camping Les Mielles \u00e0 Saint Cast le Guildo, on ne s'ennuie jamais ! Petits et grands pourront y faire du sport ou s'amuser.","_seopress_robots_index":"","footnotes":""},"class_list":["post-43","page","type-page","status-publish","hentry"],"_links":{"self":[{"href":"https:\/\/www.mirabel-mielles.com\/de\/wp-json\/wp\/v2\/pages\/43","targetHints":{"allow":["GET"]}}],"collection":[{"href":"https:\/\/www.mirabel-mielles.com\/de\/wp-json\/wp\/v2\/pages"}],"about":[{"href":"https:\/\/www.mirabel-mielles.com\/de\/wp-json\/wp\/v2\/types\/page"}],"author":[{"embeddable":true,"href":"https:\/\/www.mirabel-mielles.com\/de\/wp-json\/wp\/v2\/users\/1"}],"replies":[{"embeddable":true,"href":"https:\/\/www.mirabel-mielles.com\/de\/wp-json\/wp\/v2\/comments?post=43"}],"version-history":[{"count":18,"href":"https:\/\/www.mirabel-mielles.com\/de\/wp-json\/wp\/v2\/pages\/43\/revisions"}],"predecessor-version":[{"id":10624,"href":"https:\/\/www.mirabel-mielles.com\/de\/wp-json\/wp\/v2\/pages\/43\/revisions\/10624"}],"wp:attachment":[{"href":"https:\/\/www.mirabel-mielles.com\/de\/wp-json\/wp\/v2\/media?parent=43"}],"curies":[{"name":"WordPress","href":"https:\/\/api.w.org\/{rel}","templated":true}]}}