{"id":48,"date":"2021-12-10T14:16:36","date_gmt":"2021-12-10T13:16:36","guid":{"rendered":"https:\/\/www.campinglarenaudiere.com\/?page_id=48"},"modified":"2026-01-28T11:59:50","modified_gmt":"2026-01-28T10:59:50","slug":"campingdienste","status":"publish","type":"page","link":"https:\/\/www.mirabel-mielles.com\/de\/services-camping","title":{"rendered":"Dienste"},"content":{"rendered":"<h1 class=\"wp-block-heading\">Dienstleistungen vor Ort und in der N\u00e4he f\u00fcr einen sorgenfreien Urlaub<\/h1>\n\n\n\n<p class=\"has-text-align-center\">Direkt auf dem Campingplatz oder nur wenige Minuten zu Fu\u00df entfernt finden Sie alle Einrichtungen des Campingplatzes Les Mielles in St-Cast.<\/p>\n\n\n\n<figure class=\"wp-block-image aligncenter size-full\"><img decoding=\"async\" src=\"https:\/\/www.campinglarenaudiere.com\/wp-content\/uploads\/2022\/01\/barre-bleue.png\" alt=\"\" class=\"wp-image-2382\"\/><\/figure>\n\n\n\n<div class=\"wp-block-columns is-layout-flex wp-container-core-columns-is-layout-28f84493 wp-block-columns-is-layout-flex\">\n<div class=\"wp-block-column is-layout-flow wp-block-column-is-layout-flow\" style=\"flex-basis:40%\">\n<div class=\"wp-block-group p-5 is-layout-flow wp-block-group-is-layout-flow\">\n<h2 class=\"wp-block-heading has-text-align-left\">Liste der Dienste<br><\/h2>\n\n\n\n<figure class=\"wp-block-image size-full\"><img decoding=\"async\" src=\"https:\/\/www.campinglarenaudiere.com\/wp-content\/uploads\/2022\/01\/barre-bleue.png\" alt=\"\" class=\"wp-image-2382\"\/><\/figure>\n\n\n\n<p><i class=\"fa fa-wifi\"><\/i> \u00a0Wifi-Punkt mit Glasfaser*.<\/p>\n\n\n\n<p><i class=\"fa fa-info-circle\"><\/i> &nbsp; Touristeninformationen und Ticketverkauf <\/p>\n\n\n\n<p><i class=\"fa fa-book\"><\/i> &nbsp; Ausleihe von B\u00fcchern und Spielen<\/p>\n\n\n\n<p><i class=\"fa fa-tshirt\"><\/i> &nbsp;Waschraum mit Waschmaschinen und Trocknern*.<\/p>\n\n\n\n<p><i class=\"fa fa-baby-carriage\"><\/i> &nbsp; Verleih von Babyausstattung*. <br><em>(Kinderbett, Hochstuhl, Babybadewanne)<\/em><\/p>\n\n\n\n<p><\/p>\n\n\n\n<p><img decoding=\"async\" class=\"wp-image-388\" style=\"width: 24px;\" src=\"https:\/\/www.campinglarenaudiere.com\/wp-content\/uploads\/2021\/12\/fer-a-repasser.jpg\" alt=\"pret von b\u00fcgeleisen\"> Verleih von B\u00fcgelbrett und B\u00fcgeleisen<\/p>\n\n\n\n<p><i class=\"fa fa-bed\"><\/i> &nbsp;Vermietung von Bettw\u00e4sche*.<\/p>\n\n\n\n<p><i class=\"fa fa-sink\"><\/i> &nbsp; Baby-Badezimmer<\/p>\n\n\n\n<p><i class=\"fa fa-wheelchair\"><\/i>&nbsp; Sanit\u00e4r PMR <\/p>\n\n\n\n<p><i class=\"fa fa-bacon\"><\/i> Gemeinschaftliche Grillfeste<\/p>\n\n\n\n<p>Brot- und Geb\u00e4ckverkauf (auf Bestellung)<\/p>\n\n\n\n<p>*Zahlungspflichtig: <em>siehe Preise f\u00fcr Optionen auf den Seiten <a href=\"https:\/\/www.mirabel-mielles.com\/de\/tarife-fur-die-vermietung-von-mobilheimen\/\">Unterk\u00fcnfte<\/a><\/em><\/p>\n<\/div>\n<\/div>\n\n\n\n<div class=\"wp-block-column is-vertically-aligned-center is-layout-flow wp-block-column-is-layout-flow\" style=\"flex-basis:60%\">\n<div class=\"wp-block-group border border-info card p-4 is-layout-flow wp-block-group-is-layout-flow\">\n<p class=\"texte-rond has-orange-color has-text-color has-large-font-size\">Barrierefreie Sanit\u00e4ranlagen f\u00fcr alle &nbsp;<i class=\"fa fa-wheelchair\"><\/i><\/p>\n\n\n\n<p>Duschkabinen, WCs, Waschbecken, Kindersanit\u00e4ranlagen und angepasste Sanit\u00e4ranlagen f\u00fcr Menschen mit eingeschr\u00e4nkter Mobilit\u00e4t.<\/p>\n<\/div>\n\n\n\n<h2 class=\"wp-block-heading\">Die Dienstleistungen des Campingplatzes Les Mielles<\/h2>\n\n\n\n<p>Wenn Sie ein paar Tage Urlaub auf dem Campingplatz Les Mielles in Saint-Cast-le-Guildo verbringen, profitieren Sie von zahlreichen kostenlosen Dienstleistungen und Optionen, die Ihren Aufenthalt bei uns erleichtern. An der Rezeption zwischen dem <strong>Verleih von Spielen oder B\u00fcchern<\/strong>e, die <strong>Geb\u00e4ckbestellung<\/strong> und Brot zum Fr\u00fchst\u00fcck oder die <strong>Verleih von Bettw\u00e4sche oder Babyset<\/strong>, Wir haben an alles f\u00fcr Ihren Komfort gedacht. Wir haben auch einen kleinen Lebensmittelladen mit den wichtigsten Produkten f\u00fcr Ihren Bedarf eingerichtet. Z\u00f6gern Sie nicht, sich bei unseren Betreuern zu erkundigen.<\/p>\n\n\n\n<figure class=\"wp-block-image size-full is-resized\"><img loading=\"lazy\" decoding=\"async\" width=\"600\" height=\"541\" src=\"https:\/\/www.mirabel-mielles.com\/wp-content\/uploads\/2026\/01\/service-viennoiserie-pain-camping.jpg\" alt=\"Brot- und Geb\u00e4ckverkauf auf dem Campingplatz\" class=\"wp-image-10637\" style=\"aspect-ratio:1.1090713388746039;width:363px;height:auto\" srcset=\"https:\/\/www.mirabel-mielles.com\/wp-content\/uploads\/2026\/01\/service-viennoiserie-pain-camping.jpg 600w, https:\/\/www.mirabel-mielles.com\/wp-content\/uploads\/2026\/01\/service-viennoiserie-pain-camping-300x271.jpg 300w\" sizes=\"auto, (max-width: 600px) 100vw, 600px\" \/><\/figure>\n\n\n\n<h2 class=\"wp-block-heading\">Dienstleistungen in der N\u00e4he <\/h2>\n\n\n\n<figure class=\"wp-block-image size-full\"><img decoding=\"async\" src=\"https:\/\/www.campinglarenaudiere.com\/wp-content\/uploads\/2022\/01\/barre-bleue.png\" alt=\"\" class=\"wp-image-2382\"\/><\/figure>\n\n\n\n<p>Um Ihre kleinen Eink\u00e4ufe zu erledigen, <strong>\u00fcber den Markt schlendern<\/strong>, Das Stadtzentrum von <a href=\"https:\/\/www.mirabel-mielles.com\/de\/saint-cast-le-guildo\/\" data-type=\"page\" data-id=\"69\">Saint-Cast<\/a> befindet sich in <strong>700 m vom Campingplatz<\/strong>. Du kannst also alle deine Eink\u00e4ufe zu Fu\u00df, mit dem Fahrrad oder auch mit dem Roller in weniger als 10 Minuten erledigen - ein Traum! Wenn Sie etwas Gr\u00f6\u00dferes brauchen, ist der <strong>n\u00e4chstgelegener Supermarkt<\/strong> liegt 5 km entfernt in der Gemeinde Matignon.<\/p>\n\n\n\n<p><\/p>\n<\/div>\n<\/div>\n\n\n\n<div class=\"wp-block-group card card-body border border-info is-layout-constrained wp-block-group-is-layout-constrained\">\n<p class=\"has-text-align-center has-medium-font-size\"><strong>Zoom auf den digitalen Reisef\u00fchrer<\/strong><br><img decoding=\"async\" class=\"wp-image-4323\" style=\"width: 49px;\" src=\"https:\/\/www.mirabel-prairiesdelamer.com\/wp-content\/uploads\/2021\/12\/barre-camping.png\" alt=\"\"><\/p>\n\n\n\n<p>Auf dem Campingplatz Les Mielles sind wir <strong>engagiert f\u00fcr den Planeten<\/strong> und versuchen, die Auswirkungen unserer Handlungen zu verringern. Zu diesem Zweck <strong>reduzieren wir die Ausdrucke<\/strong> Papier und haben einen <strong>digitaler Leitfaden.<\/strong> Diese App, die kostenlos und \u00fcber Ihr Smartphone, Ihren Tablet-PC oder Ihren Computer zug\u00e4nglich ist, listet auf <strong>alle n\u00fctzlichen Informationen<\/strong> Ihren Aufenthalt auf unserem Campingplatz: Empfangszeiten der Rezeption, Animationsplan im Sommer, \u00d6ffnungszeiten des Schwimmbads, Speisekarte des Restaurants, etc.<\/p>\n\n\n\n<p class=\"has-text-align-center\"><i class=\"far fa-hand-point-right\"> <a href=\"https:\/\/notre.guide\/lesmielles\/?fbclid=IwZXh0bgNhZW0CMTAAAR31iVy_9nXGIzjH0o7aJymsLhkCJ9ami1IR72BP5e3SXFPqVafefagRvnU_aem_lFH3XfMDM4_93w78h2Wmkg\" target=\"_blank\" rel=\"noreferrer noopener\">Um es zu entdecken, geht es hier entlang.<\/a><\/i><\/p>\n<\/div>\n\n\n\n<p class=\"has-text-align-center texte-rond mt-5 has-large-font-size\">Was es auf dem Campingplatz zu entdecken gibt<\/p>\n\n\n\n<div class=\"wp-block-columns h-20 front-page-section grey is-layout-flex wp-container-core-columns-is-layout-28f84493 wp-block-columns-is-layout-flex\">\n<div class=\"wp-block-column is-layout-flow wp-block-column-is-layout-flow\"><\/div>\n\n\n\n<div class=\"wp-block-column is-layout-flow wp-block-column-is-layout-flow\">\n<div class=\"wp-block-create-block-sevgutenberg-navigation\"><aside class=\"encart-sev-navigation small carre\"><a href=\"https:\/\/www.mirabel-mielles.com\/de\/aktivitaten-sport-freizeit\/\" class=\"d-flex flex-column align-items-center\"><div class=\"encart-title\"><span>Sport und Freizeit<\/span><\/div><div class=\"vague\"><\/div><img decoding=\"async\" src=\"https:\/\/www.mirabel-mielles.com\/wp-content\/uploads\/2022\/09\/allee-camping-velos-enfants.jpg\" alt=\"Fahrrad in den Gassen des Campingplatzes\"\/><div class=\"ligne\"><\/div><div class=\"hover\"><\/div><\/a><\/aside><\/div>\n<\/div>\n\n\n\n<div class=\"wp-block-column is-layout-flow wp-block-column-is-layout-flow\">\n<div class=\"wp-block-create-block-sevgutenberg-navigation\"><aside class=\"encart-sev-navigation small carre\"><a href=\"https:\/\/www.mirabel-mielles.com\/de\/tarife-fur-die-vermietung-von-mobilheimen\/\" class=\"d-flex flex-column align-items-center\"><div class=\"encart-title\"><span>Die Vermietungen<\/span><\/div><div class=\"vague\"><\/div><img decoding=\"async\" src=\"https:\/\/www.mirabel-mielles.com\/wp-content\/uploads\/2022\/09\/mh-pmr-soleil.jpg\" alt=\"Vermietung Mobilheim PMR\"\/><div class=\"ligne\"><\/div><div class=\"hover\"><\/div><\/a><\/aside><\/div>\n<\/div>\n\n\n\n<div class=\"wp-block-column is-layout-flow wp-block-column-is-layout-flow\">\n<div class=\"wp-block-create-block-sevgutenberg-navigation\"><aside class=\"encart-sev-navigation small carre\"><a href=\"https:\/\/www.mirabel-mielles.com\/de\/aktivitaten-animationen-partys\/\" class=\"d-flex flex-column align-items-center\"><div class=\"encart-title\"><span>Animationen<\/span><\/div><div class=\"vague\"><\/div><img decoding=\"async\" src=\"https:\/\/www.mirabel-mielles.com\/wp-content\/uploads\/2022\/09\/creation-peinture-club-enfant.jpg\" alt=\"Kreativwerkstatt auf dem Campingplatz\"\/><div class=\"ligne\"><\/div><div class=\"hover\"><\/div><\/a><\/aside><\/div>\n<\/div>\n\n\n\n<div class=\"wp-block-column is-layout-flow wp-block-column-is-layout-flow\"><\/div>\n<\/div>\n\n\n\n<figure class=\"wp-block-image aligncenter size-large is-resized mt-5\"><img decoding=\"async\" src=\"https:\/\/www.campinglarenaudiere.com\/wp-content\/uploads\/2022\/01\/photo-1024x84.png\" alt=\"Fotogalerie\" class=\"wp-image-2371\" style=\"width:768px;height:63px\"\/><\/figure>\n\n\n\t\t\t<div id=\"sevgallery-1085056391\" class=\"sev-diaporama sev-diaporama-portfolio\">\r\n\t\t\t\t<div class=\"row\">\r\n\r\n\t\t\t\t\t\r\n\t\t\t\t\t\t\r\n\t\t\t\t\t\t<div class=\"sev-diaporama-portfolio-item   btnseeall btnseeall-xl col-12 col-md  col-grow\">\r\n\t\t\t\t\t\t\t<a href=\"https:\/\/www.mirabel-mielles.com\/wp-content\/uploads\/2026\/01\/accueil-service-camping-reception.jpg\" data-lightbox=\"sevgallery-1085056391\" style=\"background-image: url(https:\/\/www.mirabel-mielles.com\/wp-content\/uploads\/2026\/01\/accueil-service-camping-reception.jpg)\">\r\n\t\t\t\t\t\t\t\t<img decoding=\"async\" src=\"https:\/\/www.mirabel-mielles.com\/wp-content\/uploads\/2026\/01\/accueil-service-camping-reception.jpg\" alt=\"empfang des campingplatzes les mielles mit lebensmittelgesch\u00e4ft\" loading=\"lazy\">\r\n\t\t\t\t\t\t\t\t\t\t\t\t\t\t\t<\/a>\r\n\t\t\t\t\t\t<\/div>\r\n\r\n\t\t\t\t\t\t\r\n\t\t\t\t\t\t\t\t\t\t\t\t\t\t\t\t\t\r\n\t\t\t\t\t\t\r\n\t\t\t\t\t\t<div class=\"sev-diaporama-portfolio-item   btnseeall btnseeall-xl col-12 col-md  col-grow\">\r\n\t\t\t\t\t\t\t<a href=\"https:\/\/www.mirabel-mielles.com\/wp-content\/uploads\/2022\/09\/accueil-documentation-information-1-1024x683.jpg\" data-lightbox=\"sevgallery-1085056391\" style=\"background-image: url(https:\/\/www.mirabel-mielles.com\/wp-content\/uploads\/2022\/09\/accueil-documentation-information-1-1024x683.jpg)\">\r\n\t\t\t\t\t\t\t\t<img decoding=\"async\" src=\"https:\/\/www.mirabel-mielles.com\/wp-content\/uploads\/2022\/09\/accueil-documentation-information-1-1024x683.jpg\" alt=\"Campingplatzempfang\" loading=\"lazy\">\r\n\t\t\t\t\t\t\t\t\t\t\t\t\t\t\t<\/a>\r\n\t\t\t\t\t\t<\/div>\r\n\r\n\t\t\t\t\t\t\r\n\t\t\t\t\t\t\t\t\t\t\t\t\t\t\t\t\t\r\n\t\t\t\t\t\t\r\n\t\t\t\t\t\t<div class=\"sev-diaporama-portfolio-item   btnseeall btnseeall-xl col-12 col-md\">\r\n\t\t\t\t\t\t\t<a href=\"https:\/\/www.mirabel-mielles.com\/wp-content\/uploads\/2026\/01\/barbecue-gratuit-camping.jpg\" data-lightbox=\"sevgallery-1085056391\" style=\"background-image: url(https:\/\/www.mirabel-mielles.com\/wp-content\/uploads\/2026\/01\/barbecue-gratuit-camping.jpg)\">\r\n\t\t\t\t\t\t\t\t<img decoding=\"async\" src=\"https:\/\/www.mirabel-mielles.com\/wp-content\/uploads\/2026\/01\/barbecue-gratuit-camping.jpg\" alt=\"kostenloser Gemeinschaftsgrill auf dem Campingplatz\" loading=\"lazy\">\r\n\t\t\t\t\t\t\t\t\t\t\t\t\t\t\t<\/a>\r\n\t\t\t\t\t\t<\/div>\r\n\r\n\t\t\t\t\t\t\r\n\t\t\t\t\t\t\t\t\t\t\t\t\t\t\t\t\t\r\n\t\t\t\t\t\t\r\n\t\t\t\t\t\t<div class=\"sev-diaporama-portfolio-item   btnseeall btnseeall-xl col-12 col-md  col-grow\">\r\n\t\t\t\t\t\t\t<a href=\"https:\/\/www.mirabel-mielles.com\/de\/photos-camping-mielles\"  style=\"background-image: url(https:\/\/www.mirabel-mielles.com\/wp-content\/uploads\/2022\/09\/sanitaire-evier-vaisselle-1-1024x683.jpg)\">\r\n\t\t\t\t\t\t\t\t<img decoding=\"async\" src=\"https:\/\/www.mirabel-mielles.com\/wp-content\/uploads\/2022\/09\/sanitaire-evier-vaisselle-1-1024x683.jpg\" alt=\"Sanit\u00e4rbereich des Campingplatzes\" loading=\"lazy\">\r\n\t\t\t\t\t\t\t\t\t\t\t\t\t\t\t<\/a>\r\n\t\t\t\t\t\t<\/div>\r\n\r\n\t\t\t\t\t\t\t\t\t\t\t\t\t<div class=\"w-100\"><\/div>\r\n\t\t\t\t\t\t\t\t\t\t\t\t\t\r\n\t\t\t\t\t\t\t\t\t\t\t\t\t\t\t\t\t\r\n\t\t\t\t\t\t\r\n\t\t\t\t\t\t<div class=\"sev-diaporama-portfolio-item   btnseeall btnseeall-xl col-12 col-md  col-shrink\">\r\n\t\t\t\t\t\t\t<a href=\"https:\/\/www.mirabel-mielles.com\/wp-content\/uploads\/2026\/01\/service-viennoiserie-pain-camping.jpg\" data-lightbox=\"sevgallery-1085056391\" style=\"background-image: url(https:\/\/www.mirabel-mielles.com\/wp-content\/uploads\/2026\/01\/service-viennoiserie-pain-camping.jpg)\">\r\n\t\t\t\t\t\t\t\t<img decoding=\"async\" src=\"https:\/\/www.mirabel-mielles.com\/wp-content\/uploads\/2026\/01\/service-viennoiserie-pain-camping.jpg\" alt=\"\" loading=\"lazy\">\r\n\t\t\t\t\t\t\t\t\t\t\t\t\t\t\t<\/a>\r\n\t\t\t\t\t\t<\/div>\r\n\r\n\t\t\t\t\t\t\r\n\t\t\t\t\t\t\t\t\t\t\t\t\t\t\t\t\t\r\n\t\t\t\t\t\t\r\n\t\t\t\t\t\t<div class=\"sev-diaporama-portfolio-item   btnseeall btnseeall-xl col-12 col-md\">\r\n\t\t\t\t\t\t\t<a href=\"https:\/\/www.mirabel-mielles.com\/wp-content\/uploads\/2022\/09\/barbecue-table-piquenique-1-1024x768.jpg\" data-lightbox=\"sevgallery-1085056391\" style=\"background-image: url(https:\/\/www.mirabel-mielles.com\/wp-content\/uploads\/2022\/09\/barbecue-table-piquenique-1-1024x768.jpg)\">\r\n\t\t\t\t\t\t\t\t<img decoding=\"async\" src=\"https:\/\/www.mirabel-mielles.com\/wp-content\/uploads\/2022\/09\/barbecue-table-piquenique-1-1024x768.jpg\" alt=\"Grillvermietung\" loading=\"lazy\">\r\n\t\t\t\t\t\t\t\t\t\t\t\t\t\t\t<\/a>\r\n\t\t\t\t\t\t<\/div>\r\n\r\n\t\t\t\t\t\t\r\n\t\t\t\t\t\t\t\t\t\t\t\t\t\t\t\t\t\r\n\t\t\t\t\t\t\r\n\t\t\t\t\t\t<div class=\"sev-diaporama-portfolio-item   btnseeall btnseeall-xl col-12 col-md  col-grow\">\r\n\t\t\t\t\t\t\t<a href=\"https:\/\/www.mirabel-mielles.com\/wp-content\/uploads\/2022\/09\/sanitaire-enfant-lange-1-1024x683.jpg\" data-lightbox=\"sevgallery-1085056391\" style=\"background-image: url(https:\/\/www.mirabel-mielles.com\/wp-content\/uploads\/2022\/09\/sanitaire-enfant-lange-1-1024x683.jpg)\">\r\n\t\t\t\t\t\t\t\t<img decoding=\"async\" src=\"https:\/\/www.mirabel-mielles.com\/wp-content\/uploads\/2022\/09\/sanitaire-enfant-lange-1-1024x683.jpg\" alt=\"Sanit\u00e4rbereich des 4-Sterne-Campingplatzes\" loading=\"lazy\">\r\n\t\t\t\t\t\t\t\t\t\t\t\t\t\t\t<\/a>\r\n\t\t\t\t\t\t<\/div>\r\n\r\n\t\t\t\t\t\t\r\n\t\t\t\t\t\t\t\t\t\t\t\t\t\t\t\t\t\r\n\t\t\t\t\t\t\r\n\t\t\t\t\t\t<div class=\"sev-diaporama-portfolio-item   btnseeall btnseeall-xl col-12 col-md  last-visible\">\r\n\t\t\t\t\t\t\t<a href=\"https:\/\/www.mirabel-mielles.com\/wp-content\/uploads\/2022\/09\/vue-aerienne-mielles-1-1024x683.jpg\" data-lightbox=\"sevgallery-1085056391\" style=\"background-image: url(https:\/\/www.mirabel-mielles.com\/wp-content\/uploads\/2022\/09\/vue-aerienne-mielles-1-1024x683.jpg)\">\r\n\t\t\t\t\t\t\t\t<img decoding=\"async\" src=\"https:\/\/www.mirabel-mielles.com\/wp-content\/uploads\/2022\/09\/vue-aerienne-mielles-1-1024x683.jpg\" alt=\"Luftaufnahme des Campingplatzes\" loading=\"lazy\">\r\n\t\t\t\t\t\t\t\t\t\t\t\t\t\t\t\t\t<img decoding=\"async\" src=\"https:\/\/www.mirabel-mielles.com\/wp-content\/themes\/mielles\/assets\/img\/voir-photos.png\" alt=\"\" \/>\r\n\t\t\t\t\t\t\t\t\t<span>Alle Fotos anzeigen<\/span>\r\n\t\t\t\t\t\t\t\t\t\t\t\t\t\t\t<\/a>\r\n\t\t\t\t\t\t<\/div>\r\n\r\n\t\t\t\t\t\t\t\t\t\t\t\t\t<div class=\"w-100\"><\/div>\r\n\t\t\t\t\t\t\t\t\t\t\t\t\t\r\n\t\t\t\t\t\t\t\t\t\t\t\t\t\t\t\t\t\r\n\t\t\t\t\t\t\r\n\t\t\t\t\t\t<div class=\"sev-diaporama-portfolio-item  limitsm btnseeall btnseeall-xl col-12 col-md  d-none\">\r\n\t\t\t\t\t\t\t<a href=\"https:\/\/www.mirabel-mielles.com\/wp-content\/uploads\/2022\/09\/accueil-entree-mielles-mirabel-1-1024x683.jpg\" data-lightbox=\"sevgallery-1085056391\" style=\"background-image: url(https:\/\/www.mirabel-mielles.com\/wp-content\/uploads\/2022\/09\/accueil-entree-mielles-mirabel-1-1024x683.jpg)\">\r\n\t\t\t\t\t\t\t\t<img decoding=\"async\" src=\"https:\/\/www.mirabel-mielles.com\/wp-content\/uploads\/2022\/09\/accueil-entree-mielles-mirabel-1-1024x683.jpg\" alt=\"rezeption des campingplatzes Mirabel\" loading=\"lazy\">\r\n\t\t\t\t\t\t\t\t\t\t\t\t\t\t\t<\/a>\r\n\t\t\t\t\t\t<\/div>\r\n\r\n\t\t\t\t\t\t\r\n\t\t\t\t\t\t\t\t\t\t\t\t\t\t\t\t\t\t\t\t\t<\/div>\r\n\t\t\t<\/div>\r\n\r\n\t\t\t<script>\r\n\t\t\tjQuery(function($) {\r\n\r\n\t\t\t\tvar marginPortfolio = function() {\r\n\r\n\t\t\t\t\tvar $diapo          = $('#sevgallery-1085056391');\r\n\t\t\t\t\tvar container_width = $diapo.parent().outerWidth();\r\n\t\t\t\t\tvar side            = ( $(window).innerWidth() - container_width ) \/ 2;\r\n\r\n\t\t\t\t\t$diapo.css( {\r\n\t\t\t\t\t\t'margin-left': '-' + side + 'px',\r\n\t\t\t\t\t\t'margin-right': '-' + side + 'px',\r\n\t\t\t\t\t} );\r\n\t\t\t\t};\r\n\r\n\t\t\t\t$( window ).resize( function() {\r\n\t\t\t\t\tmarginPortfolio();\r\n\t\t\t\t} );\r\n\t\t\t\tmarginPortfolio();\r\n\t\t\t});\r\n\t\t\t<\/script>\r\n\t\t\t\n\n\n\n<p><\/p>","protected":false},"excerpt":{"rendered":"<p>Des services sur place et \u00e0 proximit\u00e9 pour des vacances sereines Directement au camping ou accessible \u00e0 quelques minutes \u00e0 [&hellip;]<\/p>\n","protected":false},"author":1,"featured_media":0,"parent":0,"menu_order":0,"comment_status":"closed","ping_status":"closed","template":"","meta":{"_seopress_robots_primary_cat":"","_seopress_titles_title":"Camping avec service sur place \u00e0 Saint Cast le Guildo","_seopress_titles_desc":"Le camping Les Mielles \u00e0 Saint Cast le Guildo vous propose de nombreux services pour des vacances r\u00e9ussies : pr\u00eat de livres et jeux, point wifi gratuit...","_seopress_robots_index":"","footnotes":""},"class_list":["post-48","page","type-page","status-publish","hentry"],"_links":{"self":[{"href":"https:\/\/www.mirabel-mielles.com\/de\/wp-json\/wp\/v2\/pages\/48","targetHints":{"allow":["GET"]}}],"collection":[{"href":"https:\/\/www.mirabel-mielles.com\/de\/wp-json\/wp\/v2\/pages"}],"about":[{"href":"https:\/\/www.mirabel-mielles.com\/de\/wp-json\/wp\/v2\/types\/page"}],"author":[{"embeddable":true,"href":"https:\/\/www.mirabel-mielles.com\/de\/wp-json\/wp\/v2\/users\/1"}],"replies":[{"embeddable":true,"href":"https:\/\/www.mirabel-mielles.com\/de\/wp-json\/wp\/v2\/comments?post=48"}],"version-history":[{"count":25,"href":"https:\/\/www.mirabel-mielles.com\/de\/wp-json\/wp\/v2\/pages\/48\/revisions"}],"predecessor-version":[{"id":10705,"href":"https:\/\/www.mirabel-mielles.com\/de\/wp-json\/wp\/v2\/pages\/48\/revisions\/10705"}],"wp:attachment":[{"href":"https:\/\/www.mirabel-mielles.com\/de\/wp-json\/wp\/v2\/media?parent=48"}],"curies":[{"name":"WordPress","href":"https:\/\/api.w.org\/{rel}","templated":true}]}}