{"id":54,"date":"2021-12-10T14:20:25","date_gmt":"2021-12-10T13:20:25","guid":{"rendered":"https:\/\/www.campinglarenaudiere.com\/?page_id=54"},"modified":"2026-03-19T12:05:25","modified_gmt":"2026-03-19T11:05:25","slug":"schwimmbad-wasserbereich","status":"publish","type":"page","link":"https:\/\/www.mirabel-mielles.com\/de\/piscine-espace-aquatique","title":{"rendered":"Wasserpark"},"content":{"rendered":"<h1 class=\"wp-block-heading\" id=\"un-camping-4-etoiles-avec-piscine-saint-cast-le-guildo\">Campingplatz mit Schwimmbad in Saint-Cast-le-Guildo<\/h1>\n\n\n\n<div class=\"wp-block-group is-layout-flow wp-block-group-is-layout-flow\">\n<p class=\"has-text-align-center\">Nur 250 Meter von der <strong>Strand von Saint-Cast-le-Guildo<\/strong>, Unser Campingplatz Mirabel Les Mielles empf\u00e4ngt Sie zu einem unvergesslichen Urlaub. <strong>Urlaub in der Bretagne<\/strong> zwischen Meer und Entspannung. Genie\u00dfen Sie einen <strong>geselliger Wasserbereich<\/strong> mit gro\u00dfem <strong>beheizter Pool<\/strong>, Planschbecken f\u00fcr Kinder und Liegest\u00fchle zum Sonnenbaden. Neuheit 2026: eine <strong>Hallenbad<\/strong> erg\u00e4nzt unsere Ausr\u00fcstung, damit Sie noch l\u00e4nger in der Saison genie\u00dfen k\u00f6nnen.<\/p>\n\n\n\n<p class=\"has-text-align-center\"><em><strong>(Seite wird gerade aktualisiert)<\/strong><\/em><\/p>\n\n\n\n<figure class=\"wp-block-image aligncenter size-full is-resized\"><img decoding=\"async\" src=\"https:\/\/www.campinglarenaudiere.com\/wp-content\/uploads\/2022\/01\/barre-bleue.png\" alt=\"\" class=\"wp-image-2382\" style=\"width:50px;height:8px\"\/><\/figure>\n<\/div>\n\n\n\n<div class=\"wp-block-media-text alignwide has-media-on-the-right is-stacked-on-mobile animate right\"><div class=\"wp-block-media-text__content\">\n<h2 class=\"wp-block-heading\"><strong>Unser Campingplatz in C\u00f4tes d'Armor mit Schwimmbad<\/strong> beheizt<\/h2>\n\n\n\n<figure class=\"wp-block-image size-full\"><img loading=\"lazy\" decoding=\"async\" width=\"50\" height=\"8\" src=\"https:\/\/www.mirabel-mielles.com\/wp-content\/uploads\/2022\/09\/barre-bleue.png\" alt=\"\" class=\"wp-image-5969\"\/><\/figure>\n\n\n\n<p>Auf dem Campingplatz Les Mielles in Saint-Cast-le-Guildo ist die\u2019<strong>Wasserraum<\/strong> ist f\u00fcr Gro\u00df und Klein gedacht. Ab dem 15. Juni (je nach Wetterlage), <strong>das beheizte Schwimmbad<\/strong> \u00f6ffnet sich f\u00fcr Momente der Entspannung und des Spielens. Mit einer Temperatur von ca. 28\u00b0 C kann man auch zu Beginn oder am Ende der Saison ohne Bedenken ins Wasser gehen.<\/p>\n\n\n\n<p>Das gro\u00dfe Becken ist ideal, um ein paar Bahnen zu schwimmen oder sich nach einem Tag am Strand abzuk\u00fchlen. W\u00e4hrenddessen vergn\u00fcgen sich die Kinder im altersgerechten Becken. Ob Sie nun Sportler sind, gerne faulenzen oder in <strong>Familienurlaub in der Bretagne<\/strong>, Jeder findet seinen eigenen Rhythmus am Wasser.<\/p>\n\n\n\n<p class=\"has-text-align-center texte-rond has-orange-color has-text-color has-large-font-size\">Alle ins Wasser!<\/p>\n\n\n\n<div class=\"wp-block-columns is-layout-flex wp-container-core-columns-is-layout-28f84493 wp-block-columns-is-layout-flex\">\n<div class=\"wp-block-column ml-auto mr-auto is-layout-flow wp-block-column-is-layout-flow\" style=\"flex-basis:80%\">\n<div class=\"wp-block-group border border-info card is-layout-flow wp-block-group-is-layout-flow\">\n<p class=\"has-text-align-center\"><strong>\u00d6ffnungszeiten des Schwimmbads&nbsp;<\/strong><br><img decoding=\"async\" class=\"wp-image-2357\" style=\"width: 50px;\" src=\"https:\/\/www.campinglarenaudiere.com\/wp-content\/uploads\/2022\/01\/barre-orange.png\" alt=\"\"><\/p>\n\n\n\n<p class=\"has-text-align-center\">10h - 19h<br>\u00d6ffnungszeitraum : <br>15. Juni - 17. September<br><br><em>Diese Daten k\u00f6nnen sich je nach Wetterlage \u00e4ndern.<\/em><\/p>\n<\/div>\n<\/div>\n<\/div>\n\n\n\n<div style=\"height:50px\" aria-hidden=\"true\" class=\"wp-block-spacer\"><\/div>\n<\/div><figure class=\"wp-block-media-text__media\"><img loading=\"lazy\" decoding=\"async\" width=\"1024\" height=\"768\" src=\"https:\/\/www.mirabel-mielles.com\/wp-content\/uploads\/2022\/09\/1-espace-aquatique-chauffee-bretagne-1024x768.jpg\" alt=\"Wasserbereich des Campingplatzes in Saint Cast le Guildo\" class=\"wp-image-5970 size-full\" srcset=\"https:\/\/www.mirabel-mielles.com\/wp-content\/uploads\/2022\/09\/1-espace-aquatique-chauffee-bretagne-1024x768.jpg 1024w, https:\/\/www.mirabel-mielles.com\/wp-content\/uploads\/2022\/09\/1-espace-aquatique-chauffee-bretagne-300x225.jpg 300w, https:\/\/www.mirabel-mielles.com\/wp-content\/uploads\/2022\/09\/1-espace-aquatique-chauffee-bretagne-768x576.jpg 768w, https:\/\/www.mirabel-mielles.com\/wp-content\/uploads\/2022\/09\/1-espace-aquatique-chauffee-bretagne.jpg 1200w\" sizes=\"auto, (max-width: 1024px) 100vw, 1024px\" \/><\/figure><\/div>\n\n\n\n<div class=\"wp-block-media-text alignwide is-stacked-on-mobile\"><figure class=\"wp-block-media-text__media\"><img loading=\"lazy\" decoding=\"async\" width=\"600\" height=\"400\" src=\"https:\/\/www.mirabel-mielles.com\/wp-content\/uploads\/2026\/02\/piscine-pataugeoire-enfant.jpg\" alt=\"kinderplanschbecken swimmingpool cote d&#039;armor\" class=\"wp-image-10769 size-full\" srcset=\"https:\/\/www.mirabel-mielles.com\/wp-content\/uploads\/2026\/02\/piscine-pataugeoire-enfant.jpg 600w, https:\/\/www.mirabel-mielles.com\/wp-content\/uploads\/2026\/02\/piscine-pataugeoire-enfant-300x200.jpg 300w\" sizes=\"auto, (max-width: 600px) 100vw, 600px\" \/><\/figure><div class=\"wp-block-media-text__content\">\n<h3 class=\"wp-block-heading\">Ein beheiztes Planschbecken f\u00fcr die Kleinsten<\/h3>\n\n\n\n<p>Das Schwimmbad ist der Lieblingsort Ihrer Kinder w\u00e4hrend der <strong>Campingurlaub<\/strong>. Damit sie sich also in Sicherheit am\u00fcsieren k\u00f6nnen, ist unser Wasserpark mit einem <strong>Kleinkinderbecken<\/strong>. <\/p>\n\n\n\n<p>Auf 28\u00b0 C beheizt, <strong>das Planschbecken<\/strong> erm\u00f6glicht es Kindern, den Pool in aller Ruhe zu genie\u00dfen. Das Becken ist nicht tiefer als 50 cm. Dadurch k\u00f6nnen sich die Eltern bequem im Wasser aufhalten und ihr Kind bei seinen ersten Entdeckungen im Wasser begleiten.<\/p>\n\n\n\n<p>Auf dem Campingplatz Les Mielles profitiert jeder von einem angepassten Raum, um seine <strong>Urlaub in Saint-Cast-le-Guildo.<\/strong><\/p>\n<\/div><\/div>\n\n\n\n<p><\/p>\n\n\n\n<div class=\"wp-block-media-text is-stacked-on-mobile\"><figure class=\"wp-block-media-text__media\"><img loading=\"lazy\" decoding=\"async\" width=\"1024\" height=\"683\" src=\"https:\/\/www.mirabel-mielles.com\/wp-content\/uploads\/2026\/02\/IMG_2053-1024x683.jpg\" alt=\"schwimmbadanimation sommer saint cast le guildo\" class=\"wp-image-10768 size-full\" srcset=\"https:\/\/www.mirabel-mielles.com\/wp-content\/uploads\/2026\/02\/IMG_2053-1024x683.jpg 1024w, https:\/\/www.mirabel-mielles.com\/wp-content\/uploads\/2026\/02\/IMG_2053-300x200.jpg 300w, https:\/\/www.mirabel-mielles.com\/wp-content\/uploads\/2026\/02\/IMG_2053-768x512.jpg 768w, https:\/\/www.mirabel-mielles.com\/wp-content\/uploads\/2026\/02\/IMG_2053-1536x1024.jpg 1536w, https:\/\/www.mirabel-mielles.com\/wp-content\/uploads\/2026\/02\/IMG_2053-2048x1365.jpg 2048w\" sizes=\"auto, (max-width: 1024px) 100vw, 1024px\" \/><\/figure><div class=\"wp-block-media-text__content\">\n<h3 class=\"wp-block-heading\">Die Animationen am Pool unseres Campingplatzes in Saint-Cast-le-Guildo<\/h3>\n\n\n\n<p>Im Juli und August wird der Wasserbereich zu einem echten Lebensraum im Herzen des <strong>campingplatz mit schwimmbad in Saint-Cast-le-Guildo<\/strong>.<\/p>\n\n\n\n<p>Am Morgen treffen Sie unseren Sportmoderator f\u00fcr eine <strong>Aquafitness-Sitzung<\/strong> dynamisch: ideal f\u00fcr einen sanften Start in den Tag. Am sp\u00e4ten Nachmittag ist Platz f\u00fcr den Campingtanz mit dem gesamten Animationsteam. Gesellige Atmosph\u00e4re garantiert!<\/p>\n\n\n\n<p>Wenn das Wetter es zul\u00e4sst, werden unsere <strong>Pool-Party-Abende\u201c<\/strong> verwandeln den Pool in einen festlichen Ort: Wasserspiele, Schwimmreifenwettbewerbe, Teamherausforderungen und Musik bestimmen den Rhythmus <strong>Ihren Urlaub in der Bretagne.<\/strong><\/p>\n\n\n\n<p>Zwischen Entspannung und <a href=\"https:\/\/www.mirabel-mielles.com\/de\/aktivitaten-animationen-partys\/\" target=\"_blank\" rel=\"noreferrer noopener\">Animationen,<\/a> unsere <strong>campingplatz mit pool in C\u00f4tes d'Armor<\/strong> bietet eine perfekte Balance f\u00fcr die ganze Familie.<\/p>\n<\/div><\/div>\n\n\n\n<hr class=\"wp-block-separator has-alpha-channel-opacity\"\/>\n\n\n\n<div class=\"wp-block-columns is-layout-flex wp-container-core-columns-is-layout-7848aa1a wp-block-columns-is-layout-flex\" style=\"padding-bottom:var(--wp--preset--spacing--40)\">\n<div class=\"wp-block-column is-layout-flow wp-block-column-is-layout-flow\">\n<figure class=\"wp-block-gallery has-nested-images columns-default is-cropped wp-block-gallery-1 is-layout-flex wp-block-gallery-is-layout-flex\">\n<figure class=\"wp-block-image size-full\"><img loading=\"lazy\" decoding=\"async\" width=\"600\" height=\"399\" data-id=\"10770\" src=\"https:\/\/www.mirabel-mielles.com\/wp-content\/uploads\/2026\/02\/transats-piscine-bain-de-soleil.jpg\" alt=\"Sonnenliegen zum Sonnenbaden am Pool\" class=\"wp-image-10770\" srcset=\"https:\/\/www.mirabel-mielles.com\/wp-content\/uploads\/2026\/02\/transats-piscine-bain-de-soleil.jpg 600w, https:\/\/www.mirabel-mielles.com\/wp-content\/uploads\/2026\/02\/transats-piscine-bain-de-soleil-300x200.jpg 300w\" sizes=\"auto, (max-width: 600px) 100vw, 600px\" \/><\/figure>\n<\/figure>\n\n\n\n<h4 class=\"wp-block-heading has-text-align-center has-small-font-size\"><strong>Der Sonnenbereich mit Liegest\u00fchlen<\/strong><\/h4>\n<\/div>\n\n\n\n<div class=\"wp-block-column is-layout-flow wp-block-column-is-layout-flow\">\n<figure class=\"wp-block-gallery has-nested-images columns-default is-cropped wp-block-gallery-2 is-layout-flex wp-block-gallery-is-layout-flex\">\n<figure class=\"wp-block-image size-full\"><img loading=\"lazy\" decoding=\"async\" width=\"600\" height=\"400\" data-id=\"10771\" src=\"https:\/\/www.mirabel-mielles.com\/wp-content\/uploads\/2026\/02\/piscine-bassin-chauffee-st-cast.jpg\" alt=\"gro\u00dfes beheiztes Becken Schwimmbad saint cast\" class=\"wp-image-10771\" srcset=\"https:\/\/www.mirabel-mielles.com\/wp-content\/uploads\/2026\/02\/piscine-bassin-chauffee-st-cast.jpg 600w, https:\/\/www.mirabel-mielles.com\/wp-content\/uploads\/2026\/02\/piscine-bassin-chauffee-st-cast-300x200.jpg 300w\" sizes=\"auto, (max-width: 600px) 100vw, 600px\" \/><\/figure>\n<\/figure>\n\n\n\n<h4 class=\"wp-block-heading has-text-align-center has-small-font-size\"><strong>Gro\u00dfer beheizter Pool<\/strong><\/h4>\n<\/div>\n\n\n\n<div class=\"wp-block-column is-layout-flow wp-block-column-is-layout-flow\">\n<figure class=\"wp-block-gallery has-nested-images columns-default is-cropped wp-block-gallery-3 is-layout-flex wp-block-gallery-is-layout-flex\">\n<figure class=\"wp-block-image size-full\"><img loading=\"lazy\" decoding=\"async\" width=\"600\" height=\"400\" data-id=\"10773\" src=\"https:\/\/www.mirabel-mielles.com\/wp-content\/uploads\/2026\/02\/pool-party-piscine-ete1.jpg\" alt=\"die pool party-abende in saint cast le guildo\" class=\"wp-image-10773\" srcset=\"https:\/\/www.mirabel-mielles.com\/wp-content\/uploads\/2026\/02\/pool-party-piscine-ete1.jpg 600w, https:\/\/www.mirabel-mielles.com\/wp-content\/uploads\/2026\/02\/pool-party-piscine-ete1-300x200.jpg 300w\" sizes=\"auto, (max-width: 600px) 100vw, 600px\" \/><\/figure>\n<\/figure>\n\n\n\n<h4 class=\"wp-block-heading has-text-align-center has-small-font-size\"><strong>Sommerliche Pool-Party-Abende am Pool<\/strong><\/h4>\n<\/div>\n<\/div>\n\n\n\n<div class=\"wp-block-group card card-body border border-info is-layout-constrained wp-block-group-is-layout-constrained\">\n<h2 class=\"wp-block-heading has-text-align-center has-medium-font-size\"><strong>Ein Campingplatz in Saint-Cast-le-Guildo mit Hallenbad<\/strong><\/h2>\n\n\n\n<figure class=\"wp-block-image aligncenter size-full\"><img loading=\"lazy\" decoding=\"async\" width=\"600\" height=\"341\" src=\"https:\/\/www.mirabel-mielles.com\/wp-content\/uploads\/2026\/01\/plan-piscine-nouveaute-2026.jpg\" alt=\"plan neues hallenbad camping les mielles\" class=\"wp-image-10651\" srcset=\"https:\/\/www.mirabel-mielles.com\/wp-content\/uploads\/2026\/01\/plan-piscine-nouveaute-2026.jpg 600w, https:\/\/www.mirabel-mielles.com\/wp-content\/uploads\/2026\/01\/plan-piscine-nouveaute-2026-300x171.jpg 300w\" sizes=\"auto, (max-width: 600px) 100vw, 600px\" \/><\/figure>\n\n\n\n<p class=\"has-text-align-center\"><em>Lageplan, unverbindlich<\/em><\/p>\n\n\n\n<p>Gro\u00dfe Neuheit 2026: die <strong>Schwimmbad des Campingplatzes wird \u00fcberdacht<\/strong> um Ihnen die M\u00f6glichkeit zu geben, den Wasserbereich l\u00e4nger zu nutzen. Die Arbeiten werden voraussichtlich im Sommer 2026 abgeschlossen sein.<\/p>\n\n\n\n<p>W\u00e4hlen Sie einen <strong>Zelten mit<\/strong> <strong>Hallenbad in Saint-Cast-le-Guildo<\/strong>, Wenn Sie sich f\u00fcr eine Schwimmhalle entscheiden, k\u00f6nnen Sie auch dann schwimmen, wenn das bretonische Wetter unbest\u00e4ndig ist. Das ist ein echter Trumpf f\u00fcr Ihre <strong>Urlaub am Meer.<\/strong><\/p>\n\n\n\n<p>Eine <strong>Solariumbereich mit Liegest\u00fchlen<\/strong> vervollst\u00e4ndigt die Einrichtung: Perfekt zum Ausruhen, Lesen oder um die Kinder zu beobachten, die in den Becken des Campingplatzes schwimmen lernen.<\/p>\n\n\n\n<p>Kommen Sie zu einem Aufenthalt in <a href=\"https:\/\/www.mirabel-mielles.com\/de\/tarife-fur-die-vermietung-von-mobilheimen\/\" target=\"_blank\" rel=\"noreferrer noopener\">Mobilheim <\/a>mit allem Komfort und genie\u00dfen Sie einen Campingplatz mit <strong>beheiztes und \u00fcberdachtes Schwimmbad in der Bretagne<\/strong>, Die Wohnung liegt nur wenige Schritte vom Strand entfernt.<br><\/p>\n\n\n\n<p>Besuchen Sie auch unsere sozialen Netzwerke, um den Fortschritt der Baustelle zu verfolgen!<\/p>\n\n\n\n<div class=\"wp-block-buttons is-content-justification-center is-layout-flex wp-container-core-buttons-is-layout-a89b3969 wp-block-buttons-is-layout-flex\">\n<div class=\"wp-block-button\"><a class=\"wp-block-button__link has-orange-background-color has-background wp-element-button\" href=\"https:\/\/www.facebook.com\/mirabelsaintcast\" target=\"_blank\" rel=\"noreferrer noopener\"><strong>Facebook<\/strong><\/a><\/div>\n\n\n\n<div class=\"wp-block-button\"><a class=\"wp-block-button__link has-turquoise-background-color has-background has-text-align-center wp-element-button\" href=\"https:\/\/www.instagram.com\/mirabelsaintcast\" target=\"_blank\" rel=\"noreferrer noopener\"><strong>Instagram<\/strong><\/a><\/div>\n<\/div>\n<\/div>\n\n\n\n<p class=\"has-text-align-center texte-rond mt-5 has-large-font-size\">Was es auf dem Campingplatz zu entdecken gibt<\/p>\n\n\n\n<div class=\"wp-block-columns front-page-section grey is-layout-flex wp-container-core-columns-is-layout-28f84493 wp-block-columns-is-layout-flex\">\n<div class=\"wp-block-column is-layout-flow wp-block-column-is-layout-flow\"><\/div>\n\n\n\n<div class=\"wp-block-column is-layout-flow wp-block-column-is-layout-flow\">\n<div class=\"wp-block-create-block-sevgutenberg-navigation\"><aside class=\"encart-sev-navigation small carre\"><a href=\"https:\/\/www.mirabel-mielles.com\/de\/campingdienste\/\" class=\"d-flex flex-column align-items-center\"><div class=\"encart-title\"><span>Die Dienste<\/span><\/div><div class=\"vague\"><\/div><img decoding=\"async\" src=\"https:\/\/www.mirabel-mielles.com\/wp-content\/uploads\/2022\/09\/accueil-entree-mielles-mirabel-1.jpg\" alt=\"rezeption des campingplatzes Mirabel\"\/><div class=\"ligne\"><\/div><div class=\"hover\"><\/div><\/a><\/aside><\/div>\n<\/div>\n\n\n\n<div class=\"wp-block-column is-vertically-aligned-center is-layout-flow wp-block-column-is-layout-flow\">\n<div class=\"wp-block-create-block-sevgutenberg-navigation\"><aside class=\"encart-sev-navigation small carre\"><a href=\"https:\/\/www.mirabel-mielles.com\/de\/aktivitaten-animationen-partys\/\" class=\"d-flex flex-column align-items-center\"><div class=\"encart-title\"><span>Die Animationen<\/span><\/div><div class=\"vague\"><\/div><img decoding=\"async\" src=\"https:\/\/www.mirabel-mielles.com\/wp-content\/uploads\/2022\/09\/creation-peinture-club-enfant.jpg\" alt=\"Kreativwerkstatt auf dem Campingplatz\"\/><div class=\"ligne\"><\/div><div class=\"hover\"><\/div><\/a><\/aside><\/div>\n<\/div>\n\n\n\n<div class=\"wp-block-column is-layout-flow wp-block-column-is-layout-flow\">\n<div class=\"wp-block-create-block-sevgutenberg-navigation\"><aside class=\"encart-sev-navigation small carre\"><a href=\"https:\/\/www.mirabel-mielles.com\/de\/saint-cast-le-guildo\/\" class=\"d-flex flex-column align-items-center\"><div class=\"encart-title\"><span>Saint-Cast-le-Guildo<\/span><\/div><div class=\"vague\"><\/div><img decoding=\"async\" src=\"https:\/\/www.mirabel-mielles.com\/wp-content\/uploads\/2022\/09\/2-grande-plage-saint-cast.jpg\" alt=\"\"\/><div class=\"ligne\"><\/div><div class=\"hover\"><\/div><\/a><\/aside><\/div>\n<\/div>\n\n\n\n<div class=\"wp-block-column is-layout-flow wp-block-column-is-layout-flow\"><\/div>\n<\/div>\n\n\n\n<figure class=\"wp-block-image aligncenter size-large is-resized mt-5\"><img decoding=\"async\" src=\"https:\/\/www.campinglarenaudiere.com\/wp-content\/uploads\/2022\/01\/photo-1024x84.png\" alt=\"Fotogalerie\" class=\"wp-image-2371\" style=\"width:768px;height:63px\"\/><\/figure>\n\n\n\t\t\t<div id=\"sevgallery-1802780950\" class=\"sev-diaporama sev-diaporama-portfolio\">\r\n\t\t\t\t<div class=\"row\">\r\n\r\n\t\t\t\t\t\r\n\t\t\t\t\t\t\r\n\t\t\t\t\t\t<div class=\"sev-diaporama-portfolio-item   btnseeall btnseeall-xl col-12 col-md  col-shrink\">\r\n\t\t\t\t\t\t\t<a href=\"https:\/\/www.mirabel-mielles.com\/wp-content\/uploads\/2022\/09\/piscine-ete-danse-1024x768.jpg\" data-lightbox=\"sevgallery-1802780950\" style=\"background-image: url(https:\/\/www.mirabel-mielles.com\/wp-content\/uploads\/2022\/09\/piscine-ete-danse-1024x768.jpg)\">\r\n\t\t\t\t\t\t\t\t<img decoding=\"async\" src=\"https:\/\/www.mirabel-mielles.com\/wp-content\/uploads\/2022\/09\/piscine-ete-danse-1024x768.jpg\" alt=\"4-Sterne-Zeltplatz mit Pool\" loading=\"lazy\">\r\n\t\t\t\t\t\t\t\t\t\t\t\t\t\t\t<\/a>\r\n\t\t\t\t\t\t<\/div>\r\n\r\n\t\t\t\t\t\t\r\n\t\t\t\t\t\t\t\t\t\t\t\t\t\t\t\t\t\r\n\t\t\t\t\t\t\r\n\t\t\t\t\t\t<div class=\"sev-diaporama-portfolio-item   btnseeall btnseeall-xl col-12 col-md  col-shrink\">\r\n\t\t\t\t\t\t\t<a href=\"https:\/\/www.mirabel-mielles.com\/de\/photos-camping-mielles\"  style=\"background-image: url(https:\/\/www.mirabel-mielles.com\/wp-content\/uploads\/2022\/09\/piscine-transat-repos-768x1024.jpg)\">\r\n\t\t\t\t\t\t\t\t<img decoding=\"async\" src=\"https:\/\/www.mirabel-mielles.com\/wp-content\/uploads\/2022\/09\/piscine-transat-repos-768x1024.jpg\" alt=\"Liegestuhl rund um den Pool des 4-Sterne-Campingplatzes\" loading=\"lazy\">\r\n\t\t\t\t\t\t\t\t\t\t\t\t\t\t\t<\/a>\r\n\t\t\t\t\t\t<\/div>\r\n\r\n\t\t\t\t\t\t\r\n\t\t\t\t\t\t\t\t\t\t\t\t\t\t\t\t\t\r\n\t\t\t\t\t\t\r\n\t\t\t\t\t\t<div class=\"sev-diaporama-portfolio-item   btnseeall btnseeall-xl col-12 col-md\">\r\n\t\t\t\t\t\t\t<a href=\"https:\/\/www.mirabel-mielles.com\/wp-content\/uploads\/2022\/09\/piscine-chauffee-vacances-1024x768.jpg\" data-lightbox=\"sevgallery-1802780950\" style=\"background-image: url(https:\/\/www.mirabel-mielles.com\/wp-content\/uploads\/2022\/09\/piscine-chauffee-vacances-1024x768.jpg)\">\r\n\t\t\t\t\t\t\t\t<img decoding=\"async\" src=\"https:\/\/www.mirabel-mielles.com\/wp-content\/uploads\/2022\/09\/piscine-chauffee-vacances-1024x768.jpg\" alt=\"Wasserbereich des Campingplatzes Bretagne\" loading=\"lazy\">\r\n\t\t\t\t\t\t\t\t\t\t\t\t\t\t\t<\/a>\r\n\t\t\t\t\t\t<\/div>\r\n\r\n\t\t\t\t\t\t\r\n\t\t\t\t\t\t\t\t\t\t\t\t\t\t\t\t\t\r\n\t\t\t\t\t\t\r\n\t\t\t\t\t\t<div class=\"sev-diaporama-portfolio-item   btnseeall btnseeall-xl col-12 col-md  col-grow\">\r\n\t\t\t\t\t\t\t<a href=\"https:\/\/www.mirabel-mielles.com\/wp-content\/uploads\/2022\/09\/transat-piscine-bretagne-1024x768.jpg\" data-lightbox=\"sevgallery-1802780950\" style=\"background-image: url(https:\/\/www.mirabel-mielles.com\/wp-content\/uploads\/2022\/09\/transat-piscine-bretagne-1024x768.jpg)\">\r\n\t\t\t\t\t\t\t\t<img decoding=\"async\" src=\"https:\/\/www.mirabel-mielles.com\/wp-content\/uploads\/2022\/09\/transat-piscine-bretagne-1024x768.jpg\" alt=\"Erholung am Pool des 4-Sterne-Campingplatzes\" loading=\"lazy\">\r\n\t\t\t\t\t\t\t\t\t\t\t\t\t\t\t<\/a>\r\n\t\t\t\t\t\t<\/div>\r\n\r\n\t\t\t\t\t\t\t\t\t\t\t\t\t<div class=\"w-100\"><\/div>\r\n\t\t\t\t\t\t\t\t\t\t\t\t\t\r\n\t\t\t\t\t\t\t\t\t\t\t\t\t\t\t\t\t\r\n\t\t\t\t\t\t\r\n\t\t\t\t\t\t<div class=\"sev-diaporama-portfolio-item   btnseeall btnseeall-xl col-12 col-md  col-grow\">\r\n\t\t\t\t\t\t\t<a href=\"https:\/\/www.mirabel-mielles.com\/wp-content\/uploads\/2022\/09\/piscine-enfant-jeux-768x1024.jpg\" data-lightbox=\"sevgallery-1802780950\" style=\"background-image: url(https:\/\/www.mirabel-mielles.com\/wp-content\/uploads\/2022\/09\/piscine-enfant-jeux-768x1024.jpg)\">\r\n\t\t\t\t\t\t\t\t<img decoding=\"async\" src=\"https:\/\/www.mirabel-mielles.com\/wp-content\/uploads\/2022\/09\/piscine-enfant-jeux-768x1024.jpg\" alt=\"Beheizter Swimmingpool\" loading=\"lazy\">\r\n\t\t\t\t\t\t\t\t\t\t\t\t\t\t\t<\/a>\r\n\t\t\t\t\t\t<\/div>\r\n\r\n\t\t\t\t\t\t\r\n\t\t\t\t\t\t\t\t\t\t\t\t\t\t\t\t\t\r\n\t\t\t\t\t\t\r\n\t\t\t\t\t\t<div class=\"sev-diaporama-portfolio-item   btnseeall btnseeall-xl col-12 col-md  col-shrink\">\r\n\t\t\t\t\t\t\t<a href=\"https:\/\/www.mirabel-mielles.com\/wp-content\/uploads\/2022\/09\/piscine-espace-aquatique-768x1024.jpg\" data-lightbox=\"sevgallery-1802780950\" style=\"background-image: url(https:\/\/www.mirabel-mielles.com\/wp-content\/uploads\/2022\/09\/piscine-espace-aquatique-768x1024.jpg)\">\r\n\t\t\t\t\t\t\t\t<img decoding=\"async\" src=\"https:\/\/www.mirabel-mielles.com\/wp-content\/uploads\/2022\/09\/piscine-espace-aquatique-768x1024.jpg\" alt=\"beheizter Pool des Campingplatzes\" loading=\"lazy\">\r\n\t\t\t\t\t\t\t\t\t\t\t\t\t\t\t<\/a>\r\n\t\t\t\t\t\t<\/div>\r\n\r\n\t\t\t\t\t\t\r\n\t\t\t\t\t\t\t\t\t\t\t\t\t\t\t\t\t\r\n\t\t\t\t\t\t\r\n\t\t\t\t\t\t<div class=\"sev-diaporama-portfolio-item   btnseeall btnseeall-xl col-12 col-md  col-grow\">\r\n\t\t\t\t\t\t\t<a href=\"https:\/\/www.mirabel-mielles.com\/de\/photos-camping-mielles\"  style=\"background-image: url(https:\/\/www.mirabel-mielles.com\/wp-content\/uploads\/2022\/09\/piscine-camping-mielles-1024x768.jpg)\">\r\n\t\t\t\t\t\t\t\t<img decoding=\"async\" src=\"https:\/\/www.mirabel-mielles.com\/wp-content\/uploads\/2022\/09\/piscine-camping-mielles-1024x768.jpg\" alt=\"Wasserbereich des 4-Sterne-Campingplatzes\" loading=\"lazy\">\r\n\t\t\t\t\t\t\t\t\t\t\t\t\t\t\t<\/a>\r\n\t\t\t\t\t\t<\/div>\r\n\r\n\t\t\t\t\t\t\r\n\t\t\t\t\t\t\t\t\t\t\t\t\t\t\t\t\t\r\n\t\t\t\t\t\t\r\n\t\t\t\t\t\t<div class=\"sev-diaporama-portfolio-item  limitsm btnseeall btnseeall-xl col-12 col-md  last-visible\">\r\n\t\t\t\t\t\t\t<a href=\"https:\/\/www.mirabel-mielles.com\/wp-content\/uploads\/2022\/09\/piscine-soleil-baignade-1024x768.jpg\" data-lightbox=\"sevgallery-1802780950\" style=\"background-image: url(https:\/\/www.mirabel-mielles.com\/wp-content\/uploads\/2022\/09\/piscine-soleil-baignade-1024x768.jpg)\">\r\n\t\t\t\t\t\t\t\t<img decoding=\"async\" src=\"https:\/\/www.mirabel-mielles.com\/wp-content\/uploads\/2022\/09\/piscine-soleil-baignade-1024x768.jpg\" alt=\"beheizter Au\u00dfenpool\" loading=\"lazy\">\r\n\t\t\t\t\t\t\t\t\t\t\t\t\t\t\t\t\t<img decoding=\"async\" src=\"https:\/\/www.mirabel-mielles.com\/wp-content\/themes\/mielles\/assets\/img\/voir-photos.png\" alt=\"\" \/>\r\n\t\t\t\t\t\t\t\t\t<span>Alle Fotos anzeigen<\/span>\r\n\t\t\t\t\t\t\t\t\t\t\t\t\t\t\t<\/a>\r\n\t\t\t\t\t\t<\/div>\r\n\r\n\t\t\t\t\t\t\t\t\t\t\t\t\t<div class=\"w-100\"><\/div>\r\n\t\t\t\t\t\t\t\t\t\t\t\t\t\r\n\t\t\t\t\t\t\t\t\t\t\t\t\t\t\t\t\t\t\t\t\t<\/div>\r\n\t\t\t<\/div>\r\n\r\n\t\t\t<script>\r\n\t\t\tjQuery(function($) {\r\n\r\n\t\t\t\tvar marginPortfolio = function() {\r\n\r\n\t\t\t\t\tvar $diapo          = $('#sevgallery-1802780950');\r\n\t\t\t\t\tvar container_width = $diapo.parent().outerWidth();\r\n\t\t\t\t\tvar side            = ( $(window).innerWidth() - container_width ) \/ 2;\r\n\r\n\t\t\t\t\t$diapo.css( {\r\n\t\t\t\t\t\t'margin-left': '-' + side + 'px',\r\n\t\t\t\t\t\t'margin-right': '-' + side + 'px',\r\n\t\t\t\t\t} );\r\n\t\t\t\t};\r\n\r\n\t\t\t\t$( window ).resize( function() {\r\n\t\t\t\t\tmarginPortfolio();\r\n\t\t\t\t} );\r\n\t\t\t\tmarginPortfolio();\r\n\t\t\t});\r\n\t\t\t<\/script>\r\n\t\t\t\n\n\n\n<p><\/p>","protected":false},"excerpt":{"rendered":"<p>Camping avec piscine \u00e0 Saint-Cast-le-Guildo \u00c0 seulement 250 m\u00e8tres de la plage de Saint-Cast-le-Guildo, notre camping Mirabel Les Mielles vous [&hellip;]<\/p>\n","protected":false},"author":1,"featured_media":0,"parent":0,"menu_order":0,"comment_status":"closed","ping_status":"closed","template":"","meta":{"_seopress_robots_primary_cat":"","_seopress_titles_title":"Camping avec piscine chauff\u00e9e \u00e0 Saint Cast le Guildo","_seopress_titles_desc":"L'espace aquatique du camping se compose d'un bassin ext\u00e9rieur chauff\u00e9 \u00e0 28\u00b0 et d'une pataugeoire pour les petits.","_seopress_robots_index":"","footnotes":""},"class_list":["post-54","page","type-page","status-publish","hentry"],"_links":{"self":[{"href":"https:\/\/www.mirabel-mielles.com\/de\/wp-json\/wp\/v2\/pages\/54","targetHints":{"allow":["GET"]}}],"collection":[{"href":"https:\/\/www.mirabel-mielles.com\/de\/wp-json\/wp\/v2\/pages"}],"about":[{"href":"https:\/\/www.mirabel-mielles.com\/de\/wp-json\/wp\/v2\/types\/page"}],"author":[{"embeddable":true,"href":"https:\/\/www.mirabel-mielles.com\/de\/wp-json\/wp\/v2\/users\/1"}],"replies":[{"embeddable":true,"href":"https:\/\/www.mirabel-mielles.com\/de\/wp-json\/wp\/v2\/comments?post=54"}],"version-history":[{"count":31,"href":"https:\/\/www.mirabel-mielles.com\/de\/wp-json\/wp\/v2\/pages\/54\/revisions"}],"predecessor-version":[{"id":10968,"href":"https:\/\/www.mirabel-mielles.com\/de\/wp-json\/wp\/v2\/pages\/54\/revisions\/10968"}],"wp:attachment":[{"href":"https:\/\/www.mirabel-mielles.com\/de\/wp-json\/wp\/v2\/media?parent=54"}],"curies":[{"name":"WordPress","href":"https:\/\/api.w.org\/{rel}","templated":true}]}}