{"id":889,"date":"2021-12-20T11:10:21","date_gmt":"2021-12-20T10:10:21","guid":{"rendered":"https:\/\/www.campinglarenaudiere.com\/?page_id=889"},"modified":"2023-12-08T16:11:27","modified_gmt":"2023-12-08T15:11:27","slug":"bretagne-fur-sportler","status":"publish","type":"page","link":"https:\/\/www.mirabel-mielles.com\/de\/les-experiences\/bretagne-pour-les-sportifs","title":{"rendered":"F\u00fcr Sportler"},"content":{"rendered":"<figure class=\"wp-block-image alignright size-full is-resized\"><img decoding=\"async\" src=\"https:\/\/www.campinglarenaudiere.com\/wp-content\/uploads\/2021\/12\/Smile.png\" alt=\"praktischer Smile\" class=\"wp-image-1947\" style=\"width:160px;height:107px\"\/><\/figure>\n\n\n\n<h1 class=\"wp-block-heading\" id=\"vivez-l-experience-loire-atlantique-en-famille\">Sport und Adrenalin auf dem Programm<\/h1>\n\n\n\n<p class=\"has-text-align-center\">Als Sportler mit Leib und Seele haben Sie gut daran getan, die C\u00f4tes d'Armor f\u00fcr ein kurzes Wochenende oder ein paar Tage Urlaub auszuw\u00e4hlen. Unsere 4 Campingpl\u00e4tze bieten Ihnen die M\u00f6glichkeit, eine Vielzahl von Aktivit\u00e4ten auszu\u00fcben, die f\u00fcr alle zug\u00e4nglich sind und f\u00fcr jedes Budget geeignet sind! Kleiner Rundgang.<\/p>\n\n\n\n<figure class=\"wp-block-image aligncenter size-full\"><img decoding=\"async\" src=\"https:\/\/www.campinglarenaudiere.com\/wp-content\/uploads\/2022\/01\/barre-bleue.png\" alt=\"\" class=\"wp-image-2382\"\/><\/figure>\n\n\n\n<div class=\"wp-block-media-text alignwide is-stacked-on-mobile\"><figure class=\"wp-block-media-text__media\"><a href=\"https:\/\/www.mirabel-mielles.com\/wp-content\/uploads\/2022\/09\/1-kayak-mer_LE-GALL-Mathieu.jpg\"><img loading=\"lazy\" decoding=\"async\" width=\"1024\" height=\"683\" src=\"https:\/\/www.mirabel-mielles.com\/wp-content\/uploads\/2022\/09\/1-kayak-mer_LE-GALL-Mathieu-1024x683.jpg\" alt=\"Sporterfahrung\" class=\"wp-image-6224 size-full\"\/><\/a><\/figure><div class=\"wp-block-media-text__content\">\n<p class=\"has-text-align-left texte-rond has-orange-color has-text-color has-large-font-size\">Wie w\u00e4re es mit einem Sprung ins kalte Wasser?<\/p>\n\n\n\n<p>Nach einem ruhigen Morgen auf dem Campingplatz ist es Zeit, ein wenig Action in Ihren Urlaub zu bringen. Richtung <a href=\"https:\/\/www.centre-nautique-saint-cast.fr\" target=\"_blank\" rel=\"noreferrer noopener\">Wassersportzentrum in Saint-Cast<\/a> f\u00fcr eine kleine Windsurf- oder Katamaran-Session oder eine Fahrt mit dem Kajak. Die wendigeren unter Ihnen werden vielleicht ein Stand-up-Paddle oder eine Jolle bevorzugen. Der gro\u00dfe Strand wartet nur darauf, dass Sie den Wellen trotzen und Ihre Freunde\/Familie zu einer Fun- und Muskelaktivit\u00e4t herausfordern. Sie k\u00f6nnen sich auch am Optimisten oder am Segelboot J80 versuchen.<\/p>\n<\/div><\/div>\n\n\n\n<div style=\"height:30px\" aria-hidden=\"true\" class=\"wp-block-spacer\"><\/div>\n\n\n\n<div class=\"wp-block-media-text alignwide has-media-on-the-right is-stacked-on-mobile front-page-section grey\"><div class=\"wp-block-media-text__content\">\n<h2 class=\"wp-block-heading\">Ein wenig H\u00f6he gewinnen<\/h2>\n\n\n\n<figure class=\"wp-block-image size-full\"><img loading=\"lazy\" decoding=\"async\" width=\"50\" height=\"8\" src=\"https:\/\/www.mirabel-mielles.com\/wp-content\/uploads\/2022\/09\/barre-bleue.png\" alt=\"\" class=\"wp-image-5969\"\/><\/figure>\n\n\n\n<p>Schnappen Sie sich Ihr Handtuch und trocknen Sie sich ab, es ist Zeit, f\u00fcr Ihre n\u00e4chste Aktivit\u00e4t in die H\u00f6he zu steigen. M\u00f6chten Sie lieber in den Himmel klettern oder hinabsteigen?<\/p>\n\n\n\n<p>In St Cast-le-Guildo k\u00f6nnen Sie einer au\u00dfergew\u00f6hnlichen Aktivit\u00e4t nachgehen: dem Paragliding! Angeschnallt an Ihren professionellen Lehrer werden Sie <strong>fliegen Sie \u00fcber die bretonische K\u00fcste<\/strong> zwischen Saint-Coulomb, St-Jacut-de-la-Mer oder auch Sables-d'Or-les-Pins f\u00fcr ein au\u00dfergew\u00f6hnliches Abenteuer und unvergessliche Erinnerungen. Wenn Sie sich wohlf\u00fchlen, k\u00f6nnen Sie sich an einigen <strong>akrobatische Figuren<\/strong> vielleicht die Kontrolle \u00fcber Ihren Flug \u00fcbernehmen.<\/p>\n\n\n\n<p>Einige werden es vorziehen, fest an der Struktur befestigt zu sein, bevor sie in die Luft gehen. In diesem Fall Richtung <a href=\"https:\/\/www.saintcast-aventure.com\/\" target=\"_blank\" rel=\"noreferrer noopener\">Saint-Cast Abenteuer<\/a>. Diese <strong>Hochseilgarten<\/strong> bietet Ihnen Kinder-\/Erwachsenenparcours f\u00fcr einen sch\u00f6nen Tag mit der Familie im Bois Bras. Es wurden Strecken f\u00fcr alle Niveaustufen entworfen, damit jeder die Aktivit\u00e4t genie\u00dfen kann. So k\u00f6nnen Sie <strong>auf B\u00e4ume klettern<\/strong> und mithilfe verschiedener zugelassener Hilfsmittel: Seilrutsche, Tarzansprung, Wellenbr\u00fccke, Surfen, ...<br>Um den Tag in vollen Z\u00fcgen zu genie\u00dfen, steht Ihnen im Park ein Imbiss mit Sonnenterrasse und Fastfood zur Verf\u00fcgung.<\/p>\n<\/div><figure class=\"wp-block-media-text__media\"><a href=\"https:\/\/www.mirabel-mielles.com\/wp-content\/uploads\/2022\/09\/2-parapente-mer-pixabay.jpg\"><img loading=\"lazy\" decoding=\"async\" width=\"1024\" height=\"683\" src=\"https:\/\/www.mirabel-mielles.com\/wp-content\/uploads\/2022\/09\/2-parapente-mer-pixabay-1024x683.jpg\" alt=\"Gleitschirmfliegen in der N\u00e4he des Campingplatzes in St Cast\" class=\"wp-image-6225 size-full\" srcset=\"https:\/\/www.mirabel-mielles.com\/wp-content\/uploads\/2022\/09\/2-parapente-mer-pixabay-1024x683.jpg 1024w, https:\/\/www.mirabel-mielles.com\/wp-content\/uploads\/2022\/09\/2-parapente-mer-pixabay-300x200.jpg 300w, https:\/\/www.mirabel-mielles.com\/wp-content\/uploads\/2022\/09\/2-parapente-mer-pixabay-768x512.jpg 768w, https:\/\/www.mirabel-mielles.com\/wp-content\/uploads\/2022\/09\/2-parapente-mer-pixabay.jpg 1200w\" sizes=\"auto, (max-width: 1024px) 100vw, 1024px\" \/><\/a><\/figure><\/div>\n\n\n\n<div class=\"wp-block-media-text alignwide is-stacked-on-mobile\"><figure class=\"wp-block-media-text__media\"><img loading=\"lazy\" decoding=\"async\" width=\"1024\" height=\"666\" src=\"https:\/\/www.mirabel-mielles.com\/wp-content\/uploads\/2022\/09\/3-Adt-accrobranche_Loic-KERSUZAN-1024x666.jpg\" alt=\"Baumklettern in Saint Cast le Guildo in der N\u00e4he des Campingplatzes \" class=\"wp-image-6227 size-full\" srcset=\"https:\/\/www.mirabel-mielles.com\/wp-content\/uploads\/2022\/09\/3-Adt-accrobranche_Loic-KERSUZAN-1024x666.jpg 1024w, https:\/\/www.mirabel-mielles.com\/wp-content\/uploads\/2022\/09\/3-Adt-accrobranche_Loic-KERSUZAN-300x195.jpg 300w, https:\/\/www.mirabel-mielles.com\/wp-content\/uploads\/2022\/09\/3-Adt-accrobranche_Loic-KERSUZAN-768x500.jpg 768w, https:\/\/www.mirabel-mielles.com\/wp-content\/uploads\/2022\/09\/3-Adt-accrobranche_Loic-KERSUZAN.jpg 1200w\" sizes=\"auto, (max-width: 1024px) 100vw, 1024px\" \/><\/figure><div class=\"wp-block-media-text__content\">\n<h2 class=\"wp-block-heading\" id=\"tous-a-la-mer\">Ungew\u00f6hnliche Sportarten in C\u00f4tes d'Armor<\/h2>\n\n\n\n<figure class=\"wp-block-image size-full\"><img decoding=\"async\" src=\"https:\/\/www.campinglarenaudiere.com\/wp-content\/uploads\/2022\/01\/barre-bleue.png\" alt=\"\" class=\"wp-image-2382\"\/><\/figure>\n\n\n\n<p>Nat\u00fcrlich gibt es genauso viele Aktivit\u00e4ten, bei denen man mit den F\u00fc\u00dfen auf dem Boden bleiben kann (oder fast)! Der wundersch\u00f6ne <a href=\"https:\/\/golf-st-cast.com\/\" target=\"_blank\" rel=\"noreferrer noopener\">Golf de St-Cast<\/a>, Das Spiel ist das ganze Jahr \u00fcber ge\u00f6ffnet und bietet einen atemberaubenden Blick auf das Meer, w\u00e4hrend Sie das Spiel spielen. Auf der einen Seite <strong>der Strand von Pen Guen<\/strong> und auf der anderen Seite <strong>die Inselgruppe der Ebihen<\/strong>. Ob Sie Anf\u00e4nger oder Fortgeschrittener sind, Sie haben alle M\u00f6glichkeiten, den 18-Loch-Golfplatz zu nutzen und je nach Lust und Laune Kurse f\u00fcr Kinder oder Erwachsene zu belegen.<\/p>\n\n\n\n<p>Haben Sie eher Lust, am Strand entlang zu traben? Dann begeben Sie sich zum <strong>Reitzentrum<\/strong> des Ferienortes, wo diplomierte Reitlehrer Ihnen Strandausfl\u00fcge in kleinen Gruppen anbieten. Wenn Sie sich wohlf\u00fchlen, nehmen Sie die Pferde f\u00fcr eine<strong> beispiellose Erfahrung<\/strong> und einzigartigen Kontakt mit dem Wasser und den Wellen. Dann, zum Schluss, halten Sie sich gut fest f\u00fcr die letzte Beschleunigung im Galopp, bevor Sie nach Hause gehen!<\/p>\n\n\n\n<p><br><\/p>\n<\/div><\/div>\n\n\n\n<div style=\"height:10px\" aria-hidden=\"true\" class=\"wp-block-spacer\"><\/div>","protected":false},"excerpt":{"rendered":"<p>Sport et adr\u00e9naline au programme Sportif dans l\u2019\u00e2me, vous avez bien fait de choisir les C\u00f4tes d\u2019Armor pour un petit [&hellip;]<\/p>\n","protected":false},"author":1,"featured_media":0,"parent":272,"menu_order":0,"comment_status":"closed","ping_status":"closed","template":"","meta":{"_seopress_robots_primary_cat":"","_seopress_titles_title":"A la d\u00e9couverte des sports insolites en C\u00f4tes d&#039;Armor","_seopress_titles_desc":"Tourisme sportif autour du camping \u00e0 Saint Cast le Guildo en C\u00f4tes d&#039;Armor","_seopress_robots_index":"","footnotes":""},"class_list":["post-889","page","type-page","status-publish","hentry"],"_links":{"self":[{"href":"https:\/\/www.mirabel-mielles.com\/de\/wp-json\/wp\/v2\/pages\/889","targetHints":{"allow":["GET"]}}],"collection":[{"href":"https:\/\/www.mirabel-mielles.com\/de\/wp-json\/wp\/v2\/pages"}],"about":[{"href":"https:\/\/www.mirabel-mielles.com\/de\/wp-json\/wp\/v2\/types\/page"}],"author":[{"embeddable":true,"href":"https:\/\/www.mirabel-mielles.com\/de\/wp-json\/wp\/v2\/users\/1"}],"replies":[{"embeddable":true,"href":"https:\/\/www.mirabel-mielles.com\/de\/wp-json\/wp\/v2\/comments?post=889"}],"version-history":[{"count":5,"href":"https:\/\/www.mirabel-mielles.com\/de\/wp-json\/wp\/v2\/pages\/889\/revisions"}],"predecessor-version":[{"id":9165,"href":"https:\/\/www.mirabel-mielles.com\/de\/wp-json\/wp\/v2\/pages\/889\/revisions\/9165"}],"up":[{"embeddable":true,"href":"https:\/\/www.mirabel-mielles.com\/de\/wp-json\/wp\/v2\/pages\/272"}],"wp:attachment":[{"href":"https:\/\/www.mirabel-mielles.com\/de\/wp-json\/wp\/v2\/media?parent=889"}],"curies":[{"name":"WordPress","href":"https:\/\/api.w.org\/{rel}","templated":true}]}}