{"id":895,"date":"2021-12-20T11:14:26","date_gmt":"2021-12-20T10:14:26","guid":{"rendered":"https:\/\/www.campinglarenaudiere.com\/?page_id=895"},"modified":"2024-04-04T09:36:39","modified_gmt":"2024-04-04T07:36:39","slug":"experience-saint-cast-le-guildo","status":"publish","type":"page","link":"https:\/\/www.mirabel-mielles.com\/de\/les-experiences\/experience-saint-cast-le-guildo","title":{"rendered":"Ein Tag in St Cast"},"content":{"rendered":"<figure class=\"wp-block-image alignright size-full is-resized\"><img decoding=\"async\" src=\"https:\/\/www.campinglarenaudiere.com\/wp-content\/uploads\/2022\/01\/Soleil.png\" alt=\"Sonne\" class=\"wp-image-1883\" style=\"width:160px;height:146px\"\/><\/figure>\n\n\n\n<h1 class=\"wp-block-heading\" id=\"a-la-decouverte-de-la-cote-de-jade-a-velo\">Ein Tag in Saint-Cast-le-Guildo<\/h1>\n\n\n\n<p class=\"has-text-align-center\">Wenn Sie sich auf dem Campingplatz Les Mielles in der Region C\u00f4tes d'Armor aufhalten, werden Sie es genie\u00dfen, einen Tag in Saint-Cast-le-Guildo zu verbringen, wo man alles zu Fu\u00df erledigen kann. Wir haben f\u00fcr Sie einen typischen Tag getestet, folgen Sie uns, wir erz\u00e4hlen Ihnen alles!<\/p>\n\n\n\n<figure class=\"wp-block-image aligncenter size-full\"><img decoding=\"async\" src=\"https:\/\/www.campinglarenaudiere.com\/wp-content\/uploads\/2022\/01\/barre-bleue.png\" alt=\"\" class=\"wp-image-2382\"\/><\/figure>\n\n\n\n<div class=\"wp-block-media-text alignwide is-stacked-on-mobile\"><figure class=\"wp-block-media-text__media\"><a href=\"https:\/\/www.mirabel-mielles.com\/wp-content\/uploads\/2022\/09\/1-petit-dejeuner-terrasse.jpg\"><img loading=\"lazy\" decoding=\"async\" width=\"1024\" height=\"1024\" src=\"https:\/\/www.mirabel-mielles.com\/wp-content\/uploads\/2022\/09\/1-petit-dejeuner-terrasse-1024x1024.jpg\" alt=\"Fr\u00fchst\u00fcck in Qaint Cast le Guildo\" class=\"wp-image-6217 size-full\" srcset=\"https:\/\/www.mirabel-mielles.com\/wp-content\/uploads\/2022\/09\/1-petit-dejeuner-terrasse-1024x1024.jpg 1024w, https:\/\/www.mirabel-mielles.com\/wp-content\/uploads\/2022\/09\/1-petit-dejeuner-terrasse-300x300.jpg 300w, https:\/\/www.mirabel-mielles.com\/wp-content\/uploads\/2022\/09\/1-petit-dejeuner-terrasse-150x150.jpg 150w, https:\/\/www.mirabel-mielles.com\/wp-content\/uploads\/2022\/09\/1-petit-dejeuner-terrasse-768x768.jpg 768w, https:\/\/www.mirabel-mielles.com\/wp-content\/uploads\/2022\/09\/1-petit-dejeuner-terrasse.jpg 1200w\" sizes=\"auto, (max-width: 1024px) 100vw, 1024px\" \/><\/a><\/figure><div class=\"wp-block-media-text__content\">\n<p class=\"has-medium-font-size\"><strong>Lokales Fr\u00fchst\u00fcck auf der Terrasse<\/strong><\/p>\n\n\n\n<figure class=\"wp-block-image size-full\"><img decoding=\"async\" src=\"https:\/\/www.campinglarenaudiere.com\/wp-content\/uploads\/2022\/01\/barre-bleue.png\" alt=\"\" class=\"wp-image-2382\"\/><\/figure>\n\n\n\n<p>Sanftes Erwachen auf dem Campingplatz Les Mielles in unserem gut ausgestatteten 1-Zimmer-Mobilheim. Um den Tag auf die beste Art und Weise zu beginnen, gibt es nichts Besseres als einen <strong>Fr\u00fchst\u00fcck auf der Terrasse<\/strong>. Richtung des Zentrums von <strong>Saint-Cast-le-Guildo<\/strong>. In nur 5 Minuten erreichen Sie den kleinen Platz, auf dem Sie die Qual der Wahl haben. Wir haben uns f\u00fcr das Restaurant La Belle Meuni\u00e8re mit seinen sch\u00f6nen Steinb\u00f6gen und seiner pr\u00e4chtigen Fassade entschieden. Das Fr\u00fchst\u00fccksangebot umfasste Tee, Kaffee, hei\u00dfe Schokolade, die in wundersch\u00f6nen alten Tassen serviert wurde, und gepresste Orangen, um Vitamin D zu tanken. Dann die Frage nach dem Geb\u00e4ck: Croissants oder Pain au chocolat, frisches Brot, Butter, Marmelade, Brioche, Kouign-amann - Sie werden begeistert sein!<\/p>\n\n\n\n<p>Mit neuer Energie versorgt, geht es weiter in die kleinen Gassen und <strong>\u00f6rtlichen Gesch\u00e4ften,<\/strong> perfekt, um einen kleinen <strong>Urlaubserinnerung<\/strong>\u00a0: Schmuck, Pr\u00eat-\u00e0-porter, regionale Produkte, Postkarten, es gibt alles, was Sie brauchen!<\/p>\n<\/div><\/div>\n\n\n\n<div class=\"wp-block-media-text alignwide has-media-on-the-right is-stacked-on-mobile front-page-section grey\"><div class=\"wp-block-media-text__content\">\n<p class=\"texte-rond has-orange-color has-text-color has-large-font-size\">Der Strand, so weit das Auge reicht<\/p>\n\n\n\n<p>Da das sch\u00f6ne Wetter mit uns ist, Richtung <strong>der Strand von Saint-Cast-le-Guildo<\/strong> f\u00fcr die traditionelle Sandburg, die F\u00fc\u00dfe (und Pfoten) im etwas k\u00fchlen, aber belebenden Wasser und zum Faulenzen. F\u00fcr Sportler steht ein Beachvolleyballfeld zur freien Verf\u00fcgung! 250 m vom Campingplatz entfernt brauchen Sie nicht nach einem Parkplatz zu suchen. Zu Fu\u00df, mit dem Fahrrad oder dem Roller erreichen Sie den Campingplatz ganz leicht. F\u00fcr diejenigen, die einen Spaziergang machen m\u00f6chten, k\u00f6nnen Sie sich <strong>am Meer entlang spazieren<\/strong> \u00fcber den Damm und auf den GR34.<\/p>\n<\/div><figure class=\"wp-block-media-text__media\"><a href=\"https:\/\/www.mirabel-mielles.com\/wp-content\/uploads\/2022\/09\/2-grande-plage-saint-cast.jpg\"><img loading=\"lazy\" decoding=\"async\" width=\"1024\" height=\"575\" src=\"https:\/\/www.mirabel-mielles.com\/wp-content\/uploads\/2022\/09\/2-grande-plage-saint-cast-1024x575.jpg\" alt=\"strand von saint cast le Guildo\" class=\"wp-image-6218 size-full\" srcset=\"https:\/\/www.mirabel-mielles.com\/wp-content\/uploads\/2022\/09\/2-grande-plage-saint-cast-1024x575.jpg 1024w, https:\/\/www.mirabel-mielles.com\/wp-content\/uploads\/2022\/09\/2-grande-plage-saint-cast-300x169.jpg 300w, https:\/\/www.mirabel-mielles.com\/wp-content\/uploads\/2022\/09\/2-grande-plage-saint-cast-768x431.jpg 768w, https:\/\/www.mirabel-mielles.com\/wp-content\/uploads\/2022\/09\/2-grande-plage-saint-cast.jpg 1200w\" sizes=\"auto, (max-width: 1024px) 100vw, 1024px\" \/><\/a><\/figure><\/div>\n\n\n\n<div class=\"wp-block-media-text alignwide is-stacked-on-mobile animate left\"><figure class=\"wp-block-media-text__media\"><a href=\"https:\/\/www.mirabel-mielles.com\/wp-content\/uploads\/2022\/09\/3-glacier-st-cast.jpg\"><img loading=\"lazy\" decoding=\"async\" width=\"1024\" height=\"1024\" src=\"https:\/\/www.mirabel-mielles.com\/wp-content\/uploads\/2022\/09\/3-glacier-st-cast-1024x1024.jpg\" alt=\"instant gourmand in saint cast le guildo\" class=\"wp-image-6219 size-full\" srcset=\"https:\/\/www.mirabel-mielles.com\/wp-content\/uploads\/2022\/09\/3-glacier-st-cast-1024x1024.jpg 1024w, https:\/\/www.mirabel-mielles.com\/wp-content\/uploads\/2022\/09\/3-glacier-st-cast-300x300.jpg 300w, https:\/\/www.mirabel-mielles.com\/wp-content\/uploads\/2022\/09\/3-glacier-st-cast-150x150.jpg 150w, https:\/\/www.mirabel-mielles.com\/wp-content\/uploads\/2022\/09\/3-glacier-st-cast-768x768.jpg 768w, https:\/\/www.mirabel-mielles.com\/wp-content\/uploads\/2022\/09\/3-glacier-st-cast.jpg 1200w\" sizes=\"auto, (max-width: 1024px) 100vw, 1024px\" \/><\/a><\/figure><div class=\"wp-block-media-text__content\">\n<p class=\"has-medium-font-size\"><strong>Der Snack f\u00fcr Naschkatzen<\/strong><\/p>\n\n\n\n<figure class=\"wp-block-image size-full\"><img decoding=\"async\" src=\"https:\/\/www.campinglarenaudiere.com\/wp-content\/uploads\/2022\/01\/barre-bleue.png\" alt=\"\" class=\"wp-image-2382\"\/><\/figure>\n\n\n\n<p>16.00 Uhr Ann\u00e4herung: R\u00fcckkehr ins Stadtzentrum, um je nach Lust und Laune eine gute <strong>selbstgemachtes Eis<\/strong>, Eine Waffel, ein Cr\u00eape (nat\u00fcrlich mit Karamell und gesalzener Butter). Hier finden Sie bestimmt Ihr Gl\u00fcck und Ihren Lieblingsgeschmack <strong>bei Tinou<\/strong> oder im <strong>Ty Castin<\/strong>, Beide befinden sich in der Rue du Duc d'Alguillon im Zentrum in der N\u00e4he von <strong>den Spielplatz f\u00fcr die Kinder.<\/strong><\/p>\n<\/div><\/div>\n\n\n\n<p><\/p>\n\n\n\n<div class=\"wp-block-media-text alignwide has-media-on-the-right is-stacked-on-mobile\"><div class=\"wp-block-media-text__content\">\n<p class=\"texte-rond has-orange-color has-text-color has-large-font-size\">Ein s\u00fc\u00dfer Moment mit der unumg\u00e4nglichen Galette Bretonne!<\/p>\n\n\n\n<p>Was gibt es Besseres, um den Tag zu beenden, als die F\u00fc\u00dfe unter den Tisch zu legen und einfach zu genie\u00dfen. Zum Abschluss dieser kleinen Castin-Reise fuhren wir nach <strong>die Cr\u00eaperie<\/strong> \u00ab\u00a0<strong>Das Gl\u00fcck liegt im Weizen<\/strong>\u00a0\u00bb. Cidre, Kir Breton, Galette aller Art, s\u00fc\u00dfe Cr\u00eapes, die Speisekarte ist reichhaltig, die W\u00fcnsche reihen sich aneinander, aber man muss sich entscheiden. Galette mit Krustentieren, mit Fleisch, mit Ziegenk\u00e4se und so viele andere M\u00f6glichkeiten stehen Ihnen zur Auswahl. Zum Nachtisch gibt es eisgek\u00fchlte Flammkuchen, klassische Cr\u00eapes, Eiscreme - da ist garantiert etwas f\u00fcr Sie dabei! Uns hat diese kleine Adresse sehr gut gefallen, denn der Service ist schnell, das Team l\u00e4chelt und ist sympathisch und die Speisekarte entspricht unseren W\u00fcnschen!<\/p>\n\n\n\n<p>Hier ist unser kleiner Castine-Tag im Fr\u00fchling! Selbstverst\u00e4ndlich gibt es <strong>weitere Aktivit\u00e4ten in St-Cast<\/strong> die wir noch nicht machen konnten, die wir Ihnen aber empfehlen, aus unserer Liste der <a href=\"https:\/\/www.mirabel-mielles.com\/de\/gute-adressen-links\/\" data-type=\"page\" data-id=\"73\">Aktivit\u00e4ten<\/a>. Es steht Ihnen frei, Ihren Tag nach Lust und Laune zu planen!<\/p>\n<\/div><figure class=\"wp-block-media-text__media\"><img loading=\"lazy\" decoding=\"async\" width=\"1024\" height=\"1024\" src=\"https:\/\/www.mirabel-mielles.com\/wp-content\/uploads\/2022\/09\/4-crepe-caramel-beurre-sale-1024x1024.jpg\" alt=\"gourmetpause in saint cast le guildo\" class=\"wp-image-6220 size-full\" srcset=\"https:\/\/www.mirabel-mielles.com\/wp-content\/uploads\/2022\/09\/4-crepe-caramel-beurre-sale-1024x1024.jpg 1024w, https:\/\/www.mirabel-mielles.com\/wp-content\/uploads\/2022\/09\/4-crepe-caramel-beurre-sale-300x300.jpg 300w, https:\/\/www.mirabel-mielles.com\/wp-content\/uploads\/2022\/09\/4-crepe-caramel-beurre-sale-150x150.jpg 150w, https:\/\/www.mirabel-mielles.com\/wp-content\/uploads\/2022\/09\/4-crepe-caramel-beurre-sale-768x768.jpg 768w, https:\/\/www.mirabel-mielles.com\/wp-content\/uploads\/2022\/09\/4-crepe-caramel-beurre-sale.jpg 1200w\" sizes=\"auto, (max-width: 1024px) 100vw, 1024px\" \/><\/figure><\/div>","protected":false},"excerpt":{"rendered":"<p>Une journ\u00e9e \u00e0 Saint-Cast-le-Guildo En s\u00e9journant au camping Les Mielles dans les C\u00f4tes d\u2019Armor, vous appr\u00e9cierez de passer une journ\u00e9e [&hellip;]<\/p>\n","protected":false},"author":1,"featured_media":0,"parent":272,"menu_order":0,"comment_status":"closed","ping_status":"closed","template":"","meta":{"_seopress_robots_primary_cat":"","_seopress_titles_title":"Une journ\u00e9e \u00e0 Saint Cast le Guildo","_seopress_titles_desc":"En s\u00e9journant au camping Les Mielles dans les C\u00f4tes d\u2019Armor, vous appr\u00e9cierez de passer une journ\u00e9e \u00e0 Saint-Cast-le-Guildo o\u00f9 vous pourrez tout faire \u00e0 pied","_seopress_robots_index":"","footnotes":""},"class_list":["post-895","page","type-page","status-publish","hentry"],"_links":{"self":[{"href":"https:\/\/www.mirabel-mielles.com\/de\/wp-json\/wp\/v2\/pages\/895","targetHints":{"allow":["GET"]}}],"collection":[{"href":"https:\/\/www.mirabel-mielles.com\/de\/wp-json\/wp\/v2\/pages"}],"about":[{"href":"https:\/\/www.mirabel-mielles.com\/de\/wp-json\/wp\/v2\/types\/page"}],"author":[{"embeddable":true,"href":"https:\/\/www.mirabel-mielles.com\/de\/wp-json\/wp\/v2\/users\/1"}],"replies":[{"embeddable":true,"href":"https:\/\/www.mirabel-mielles.com\/de\/wp-json\/wp\/v2\/comments?post=895"}],"version-history":[{"count":6,"href":"https:\/\/www.mirabel-mielles.com\/de\/wp-json\/wp\/v2\/pages\/895\/revisions"}],"predecessor-version":[{"id":9545,"href":"https:\/\/www.mirabel-mielles.com\/de\/wp-json\/wp\/v2\/pages\/895\/revisions\/9545"}],"up":[{"embeddable":true,"href":"https:\/\/www.mirabel-mielles.com\/de\/wp-json\/wp\/v2\/pages\/272"}],"wp:attachment":[{"href":"https:\/\/www.mirabel-mielles.com\/de\/wp-json\/wp\/v2\/media?parent=895"}],"curies":[{"name":"WordPress","href":"https:\/\/api.w.org\/{rel}","templated":true}]}}