{"id":91,"date":"2021-12-10T14:33:25","date_gmt":"2021-12-10T13:33:25","guid":{"rendered":"https:\/\/www.campinglarenaudiere.com\/?page_id=91"},"modified":"2021-12-10T14:33:25","modified_gmt":"2021-12-10T13:33:25","slug":"sitemap","status":"publish","type":"page","link":"https:\/\/www.mirabel-mielles.com\/de\/plan-du-site","title":{"rendered":"Sitemap"},"content":{"rendered":"<h1 class=\"wp-block-heading\">Sitemap<\/h1>\n\n\n<h2>Seiten<\/h2>\t\t<article class=\"sevsitemap-entry\">\r\n\t\t\t\t\t\r\n\t\t\t<div class=\"title\">\r\n\t\t\t\t<a href=\"https:\/\/www.mirabel-mielles.com\/de\/acces-camping-saint-cast-le-guildo\">\r\n\t\t\t\t\tZugang\t\t\t\t<\/a>\r\n\t\t\t<\/div>\r\n\r\n\t\t<\/article>\r\n\t\t\t\t<article class=\"sevsitemap-entry\">\r\n\t\t\t\t\t\r\n\t\t\t<div class=\"title\">\r\n\t\t\t\t<a href=\"https:\/\/www.mirabel-mielles.com\/de\/\">\r\n\t\t\t\t\tStartseite\t\t\t\t<\/a>\r\n\t\t\t<\/div>\r\n\r\n\t\t<\/article>\r\n\t\t\t\t<article class=\"sevsitemap-entry\">\r\n\t\t\t\t\t\r\n\t\t\t<div class=\"title\">\r\n\t\t\t\t<a href=\"https:\/\/www.mirabel-mielles.com\/de\/bons-plans-actualites\">\r\n\t\t\t\t\tNachrichten\t\t\t\t<\/a>\r\n\t\t\t<\/div>\r\n\r\n\t\t<\/article>\r\n\t\t\t\t<article class=\"sevsitemap-entry\">\r\n\t\t\t\t\t\r\n\t\t\t<div class=\"title\">\r\n\t\t\t\t<a href=\"https:\/\/www.mirabel-mielles.com\/de\/activites-animations-soirees\">\r\n\t\t\t\t\tAnimationen\t\t\t\t<\/a>\r\n\t\t\t<\/div>\r\n\r\n\t\t<\/article>\r\n\t\t\t\t<article class=\"sevsitemap-entry\">\r\n\t\t\t\t\t\r\n\t\t\t<div class=\"title\">\r\n\t\t\t\t<a href=\"https:\/\/www.mirabel-mielles.com\/de\/avis-clients-mielles\">\r\n\t\t\t\t\tMeinungen\t\t\t\t<\/a>\r\n\t\t\t<\/div>\r\n\r\n\t\t<\/article>\r\n\t\t\t\t<article class=\"sevsitemap-entry\">\r\n\t\t\t\t\t\r\n\t\t\t<div class=\"title\">\r\n\t\t\t\t<a href=\"https:\/\/www.mirabel-mielles.com\/de\/cote-demeraude-bretagne\">\r\n\t\t\t\t\tSmaragdk\u00fcste\t\t\t\t<\/a>\r\n\t\t\t<\/div>\r\n\r\n\t\t<\/article>\r\n\t\t\t\t<article class=\"sevsitemap-entry\">\r\n\t\t\t\t\t\r\n\t\t\t<div class=\"title\">\r\n\t\t\t\t<a href=\"https:\/\/www.mirabel-mielles.com\/de\/camping-cotes-darmor\">\r\n\t\t\t\t\tC\u00f4tes d'Armor\t\t\t\t<\/a>\r\n\t\t\t<\/div>\r\n\r\n\t\t<\/article>\r\n\t\t\t\t<article class=\"sevsitemap-entry\">\r\n\t\t\t\t\t\r\n\t\t\t<div class=\"title\">\r\n\t\t\t\t<a href=\"https:\/\/www.mirabel-mielles.com\/de\/camping-ecoresponsable\">\r\n\t\t\t\t\tUmweltbewusster Campingplatz\t\t\t\t<\/a>\r\n\t\t\t<\/div>\r\n\r\n\t\t<\/article>\r\n\t\t\t\t<article class=\"sevsitemap-entry\">\r\n\t\t\t\t\t\r\n\t\t\t<div class=\"title\">\r\n\t\t\t\t<a href=\"https:\/\/www.mirabel-mielles.com\/de\/contact-camping-mielles\">\r\n\t\t\t\t\tKontakt\t\t\t\t<\/a>\r\n\t\t\t<\/div>\r\n\r\n\t\t<\/article>\r\n\t\t\t\t<article class=\"sevsitemap-entry\">\r\n\t\t\t\t\t\r\n\t\t\t<div class=\"title\">\r\n\t\t\t\t<a href=\"https:\/\/www.mirabel-mielles.com\/de\/declaration-de-confidentialite-ue\">\r\n\t\t\t\t\tDatenschutzerkl\u00e4rung (EU)\t\t\t\t<\/a>\r\n\t\t\t<\/div>\r\n\r\n\t\t<\/article>\r\n\t\t\t\t<article class=\"sevsitemap-entry\">\r\n\t\t\t\t\t\r\n\t\t\t<div class=\"title\">\r\n\t\t\t\t<a href=\"https:\/\/www.mirabel-mielles.com\/de\/region-destination-cap-frehel-cap-erquy\">\r\n\t\t\t\t\tEntdecken Sie das Cap d'Erquy\t\t\t\t<\/a>\r\n\t\t\t<\/div>\r\n\r\n\t\t<\/article>\r\n\t\t\t\t<article class=\"sevsitemap-entry\">\r\n\t\t\t\t\t\r\n\t\t\t<div class=\"title\">\r\n\t\t\t\t<a href=\"https:\/\/www.mirabel-mielles.com\/de\/telechargements-documents-pdf\">\r\n\t\t\t\t\tN\u00fctzliche Dokumente\t\t\t\t<\/a>\r\n\t\t\t<\/div>\r\n\r\n\t\t<\/article>\r\n\t\t\t\t<article class=\"sevsitemap-entry\">\r\n\t\t\t\t\t\r\n\t\t\t<div class=\"title\">\r\n\t\t\t\t<a href=\"https:\/\/www.mirabel-mielles.com\/de\/editorial\">\r\n\t\t\t\t\tEditorial\t\t\t\t<\/a>\r\n\t\t\t<\/div>\r\n\r\n\t\t<\/article>\r\n\t\t\t\t<article class=\"sevsitemap-entry\">\r\n\t\t\t\t\t\r\n\t\t\t<div class=\"title\">\r\n\t\t\t\t<a href=\"https:\/\/www.mirabel-mielles.com\/de\/piscine-espace-aquatique\">\r\n\t\t\t\t\tWasserpark\t\t\t\t<\/a>\r\n\t\t\t<\/div>\r\n\r\n\t\t<\/article>\r\n\t\t\t\t<article class=\"sevsitemap-entry\">\r\n\t\t\t\t\t\r\n\t\t\t<div class=\"title\">\r\n\t\t\t\t<a href=\"https:\/\/www.mirabel-mielles.com\/de\/faq-camping-bretagne\">\r\n\t\t\t\t\tFAQ\t\t\t\t<\/a>\r\n\t\t\t<\/div>\r\n\r\n\t\t<\/article>\r\n\t\t\t\t<article class=\"sevsitemap-entry\">\r\n\t\t\t\t\t\r\n\t\t\t<div class=\"title\">\r\n\t\t\t\t<a href=\"https:\/\/www.mirabel-mielles.com\/de\/photos-camping-mielles\">\r\n\t\t\t\t\tFotogalerie\t\t\t\t<\/a>\r\n\t\t\t<\/div>\r\n\r\n\t\t<\/article>\r\n\t\t\t\t<article class=\"sevsitemap-entry\">\r\n\t\t\t\t\t\r\n\t\t\t<div class=\"title\">\r\n\t\t\t\t<a href=\"https:\/\/www.mirabel-mielles.com\/de\/gestion-des-cookies\">\r\n\t\t\t\t\tVerwaltung von Cookies\t\t\t\t<\/a>\r\n\t\t\t<\/div>\r\n\r\n\t\t<\/article>\r\n\t\t\t\t<article class=\"sevsitemap-entry\">\r\n\t\t\t\t\t\r\n\t\t\t<div class=\"title\">\r\n\t\t\t\t<a href=\"https:\/\/www.mirabel-mielles.com\/de\/bonnes-adresses-liens\">\r\n\t\t\t\t\tAktivit\u00e4ten\t\t\t\t<\/a>\r\n\t\t\t<\/div>\r\n\r\n\t\t<\/article>\r\n\t\t\t\t<article class=\"sevsitemap-entry\">\r\n\t\t\t\t\t\r\n\t\t\t<div class=\"title\">\r\n\t\t\t\t<a href=\"https:\/\/www.mirabel-mielles.com\/de\/les-experiences\">\r\n\t\t\t\t\tErfahrungen\t\t\t\t<\/a>\r\n\t\t\t<\/div>\r\n\r\n\t\t<\/article>\r\n\t\t\t\t<article class=\"sevsitemap-entry\">\r\n\t\t\t\t\t\r\n\t\t\t<div class=\"title\">\r\n\t\t\t\t<a href=\"https:\/\/www.mirabel-mielles.com\/de\/les-experiences\/les-vacances-de-paques-en-camping\">\r\n\t\t\t\t\tOsterferien in der Bretagne\t\t\t\t<\/a>\r\n\t\t\t<\/div>\r\n\r\n\t\t<\/article>\r\n\t\t\t\t<article class=\"sevsitemap-entry\">\r\n\t\t\t\t\t\r\n\t\t\t<div class=\"title\">\r\n\t\t\t\t<a href=\"https:\/\/www.mirabel-mielles.com\/de\/les-experiences\/bretagne-pour-les-sportifs\">\r\n\t\t\t\t\tF\u00fcr Sportler\t\t\t\t<\/a>\r\n\t\t\t<\/div>\r\n\r\n\t\t<\/article>\r\n\t\t\t\t<article class=\"sevsitemap-entry\">\r\n\t\t\t\t\t\r\n\t\t\t<div class=\"title\">\r\n\t\t\t\t<a href=\"https:\/\/www.mirabel-mielles.com\/de\/les-experiences\/experience-saint-cast-le-guildo\">\r\n\t\t\t\t\tEin Tag in St Cast\t\t\t\t<\/a>\r\n\t\t\t<\/div>\r\n\r\n\t\t<\/article>\r\n\t\t\t\t<article class=\"sevsitemap-entry\">\r\n\t\t\t\t\t\r\n\t\t\t<div class=\"title\">\r\n\t\t\t\t<a href=\"https:\/\/www.mirabel-mielles.com\/de\/mentions-legales\">\r\n\t\t\t\t\tRechtliche Hinweise\t\t\t\t<\/a>\r\n\t\t\t<\/div>\r\n\r\n\t\t<\/article>\r\n\t\t\t\t<article class=\"sevsitemap-entry\">\r\n\t\t\t\t\t\r\n\t\t\t<div class=\"title\">\r\n\t\t\t\t<a href=\"https:\/\/www.mirabel-mielles.com\/de\/tarifs-locations-mobilhomes\">\r\n\t\t\t\t\tMobilheime\t\t\t\t<\/a>\r\n\t\t\t<\/div>\r\n\r\n\t\t<\/article>\r\n\t\t\t\t<article class=\"sevsitemap-entry\">\r\n\t\t\t\t\t\r\n\t\t\t<div class=\"title\">\r\n\t\t\t\t<a href=\"https:\/\/www.mirabel-mielles.com\/de\/nos-campings\">\r\n\t\t\t\t\tUnsere Campingpl\u00e4tze\t\t\t\t<\/a>\r\n\t\t\t<\/div>\r\n\r\n\t\t<\/article>\r\n\t\t\t\t<article class=\"sevsitemap-entry\">\r\n\t\t\t\t\t\r\n\t\t\t<div class=\"title\">\r\n\t\t\t\t<a href=\"https:\/\/www.mirabel-mielles.com\/de\/plan-du-camping\">\r\n\t\t\t\t\tPlan des Campingplatzes\t\t\t\t<\/a>\r\n\t\t\t<\/div>\r\n\r\n\t\t<\/article>\r\n\t\t\t\t<article class=\"sevsitemap-entry\">\r\n\t\t\t\t\t\r\n\t\t\t<div class=\"title\">\r\n\t\t\t\t<a href=\"https:\/\/www.mirabel-mielles.com\/de\/plan-du-site\">\r\n\t\t\t\t\tSitemap\t\t\t\t<\/a>\r\n\t\t\t<\/div>\r\n\r\n\t\t<\/article>\r\n\t\t\t\t<article class=\"sevsitemap-entry\">\r\n\t\t\t\t\t\r\n\t\t\t<div class=\"title\">\r\n\t\t\t\t<a href=\"https:\/\/www.mirabel-mielles.com\/de\/politique-de-cookies-ue\">\r\n\t\t\t\t\tCookie-Richtlinie (EU)\t\t\t\t<\/a>\r\n\t\t\t<\/div>\r\n\r\n\t\t<\/article>\r\n\t\t\t\t<article class=\"sevsitemap-entry\">\r\n\t\t\t\t\t\r\n\t\t\t<div class=\"title\">\r\n\t\t\t\t<a href=\"https:\/\/www.mirabel-mielles.com\/de\/saint-malo\">\r\n\t\t\t\t\tSaint Malo\t\t\t\t<\/a>\r\n\t\t\t<\/div>\r\n\r\n\t\t<\/article>\r\n\t\t\t\t<article class=\"sevsitemap-entry\">\r\n\t\t\t\t\t\r\n\t\t\t<div class=\"title\">\r\n\t\t\t\t<a href=\"https:\/\/www.mirabel-mielles.com\/de\/saint-cast-le-guildo\">\r\n\t\t\t\t\tSaint-Cast-le-Guildo\t\t\t\t<\/a>\r\n\t\t\t<\/div>\r\n\r\n\t\t<\/article>\r\n\t\t\t\t<article class=\"sevsitemap-entry\">\r\n\t\t\t\t\t\r\n\t\t\t<div class=\"title\">\r\n\t\t\t\t<a href=\"https:\/\/www.mirabel-mielles.com\/de\/services-camping\">\r\n\t\t\t\t\tDienste\t\t\t\t<\/a>\r\n\t\t\t<\/div>\r\n\r\n\t\t<\/article>\r\n\t\t\t\t<article class=\"sevsitemap-entry\">\r\n\t\t\t\t\t\r\n\t\t\t<div class=\"title\">\r\n\t\t\t\t<a href=\"https:\/\/www.mirabel-mielles.com\/de\/restaurant-bar-snack\">\r\n\t\t\t\t\tSnack Bar\t\t\t\t<\/a>\r\n\t\t\t<\/div>\r\n\r\n\t\t<\/article>\r\n\t\t\t\t<article class=\"sevsitemap-entry\">\r\n\t\t\t\t\t\r\n\t\t\t<div class=\"title\">\r\n\t\t\t\t<a href=\"https:\/\/www.mirabel-mielles.com\/de\/activites-sports-loisirs\">\r\n\t\t\t\t\tSport und Freizeit\t\t\t\t<\/a>\r\n\t\t\t<\/div>\r\n\r\n\t\t<\/article>\r\n\t\t\t\t<article class=\"sevsitemap-entry\">\r\n\t\t\t\t\t\r\n\t\t\t<div class=\"title\">\r\n\t\t\t\t<a href=\"https:\/\/www.mirabel-mielles.com\/de\/vente-mobil-homes\">\r\n\t\t\t\t\tVerkauf von neuen und gebrauchten Mobilheimen\t\t\t\t<\/a>\r\n\t\t\t<\/div>\r\n\r\n\t\t<\/article>\r\n\t\t\t\t<article class=\"sevsitemap-entry\">\r\n\t\t\t\t\t\r\n\t\t\t<div class=\"title\">\r\n\t\t\t\t<a href=\"https:\/\/www.mirabel-mielles.com\/de\/les-videos-du-camping-les-mielles\">\r\n\t\t\t\t\tVideos vom Campingplatz\t\t\t\t<\/a>\r\n\t\t\t<\/div>\r\n\r\n\t\t<\/article>\r\n\t\t\t\t<article class=\"sevsitemap-entry\">\r\n\t\t\t\t\t\r\n\t\t\t<div class=\"title\">\r\n\t\t\t\t<a href=\"https:\/\/www.mirabel-mielles.com\/de\/residence-secondaire-bretagne\">\r\n\t\t\t\t\tIhr Zweitwohnsitz\t\t\t\t<\/a>\r\n\t\t\t<\/div>\r\n\r\n\t\t<\/article>\r\n\t\t<h2>Nachrichten<\/h2>\t\t<article class=\"sevsitemap-entry\">\r\n\t\t\t\t\t\r\n\t\t\t<div class=\"title\">\r\n\t\t\t\t<time>25\/03\/2026<\/time> - \r\n\t\t\t\t<a href=\"https:\/\/www.mirabel-mielles.com\/de\/programme-des-vacances-de-paques\">\r\n\t\t\t\t\tAktivit\u00e4ten Aprilferien in der Bretagne\t\t\t\t<\/a>\r\n\t\t\t<\/div>\r\n\r\n\t\t<\/article>\r\n\t\t\t\t<article class=\"sevsitemap-entry\">\r\n\t\t\t\t\t\r\n\t\t\t<div class=\"title\">\r\n\t\t\t\t<time>19\/01\/2026<\/time> - \r\n\t\t\t\t<a href=\"https:\/\/www.mirabel-mielles.com\/de\/early-booking-vos-prochaines-vacances-a-prix-reduit\">\r\n\t\t\t\t\tCampingplatzreservierung 2026: Ihr n\u00e4chster Urlaub in der Bretagne\t\t\t\t<\/a>\r\n\t\t\t<\/div>\r\n\r\n\t\t<\/article>\r\n\t\t\t\t<article class=\"sevsitemap-entry\">\r\n\t\t\t\t\t\r\n\t\t\t<div class=\"title\">\r\n\t\t\t\t<time>13\/01\/2026<\/time> - \r\n\t\t\t\t<a href=\"https:\/\/www.mirabel-mielles.com\/de\/a-la-recherche-de-nos-futurs-talents-2023\">\r\n\t\t\t\t\tSaisonale Jobs 2026 auf dem Campingplatz in Saint-Cast\t\t\t\t<\/a>\r\n\t\t\t<\/div>\r\n\r\n\t\t<\/article>\r\n\t\t\t\t<article class=\"sevsitemap-entry\">\r\n\t\t\t\t\t\r\n\t\t\t<div class=\"title\">\r\n\t\t\t\t<time>01\/10\/2025<\/time> - \r\n\t\t\t\t<a href=\"https:\/\/www.mirabel-mielles.com\/de\/les-vacances-de-la-toussaint-au-camping-a-saint-cast-le-guildo\">\r\n\t\t\t\t\tAllerheiligenferien auf dem Campingplatz in Saint-Cast-le-Guildo.\t\t\t\t<\/a>\r\n\t\t\t<\/div>\r\n\r\n\t\t<\/article>\r\n\t\t\t\t<article class=\"sevsitemap-entry\">\r\n\t\t\t\t\t\r\n\t\t\t<div class=\"title\">\r\n\t\t\t\t<time>27\/06\/2025<\/time> - \r\n\t\t\t\t<a href=\"https:\/\/www.mirabel-mielles.com\/de\/camping-animations\">\r\n\t\t\t\t\tBeginn der Sommeranimation auf dem Campingplatz!\t\t\t\t<\/a>\r\n\t\t\t<\/div>\r\n\r\n\t\t<\/article>\r\n\t\t\t\t<article class=\"sevsitemap-entry\">\r\n\t\t\t\t\t\r\n\t\t\t<div class=\"title\">\r\n\t\t\t\t<time>12\/06\/2025<\/time> - \r\n\t\t\t\t<a href=\"https:\/\/www.mirabel-mielles.com\/de\/food-truck-au-camping\">\r\n\t\t\t\t\tFood-Truck auf dem Campingplatz\t\t\t\t<\/a>\r\n\t\t\t<\/div>\r\n\r\n\t\t<\/article>\r\n\t\t\t\t<article class=\"sevsitemap-entry\">\r\n\t\t\t\t\t\r\n\t\t\t<div class=\"title\">\r\n\t\t\t\t<time>27\/09\/2024<\/time> - \r\n\t\t\t\t<a href=\"https:\/\/www.mirabel-mielles.com\/de\/offre-speciale-octobre-2024-a-saint-cast-le-guildo\">\r\n\t\t\t\t\tSonderangebot Oktober 2024 in Saint-Cast-le-Guildo.\t\t\t\t<\/a>\r\n\t\t\t<\/div>\r\n\r\n\t\t<\/article>\r\n\t\t\t\t<article class=\"sevsitemap-entry\">\r\n\t\t\t\t\t\r\n\t\t\t<div class=\"title\">\r\n\t\t\t\t<time>21\/05\/2024<\/time> - \r\n\t\t\t\t<a href=\"https:\/\/www.mirabel-mielles.com\/de\/cadeau-special-pour-les-mamans\">\r\n\t\t\t\t\tBesonderes Geschenk f\u00fcr V\u00e4ter und M\u00fctter\t\t\t\t<\/a>\r\n\t\t\t<\/div>\r\n\r\n\t\t<\/article>\r\n\t\t\t\t<article class=\"sevsitemap-entry\">\r\n\t\t\t\t\t\r\n\t\t\t<div class=\"title\">\r\n\t\t\t\t<time>17\/07\/2023<\/time> - \r\n\t\t\t\t<a href=\"https:\/\/www.mirabel-mielles.com\/de\/les-defis-inter-camping-mirabel-de-lete-2023-au-camping-les-mielles\">\r\n\t\t\t\t\tMirabel Inter-Camping-Herausforderungen im Sommer 2023 auf dem Campingplatz Les Mielles\t\t\t\t<\/a>\r\n\t\t\t<\/div>\r\n\r\n\t\t<\/article>\r\n\t\t\t\t<article class=\"sevsitemap-entry\">\r\n\t\t\t\t\t\r\n\t\t\t<div class=\"title\">\r\n\t\t\t\t<time>19\/05\/2023<\/time> - \r\n\t\t\t\t<a href=\"https:\/\/www.mirabel-mielles.com\/de\/programme-week-end-de-pentecote-a-saint-cast-le-guildo\">\r\n\t\t\t\t\tProgramm Pfingstwochenende in Saint-Cast-le-Guildo\t\t\t\t<\/a>\r\n\t\t\t<\/div>\r\n\r\n\t\t<\/article>\r\n\t\t\t\t<article class=\"sevsitemap-entry\">\r\n\t\t\t\t\t\r\n\t\t\t<div class=\"title\">\r\n\t\t\t\t<time>21\/04\/2023<\/time> - \r\n\t\t\t\t<a href=\"https:\/\/www.mirabel-mielles.com\/de\/reouverture-de-nos-campings-mirabel-2-etoiles-a-saint-cast-le-guildo\">\r\n\t\t\t\t\tWiederer\u00f6ffnung unserer 2-Sterne-Campingpl\u00e4tze Mirabel in Saint-Cast-le-Guildo\t\t\t\t<\/a>\r\n\t\t\t<\/div>\r\n\r\n\t\t<\/article>\r\n\t\t\t\t<article class=\"sevsitemap-entry\">\r\n\t\t\t\t\t\r\n\t\t\t<div class=\"title\">\r\n\t\t\t\t<time>04\/04\/2023<\/time> - \r\n\t\t\t\t<a href=\"https:\/\/www.mirabel-mielles.com\/de\/les-week-ends-rallonge-du-printemps-a-saint-cast-le-guildo\">\r\n\t\t\t\t\tDie verl\u00e4ngerten Wochenenden des Fr\u00fchlings in Saint-Cast-le-Guildo\t\t\t\t<\/a>\r\n\t\t\t<\/div>\r\n\r\n\t\t<\/article>\r\n\t\t\t\t<article class=\"sevsitemap-entry\">\r\n\t\t\t\t\t\r\n\t\t\t<div class=\"title\">\r\n\t\t\t\t<time>24\/03\/2023<\/time> - \r\n\t\t\t\t<a href=\"https:\/\/www.mirabel-mielles.com\/de\/reouverture-a-la-location\">\r\n\t\t\t\t\tWiederer\u00f6ffnung zur Vermietung\t\t\t\t<\/a>\r\n\t\t\t<\/div>\r\n\r\n\t\t<\/article>\r\n\t\t\t\t<article class=\"sevsitemap-entry\">\r\n\t\t\t\t\t\r\n\t\t\t<div class=\"title\">\r\n\t\t\t\t<time>08\/03\/2023<\/time> - \r\n\t\t\t\t<a href=\"https:\/\/www.mirabel-mielles.com\/de\/j-7-avant-la-reouverture\">\r\n\t\t\t\t\tJ-7 vor der Wiederer\u00f6ffnung f\u00fcr unsere Bewohner!\t\t\t\t<\/a>\r\n\t\t\t<\/div>\r\n\r\n\t\t<\/article>\r\n\t\t\t\t<article class=\"sevsitemap-entry\">\r\n\t\t\t\t\t\r\n\t\t\t<div class=\"title\">\r\n\t\t\t\t<time>17\/11\/2022<\/time> - \r\n\t\t\t\t<a href=\"https:\/\/www.mirabel-mielles.com\/de\/a-lannee-prochaine\">\r\n\t\t\t\t\tBis zum n\u00e4chsten Jahr!\t\t\t\t<\/a>\r\n\t\t\t<\/div>\r\n\r\n\t\t<\/article>\r\n\t\t\t\t<article class=\"sevsitemap-entry\">\r\n\t\t\t\t\t\r\n\t\t\t<div class=\"title\">\r\n\t\t\t\t<time>27\/09\/2022<\/time> - \r\n\t\t\t\t<a href=\"https:\/\/www.mirabel-mielles.com\/de\/actu-camping-mielles\">\r\n\t\t\t\t\tWir stellen auf dem Campingplatz ein\t\t\t\t<\/a>\r\n\t\t\t<\/div>\r\n\r\n\t\t<\/article>\r\n\t\t\t\t<article class=\"sevsitemap-entry\">\r\n\t\t\t\t\t\r\n\t\t\t<div class=\"title\">\r\n\t\t\t\t<time>27\/09\/2022<\/time> - \r\n\t\t\t\t<a href=\"https:\/\/www.mirabel-mielles.com\/de\/grand-concours-de-deguisement-mirabel-2022\">\r\n\t\t\t\t\tGro\u00dfer Verkleidungswettbewerb Mirabel 2022\t\t\t\t<\/a>\r\n\t\t\t<\/div>\r\n\r\n\t\t<\/article>\r\n\t\t\t\t<article class=\"sevsitemap-entry\">\r\n\t\t\t\t\t\r\n\t\t\t<div class=\"title\">\r\n\t\t\t\t<time>14\/09\/2022<\/time> - \r\n\t\t\t\t<a href=\"https:\/\/www.mirabel-mielles.com\/de\/defi-inter-camping\">\r\n\t\t\t\t\tIntercamping-Herausforderung!\t\t\t\t<\/a>\r\n\t\t\t<\/div>\r\n\r\n\t\t<\/article>\r\n\t\t<h2>Unterk\u00fcnfte<\/h2>\t\t<article class=\"sevsitemap-entry\">\r\n\t\t\t\r\n\t\t\t<div class=\"title\">\r\n\t\t\t\t<a href=\"https:\/\/www.mirabel-mielles.com\/de\/hebergement\/mobil-home-3-chambres\">\r\n\t\t\t\t\tMobilheim 3 Zimmer\t\t\t\t<\/a>\r\n\t\t\t<\/div>\r\n\r\n\t\t<\/article>\r\n\t\t\t\t<article class=\"sevsitemap-entry\">\r\n\t\t\t\r\n\t\t\t<div class=\"title\">\r\n\t\t\t\t<a href=\"https:\/\/www.mirabel-mielles.com\/de\/hebergement\/mobil-home-2-chambres\">\r\n\t\t\t\t\tMobilheim 2 Zimmer\t\t\t\t<\/a>\r\n\t\t\t<\/div>\r\n\r\n\t\t<\/article>\r\n\t\t\t\t<article class=\"sevsitemap-entry\">\r\n\t\t\t\r\n\t\t\t<div class=\"title\">\r\n\t\t\t\t<a href=\"https:\/\/www.mirabel-mielles.com\/de\/hebergement\/mobil-home-1-chambre\">\r\n\t\t\t\t\tMobilheim 1 Zimmer\t\t\t\t<\/a>\r\n\t\t\t<\/div>\r\n\r\n\t\t<\/article>\r\n\t\t\t\t<article class=\"sevsitemap-entry\">\r\n\t\t\t\r\n\t\t\t<div class=\"title\">\r\n\t\t\t\t<a href=\"https:\/\/www.mirabel-mielles.com\/de\/hebergement\/mobil-home-pmr\">\r\n\t\t\t\t\tMobilheim 2 Zimmer Raum XXL\t\t\t\t<\/a>\r\n\t\t\t<\/div>\r\n\r\n\t\t<\/article>\r\n\t\t<h2>Aktuelle Eintr\u00e4ge<\/h2>\t\t<article class=\"sevsitemap-entry\">\r\n\t\t\t\r\n\t\t\t<div class=\"title\">\r\n\t\t\t\t<a href=\"https:\/\/www.mirabel-mielles.com\/de\/editorial\/camping-ouvert-en-octobre-saint-cast-le-guildo\">\r\n\t\t\t\t\tCampingplatz im Oktober ge\u00f6ffnet Saint-Cast-le-Guildo\t\t\t\t<\/a>\r\n\t\t\t<\/div>\r\n\r\n\t\t<\/article>\r\n\t\t\t\t<article class=\"sevsitemap-entry\">\r\n\t\t\t\r\n\t\t\t<div class=\"title\">\r\n\t\t\t\t<a href=\"https:\/\/www.mirabel-mielles.com\/de\/editorial\/camping-bord-de-mer-cote-demeraude\">\r\n\t\t\t\t\tCampingplatz am Meer C\u00f4te d'Emeraude\t\t\t\t<\/a>\r\n\t\t\t<\/div>\r\n\r\n\t\t<\/article>\r\n\t\t\t\t<article class=\"sevsitemap-entry\">\r\n\t\t\t\r\n\t\t\t<div class=\"title\">\r\n\t\t\t\t<a href=\"https:\/\/www.mirabel-mielles.com\/de\/editorial\/stage-voile-proche-camping-saint-cast-le-guildo\">\r\n\t\t\t\t\tSegelkurs in der N\u00e4he des Campingplatzes Saint Cast le Guildo\t\t\t\t<\/a>\r\n\t\t\t<\/div>\r\n\r\n\t\t<\/article>\r\n\t\t\t\t<article class=\"sevsitemap-entry\">\r\n\t\t\t\r\n\t\t\t<div class=\"title\">\r\n\t\t\t\t<a href=\"https:\/\/www.mirabel-mielles.com\/de\/editorial\/location-mobil-home-piscine-saint-lunaire\">\r\n\t\t\t\t\tMobilheim mieten Schwimmbad Saint Lunaire\t\t\t\t<\/a>\r\n\t\t\t<\/div>\r\n\r\n\t\t<\/article>\r\n\t\t\t\t<article class=\"sevsitemap-entry\">\r\n\t\t\t\r\n\t\t\t<div class=\"title\">\r\n\t\t\t\t<a href=\"https:\/\/www.mirabel-mielles.com\/de\/editorial\/camping-4-etoiles-proche-mont-saint-michel\">\r\n\t\t\t\t\t4-Sterne-Campingplatz in der N\u00e4he des Mont Saint Michel\t\t\t\t<\/a>\r\n\t\t\t<\/div>\r\n\r\n\t\t<\/article>\r\n\t\t\t\t<article class=\"sevsitemap-entry\">\r\n\t\t\t\r\n\t\t\t<div class=\"title\">\r\n\t\t\t\t<a href=\"https:\/\/www.mirabel-mielles.com\/de\/editorial\/camping-avec-piscine-chauffee-22\">\r\n\t\t\t\t\tCampingplatz mit beheiztem Pool 22\t\t\t\t<\/a>\r\n\t\t\t<\/div>\r\n\r\n\t\t<\/article>\r\n\t\t\t\t<article class=\"sevsitemap-entry\">\r\n\t\t\t\r\n\t\t\t<div class=\"title\">\r\n\t\t\t\t<a href=\"https:\/\/www.mirabel-mielles.com\/de\/editorial\/camping-bord-de-mer-proche-cap-frehel\">\r\n\t\t\t\t\tCampingplatz am Meer in der N\u00e4he von Cap Fr\u00e9hel\t\t\t\t<\/a>\r\n\t\t\t<\/div>\r\n\r\n\t\t<\/article>\r\n\t\t\t\t<article class=\"sevsitemap-entry\">\r\n\t\t\t\r\n\t\t\t<div class=\"title\">\r\n\t\t\t\t<a href=\"https:\/\/www.mirabel-mielles.com\/de\/editorial\/camping-4-etoiles-bretagne\">\r\n\t\t\t\t\t4-Sterne-Campingplatz Bretagne\t\t\t\t<\/a>\r\n\t\t\t<\/div>\r\n\r\n\t\t<\/article>\r\n\t\t\t\t<article class=\"sevsitemap-entry\">\r\n\t\t\t\r\n\t\t\t<div class=\"title\">\r\n\t\t\t\t<a href=\"https:\/\/www.mirabel-mielles.com\/de\/editorial\/location-vacances-saint-cast-le-guildo\">\r\n\t\t\t\t\tFerienhaus Saint Cast le Guildo\t\t\t\t<\/a>\r\n\t\t\t<\/div>\r\n\r\n\t\t<\/article>\r\n\t\t\t\t<article class=\"sevsitemap-entry\">\r\n\t\t\t\r\n\t\t\t<div class=\"title\">\r\n\t\t\t\t<a href=\"https:\/\/www.mirabel-mielles.com\/de\/editorial\/camping-proche-cap-frehel\">\r\n\t\t\t\t\tCampingplatz in der N\u00e4he von Cap Fr\u00e9hel\u00a0\t\t\t\t<\/a>\r\n\t\t\t<\/div>\r\n\r\n\t\t<\/article>\r\n\t\t\t\t<article class=\"sevsitemap-entry\">\r\n\t\t\t\r\n\t\t\t<div class=\"title\">\r\n\t\t\t\t<a href=\"https:\/\/www.mirabel-mielles.com\/de\/editorial\/location-mobil-home-cotes-darmor\">\r\n\t\t\t\t\tMobilheimvermietung Cotes d'Armor\t\t\t\t<\/a>\r\n\t\t\t<\/div>\r\n\r\n\t\t<\/article>\r\n\t\t\t\t<article class=\"sevsitemap-entry\">\r\n\t\t\t\r\n\t\t\t<div class=\"title\">\r\n\t\t\t\t<a href=\"https:\/\/www.mirabel-mielles.com\/de\/editorial\/location-mobil-home-saint-cast-le-guildo\">\r\n\t\t\t\t\tMobilheimvermietung Saint Cast le Guildo\t\t\t\t<\/a>\r\n\t\t\t<\/div>\r\n\r\n\t\t<\/article>\r\n\t\t\t\t<article class=\"sevsitemap-entry\">\r\n\t\t\t\r\n\t\t\t<div class=\"title\">\r\n\t\t\t\t<a href=\"https:\/\/www.mirabel-mielles.com\/de\/editorial\/camping-avec-piscine-saint-cast-le-guildo\">\r\n\t\t\t\t\tCampingplatz mit Schwimmbad in Saint Cast le Guildo\t\t\t\t<\/a>\r\n\t\t\t<\/div>\r\n\r\n\t\t<\/article>\r\n\t\t\t\t<article class=\"sevsitemap-entry\">\r\n\t\t\t\r\n\t\t\t<div class=\"title\">\r\n\t\t\t\t<a href=\"https:\/\/www.mirabel-mielles.com\/de\/editorial\/camping-proche-saint-malo\">\r\n\t\t\t\t\tCampingplatz in der N\u00e4he von Saint Malo\t\t\t\t<\/a>\r\n\t\t\t<\/div>\r\n\r\n\t\t<\/article>\r\n\t\t\t\t<article class=\"sevsitemap-entry\">\r\n\t\t\t\r\n\t\t\t<div class=\"title\">\r\n\t\t\t\t<a href=\"https:\/\/www.mirabel-mielles.com\/de\/editorial\/camping-ideal-famille-saint-cast-le-guildo\">\r\n\t\t\t\t\tIdealer Campingplatz f\u00fcr Familien in Saint Cast le Guildo\t\t\t\t<\/a>\r\n\t\t\t<\/div>\r\n\r\n\t\t<\/article>\r\n\t\t\t\t<article class=\"sevsitemap-entry\">\r\n\t\t\t\r\n\t\t\t<div class=\"title\">\r\n\t\t\t\t<a href=\"https:\/\/www.mirabel-mielles.com\/de\/editorial\/camping-saint-cast-le-guildo-bord-de-mer\">\r\n\t\t\t\t\tCampingplatz in Saint Cast le Guildo am Meer\t\t\t\t<\/a>\r\n\t\t\t<\/div>\r\n\r\n\t\t<\/article>\r\n\t\t\t\t<article class=\"sevsitemap-entry\">\r\n\t\t\t\r\n\t\t\t<div class=\"title\">\r\n\t\t\t\t<a href=\"https:\/\/www.mirabel-mielles.com\/de\/editorial\/camping-proche-plage-saint-cast-le-guildo\">\r\n\t\t\t\t\tCampingplatz in Strandn\u00e4he Saint-Cast-le-Guildo\t\t\t\t<\/a>\r\n\t\t\t<\/div>\r\n\r\n\t\t<\/article>\r\n\t\t\t\t<article class=\"sevsitemap-entry\">\r\n\t\t\t\r\n\t\t\t<div class=\"title\">\r\n\t\t\t\t<a href=\"https:\/\/www.mirabel-mielles.com\/de\/editorial\/camping-saint-cast-le-guildo\">\r\n\t\t\t\t\tCampingplatz Saint Cast le Guildo\t\t\t\t<\/a>\r\n\t\t\t<\/div>\r\n\r\n\t\t<\/article>","protected":false},"excerpt":{"rendered":"<p>Sitemap<\/p>","protected":false},"author":1,"featured_media":0,"parent":0,"menu_order":0,"comment_status":"closed","ping_status":"closed","template":"","meta":{"_seopress_robots_primary_cat":"","_seopress_titles_title":"","_seopress_titles_desc":"","_seopress_robots_index":"","footnotes":""},"class_list":["post-91","page","type-page","status-publish","hentry"],"_links":{"self":[{"href":"https:\/\/www.mirabel-mielles.com\/de\/wp-json\/wp\/v2\/pages\/91","targetHints":{"allow":["GET"]}}],"collection":[{"href":"https:\/\/www.mirabel-mielles.com\/de\/wp-json\/wp\/v2\/pages"}],"about":[{"href":"https:\/\/www.mirabel-mielles.com\/de\/wp-json\/wp\/v2\/types\/page"}],"author":[{"embeddable":true,"href":"https:\/\/www.mirabel-mielles.com\/de\/wp-json\/wp\/v2\/users\/1"}],"replies":[{"embeddable":true,"href":"https:\/\/www.mirabel-mielles.com\/de\/wp-json\/wp\/v2\/comments?post=91"}],"version-history":[{"count":1,"href":"https:\/\/www.mirabel-mielles.com\/de\/wp-json\/wp\/v2\/pages\/91\/revisions"}],"predecessor-version":[{"id":6323,"href":"https:\/\/www.mirabel-mielles.com\/de\/wp-json\/wp\/v2\/pages\/91\/revisions\/6323"}],"wp:attachment":[{"href":"https:\/\/www.mirabel-mielles.com\/de\/wp-json\/wp\/v2\/media?parent=91"}],"curies":[{"name":"WordPress","href":"https:\/\/api.w.org\/{rel}","templated":true}]}}