{"id":9459,"date":"2024-03-08T15:15:40","date_gmt":"2024-03-08T14:15:40","guid":{"rendered":"https:\/\/www.mirabel-mielles.com\/?page_id=9459"},"modified":"2025-02-06T15:07:09","modified_gmt":"2025-02-06T14:07:09","slug":"die-osterferien-auf-dem-campingplatz","status":"publish","type":"page","link":"https:\/\/www.mirabel-mielles.com\/de\/les-experiences\/les-vacances-de-paques-en-camping","title":{"rendered":"Osterferien in der Bretagne"},"content":{"rendered":"<h1 class=\"wp-block-heading\">Osterferien in der Bretagne<\/h1>\n\n\n\n<h2 class=\"wp-block-heading has-text-align-center\">Genie\u00dfen Sie in den Aprilferien einen Familienurlaub am Meer in Saint-Cast-le-Guildo. Unser 4-Sterne-Campingplatz Les Mielles ist w\u00e4hrend der Osterferien ge\u00f6ffnet und liegt nur 250 m vom Meer entfernt. Zahlreiche Dienstleistungen stehen Ihnen vor Ort zur Verf\u00fcgung, ebenso wie qualitativ hochwertige und komfortable Unterk\u00fcnfte f\u00fcr Ihre <strong>Familienurlaub in der Bretagne.<\/strong><\/h2>\n\n\n\n<figure class=\"wp-block-image aligncenter size-full\"><img loading=\"lazy\" decoding=\"async\" width=\"50\" height=\"8\" src=\"https:\/\/www.mirabel-mielles.com\/wp-content\/uploads\/2022\/09\/barre-bleue.png\" alt=\"\" class=\"wp-image-5969\"\/><\/figure>\n\n\n\n<div class=\"wp-block-media-text is-stacked-on-mobile\"><figure class=\"wp-block-media-text__media\"><img loading=\"lazy\" decoding=\"async\" width=\"600\" height=\"400\" src=\"https:\/\/www.mirabel-mielles.com\/wp-content\/uploads\/2024\/03\/st-cast-le-guildo-centre-ville.jpg\" alt=\"Der Badeort Saint Cast le Guildo zu Ostern\" class=\"wp-image-9467 size-full\" srcset=\"https:\/\/www.mirabel-mielles.com\/wp-content\/uploads\/2024\/03\/st-cast-le-guildo-centre-ville.jpg 600w, https:\/\/www.mirabel-mielles.com\/wp-content\/uploads\/2024\/03\/st-cast-le-guildo-centre-ville-300x200.jpg 300w\" sizes=\"auto, (max-width: 600px) 100vw, 600px\" \/><\/figure><div class=\"wp-block-media-text__content\">\n<h2 class=\"wp-block-heading\"><strong><strong>Wo kann man in den Aprilferien in der Bretagne verreisen?<\/strong><\/strong><\/h2>\n\n\n\n<p>Ahhh der Fr\u00fchling... die Tage werden l\u00e4nger, die ersten Sonnenstrahlen w\u00e4rmen uns, wir k\u00f6nnen es schon kaum erwarten! Die C\u00f4tes d'Armor sind ein ideales Reiseziel f\u00fcr <strong>Osterferien mit der Familie<\/strong> und zwar genauer gesagt in Saint-Cast-le-Guildo. Dieser kleine Badeort, der zwischen Saint-Malo und Saint-Brieuc liegt, ist daf\u00fcr bekannt, dass er eine <strong>echtes Familienziel<\/strong> <strong>in der Bretagne<\/strong> und ein Muss f\u00fcr <strong>Wanderliebhaber<\/strong>. Ob Sie sich f\u00fcr eine Reise zu zweit, mit Freunden oder mit den Kindern entscheiden, in Saint-Cast werden Sie dank der zahlreichen Aktivit\u00e4ten, die Sie mit Ihrer Familie unternehmen k\u00f6nnen, garantiert Ihr Gl\u00fcck finden. Zahlreiche Str\u00e4nde und Buchten s\u00e4umen den Ort. Dort k\u00f6nnen Sie verschiedene Aktivit\u00e4ten wie Angeln, Strandsegeln, Windsurfen, Paddeln oder Tauchen aus\u00fcben.<\/p>\n<\/div><\/div>\n\n\n\n<p><\/p>\n\n\n\n<div class=\"wp-block-media-text has-media-on-the-right is-stacked-on-mobile animate right front-page-section grey\"><div class=\"wp-block-media-text__content\">\n<h3 class=\"wp-block-heading\"><strong><strong>Familienaktivit\u00e4ten in den Osterferien?<\/strong><\/strong><\/h3>\n\n\n\n<p>Wenn Sie sich entschieden haben, ein paar Tage oder eine Woche in den <strong>Osterferien in der Bretagne<\/strong>, In Guild Casto gibt es viele M\u00f6glichkeiten f\u00fcr Aktivit\u00e4ten. Wenn Sie lieber in der Natur unterwegs sind, sollten Sie den GR34 nehmen, der in allen Ecken von Saint Cast le Guildo zug\u00e4nglich ist und Sie an der K\u00fcste entlangf\u00fchrt, um die Augen vollends zu genie\u00dfen. In der Nebensaison werden Sie nur wenige Wanderer antreffen, sodass Sie auf Ihren Spazierg\u00e4ngen Ruhe und Entspannung finden werden.<\/p>\n\n\n\n<p>F\u00fcr Liebhaber von Sensationen und<strong> Wassersport<\/strong>, In St Cast gibt es einen Wassersportclub, der Kajak- und Katamaranfahrten, Stand-up-Paddling und vieles mehr anbietet. ....<\/p>\n\n\n\n<p><strong>Aktivit\u00e4ten f\u00fcr die ganze Familie<\/strong> sind in der N\u00e4he Ihres Campingplatzes m\u00f6glich, siehe unten die Liste der Orte, die im April ge\u00f6ffnet sind.<\/p>\n\n\n\n<p>Weitere Ideen f\u00fcr Ausfl\u00fcge finden Sie unter <strong>das Fremdenverkehrsamt von Saint-Cast-le-Guildo<\/strong> oder auf <a href=\"https:\/\/www.mirabel-mielles.com\/wp-admin\/post.php?post=8173&amp;action=edit\" target=\"_blank\" rel=\"noreferrer noopener\">unsere eigene Seite<\/a>.<\/p>\n\n\n\n<p><\/p>\n<\/div><figure class=\"wp-block-media-text__media\"><img loading=\"lazy\" decoding=\"async\" width=\"600\" height=\"400\" src=\"https:\/\/www.mirabel-mielles.com\/wp-content\/uploads\/2024\/03\/web-plage-st-cast.jpg\" alt=\"wassersportliche aktivit\u00e4ten im fr\u00fchling in st cast le guildo plage\" class=\"wp-image-9464 size-full\" srcset=\"https:\/\/www.mirabel-mielles.com\/wp-content\/uploads\/2024\/03\/web-plage-st-cast.jpg 600w, https:\/\/www.mirabel-mielles.com\/wp-content\/uploads\/2024\/03\/web-plage-st-cast-300x200.jpg 300w\" sizes=\"auto, (max-width: 600px) 100vw, 600px\" \/><\/figure><\/div>\n\n\n\n<p><\/p>\n\n\n\n<div class=\"wp-block-media-text is-stacked-on-mobile\"><figure class=\"wp-block-media-text__media\"><img loading=\"lazy\" decoding=\"async\" width=\"1024\" height=\"768\" src=\"https:\/\/www.mirabel-mielles.com\/wp-content\/uploads\/2022\/09\/trampoline-enfant-1024x768.jpg\" alt=\"trampolin camping kinderspielplatz\" class=\"wp-image-6072 size-full\" srcset=\"https:\/\/www.mirabel-mielles.com\/wp-content\/uploads\/2022\/09\/trampoline-enfant-1024x768.jpg 1024w, https:\/\/www.mirabel-mielles.com\/wp-content\/uploads\/2022\/09\/trampoline-enfant-300x225.jpg 300w, https:\/\/www.mirabel-mielles.com\/wp-content\/uploads\/2022\/09\/trampoline-enfant-768x576.jpg 768w, https:\/\/www.mirabel-mielles.com\/wp-content\/uploads\/2022\/09\/trampoline-enfant.jpg 1200w\" sizes=\"auto, (max-width: 1024px) 100vw, 1024px\" \/><\/figure><div class=\"wp-block-media-text__content\">\n<h3 class=\"wp-block-heading\"><strong>Unser Campingplatz in der Bretagne im April er\u00f6ffnet<\/strong><\/h3>\n\n\n\n<p>F\u00fcr die <strong>Osterferien<\/strong>, mieten Sie einen <a href=\"https:\/\/www.mirabel-mielles.com\/de\/tarife-fur-die-vermietung-von-mobilheimen\/\" target=\"_blank\" rel=\"noreferrer noopener\">Mobilheim mit allem Komfort<\/a> f\u00fcr eine Woche totales Abschalten in der Bretagne in der N\u00e4he des Meeres. Auf dem Campingplatz Mirabel Les Mielles k\u00f6nnen Sie schlafen in <strong>Bungalows mit 1 bis 3 Schlafzimmern<\/strong> alle in letzter Zeit. Wenn die Sonne wieder scheint, machen Sie es sich auf der halb\u00fcberdachten Terrasse Ihres Mobilheims gem\u00fctlich und genie\u00dfen Sie Ihr Fr\u00fchst\u00fcck oder einen kleinen Aperitif mit Freunden nach einem sch\u00f6nen Spaziergang am Meer entlang. <\/p>\n\n\n\n<p>Vor Ort k\u00f6nnen sich die Kinder auf dem sicheren Spielplatz oder in der \u00fcberdachten Halle vergn\u00fcgen, w\u00e4hrend die Gr\u00f6\u00dferen auf unseren Boulodromes eine Partie P\u00e9tanque spielen k\u00f6nnen. Ein Volleyballnetz steht Ihnen ebenfalls zur Verf\u00fcgung, und ein Des <strong>Aprilferien auf dem Campingplatz<\/strong> erfolgreich in den C\u00f4tes d'Armor.<\/p>\n<\/div><\/div>\n\n\n\n<p><\/p>\n\n\n\n<div class=\"wp-block-group alignwide border border-info card is-layout-constrained wp-block-group-is-layout-constrained\">\n<p class=\"has-text-align-center\"><strong>Freizeitanlagen, die im April ge\u00f6ffnet sind<\/strong><\/p>\n\n\n\n<ul class=\"wp-block-list\">\n<li>Kap Frehel und sein Leuchtturm <\/li>\n\n\n\n<li>Le Fort La Latte von 10:30 bis 18:00 Uhr <\/li>\n\n\n\n<li>Ch\u00e2teau de la Hunaudaye von 14:30 bis 18:00 Uhr - Pl\u00e9d\u00e9liac<\/li>\n\n\n\n<li>Harras National de Lamballe - ge\u00f6ffnet von Dienstag bis Samstag<\/li>\n\n\n\n<li>Saint-Cast-Aventure - t\u00e4glich ge\u00f6ffnet<\/li>\n\n\n\n<li>Eco-mus\u00e9e de la ferme d'Antan - ge\u00f6ffnet von Dienstag bis Sonntag<\/li>\n\n\n\n<li>Aquarium in St Malo - t\u00e4glich<\/li>\n<\/ul>\n\n\n\n<p><strong>Weitere Adressen finden Sie auf <a href=\"https:\/\/www.mirabel-mielles.com\/de\/gute-adressen-links\/\" target=\"_blank\" rel=\"noreferrer noopener\">unsere eigene Seite<\/a>.<\/strong><\/p>\n<\/div>","protected":false},"excerpt":{"rendered":"<p>Les vacances de P\u00e2ques en Bretagne Pour les vacances d\u2019avril, venez profiter d\u2019un s\u00e9jour en famille au bord de la [&hellip;]<\/p>\n","protected":false},"author":2,"featured_media":0,"parent":272,"menu_order":0,"comment_status":"closed","ping_status":"closed","template":"","meta":{"_seopress_robots_primary_cat":"","_seopress_titles_title":"Les vacances de paques en bretagne","_seopress_titles_desc":"Partez en camping 4 \u00e9toiles \u00e0 Saint Cast le Guildo pendant les vacances d'avril. Nos locations de mobil-homes tout confort sont situ\u00e9s \u00e0 250 m de la mer.","_seopress_robots_index":"","footnotes":""},"class_list":["post-9459","page","type-page","status-publish","hentry"],"_links":{"self":[{"href":"https:\/\/www.mirabel-mielles.com\/de\/wp-json\/wp\/v2\/pages\/9459","targetHints":{"allow":["GET"]}}],"collection":[{"href":"https:\/\/www.mirabel-mielles.com\/de\/wp-json\/wp\/v2\/pages"}],"about":[{"href":"https:\/\/www.mirabel-mielles.com\/de\/wp-json\/wp\/v2\/types\/page"}],"author":[{"embeddable":true,"href":"https:\/\/www.mirabel-mielles.com\/de\/wp-json\/wp\/v2\/users\/2"}],"replies":[{"embeddable":true,"href":"https:\/\/www.mirabel-mielles.com\/de\/wp-json\/wp\/v2\/comments?post=9459"}],"version-history":[{"count":22,"href":"https:\/\/www.mirabel-mielles.com\/de\/wp-json\/wp\/v2\/pages\/9459\/revisions"}],"predecessor-version":[{"id":10112,"href":"https:\/\/www.mirabel-mielles.com\/de\/wp-json\/wp\/v2\/pages\/9459\/revisions\/10112"}],"up":[{"embeddable":true,"href":"https:\/\/www.mirabel-mielles.com\/de\/wp-json\/wp\/v2\/pages\/272"}],"wp:attachment":[{"href":"https:\/\/www.mirabel-mielles.com\/de\/wp-json\/wp\/v2\/media?parent=9459"}],"curies":[{"name":"WordPress","href":"https:\/\/api.w.org\/{rel}","templated":true}]}}