{"id":10591,"date":"2025-09-02T16:15:37","date_gmt":"2025-09-02T14:15:37","guid":{"rendered":"https:\/\/www.mirabel-mielles.com\/?page_id=10591"},"modified":"2026-01-28T07:50:36","modified_gmt":"2026-01-28T06:50:36","slug":"eco-responsible-camping","status":"publish","type":"page","link":"https:\/\/www.mirabel-mielles.com\/en\/camping-ecoresponsable","title":{"rendered":"Eco-responsible camping"},"content":{"rendered":"<h1 class=\"wp-block-heading\">Eco-responsible camping at Saint-Cast-le-Guildo<\/h1>\n\n\n\n<p>Being a camper means choosing to spend your holidays camping, in the open air, in a natural environment. This environment needs to be protected, which is why we are doing our bit by gradually improving our practices as part of the \u00abSustainable Camping Plan\u00bb.<\/p>\n\n\n\n<div class=\"wp-block-media-text is-stacked-on-mobile\"><figure class=\"wp-block-media-text__media\"><img loading=\"lazy\" decoding=\"async\" width=\"1024\" height=\"1024\" src=\"https:\/\/www.mirabel-mielles.com\/wp-content\/uploads\/2026\/01\/engagement-durable-Mirabel-1024x1024.jpg\" alt=\"campsite committed to protecting the environment in Brittany, Cote d&#039;armor, Saint-Cast-le-Guildo\" class=\"wp-image-10594 size-full\" srcset=\"https:\/\/www.mirabel-mielles.com\/wp-content\/uploads\/2026\/01\/engagement-durable-Mirabel-1024x1024.jpg 1024w, https:\/\/www.mirabel-mielles.com\/wp-content\/uploads\/2026\/01\/engagement-durable-Mirabel-300x300.jpg 300w, https:\/\/www.mirabel-mielles.com\/wp-content\/uploads\/2026\/01\/engagement-durable-Mirabel-150x150.jpg 150w, https:\/\/www.mirabel-mielles.com\/wp-content\/uploads\/2026\/01\/engagement-durable-Mirabel-768x768.jpg 768w, https:\/\/www.mirabel-mielles.com\/wp-content\/uploads\/2026\/01\/engagement-durable-Mirabel.jpg 1200w\" sizes=\"auto, (max-width: 1024px) 100vw, 1024px\" \/><\/figure><div class=\"wp-block-media-text__content\">\n<h2 class=\"wp-block-heading\"><strong>Sustainable tourism with Ademe<\/strong><\/h2>\n\n\n\n<p>For many years, our teams have been managing the campsite, doing their utmost to <strong>respecting nature and the environment<\/strong>. This human commitment becomes a commitment for the Mirabel family group in 2024. Because we wanted to go further, we imagined all the improvements we could make and decided to apply for help from Ademe. In the spring, the application was accepted and we were able to get the ball rolling!<\/p>\n\n\n\n<p>Here is the list of actions in the programme:<\/p>\n\n\n\n<ul class=\"wp-block-list\">\n<li>Water management: we collect rainwater and limit our water consumption<\/li>\n\n\n\n<li>No more disposables: replace with sustainable products<\/li>\n\n\n\n<li>Less waste: start composting<\/li>\n\n\n\n<li>Pollution: getting around without polluting too much<\/li>\n<\/ul>\n\n\n\n<h3 class=\"wp-block-heading\"><strong>Dinan Cap Fr\u00e9hel eco-responsible charter<\/strong><\/h3>\n\n\n\n<p>To confirm our <strong>local involvement<\/strong>, We also subscribe to the charter for our region, Dinan - Cap Fr\u00e9hel. We start with 1 leaf and then 2 stages to reach 3 leaves. This charter helps us to stay on course with a simple objective: to contribute to the development of a <strong>responsible tourism<\/strong>.<\/p>\n<\/div><\/div>\n\n\n\n<div style=\"height:48px\" aria-hidden=\"true\" class=\"wp-block-spacer\"><\/div>\n\n\n\n<div class=\"wp-block-media-text has-media-on-the-right is-stacked-on-mobile\"><div class=\"wp-block-media-text__content\">\n<h2 class=\"wp-block-heading\"><strong>Committed camper kit<\/strong><\/h2>\n\n\n\n<p>For <strong>limiting the environmental impact of holidays<\/strong>, The first thing we did was to take stock of the practices that were still in place at the campsite. We realised that certain habits adopted during the Covid crisis had remained even though they were no longer useful.<\/p>\n\n\n\n<h3 class=\"wp-block-heading\"><strong>Welcome kit<\/strong><\/h3>\n\n\n\n<p>We first decided to <strong>replace the disposable welcome kit. <\/strong>Before, when campers arrived in their bungalow, they received a cardboard box with single-use products: very practical but not very respectful of our planet. Today, when you move into your holiday rental, you'll find a practical, virtuous kit:<\/p>\n\n\n\n<ul class=\"wp-block-list\">\n<li>Washable sponge (or dishcloth)<\/li>\n\n\n\n<li>Sorting containers: yellow basket and compost bucket<\/li>\n\n\n\n<li>Eco-labelled household products available<\/li>\n<\/ul>\n\n\n\n<h3 class=\"wp-block-heading\"><strong>Sustainable bedding<\/strong><\/h3>\n\n\n\n<p>Previously, all bedding protectors were replaced and discarded after each stay, even for 2-night stays. Today we have invested in <strong>quality, washable mattress protectors<\/strong>. Choosing washable and sustainable solutions means making a commitment to reducing the amount of waste produced during your holidays.<\/p>\n<\/div><figure class=\"wp-block-media-text__media\"><img loading=\"lazy\" decoding=\"async\" width=\"800\" height=\"600\" src=\"https:\/\/www.mirabel-mielles.com\/wp-content\/uploads\/2026\/01\/kit-bienvenue-camping-ecologique-bretagne.jpg\" alt=\"Welcome pack for Les Mielles campsite, an eco-responsible campsite in North Brittany\" class=\"wp-image-10595 size-full\" srcset=\"https:\/\/www.mirabel-mielles.com\/wp-content\/uploads\/2026\/01\/kit-bienvenue-camping-ecologique-bretagne.jpg 800w, https:\/\/www.mirabel-mielles.com\/wp-content\/uploads\/2026\/01\/kit-bienvenue-camping-ecologique-bretagne-300x225.jpg 300w, https:\/\/www.mirabel-mielles.com\/wp-content\/uploads\/2026\/01\/kit-bienvenue-camping-ecologique-bretagne-768x576.jpg 768w\" sizes=\"auto, (max-width: 800px) 100vw, 800px\" \/><\/figure><\/div>\n\n\n\n<h2 class=\"wp-block-heading\"><strong>Less waste at the campsite<\/strong><\/h2>\n\n\n\n<p>We all know that on holiday we want to simplify our lives. Sorting your rubbish isn't always easy, so we've put together some simple information to help you do it without getting in over your head!<\/p>\n\n\n\n<h3 class=\"wp-block-heading\"><strong>Sorting and recovery<\/strong><\/h3>\n\n\n\n<p>Waste sorting is in place at the campsite and we have added notice boards for greater clarity. The containers made available to holidaymakers make it easier to sort waste at source. At the campsite reception, we have bins available for collecting used batteries, light bulbs, bottle tops, etc.<\/p>\n\n\n\n<p>The technical and green spaces teams also play an important role in reducing waste: everyone comes up with ideas for <strong>reuse rather than throw away. <\/strong>For example, all the flowerbeds are surrounded by mulch. This mulch is produced on site using pruned branches from the campsite. This reduces the amount of green waste and the need to water the plants.<\/p>\n\n\n\n<h3 class=\"wp-block-heading\"><strong>Composting<\/strong><\/h3>\n\n\n\n<p>Taking waste management even further<strong>, We have also created areas for collecting vegetable waste and bio-waste. <\/strong>In 2024, we decided to make our own compost bin from scrap wood. The bin was functional, but it was too open, and the problems soon began. The management of bio-waste is complex because of its nature and the quantities deposited. We tried out a number of solutions before deciding to install professional bins with rodent-proof grids. Composting will always be carried out on site to avoid treatment and transport costs.<\/p>\n\n\n\n<h3 class=\"wp-block-heading\"><strong>We're all in this together!<\/strong><\/h3>\n\n\n\n<p>The campsite is partly residential, and it is our year-round residents who play an active part in the life of the campsite. With the support of the town of Dinan (whom we thank for the loan), we have organised <strong>awareness-raising games<\/strong> to the challenge of waste sorting. Participants brought their grandchildren along for a fun and practical discussion. In the summer, the organisers regularly offer <strong>nature activities <\/strong>and we even carried out the first: \u00abmission goutte verte\u00bb in 2025. These were fun challenges that teams took on around the theme of protecting the environment. The holidaymakers have a great time, and we take the opportunity to introduce a few themes that are close to our hearts.<\/p>\n\n\n\n<div class=\"wp-block-columns is-layout-flex wp-container-core-columns-is-layout-28f84493 wp-block-columns-is-layout-flex\">\n<div class=\"wp-block-column is-layout-flow wp-block-column-is-layout-flow\">\n<figure class=\"wp-block-image size-full\"><img loading=\"lazy\" decoding=\"async\" width=\"600\" height=\"450\" src=\"https:\/\/www.mirabel-mielles.com\/wp-content\/uploads\/2026\/01\/tri-dechets-camping-responsable.jpg\" alt=\"Waste sorting instructions, to make sorting easier at Les Mielles campsite\" class=\"wp-image-10596\" style=\"aspect-ratio:4\/3;object-fit:cover\" srcset=\"https:\/\/www.mirabel-mielles.com\/wp-content\/uploads\/2026\/01\/tri-dechets-camping-responsable.jpg 600w, https:\/\/www.mirabel-mielles.com\/wp-content\/uploads\/2026\/01\/tri-dechets-camping-responsable-300x225.jpg 300w\" sizes=\"auto, (max-width: 600px) 100vw, 600px\" \/><\/figure>\n<\/div>\n\n\n\n<div class=\"wp-block-column is-layout-flow wp-block-column-is-layout-flow\">\n<figure class=\"wp-block-image size-full\"><img loading=\"lazy\" decoding=\"async\" width=\"600\" height=\"464\" src=\"https:\/\/www.mirabel-mielles.com\/wp-content\/uploads\/2026\/01\/espace-verts-responsable-camping.jpg\" alt=\"Mulching flower beds at the campsite, protecting the environment in Brittany\" class=\"wp-image-10598\" style=\"aspect-ratio:4\/3;object-fit:cover\" srcset=\"https:\/\/www.mirabel-mielles.com\/wp-content\/uploads\/2026\/01\/espace-verts-responsable-camping.jpg 600w, https:\/\/www.mirabel-mielles.com\/wp-content\/uploads\/2026\/01\/espace-verts-responsable-camping-300x232.jpg 300w\" sizes=\"auto, (max-width: 600px) 100vw, 600px\" \/><\/figure>\n<\/div>\n\n\n\n<div class=\"wp-block-column is-layout-flow wp-block-column-is-layout-flow\">\n<figure class=\"wp-block-image size-full\"><img loading=\"lazy\" decoding=\"async\" width=\"800\" height=\"600\" src=\"https:\/\/www.mirabel-mielles.com\/wp-content\/uploads\/2026\/01\/jeux-nature-eco-camping.jpg\" alt=\"family games with a nature guide from the Maison de la Rance, summer 2024\" class=\"wp-image-10599\" style=\"aspect-ratio:4\/3;object-fit:cover\" srcset=\"https:\/\/www.mirabel-mielles.com\/wp-content\/uploads\/2026\/01\/jeux-nature-eco-camping.jpg 800w, https:\/\/www.mirabel-mielles.com\/wp-content\/uploads\/2026\/01\/jeux-nature-eco-camping-300x225.jpg 300w, https:\/\/www.mirabel-mielles.com\/wp-content\/uploads\/2026\/01\/jeux-nature-eco-camping-768x576.jpg 768w\" sizes=\"auto, (max-width: 800px) 100vw, 800px\" \/><\/figure>\n<\/div>\n<\/div>\n\n\n\n<div class=\"wp-block-media-text has-media-on-the-right is-stacked-on-mobile\" style=\"grid-template-columns:auto 41%\"><div class=\"wp-block-media-text__content\">\n<h2 class=\"wp-block-heading\"><strong>Water management at the campsite<\/strong><\/h2>\n\n\n\n<p>Water is a precious resource and will be even more so in a few years' time, so we need to think ahead to protect it.<\/p>\n\n\n\n<h3 class=\"wp-block-heading\"><strong>Rainwater harvesting<\/strong><\/h3>\n\n\n\n<p>The first action we have put in place is the\u2019<strong>installation of water recovery systems <\/strong>in the paths of the campsite. We started with small containers and are continuing with larger capacities for watering plants and maintaining the campsite. An undeniable advantage of this system is that it keeps a stock of water for periods of drought without affecting the water table.<\/p>\n\n\n\n<h3 class=\"wp-block-heading\"><strong>Consumption monitoring<\/strong><\/h3>\n\n\n\n<p>Water leaks are a recurring problem at campsites, so to detect them we install a meter with a remote reading sensor. This allows us to <strong>monitor water consumption in real time<\/strong>. This tool enables us to identify abnormal or excessive consumption so that we can take action on the networks.<\/p>\n\n\n\n<h3 class=\"wp-block-heading\"><strong>Limiting evaporation at the pool<\/strong><\/h3>\n\n\n\n<p>Water evaporation is one of the main causes of water loss from swimming pools. It's a waste of water resources that we can do something about. In 2026, work will begin to cover the pool! <strong>Pool cover <\/strong>can reduce water consumption by up to 50% over the season. It will also limit heat loss. For the campsite, it's also an opportunity to open the pool throughout the season without increasing water and energy consumption.<\/p>\n<\/div><figure class=\"wp-block-media-text__media\"><img loading=\"lazy\" decoding=\"async\" width=\"724\" height=\"1024\" src=\"https:\/\/www.mirabel-mielles.com\/wp-content\/uploads\/2026\/01\/economie-eau-724x1024.jpg\" alt=\"save water, poster on conserving water resources at the campsite\" class=\"wp-image-10603 size-full\" srcset=\"https:\/\/www.mirabel-mielles.com\/wp-content\/uploads\/2026\/01\/economie-eau-724x1024.jpg 724w, https:\/\/www.mirabel-mielles.com\/wp-content\/uploads\/2026\/01\/economie-eau-212x300.jpg 212w, https:\/\/www.mirabel-mielles.com\/wp-content\/uploads\/2026\/01\/economie-eau-768x1087.jpg 768w, https:\/\/www.mirabel-mielles.com\/wp-content\/uploads\/2026\/01\/economie-eau.jpg 800w\" sizes=\"auto, (max-width: 724px) 100vw, 724px\" \/><\/figure><\/div>\n\n\n\n<div style=\"height:36px\" aria-hidden=\"true\" class=\"wp-block-spacer\"><\/div>\n\n\n\n<h2 class=\"wp-block-heading has-text-align-center\">4 campsites committed to ecology in Cote d'Armor<\/h2>\n\n\n\n<div class=\"wp-block-buttons is-content-justification-center is-layout-flex wp-container-core-buttons-is-layout-a89b3969 wp-block-buttons-is-layout-flex\">\n<div class=\"wp-block-button\"><a class=\"wp-block-button__link has-turquoise-background-color has-background wp-element-button\" href=\"https:\/\/www.mirabel-crique.com\/\" target=\"_blank\" rel=\"noreferrer noopener\">La Crique<\/a><\/div>\n\n\n\n<div class=\"wp-block-button\"><a class=\"wp-block-button__link has-turquoise-background-color has-background wp-element-button\" href=\"https:\/\/www.mirabel-4vaulx.com\/\" target=\"_blank\" rel=\"noreferrer noopener\">The 4 Vaulx<\/a><\/div>\n\n\n\n<div class=\"wp-block-button\"><a class=\"wp-block-button__link has-turquoise-background-color has-background wp-element-button\" href=\"https:\/\/www.mirabel-clostranquille.com\/\" target=\"_blank\" rel=\"noreferrer noopener\">Le Clos Tranquille<\/a><\/div>\n\n\n\n<div class=\"wp-block-button\"><a class=\"wp-block-button__link has-turquoise-background-color has-background wp-element-button\" href=\"https:\/\/www.mirabel-mielles.com\/en\/\">Les Mielles<\/a><\/div>\n<\/div>\n\n\n\n<p class=\"has-text-align-center\"><\/p>\n\n\n\n<figure class=\"wp-block-image aligncenter size-full is-resized\"><img loading=\"lazy\" decoding=\"async\" width=\"643\" height=\"326\" src=\"https:\/\/www.mirabel-mielles.com\/wp-content\/uploads\/2026\/01\/projet-tourisme-durable-Ademe.png\" alt=\"logos from Ademe, Agence de la Transition Ecologique, to fund sustainable tourism initiatives at the campsite\" class=\"wp-image-10604\" style=\"width:444px;height:auto\" srcset=\"https:\/\/www.mirabel-mielles.com\/wp-content\/uploads\/2026\/01\/projet-tourisme-durable-Ademe.png 643w, https:\/\/www.mirabel-mielles.com\/wp-content\/uploads\/2026\/01\/projet-tourisme-durable-Ademe-300x152.png 300w\" sizes=\"auto, (max-width: 643px) 100vw, 643px\" \/><\/figure>","protected":false},"excerpt":{"rendered":"<p>Camping \u00e9co-responsable \u00e0 Saint-Cast-le-Guildo \u00catre un campeur c\u2019est choisir de passer ses vacances en camping, en plein air, dans un [&hellip;]<\/p>\n","protected":false},"author":2,"featured_media":0,"parent":0,"menu_order":0,"comment_status":"closed","ping_status":"closed","template":"","meta":{"_seopress_robots_primary_cat":"","_seopress_titles_title":"Camping \u00e9co-responsable St-Cast-le-Guildo - tourisme durable","_seopress_titles_desc":"Gestion de l\u2019eau, remplacement du jetable par des produits durables, r\u00e9duction des d\u00e9chets\u2026 le camping de Saint-Cast s'engage pour respecter l'espace naturel.","_seopress_robots_index":"","footnotes":""},"class_list":["post-10591","page","type-page","status-publish","hentry"],"_links":{"self":[{"href":"https:\/\/www.mirabel-mielles.com\/en\/wp-json\/wp\/v2\/pages\/10591","targetHints":{"allow":["GET"]}}],"collection":[{"href":"https:\/\/www.mirabel-mielles.com\/en\/wp-json\/wp\/v2\/pages"}],"about":[{"href":"https:\/\/www.mirabel-mielles.com\/en\/wp-json\/wp\/v2\/types\/page"}],"author":[{"embeddable":true,"href":"https:\/\/www.mirabel-mielles.com\/en\/wp-json\/wp\/v2\/users\/2"}],"replies":[{"embeddable":true,"href":"https:\/\/www.mirabel-mielles.com\/en\/wp-json\/wp\/v2\/comments?post=10591"}],"version-history":[{"count":11,"href":"https:\/\/www.mirabel-mielles.com\/en\/wp-json\/wp\/v2\/pages\/10591\/revisions"}],"predecessor-version":[{"id":10667,"href":"https:\/\/www.mirabel-mielles.com\/en\/wp-json\/wp\/v2\/pages\/10591\/revisions\/10667"}],"wp:attachment":[{"href":"https:\/\/www.mirabel-mielles.com\/en\/wp-json\/wp\/v2\/media?parent=10591"}],"curies":[{"name":"wp","href":"https:\/\/api.w.org\/{rel}","templated":true}]}}