{"id":10811,"date":"2026-02-19T14:41:40","date_gmt":"2026-02-19T13:41:40","guid":{"rendered":"https:\/\/www.mirabel-mielles.com\/?page_id=10811"},"modified":"2026-02-26T16:50:14","modified_gmt":"2026-02-26T15:50:14","slug":"camping-cotes-darmor","status":"publish","type":"page","link":"https:\/\/www.mirabel-mielles.com\/en\/camping-cotes-darmor","title":{"rendered":"C\u00f4tes d'Armor"},"content":{"rendered":"<h1 class=\"wp-block-heading\"><strong>A seaside campsite in the C\u00f4tes d'Armor<\/strong><\/h1>\n\n\n\n<p>Our 4-star Les Mielles campsite welcomes you to <strong>holidays in C\u00f4tes d'Armor<\/strong> on the seafront. Located less than 300 m from the main <strong>Saint-Cast-le-Guildo beach<\/strong>, Come and stay at this family campsite and discover the treasures of Brittany.<\/p>\n\n\n\n<figure class=\"wp-block-image aligncenter size-full\"><img loading=\"lazy\" decoding=\"async\" width=\"50\" height=\"8\" src=\"https:\/\/www.mirabel-mielles.com\/wp-content\/uploads\/2022\/09\/barre-bleue.png\" alt=\"\" class=\"wp-image-5969\"\/><\/figure>\n\n\n\n<div class=\"wp-block-media-text is-stacked-on-mobile\"><figure class=\"wp-block-media-text__media\"><img loading=\"lazy\" decoding=\"async\" width=\"700\" height=\"525\" src=\"https:\/\/www.mirabel-mielles.com\/wp-content\/uploads\/2023\/08\/palmier-piscine-matin2-1024x768-Personnalise.jpg\" alt=\"family campsite cote d&#039;armor\" class=\"wp-image-8839 size-full\" srcset=\"https:\/\/www.mirabel-mielles.com\/wp-content\/uploads\/2023\/08\/palmier-piscine-matin2-1024x768-Personnalise.jpg 700w, https:\/\/www.mirabel-mielles.com\/wp-content\/uploads\/2023\/08\/palmier-piscine-matin2-1024x768-Personnalise-300x225.jpg 300w\" sizes=\"auto, (max-width: 700px) 100vw, 700px\" \/><\/figure><div class=\"wp-block-media-text__content\">\n<h2 class=\"wp-block-heading\">A family campsite in an ideal location<\/h2>\n\n\n\n<p>Located in the heart of the seaside resort of <a href=\"https:\/\/www.mirabel-mielles.com\/en\/saint-cast-le-guildo\/\" data-type=\"page\" data-id=\"69\">Saint-Cast-le-Guildo<\/a><strong>, our family campsite<\/strong> offers you a privileged location for <strong>holidays in Brittany by the sea<\/strong>. Just a few minutes from the beach, town centre and shops, you won't need your car. In summer, the resort comes alive with activities for everyone.<\/p>\n\n\n\n<p>Open from April to October, the campsite welcomes families in a friendly atmosphere. Fully-equipped accommodation, <a href=\"https:\/\/www.mirabel-mielles.com\/en\/swimming-pool-aquatic-area\/\" target=\"_blank\" rel=\"noreferrer noopener\">heated aquatic area<\/a>, Summer activities, children's play areas... everything you need for a successful holiday in the C\u00f4tes d'Armor.<\/p>\n\n\n\n<p>A <strong>family summer in Brittany<\/strong> that you'll remember for a long time.<\/p>\n<\/div><\/div>\n\n\n\n<p><\/p>\n\n\n\n<div class=\"wp-block-media-text has-media-on-the-right is-stacked-on-mobile front-page-section grey\"><div class=\"wp-block-media-text__content\">\n<h2 class=\"wp-block-heading\">Why choose the C\u00f4tes d'Armor for your camping holiday?<\/h2>\n\n\n\n<p>The region's appeal lies in the diversity of its landscapes: long sandy beaches, wild cliffs, typical little ports and spectacular coastal paths. The Breton coastline offers a perfect balance between <strong>relaxation, nature and heritage<\/strong>.<\/p>\n\n\n\n<p>Staying at a seaside campsite in the C\u00f4tes d'Armor means enjoying :<\/p>\n\n\n\n<ul class=\"wp-block-list\">\n<li>direct access to the beaches<\/li>\n\n\n\n<li>a wide range of water sports<\/li>\n\n\n\n<li>a remarkable historical heritage<\/li>\n\n\n\n<li>an authentic family destination<\/li>\n<\/ul>\n\n\n\n<p>The region is ideal for a <strong>camping holiday in Brittany<\/strong>, Whether you're travelling as a couple, with friends or with the family.<\/p>\n<\/div><figure class=\"wp-block-media-text__media\"><img loading=\"lazy\" decoding=\"async\" width=\"1024\" height=\"768\" src=\"https:\/\/www.mirabel-mielles.com\/wp-content\/uploads\/2022\/09\/ploumanach-crique-granit-rose-1024x768.jpg\" alt=\"holidays on the Breton coast\" class=\"wp-image-6156 size-full\" srcset=\"https:\/\/www.mirabel-mielles.com\/wp-content\/uploads\/2022\/09\/ploumanach-crique-granit-rose-1024x768.jpg 1024w, https:\/\/www.mirabel-mielles.com\/wp-content\/uploads\/2022\/09\/ploumanach-crique-granit-rose-300x225.jpg 300w, https:\/\/www.mirabel-mielles.com\/wp-content\/uploads\/2022\/09\/ploumanach-crique-granit-rose-768x576.jpg 768w, https:\/\/www.mirabel-mielles.com\/wp-content\/uploads\/2022\/09\/ploumanach-crique-granit-rose.jpg 1200w\" sizes=\"auto, (max-width: 1024px) 100vw, 1024px\" \/><\/figure><\/div>\n\n\n\n<p><\/p>\n\n\n\n<div class=\"wp-block-media-text is-stacked-on-mobile\"><figure class=\"wp-block-media-text__media\"><img loading=\"lazy\" decoding=\"async\" width=\"500\" height=\"550\" src=\"https:\/\/www.mirabel-mielles.com\/wp-content\/uploads\/2026\/02\/saint-briac-sur-mer-cote-darmor.jpg\" alt=\"\" class=\"wp-image-10845 size-full\" srcset=\"https:\/\/www.mirabel-mielles.com\/wp-content\/uploads\/2026\/02\/saint-briac-sur-mer-cote-darmor.jpg 500w, https:\/\/www.mirabel-mielles.com\/wp-content\/uploads\/2026\/02\/saint-briac-sur-mer-cote-darmor-273x300.jpg 273w\" sizes=\"auto, (max-width: 500px) 100vw, 500px\" \/><\/figure><div class=\"wp-block-media-text__content\">\n<h2 class=\"wp-block-heading\">What to do on holiday in the C\u00f4tes d'Armor?<\/h2>\n\n\n\n<h3 class=\"wp-block-heading\">Exploring towns and seaside resorts<\/h3>\n\n\n\n<p>We're all familiar with the region's must-sees, such as Saint-Malo, Dinard and Cancale. But <a href=\"https:\/\/www.mirabel-mielles.com\/en\/cote-demeraude-bretagne\/\" target=\"_blank\" rel=\"noreferrer noopener\">the Emerald Coast<\/a> is packed with little villages not to be missed.<\/p>\n\n\n\n<ul class=\"wp-block-list\">\n<li><strong>Pl\u00e9neuf-Val-Andr\u00e9 :<\/strong> Dahou\u00ebt is a family-friendly seaside resort with a large beach, a lively seafront and an authentic harbour.<\/li>\n\n\n\n<li><strong>Saint-Briac-sur-Mer<\/strong> Saint-Briac is a charming seaside village with elegant villas, peaceful beaches and coastal paths.<\/li>\n\n\n\n<li><strong>Saint-Jacut-de-la-Mer<\/strong> Saint-Jacut-de-la-Mer: A preserved peninsula set between bays and marshes, Saint-Jacut-de-la-Mer offers an authentic natural setting for seaside walks.<\/li>\n\n\n\n<li><strong>Lancieux<\/strong> A friendly seaside resort between sea and countryside <strong>close to Les Mielles campsite<\/strong> Lancieux has a lot to offer in terms of long beaches, wild creeks and its <strong>family atmosphere.<\/strong><\/li>\n<\/ul>\n\n\n\n<p class=\"has-text-align-right\"><img loading=\"lazy\" decoding=\"async\" width=\"50\" height=\"48\" class=\"wp-image-6142\" style=\"width: 50px;\" src=\"https:\/\/www.mirabel-mielles.com\/wp-content\/uploads\/2022\/09\/Coquillage-300x287-1.png\" alt=\"\"><\/p>\n<\/div><\/div>\n\n\n\n<div class=\"wp-block-media-text is-stacked-on-mobile\"><figure class=\"wp-block-media-text__media\"><img loading=\"lazy\" decoding=\"async\" width=\"1024\" height=\"683\" src=\"https:\/\/www.mirabel-mielles.com\/wp-content\/uploads\/2022\/09\/car-erquy-9-1024x683.jpg\" alt=\"hiking GR34 camping in C\u00f4te d&#039;Armor\" class=\"wp-image-6199 size-full\" srcset=\"https:\/\/www.mirabel-mielles.com\/wp-content\/uploads\/2022\/09\/car-erquy-9-1024x683.jpg 1024w, https:\/\/www.mirabel-mielles.com\/wp-content\/uploads\/2022\/09\/car-erquy-9-300x200.jpg 300w, https:\/\/www.mirabel-mielles.com\/wp-content\/uploads\/2022\/09\/car-erquy-9-768x512.jpg 768w, https:\/\/www.mirabel-mielles.com\/wp-content\/uploads\/2022\/09\/car-erquy-9.jpg 1200w\" sizes=\"auto, (max-width: 1024px) 100vw, 1024px\" \/><\/figure><div class=\"wp-block-media-text__content\">\n<h3 class=\"wp-block-heading\">Family activities near the campsite<\/h3>\n\n\n\n<p>During your family holiday at our campsite, there's plenty to do for young and old alike. Whether you prefer outdoor activities, sports, leisure or cultural visits, there's something for everyone. <strong>Family activities in C\u00f4tes d'Armor<\/strong> and close to the campsite:<\/p>\n\n\n\n<ul class=\"wp-block-list\">\n<li><strong>Hiking<\/strong> on the GR34 along the coast<\/li>\n\n\n\n<li><strong>Nautical activities<\/strong> on the many beaches of Saint-Cast, including windsurfing, diving and water skiing<\/li>\n\n\n\n<li><strong>A bit of sport <\/strong>with the Centre Equestre de Saint-Cast or the Golf course, overlooking the sea<\/li>\n\n\n\n<li><strong>Family activities<\/strong> around animals with the Saint-Malo aquarium, the Bourbansais zoo<\/li>\n\n\n\n<li><strong>Cultural sites <\/strong>such as Ch\u00e2teau du Guildo, Fort Lalatte and the <strong>Cap Fr\u00e9hel lighthouse<\/strong><\/li>\n<\/ul>\n\n\n\n<p>Find more ideas for outings at <a href=\"https:\/\/www.mirabel-mielles.com\/en\/good-addresses-links\/\" target=\"_blank\" rel=\"noreferrer noopener\">our dedicated page<\/a><\/p>\n<\/div><\/div>\n\n\n\n<p><\/p>\n\n\n\n<p>Choose a <strong>campsite by the sea in C\u00f4tes d'Armor<\/strong>, The Mirabel Les Mielles campsite offers you a holiday between beaches, heritage and unspoilt nature. Mirabel Les Mielles campsite welcomes you to Saint-Cast-le-Guildo for an unforgettable <strong>family trip<\/strong> just a stone's throw from the sea and at the heart of one of Brittany's most emblematic destinations.<\/p>\n\n\n\n<p class=\"has-text-align-center texte-rond mt-5 has-large-font-size\">Discover the campsite<\/p>\n\n\n\n<div class=\"wp-block-columns are-vertically-aligned-center h-20 front-page-section grey is-layout-flex wp-container-core-columns-is-layout-28f84493 wp-block-columns-is-layout-flex\">\n<div class=\"wp-block-column is-layout-flow wp-block-column-is-layout-flow\"><\/div>\n\n\n\n<div class=\"wp-block-column is-layout-flow wp-block-column-is-layout-flow\">\n<div class=\"wp-block-create-block-sevgutenberg-navigation\"><aside class=\"encart-sev-navigation small carre\"><a href=\"https:\/\/www.mirabel-mielles.com\/en\/mobile-home-rental-rates\/\" class=\"d-flex flex-column align-items-center\"><div class=\"encart-title\"><span>Rentals<\/span><\/div><div class=\"vague\"><\/div><img decoding=\"async\" src=\"https:\/\/www.mirabel-mielles.com\/wp-content\/uploads\/2022\/09\/mh-pmr-soleil.jpg\" alt=\"PMR mobile home rental\"\/><div class=\"ligne\"><\/div><div class=\"hover\"><\/div><\/a><\/aside><\/div>\n<\/div>\n\n\n\n<div class=\"wp-block-column is-vertically-aligned-center is-layout-flow wp-block-column-is-layout-flow\">\n<div class=\"wp-block-create-block-sevgutenberg-navigation\"><aside class=\"encart-sev-navigation small carre\"><a href=\"https:\/\/www.mirabel-mielles.com\/en\/swimming-pool-aquatic-area\/\" class=\"d-flex flex-column align-items-center\"><div class=\"encart-title\"><span>Aquatic area<\/span><\/div><div class=\"vague\"><\/div><img decoding=\"async\" src=\"https:\/\/www.mirabel-mielles.com\/wp-content\/uploads\/2022\/09\/piscine-soleil-baignade.jpg\" alt=\"heated outdoor swimming pool\"\/><div class=\"ligne\"><\/div><div class=\"hover\"><\/div><\/a><\/aside><\/div>\n<\/div>\n\n\n\n<div class=\"wp-block-column is-vertically-aligned-center is-layout-flow wp-block-column-is-layout-flow\">\n<div class=\"wp-block-create-block-sevgutenberg-navigation\"><aside class=\"encart-sev-navigation small carre\"><a href=\"https:\/\/www.mirabel-mielles.com\/en\/camping-services\/\" class=\"d-flex flex-column align-items-center\"><div class=\"encart-title\"><span>Services<\/span><\/div><div class=\"vague\"><\/div><img decoding=\"async\" src=\"https:\/\/www.mirabel-mielles.com\/wp-content\/uploads\/2022\/09\/accueil-entree-mielles-mirabel-1.jpg\" alt=\"reception at Mirabel campsite\"\/><div class=\"ligne\"><\/div><div class=\"hover\"><\/div><\/a><\/aside><\/div>\n<\/div>\n\n\n\n<div class=\"wp-block-column is-layout-flow wp-block-column-is-layout-flow\"><\/div>\n<\/div>\n\n\n\n<figure class=\"wp-block-image aligncenter size-full\"><img loading=\"lazy\" decoding=\"async\" width=\"1024\" height=\"84\" src=\"https:\/\/www.mirabel-mielles.com\/wp-content\/uploads\/2022\/09\/photo-1024x84-1.png\" alt=\"\" class=\"wp-image-6139\" srcset=\"https:\/\/www.mirabel-mielles.com\/wp-content\/uploads\/2022\/09\/photo-1024x84-1.png 1024w, https:\/\/www.mirabel-mielles.com\/wp-content\/uploads\/2022\/09\/photo-1024x84-1-300x25.png 300w, https:\/\/www.mirabel-mielles.com\/wp-content\/uploads\/2022\/09\/photo-1024x84-1-768x63.png 768w\" sizes=\"auto, (max-width: 1024px) 100vw, 1024px\" \/><\/figure>\n\n\n\t\t\t<div id=\"sevgallery-185263542\" class=\"sev-diaporama sev-diaporama-portfolio\">\r\n\t\t\t\t<div class=\"row\">\r\n\r\n\t\t\t\t\t\r\n\t\t\t\t\t\t\r\n\t\t\t\t\t\t<div class=\"sev-diaporama-portfolio-item   btnseeall btnseeall-xl col-12 col-md\">\r\n\t\t\t\t\t\t\t<a href=\"https:\/\/www.mirabel-mielles.com\/wp-content\/uploads\/2022\/09\/crtb-cancale-huitres_BERTHIER-Emmanuel-1024x667.jpg\" data-lightbox=\"sevgallery-185263542\" style=\"background-image: url(https:\/\/www.mirabel-mielles.com\/wp-content\/uploads\/2022\/09\/crtb-cancale-huitres_BERTHIER-Emmanuel-1024x667.jpg)\">\r\n\t\t\t\t\t\t\t\t<img decoding=\"async\" src=\"https:\/\/www.mirabel-mielles.com\/wp-content\/uploads\/2022\/09\/crtb-cancale-huitres_BERTHIER-Emmanuel-1024x667.jpg\" alt=\"oyster tasting\" loading=\"lazy\">\r\n\t\t\t\t\t\t\t\t\t\t\t\t\t\t\t<\/a>\r\n\t\t\t\t\t\t<\/div>\r\n\r\n\t\t\t\t\t\t\r\n\t\t\t\t\t\t\t\t\t\t\t\t\t\t\t\t\t\r\n\t\t\t\t\t\t\r\n\t\t\t\t\t\t<div class=\"sev-diaporama-portfolio-item   btnseeall btnseeall-xl col-12 col-md  col-shrink\">\r\n\t\t\t\t\t\t\t<a href=\"https:\/\/www.mirabel-mielles.com\/wp-content\/uploads\/2022\/09\/crtb-saint-malo_LE-GAL-Yannick-1024x681.jpg\" data-lightbox=\"sevgallery-185263542\" style=\"background-image: url(https:\/\/www.mirabel-mielles.com\/wp-content\/uploads\/2022\/09\/crtb-saint-malo_LE-GAL-Yannick-1024x681.jpg)\">\r\n\t\t\t\t\t\t\t\t<img decoding=\"async\" src=\"https:\/\/www.mirabel-mielles.com\/wp-content\/uploads\/2022\/09\/crtb-saint-malo_LE-GAL-Yannick-1024x681.jpg\" alt=\"visit to Saint Malo\" loading=\"lazy\">\r\n\t\t\t\t\t\t\t\t\t\t\t\t\t\t\t<\/a>\r\n\t\t\t\t\t\t<\/div>\r\n\r\n\t\t\t\t\t\t\r\n\t\t\t\t\t\t\t\t\t\t\t\t\t\t\t\t\t\r\n\t\t\t\t\t\t\r\n\t\t\t\t\t\t<div class=\"sev-diaporama-portfolio-item   btnseeall btnseeall-xl col-12 col-md  col-grow\">\r\n\t\t\t\t\t\t\t<a href=\"https:\/\/www.mirabel-mielles.com\/wp-content\/uploads\/2022\/09\/Dinard-cote-digue-1024x1024.jpg\" data-lightbox=\"sevgallery-185263542\" style=\"background-image: url(https:\/\/www.mirabel-mielles.com\/wp-content\/uploads\/2022\/09\/Dinard-cote-digue-1024x1024.jpg)\">\r\n\t\t\t\t\t\t\t\t<img decoding=\"async\" src=\"https:\/\/www.mirabel-mielles.com\/wp-content\/uploads\/2022\/09\/Dinard-cote-digue-1024x1024.jpg\" alt=\"Visit DINARD\" loading=\"lazy\">\r\n\t\t\t\t\t\t\t\t\t\t\t\t\t\t\t<\/a>\r\n\t\t\t\t\t\t<\/div>\r\n\r\n\t\t\t\t\t\t\r\n\t\t\t\t\t\t\t\t\t\t\t\t\t\t\t\t\t\r\n\t\t\t\t\t\t\r\n\t\t\t\t\t\t<div class=\"sev-diaporama-portfolio-item   btnseeall btnseeall-xl col-12 col-md\">\r\n\t\t\t\t\t\t\t<a href=\"https:\/\/www.mirabel-mielles.com\/wp-content\/uploads\/2022\/09\/perros-guirec-falaise-crique-1024x683.jpg\" data-lightbox=\"sevgallery-185263542\" style=\"background-image: url(https:\/\/www.mirabel-mielles.com\/wp-content\/uploads\/2022\/09\/perros-guirec-falaise-crique-1024x683.jpg)\">\r\n\t\t\t\t\t\t\t\t<img decoding=\"async\" src=\"https:\/\/www.mirabel-mielles.com\/wp-content\/uploads\/2022\/09\/perros-guirec-falaise-crique-1024x683.jpg\" alt=\"Cliff on the edge of the campsite\" loading=\"lazy\">\r\n\t\t\t\t\t\t\t\t\t\t\t\t\t\t\t<\/a>\r\n\t\t\t\t\t\t<\/div>\r\n\r\n\t\t\t\t\t\t\t\t\t\t\t\t\t<div class=\"w-100\"><\/div>\r\n\t\t\t\t\t\t\t\t\t\t\t\t\t\r\n\t\t\t\t\t\t\t\t\t\t\t\t\t\t\t\t\t\r\n\t\t\t\t\t\t\r\n\t\t\t\t\t\t<div class=\"sev-diaporama-portfolio-item   btnseeall btnseeall-xl col-12 col-md  col-shrink\">\r\n\t\t\t\t\t\t\t<a href=\"https:\/\/www.mirabel-mielles.com\/wp-content\/uploads\/2022\/09\/perros-guirec-granit-rose-1024x768.jpg\" data-lightbox=\"sevgallery-185263542\" style=\"background-image: url(https:\/\/www.mirabel-mielles.com\/wp-content\/uploads\/2022\/09\/perros-guirec-granit-rose-1024x768.jpg)\">\r\n\t\t\t\t\t\t\t\t<img decoding=\"async\" src=\"https:\/\/www.mirabel-mielles.com\/wp-content\/uploads\/2022\/09\/perros-guirec-granit-rose-1024x768.jpg\" alt=\"visit to Brittany\" loading=\"lazy\">\r\n\t\t\t\t\t\t\t\t\t\t\t\t\t\t\t<\/a>\r\n\t\t\t\t\t\t<\/div>\r\n\r\n\t\t\t\t\t\t\r\n\t\t\t\t\t\t\t\t\t\t\t\t\t\t\t\t\t\r\n\t\t\t\t\t\t\r\n\t\t\t\t\t\t<div class=\"sev-diaporama-portfolio-item   btnseeall btnseeall-xl col-12 col-md  col-grow\">\r\n\t\t\t\t\t\t\t<a href=\"https:\/\/www.mirabel-mielles.com\/wp-content\/uploads\/2022\/09\/perros-guirec-ploumanach-1024x683.jpg\" data-lightbox=\"sevgallery-185263542\" style=\"background-image: url(https:\/\/www.mirabel-mielles.com\/wp-content\/uploads\/2022\/09\/perros-guirec-ploumanach-1024x683.jpg)\">\r\n\t\t\t\t\t\t\t\t<img decoding=\"async\" src=\"https:\/\/www.mirabel-mielles.com\/wp-content\/uploads\/2022\/09\/perros-guirec-ploumanach-1024x683.jpg\" alt=\"visit to Brittany\" loading=\"lazy\">\r\n\t\t\t\t\t\t\t\t\t\t\t\t\t\t\t<\/a>\r\n\t\t\t\t\t\t<\/div>\r\n\r\n\t\t\t\t\t\t\r\n\t\t\t\t\t\t\t\t\t\t\t\t\t\t\t\t\t\r\n\t\t\t\t\t\t\r\n\t\t\t\t\t\t<div class=\"sev-diaporama-portfolio-item   btnseeall btnseeall-xl col-12 col-md\">\r\n\t\t\t\t\t\t\t<a href=\"https:\/\/www.mirabel-mielles.com\/wp-content\/uploads\/2022\/09\/ploumanach-crique-granit-rose-1024x768.jpg\" data-lightbox=\"sevgallery-185263542\" style=\"background-image: url(https:\/\/www.mirabel-mielles.com\/wp-content\/uploads\/2022\/09\/ploumanach-crique-granit-rose-1024x768.jpg)\">\r\n\t\t\t\t\t\t\t\t<img decoding=\"async\" src=\"https:\/\/www.mirabel-mielles.com\/wp-content\/uploads\/2022\/09\/ploumanach-crique-granit-rose-1024x768.jpg\" alt=\"holidays on the Breton coast\" loading=\"lazy\">\r\n\t\t\t\t\t\t\t\t\t\t\t\t\t\t\t<\/a>\r\n\t\t\t\t\t\t<\/div>\r\n\r\n\t\t\t\t\t\t\r\n\t\t\t\t\t\t\t\t\t\t\t\t\t\t\t\t\t\r\n\t\t\t\t\t\t\r\n\t\t\t\t\t\t<div class=\"sev-diaporama-portfolio-item   btnseeall btnseeall-xl col-12 col-md  col-grow last-visible\">\r\n\t\t\t\t\t\t\t<a href=\"https:\/\/www.mirabel-mielles.com\/en\/photos-camping-mielles\"  style=\"background-image: url(https:\/\/www.mirabel-mielles.com\/wp-content\/uploads\/2022\/09\/ploumanach-perros-guirec-768x1024.jpg)\">\r\n\t\t\t\t\t\t\t\t<img decoding=\"async\" src=\"https:\/\/www.mirabel-mielles.com\/wp-content\/uploads\/2022\/09\/ploumanach-perros-guirec-768x1024.jpg\" alt=\"exceptional landscape on the edge of the campsite\" loading=\"lazy\">\r\n\t\t\t\t\t\t\t\t\t\t\t\t\t\t\t\t\t<img decoding=\"async\" src=\"https:\/\/www.mirabel-mielles.com\/wp-content\/themes\/mielles\/assets\/img\/voir-photos.png\" alt=\"\" \/>\r\n\t\t\t\t\t\t\t\t\t<span>See all photos<\/span>\r\n\t\t\t\t\t\t\t\t\t\t\t\t\t\t\t<\/a>\r\n\t\t\t\t\t\t<\/div>\r\n\r\n\t\t\t\t\t\t\t\t\t\t\t\t\t<div class=\"w-100\"><\/div>\r\n\t\t\t\t\t\t\t\t\t\t\t\t\t\r\n\t\t\t\t\t\t\t\t\t\t\t\t\t\t\t\t\t\r\n\t\t\t\t\t\t\r\n\t\t\t\t\t\t<div class=\"sev-diaporama-portfolio-item   btnseeall btnseeall-xl col-12 col-md  col-shrink d-none\">\r\n\t\t\t\t\t\t\t<a href=\"https:\/\/www.mirabel-mielles.com\/wp-content\/uploads\/2022\/09\/perros-guirrec-1024x683.jpg\" data-lightbox=\"sevgallery-185263542\" style=\"background-image: url(https:\/\/www.mirabel-mielles.com\/wp-content\/uploads\/2022\/09\/perros-guirrec-1024x683.jpg)\">\r\n\t\t\t\t\t\t\t\t<img decoding=\"async\" src=\"https:\/\/www.mirabel-mielles.com\/wp-content\/uploads\/2022\/09\/perros-guirrec-1024x683.jpg\" alt=\"Stay in Brittany\" loading=\"lazy\">\r\n\t\t\t\t\t\t\t\t\t\t\t\t\t\t\t<\/a>\r\n\t\t\t\t\t\t<\/div>\r\n\r\n\t\t\t\t\t\t\r\n\t\t\t\t\t\t\t\t\t\t\t\t\t\t\t\t\t\r\n\t\t\t\t\t\t\r\n\t\t\t\t\t\t<div class=\"sev-diaporama-portfolio-item  limitsm btnseeall btnseeall-xl col-12 col-md  col-shrink d-none\">\r\n\t\t\t\t\t\t\t<a href=\"https:\/\/www.mirabel-mielles.com\/wp-content\/uploads\/2022\/09\/Dinard-cote-eau-turquoise-1024x683.jpg\" data-lightbox=\"sevgallery-185263542\" style=\"background-image: url(https:\/\/www.mirabel-mielles.com\/wp-content\/uploads\/2022\/09\/Dinard-cote-eau-turquoise-1024x683.jpg)\">\r\n\t\t\t\t\t\t\t\t<img decoding=\"async\" src=\"https:\/\/www.mirabel-mielles.com\/wp-content\/uploads\/2022\/09\/Dinard-cote-eau-turquoise-1024x683.jpg\" alt=\"campsite near Dinard\" loading=\"lazy\">\r\n\t\t\t\t\t\t\t\t\t\t\t\t\t\t\t<\/a>\r\n\t\t\t\t\t\t<\/div>\r\n\r\n\t\t\t\t\t\t\r\n\t\t\t\t\t\t\t\t\t\t\t\t\t\t\t\t\t\t\t\t\t<\/div>\r\n\t\t\t<\/div>\r\n\r\n\t\t\t<script>\r\n\t\t\tjQuery(function($) {\r\n\r\n\t\t\t\tvar marginPortfolio = function() {\r\n\r\n\t\t\t\t\tvar $diapo          = $('#sevgallery-185263542');\r\n\t\t\t\t\tvar container_width = $diapo.parent().outerWidth();\r\n\t\t\t\t\tvar side            = ( $(window).innerWidth() - container_width ) \/ 2;\r\n\r\n\t\t\t\t\t$diapo.css( {\r\n\t\t\t\t\t\t'margin-left': '-' + side + 'px',\r\n\t\t\t\t\t\t'margin-right': '-' + side + 'px',\r\n\t\t\t\t\t} );\r\n\t\t\t\t};\r\n\r\n\t\t\t\t$( window ).resize( function() {\r\n\t\t\t\t\tmarginPortfolio();\r\n\t\t\t\t} );\r\n\t\t\t\tmarginPortfolio();\r\n\t\t\t});\r\n\t\t\t<\/script>","protected":false},"excerpt":{"rendered":"<p>Un camping dans les C\u00f4tes d\u2019Armor en bord de mer Notre camping 4 \u00e9toiles Les Mielles vous accueille pour des [&hellip;]<\/p>\n","protected":false},"author":2,"featured_media":0,"parent":0,"menu_order":0,"comment_status":"closed","ping_status":"closed","template":"","meta":{"_seopress_robots_primary_cat":"","_seopress_titles_title":"Camping 4 \u00e9toiles C\u00f4tes d'Armor en bord de mer","_seopress_titles_desc":"Pendant votre s\u00e9jour dans notre camping Les Mielles \u00e0 Saint-Cast-le-Guildo, d\u00e9couvrez les C\u00f4tes d'Armor et ses activit\u00e9s familiales","_seopress_robots_index":"","footnotes":""},"class_list":["post-10811","page","type-page","status-publish","hentry"],"_links":{"self":[{"href":"https:\/\/www.mirabel-mielles.com\/en\/wp-json\/wp\/v2\/pages\/10811","targetHints":{"allow":["GET"]}}],"collection":[{"href":"https:\/\/www.mirabel-mielles.com\/en\/wp-json\/wp\/v2\/pages"}],"about":[{"href":"https:\/\/www.mirabel-mielles.com\/en\/wp-json\/wp\/v2\/types\/page"}],"author":[{"embeddable":true,"href":"https:\/\/www.mirabel-mielles.com\/en\/wp-json\/wp\/v2\/users\/2"}],"replies":[{"embeddable":true,"href":"https:\/\/www.mirabel-mielles.com\/en\/wp-json\/wp\/v2\/comments?post=10811"}],"version-history":[{"count":11,"href":"https:\/\/www.mirabel-mielles.com\/en\/wp-json\/wp\/v2\/pages\/10811\/revisions"}],"predecessor-version":[{"id":10945,"href":"https:\/\/www.mirabel-mielles.com\/en\/wp-json\/wp\/v2\/pages\/10811\/revisions\/10945"}],"wp:attachment":[{"href":"https:\/\/www.mirabel-mielles.com\/en\/wp-json\/wp\/v2\/media?parent=10811"}],"curies":[{"name":"wp","href":"https:\/\/api.w.org\/{rel}","templated":true}]}}