{"id":48,"date":"2021-12-10T14:16:36","date_gmt":"2021-12-10T13:16:36","guid":{"rendered":"https:\/\/www.campinglarenaudiere.com\/?page_id=48"},"modified":"2026-01-28T11:59:50","modified_gmt":"2026-01-28T10:59:50","slug":"camping-services","status":"publish","type":"page","link":"https:\/\/www.mirabel-mielles.com\/en\/services-camping","title":{"rendered":"Services"},"content":{"rendered":"<h1 class=\"wp-block-heading\">On-site and nearby services for a worry-free holiday<\/h1>\n\n\n\n<p class=\"has-text-align-center\">Directly at the campsite or just a few minutes' walk away, you'll find all the services at Les Mielles campsite in St-Cast<\/p>\n\n\n\n<figure class=\"wp-block-image aligncenter size-full\"><img decoding=\"async\" src=\"https:\/\/www.campinglarenaudiere.com\/wp-content\/uploads\/2022\/01\/barre-bleue.png\" alt=\"\" class=\"wp-image-2382\"\/><\/figure>\n\n\n\n<div class=\"wp-block-columns is-layout-flex wp-container-core-columns-is-layout-28f84493 wp-block-columns-is-layout-flex\">\n<div class=\"wp-block-column is-layout-flow wp-block-column-is-layout-flow\" style=\"flex-basis:40%\">\n<div class=\"wp-block-group p-5 is-layout-flow wp-block-group-is-layout-flow\">\n<h2 class=\"wp-block-heading has-text-align-left\">List of services<br><\/h2>\n\n\n\n<figure class=\"wp-block-image size-full\"><img decoding=\"async\" src=\"https:\/\/www.campinglarenaudiere.com\/wp-content\/uploads\/2022\/01\/barre-bleue.png\" alt=\"\" class=\"wp-image-2382\"\/><\/figure>\n\n\n\n<p><i class=\"fa fa-wifi\"><\/i> \u00a0WiFi hotspot with fibre<\/p>\n\n\n\n<p><i class=\"fa fa-info-circle\"><\/i> &nbsp; Tourist information and ticketing <\/p>\n\n\n\n<p><i class=\"fa fa-book\"><\/i> &nbsp; Loan of books and games<\/p>\n\n\n\n<p><i class=\"fa fa-tshirt\"><\/i> &nbsp;Laundry room with washing machines and tumble dryers*.<\/p>\n\n\n\n<p><i class=\"fa fa-baby-carriage\"><\/i> &nbsp; Baby kit hire <br><em>(cot, high chair, baby bath)<\/em><\/p>\n\n\n\n<p><\/p>\n\n\n\n<p><img decoding=\"async\" class=\"wp-image-388\" style=\"width: 24px;\" src=\"https:\/\/www.campinglarenaudiere.com\/wp-content\/uploads\/2021\/12\/fer-a-repasser.jpg\" alt=\"iron loan\"> Loan of iron and ironing board<\/p>\n\n\n\n<p><i class=\"fa fa-bed\"><\/i> &nbsp;Bed linen hire<\/p>\n\n\n\n<p><i class=\"fa fa-sink\"><\/i> &nbsp; Baby bathroom<\/p>\n\n\n\n<p><i class=\"fa fa-wheelchair\"><\/i>&nbsp; PRM toilets <\/p>\n\n\n\n<p><i class=\"fa fa-bacon\"><\/i> Communal barbecues<\/p>\n\n\n\n<p>Bread and pastries (to order)<\/p>\n\n\n\n<p>*Paying : <em>see option prices on the <a href=\"https:\/\/www.mirabel-mielles.com\/en\/mobile-home-rental-rates\/\">accommodation<\/a><\/em><\/p>\n<\/div>\n<\/div>\n\n\n\n<div class=\"wp-block-column is-vertically-aligned-center is-layout-flow wp-block-column-is-layout-flow\" style=\"flex-basis:60%\">\n<div class=\"wp-block-group border border-info card p-4 is-layout-flow wp-block-group-is-layout-flow\">\n<p class=\"texte-rond has-orange-color has-text-color has-large-font-size\">Accessible sanitary facilities for all &nbsp;<i class=\"fa fa-wheelchair\"><\/i><\/p>\n\n\n\n<p>Shower cubicles, WCs, washbasins, children's toilets and toilets adapted for people with reduced mobility.<\/p>\n<\/div>\n\n\n\n<h2 class=\"wp-block-heading\">Les Mielles campsite services<\/h2>\n\n\n\n<p>When you come to spend a few days holiday at camping Les Mielles in Saint-Cast-le-Guildo, you'll benefit from a number of free services and options to make your stay with us easier. At reception, between <strong>loan of games or books<\/strong>e, the <strong>viennoiserie order<\/strong> and bread for breakfast or <strong>hire of sheets or baby kit<\/strong>, We've thought of everything for your comfort. We've also set up a small grocery shop stocked with essentials to suit your needs. Don't hesitate to ask our receptionists for more information.<\/p>\n\n\n\n<figure class=\"wp-block-image size-full is-resized\"><img loading=\"lazy\" decoding=\"async\" width=\"600\" height=\"541\" src=\"https:\/\/www.mirabel-mielles.com\/wp-content\/uploads\/2026\/01\/service-viennoiserie-pain-camping.jpg\" alt=\"bread and pastries available at the campsite\" class=\"wp-image-10637\" style=\"aspect-ratio:1.1090713388746039;width:363px;height:auto\" srcset=\"https:\/\/www.mirabel-mielles.com\/wp-content\/uploads\/2026\/01\/service-viennoiserie-pain-camping.jpg 600w, https:\/\/www.mirabel-mielles.com\/wp-content\/uploads\/2026\/01\/service-viennoiserie-pain-camping-300x271.jpg 300w\" sizes=\"auto, (max-width: 600px) 100vw, 600px\" \/><\/figure>\n\n\n\n<h2 class=\"wp-block-heading\">Nearby services <\/h2>\n\n\n\n<figure class=\"wp-block-image size-full\"><img decoding=\"async\" src=\"https:\/\/www.campinglarenaudiere.com\/wp-content\/uploads\/2022\/01\/barre-bleue.png\" alt=\"\" class=\"wp-image-2382\"\/><\/figure>\n\n\n\n<p>To do your shopping, <strong>stroll through the market<\/strong>, To pick up your bread and pastries for breakfast, to post your postcards, the town centre of <a href=\"https:\/\/www.mirabel-mielles.com\/en\/saint-cast-le-guildo\/\" data-type=\"page\" data-id=\"69\">Saint-Cast<\/a> is located in <strong>700 m from the campsite<\/strong>. So you can do all your shopping on foot, by bike or even on a scooter in less than 10 minutes - it's a dream! If you need something a bit bigger, the <strong>nearest supermarket<\/strong> is 5 km away in the commune of Matignon.<\/p>\n\n\n\n<p><\/p>\n<\/div>\n<\/div>\n\n\n\n<div class=\"wp-block-group card card-body border border-info is-layout-constrained wp-block-group-is-layout-constrained\">\n<p class=\"has-text-align-center has-medium-font-size\"><strong>Focus on the digital guide<\/strong><br><img decoding=\"async\" class=\"wp-image-4323\" style=\"width: 49px;\" src=\"https:\/\/www.mirabel-prairiesdelamer.com\/wp-content\/uploads\/2021\/12\/barre-camping.png\" alt=\"\"><\/p>\n\n\n\n<p>At Les Mielles campsite, we are <strong>committed to the planet<\/strong> and try to reduce the impact of our actions. With this in mind, we <strong>reduce printing<\/strong> paper and have set up a <strong>digital guide.<\/strong> This free application, accessible from your smartphone, tablet or computer, lists <strong>all the information you need<\/strong> to your stay at our campsite: reception opening times, summer entertainment schedule, swimming pool opening times, restaurant menu, etc.<\/p>\n\n\n\n<p class=\"has-text-align-center\"><i class=\"far fa-hand-point-right\"> <a href=\"https:\/\/notre.guide\/lesmielles\/?fbclid=IwZXh0bgNhZW0CMTAAAR31iVy_9nXGIzjH0o7aJymsLhkCJ9ami1IR72BP5e3SXFPqVafefagRvnU_aem_lFH3XfMDM4_93w78h2Wmkg\" target=\"_blank\" rel=\"noreferrer noopener\">To find out more, click here.<\/a><\/i><\/p>\n<\/div>\n\n\n\n<p class=\"has-text-align-center texte-rond mt-5 has-large-font-size\">Discover the campsite<\/p>\n\n\n\n<div class=\"wp-block-columns h-20 front-page-section grey is-layout-flex wp-container-core-columns-is-layout-28f84493 wp-block-columns-is-layout-flex\">\n<div class=\"wp-block-column is-layout-flow wp-block-column-is-layout-flow\"><\/div>\n\n\n\n<div class=\"wp-block-column is-layout-flow wp-block-column-is-layout-flow\">\n<div class=\"wp-block-create-block-sevgutenberg-navigation\"><aside class=\"encart-sev-navigation small carre\"><a href=\"https:\/\/www.mirabel-mielles.com\/en\/sports-and-leisure-activities\/\" class=\"d-flex flex-column align-items-center\"><div class=\"encart-title\"><span>Sports and leisure<\/span><\/div><div class=\"vague\"><\/div><img decoding=\"async\" src=\"https:\/\/www.mirabel-mielles.com\/wp-content\/uploads\/2022\/09\/allee-camping-velos-enfants.jpg\" alt=\"cycling along the campsite lanes\"\/><div class=\"ligne\"><\/div><div class=\"hover\"><\/div><\/a><\/aside><\/div>\n<\/div>\n\n\n\n<div class=\"wp-block-column is-layout-flow wp-block-column-is-layout-flow\">\n<div class=\"wp-block-create-block-sevgutenberg-navigation\"><aside class=\"encart-sev-navigation small carre\"><a href=\"https:\/\/www.mirabel-mielles.com\/en\/mobile-home-rental-rates\/\" class=\"d-flex flex-column align-items-center\"><div class=\"encart-title\"><span>Rentals<\/span><\/div><div class=\"vague\"><\/div><img decoding=\"async\" src=\"https:\/\/www.mirabel-mielles.com\/wp-content\/uploads\/2022\/09\/mh-pmr-soleil.jpg\" alt=\"PMR mobile home rental\"\/><div class=\"ligne\"><\/div><div class=\"hover\"><\/div><\/a><\/aside><\/div>\n<\/div>\n\n\n\n<div class=\"wp-block-column is-layout-flow wp-block-column-is-layout-flow\">\n<div class=\"wp-block-create-block-sevgutenberg-navigation\"><aside class=\"encart-sev-navigation small carre\"><a href=\"https:\/\/www.mirabel-mielles.com\/en\/activities-events-evenings\/\" class=\"d-flex flex-column align-items-center\"><div class=\"encart-title\"><span>Entertainment<\/span><\/div><div class=\"vague\"><\/div><img decoding=\"async\" src=\"https:\/\/www.mirabel-mielles.com\/wp-content\/uploads\/2022\/09\/creation-peinture-club-enfant.jpg\" alt=\"creative workshop at the campsite\"\/><div class=\"ligne\"><\/div><div class=\"hover\"><\/div><\/a><\/aside><\/div>\n<\/div>\n\n\n\n<div class=\"wp-block-column is-layout-flow wp-block-column-is-layout-flow\"><\/div>\n<\/div>\n\n\n\n<figure class=\"wp-block-image aligncenter size-large is-resized mt-5\"><img decoding=\"async\" src=\"https:\/\/www.campinglarenaudiere.com\/wp-content\/uploads\/2022\/01\/photo-1024x84.png\" alt=\"photo gallery\" class=\"wp-image-2371\" style=\"width:768px;height:63px\"\/><\/figure>\n\n\n\t\t\t<div id=\"sevgallery-304618441\" class=\"sev-diaporama sev-diaporama-portfolio\">\r\n\t\t\t\t<div class=\"row\">\r\n\r\n\t\t\t\t\t\r\n\t\t\t\t\t\t\r\n\t\t\t\t\t\t<div class=\"sev-diaporama-portfolio-item   btnseeall btnseeall-xl col-12 col-md  col-grow\">\r\n\t\t\t\t\t\t\t<a href=\"https:\/\/www.mirabel-mielles.com\/wp-content\/uploads\/2026\/01\/accueil-service-camping-reception.jpg\" data-lightbox=\"sevgallery-304618441\" style=\"background-image: url(https:\/\/www.mirabel-mielles.com\/wp-content\/uploads\/2026\/01\/accueil-service-camping-reception.jpg)\">\r\n\t\t\t\t\t\t\t\t<img decoding=\"async\" src=\"https:\/\/www.mirabel-mielles.com\/wp-content\/uploads\/2026\/01\/accueil-service-camping-reception.jpg\" alt=\"les mielles campsite reception with grocery shop\" loading=\"lazy\">\r\n\t\t\t\t\t\t\t\t\t\t\t\t\t\t\t<\/a>\r\n\t\t\t\t\t\t<\/div>\r\n\r\n\t\t\t\t\t\t\r\n\t\t\t\t\t\t\t\t\t\t\t\t\t\t\t\t\t\r\n\t\t\t\t\t\t\r\n\t\t\t\t\t\t<div class=\"sev-diaporama-portfolio-item   btnseeall btnseeall-xl col-12 col-md  col-shrink\">\r\n\t\t\t\t\t\t\t<a href=\"https:\/\/www.mirabel-mielles.com\/wp-content\/uploads\/2022\/09\/accueil-documentation-information-1-1024x683.jpg\" data-lightbox=\"sevgallery-304618441\" style=\"background-image: url(https:\/\/www.mirabel-mielles.com\/wp-content\/uploads\/2022\/09\/accueil-documentation-information-1-1024x683.jpg)\">\r\n\t\t\t\t\t\t\t\t<img decoding=\"async\" src=\"https:\/\/www.mirabel-mielles.com\/wp-content\/uploads\/2022\/09\/accueil-documentation-information-1-1024x683.jpg\" alt=\"campsite reception\" loading=\"lazy\">\r\n\t\t\t\t\t\t\t\t\t\t\t\t\t\t\t<\/a>\r\n\t\t\t\t\t\t<\/div>\r\n\r\n\t\t\t\t\t\t\r\n\t\t\t\t\t\t\t\t\t\t\t\t\t\t\t\t\t\r\n\t\t\t\t\t\t\r\n\t\t\t\t\t\t<div class=\"sev-diaporama-portfolio-item   btnseeall btnseeall-xl col-12 col-md  col-grow\">\r\n\t\t\t\t\t\t\t<a href=\"https:\/\/www.mirabel-mielles.com\/wp-content\/uploads\/2026\/01\/barbecue-gratuit-camping.jpg\" data-lightbox=\"sevgallery-304618441\" style=\"background-image: url(https:\/\/www.mirabel-mielles.com\/wp-content\/uploads\/2026\/01\/barbecue-gratuit-camping.jpg)\">\r\n\t\t\t\t\t\t\t\t<img decoding=\"async\" src=\"https:\/\/www.mirabel-mielles.com\/wp-content\/uploads\/2026\/01\/barbecue-gratuit-camping.jpg\" alt=\"free communal barbecue at the campsite\" loading=\"lazy\">\r\n\t\t\t\t\t\t\t\t\t\t\t\t\t\t\t<\/a>\r\n\t\t\t\t\t\t<\/div>\r\n\r\n\t\t\t\t\t\t\r\n\t\t\t\t\t\t\t\t\t\t\t\t\t\t\t\t\t\r\n\t\t\t\t\t\t\r\n\t\t\t\t\t\t<div class=\"sev-diaporama-portfolio-item   btnseeall btnseeall-xl col-12 col-md\">\r\n\t\t\t\t\t\t\t<a href=\"https:\/\/www.mirabel-mielles.com\/en\/photos-camping-mielles\"  style=\"background-image: url(https:\/\/www.mirabel-mielles.com\/wp-content\/uploads\/2022\/09\/sanitaire-evier-vaisselle-1-1024x683.jpg)\">\r\n\t\t\t\t\t\t\t\t<img decoding=\"async\" src=\"https:\/\/www.mirabel-mielles.com\/wp-content\/uploads\/2022\/09\/sanitaire-evier-vaisselle-1-1024x683.jpg\" alt=\"campsite sanitary facilities\" loading=\"lazy\">\r\n\t\t\t\t\t\t\t\t\t\t\t\t\t\t\t<\/a>\r\n\t\t\t\t\t\t<\/div>\r\n\r\n\t\t\t\t\t\t\t\t\t\t\t\t\t<div class=\"w-100\"><\/div>\r\n\t\t\t\t\t\t\t\t\t\t\t\t\t\r\n\t\t\t\t\t\t\t\t\t\t\t\t\t\t\t\t\t\r\n\t\t\t\t\t\t\r\n\t\t\t\t\t\t<div class=\"sev-diaporama-portfolio-item   btnseeall btnseeall-xl col-12 col-md  col-shrink\">\r\n\t\t\t\t\t\t\t<a href=\"https:\/\/www.mirabel-mielles.com\/wp-content\/uploads\/2026\/01\/service-viennoiserie-pain-camping.jpg\" data-lightbox=\"sevgallery-304618441\" style=\"background-image: url(https:\/\/www.mirabel-mielles.com\/wp-content\/uploads\/2026\/01\/service-viennoiserie-pain-camping.jpg)\">\r\n\t\t\t\t\t\t\t\t<img decoding=\"async\" src=\"https:\/\/www.mirabel-mielles.com\/wp-content\/uploads\/2026\/01\/service-viennoiserie-pain-camping.jpg\" alt=\"\" loading=\"lazy\">\r\n\t\t\t\t\t\t\t\t\t\t\t\t\t\t\t<\/a>\r\n\t\t\t\t\t\t<\/div>\r\n\r\n\t\t\t\t\t\t\r\n\t\t\t\t\t\t\t\t\t\t\t\t\t\t\t\t\t\r\n\t\t\t\t\t\t\r\n\t\t\t\t\t\t<div class=\"sev-diaporama-portfolio-item   btnseeall btnseeall-xl col-12 col-md\">\r\n\t\t\t\t\t\t\t<a href=\"https:\/\/www.mirabel-mielles.com\/wp-content\/uploads\/2022\/09\/barbecue-table-piquenique-1-1024x768.jpg\" data-lightbox=\"sevgallery-304618441\" style=\"background-image: url(https:\/\/www.mirabel-mielles.com\/wp-content\/uploads\/2022\/09\/barbecue-table-piquenique-1-1024x768.jpg)\">\r\n\t\t\t\t\t\t\t\t<img decoding=\"async\" src=\"https:\/\/www.mirabel-mielles.com\/wp-content\/uploads\/2022\/09\/barbecue-table-piquenique-1-1024x768.jpg\" alt=\"barbecue rental\" loading=\"lazy\">\r\n\t\t\t\t\t\t\t\t\t\t\t\t\t\t\t<\/a>\r\n\t\t\t\t\t\t<\/div>\r\n\r\n\t\t\t\t\t\t\r\n\t\t\t\t\t\t\t\t\t\t\t\t\t\t\t\t\t\r\n\t\t\t\t\t\t\r\n\t\t\t\t\t\t<div class=\"sev-diaporama-portfolio-item   btnseeall btnseeall-xl col-12 col-md\">\r\n\t\t\t\t\t\t\t<a href=\"https:\/\/www.mirabel-mielles.com\/wp-content\/uploads\/2022\/09\/sanitaire-enfant-lange-1-1024x683.jpg\" data-lightbox=\"sevgallery-304618441\" style=\"background-image: url(https:\/\/www.mirabel-mielles.com\/wp-content\/uploads\/2022\/09\/sanitaire-enfant-lange-1-1024x683.jpg)\">\r\n\t\t\t\t\t\t\t\t<img decoding=\"async\" src=\"https:\/\/www.mirabel-mielles.com\/wp-content\/uploads\/2022\/09\/sanitaire-enfant-lange-1-1024x683.jpg\" alt=\"sanitary facilities at the 4-star campsite\" loading=\"lazy\">\r\n\t\t\t\t\t\t\t\t\t\t\t\t\t\t\t<\/a>\r\n\t\t\t\t\t\t<\/div>\r\n\r\n\t\t\t\t\t\t\r\n\t\t\t\t\t\t\t\t\t\t\t\t\t\t\t\t\t\r\n\t\t\t\t\t\t\r\n\t\t\t\t\t\t<div class=\"sev-diaporama-portfolio-item   btnseeall btnseeall-xl col-12 col-md  col-shrink last-visible\">\r\n\t\t\t\t\t\t\t<a href=\"https:\/\/www.mirabel-mielles.com\/wp-content\/uploads\/2022\/09\/vue-aerienne-mielles-1-1024x683.jpg\" data-lightbox=\"sevgallery-304618441\" style=\"background-image: url(https:\/\/www.mirabel-mielles.com\/wp-content\/uploads\/2022\/09\/vue-aerienne-mielles-1-1024x683.jpg)\">\r\n\t\t\t\t\t\t\t\t<img decoding=\"async\" src=\"https:\/\/www.mirabel-mielles.com\/wp-content\/uploads\/2022\/09\/vue-aerienne-mielles-1-1024x683.jpg\" alt=\"aerial view of the campsite\" loading=\"lazy\">\r\n\t\t\t\t\t\t\t\t\t\t\t\t\t\t\t\t\t<img decoding=\"async\" src=\"https:\/\/www.mirabel-mielles.com\/wp-content\/themes\/mielles\/assets\/img\/voir-photos.png\" alt=\"\" \/>\r\n\t\t\t\t\t\t\t\t\t<span>See all photos<\/span>\r\n\t\t\t\t\t\t\t\t\t\t\t\t\t\t\t<\/a>\r\n\t\t\t\t\t\t<\/div>\r\n\r\n\t\t\t\t\t\t\t\t\t\t\t\t\t<div class=\"w-100\"><\/div>\r\n\t\t\t\t\t\t\t\t\t\t\t\t\t\r\n\t\t\t\t\t\t\t\t\t\t\t\t\t\t\t\t\t\r\n\t\t\t\t\t\t\r\n\t\t\t\t\t\t<div class=\"sev-diaporama-portfolio-item  limitsm btnseeall btnseeall-xl col-12 col-md  d-none\">\r\n\t\t\t\t\t\t\t<a href=\"https:\/\/www.mirabel-mielles.com\/wp-content\/uploads\/2022\/09\/accueil-entree-mielles-mirabel-1-1024x683.jpg\" data-lightbox=\"sevgallery-304618441\" style=\"background-image: url(https:\/\/www.mirabel-mielles.com\/wp-content\/uploads\/2022\/09\/accueil-entree-mielles-mirabel-1-1024x683.jpg)\">\r\n\t\t\t\t\t\t\t\t<img decoding=\"async\" src=\"https:\/\/www.mirabel-mielles.com\/wp-content\/uploads\/2022\/09\/accueil-entree-mielles-mirabel-1-1024x683.jpg\" alt=\"reception at Mirabel campsite\" loading=\"lazy\">\r\n\t\t\t\t\t\t\t\t\t\t\t\t\t\t\t<\/a>\r\n\t\t\t\t\t\t<\/div>\r\n\r\n\t\t\t\t\t\t\r\n\t\t\t\t\t\t\t\t\t\t\t\t\t\t\t\t\t\t\t\t\t<\/div>\r\n\t\t\t<\/div>\r\n\r\n\t\t\t<script>\r\n\t\t\tjQuery(function($) {\r\n\r\n\t\t\t\tvar marginPortfolio = function() {\r\n\r\n\t\t\t\t\tvar $diapo          = $('#sevgallery-304618441');\r\n\t\t\t\t\tvar container_width = $diapo.parent().outerWidth();\r\n\t\t\t\t\tvar side            = ( $(window).innerWidth() - container_width ) \/ 2;\r\n\r\n\t\t\t\t\t$diapo.css( {\r\n\t\t\t\t\t\t'margin-left': '-' + side + 'px',\r\n\t\t\t\t\t\t'margin-right': '-' + side + 'px',\r\n\t\t\t\t\t} );\r\n\t\t\t\t};\r\n\r\n\t\t\t\t$( window ).resize( function() {\r\n\t\t\t\t\tmarginPortfolio();\r\n\t\t\t\t} );\r\n\t\t\t\tmarginPortfolio();\r\n\t\t\t});\r\n\t\t\t<\/script>\r\n\t\t\t\n\n\n\n<p><\/p>","protected":false},"excerpt":{"rendered":"<p>Des services sur place et \u00e0 proximit\u00e9 pour des vacances sereines Directement au camping ou accessible \u00e0 quelques minutes \u00e0 [&hellip;]<\/p>\n","protected":false},"author":1,"featured_media":0,"parent":0,"menu_order":0,"comment_status":"closed","ping_status":"closed","template":"","meta":{"_seopress_robots_primary_cat":"","_seopress_titles_title":"Camping avec service sur place \u00e0 Saint Cast le Guildo","_seopress_titles_desc":"Le camping Les Mielles \u00e0 Saint Cast le Guildo vous propose de nombreux services pour des vacances r\u00e9ussies : pr\u00eat de livres et jeux, point wifi gratuit...","_seopress_robots_index":"","footnotes":""},"class_list":["post-48","page","type-page","status-publish","hentry"],"_links":{"self":[{"href":"https:\/\/www.mirabel-mielles.com\/en\/wp-json\/wp\/v2\/pages\/48","targetHints":{"allow":["GET"]}}],"collection":[{"href":"https:\/\/www.mirabel-mielles.com\/en\/wp-json\/wp\/v2\/pages"}],"about":[{"href":"https:\/\/www.mirabel-mielles.com\/en\/wp-json\/wp\/v2\/types\/page"}],"author":[{"embeddable":true,"href":"https:\/\/www.mirabel-mielles.com\/en\/wp-json\/wp\/v2\/users\/1"}],"replies":[{"embeddable":true,"href":"https:\/\/www.mirabel-mielles.com\/en\/wp-json\/wp\/v2\/comments?post=48"}],"version-history":[{"count":25,"href":"https:\/\/www.mirabel-mielles.com\/en\/wp-json\/wp\/v2\/pages\/48\/revisions"}],"predecessor-version":[{"id":10705,"href":"https:\/\/www.mirabel-mielles.com\/en\/wp-json\/wp\/v2\/pages\/48\/revisions\/10705"}],"wp:attachment":[{"href":"https:\/\/www.mirabel-mielles.com\/en\/wp-json\/wp\/v2\/media?parent=48"}],"curies":[{"name":"wp","href":"https:\/\/api.w.org\/{rel}","templated":true}]}}