{"id":54,"date":"2021-12-10T14:20:25","date_gmt":"2021-12-10T13:20:25","guid":{"rendered":"https:\/\/www.campinglarenaudiere.com\/?page_id=54"},"modified":"2026-03-19T12:05:25","modified_gmt":"2026-03-19T11:05:25","slug":"swimming-pool-aquatic-area","status":"publish","type":"page","link":"https:\/\/www.mirabel-mielles.com\/en\/piscine-espace-aquatique","title":{"rendered":"Aquatic area"},"content":{"rendered":"<h1 class=\"wp-block-heading\" id=\"un-camping-4-etoiles-avec-piscine-saint-cast-le-guildo\">Campsite with swimming pool at Saint-Cast-le-Guildo<\/h1>\n\n\n\n<div class=\"wp-block-group is-layout-flow wp-block-group-is-layout-flow\">\n<p class=\"has-text-align-center\">Just 250 metres from the <strong>Saint-Cast-le-Guildo beach<\/strong>, our Mirabel Les Mielles campsite welcomes you for <strong>holidays in Brittany<\/strong> between sea and relaxation. Enjoy a <strong>user-friendly aquatic area<\/strong> with large <strong>heated swimming pool<\/strong>, There's also a children's pool and sun loungers. New for 2026: a <strong>indoor swimming pool<\/strong> has been added to our range of equipment so you can enjoy it even longer into the season.<\/p>\n\n\n\n<p class=\"has-text-align-center\"><em><strong>(page being updated)<\/strong><\/em><\/p>\n\n\n\n<figure class=\"wp-block-image aligncenter size-full is-resized\"><img decoding=\"async\" src=\"https:\/\/www.campinglarenaudiere.com\/wp-content\/uploads\/2022\/01\/barre-bleue.png\" alt=\"\" class=\"wp-image-2382\" style=\"width:50px;height:8px\"\/><\/figure>\n<\/div>\n\n\n\n<div class=\"wp-block-media-text alignwide has-media-on-the-right is-stacked-on-mobile animate right\"><div class=\"wp-block-media-text__content\">\n<h2 class=\"wp-block-heading\"><strong>Our campsite in C\u00f4tes d'Armor with swimming pool<\/strong> heated<\/h2>\n\n\n\n<figure class=\"wp-block-image size-full\"><img loading=\"lazy\" decoding=\"async\" width=\"50\" height=\"8\" src=\"https:\/\/www.mirabel-mielles.com\/wp-content\/uploads\/2022\/09\/barre-bleue.png\" alt=\"\" class=\"wp-image-5969\"\/><\/figure>\n\n\n\n<p>At Les Mielles campsite in Saint-Cast-le-Guildo, the\u2019<strong>aquatic area<\/strong> is designed for young and old alike. From 15 June (weather permitting), <strong>the heated swimming pool<\/strong> The pool is open for moments of relaxation and play. Heated to around 28\u00b0C, you can get in the water without hesitation, even at the start or end of the season.<\/p>\n\n\n\n<p>The large pool is ideal for swimming a few lengths or cooling off after a day at the beach. Meanwhile, children can have fun in the pool adapted to their age. Whether you're an athlete, a fan of lazing around or in search of relaxation, you'll find a pool to suit every taste. <strong>family holidays in Brittany<\/strong>, Everyone finds their own rhythm at the water's edge.<\/p>\n\n\n\n<p class=\"has-text-align-center texte-rond has-orange-color has-text-color has-large-font-size\">Into the water!<\/p>\n\n\n\n<div class=\"wp-block-columns is-layout-flex wp-container-core-columns-is-layout-28f84493 wp-block-columns-is-layout-flex\">\n<div class=\"wp-block-column ml-auto mr-auto is-layout-flow wp-block-column-is-layout-flow\" style=\"flex-basis:80%\">\n<div class=\"wp-block-group border border-info card is-layout-flow wp-block-group-is-layout-flow\">\n<p class=\"has-text-align-center\"><strong>Swimming pool opening times&nbsp;<\/strong><br><img decoding=\"async\" class=\"wp-image-2357\" style=\"width: 50px;\" src=\"https:\/\/www.campinglarenaudiere.com\/wp-content\/uploads\/2022\/01\/barre-orange.png\" alt=\"\"><\/p>\n\n\n\n<p class=\"has-text-align-center\">10am - 7pm<br>Opening period : <br>15 June - 17 September<br><br><em>These dates are subject to change depending on the weather<\/em><\/p>\n<\/div>\n<\/div>\n<\/div>\n\n\n\n<div style=\"height:50px\" aria-hidden=\"true\" class=\"wp-block-spacer\"><\/div>\n<\/div><figure class=\"wp-block-media-text__media\"><img loading=\"lazy\" decoding=\"async\" width=\"1024\" height=\"768\" src=\"https:\/\/www.mirabel-mielles.com\/wp-content\/uploads\/2022\/09\/1-espace-aquatique-chauffee-bretagne-1024x768.jpg\" alt=\"aquatic area at the Saint Cast le Guildo campsite\" class=\"wp-image-5970 size-full\" srcset=\"https:\/\/www.mirabel-mielles.com\/wp-content\/uploads\/2022\/09\/1-espace-aquatique-chauffee-bretagne-1024x768.jpg 1024w, https:\/\/www.mirabel-mielles.com\/wp-content\/uploads\/2022\/09\/1-espace-aquatique-chauffee-bretagne-300x225.jpg 300w, https:\/\/www.mirabel-mielles.com\/wp-content\/uploads\/2022\/09\/1-espace-aquatique-chauffee-bretagne-768x576.jpg 768w, https:\/\/www.mirabel-mielles.com\/wp-content\/uploads\/2022\/09\/1-espace-aquatique-chauffee-bretagne.jpg 1200w\" sizes=\"auto, (max-width: 1024px) 100vw, 1024px\" \/><\/figure><\/div>\n\n\n\n<div class=\"wp-block-media-text alignwide is-stacked-on-mobile\"><figure class=\"wp-block-media-text__media\"><img loading=\"lazy\" decoding=\"async\" width=\"600\" height=\"400\" src=\"https:\/\/www.mirabel-mielles.com\/wp-content\/uploads\/2026\/02\/piscine-pataugeoire-enfant.jpg\" alt=\"children&#039;s paddling pool cote d&#039;armor swimming pool\" class=\"wp-image-10769 size-full\" srcset=\"https:\/\/www.mirabel-mielles.com\/wp-content\/uploads\/2026\/02\/piscine-pataugeoire-enfant.jpg 600w, https:\/\/www.mirabel-mielles.com\/wp-content\/uploads\/2026\/02\/piscine-pataugeoire-enfant-300x200.jpg 300w\" sizes=\"auto, (max-width: 600px) 100vw, 600px\" \/><\/figure><div class=\"wp-block-media-text__content\">\n<h3 class=\"wp-block-heading\">A heated paddling pool for toddlers<\/h3>\n\n\n\n<p>The swimming pool is your children's favourite place during the holidays. <strong>camping holidays<\/strong>. So that they can have fun in safety, our aquatic area is equipped with a <strong>pool for toddlers<\/strong>. <\/p>\n\n\n\n<p>Heated to 28\u00b0, <strong>the paddling pool<\/strong> allows children to enjoy the pool in complete peace of mind. The pool is no more than 50 cm deep. This means that parents can sit comfortably in the water with their child as they make their first aquatic discoveries.<\/p>\n\n\n\n<p>At Camping Les Mielles, everyone has their own space to make the most of their holiday. <strong>holidays in Saint-Cast-le-Guildo.<\/strong><\/p>\n<\/div><\/div>\n\n\n\n<p><\/p>\n\n\n\n<div class=\"wp-block-media-text is-stacked-on-mobile\"><figure class=\"wp-block-media-text__media\"><img loading=\"lazy\" decoding=\"async\" width=\"1024\" height=\"683\" src=\"https:\/\/www.mirabel-mielles.com\/wp-content\/uploads\/2026\/02\/IMG_2053-1024x683.jpg\" alt=\"summer swimming pool activities saint cast le guildo\" class=\"wp-image-10768 size-full\" srcset=\"https:\/\/www.mirabel-mielles.com\/wp-content\/uploads\/2026\/02\/IMG_2053-1024x683.jpg 1024w, https:\/\/www.mirabel-mielles.com\/wp-content\/uploads\/2026\/02\/IMG_2053-300x200.jpg 300w, https:\/\/www.mirabel-mielles.com\/wp-content\/uploads\/2026\/02\/IMG_2053-768x512.jpg 768w, https:\/\/www.mirabel-mielles.com\/wp-content\/uploads\/2026\/02\/IMG_2053-1536x1024.jpg 1536w, https:\/\/www.mirabel-mielles.com\/wp-content\/uploads\/2026\/02\/IMG_2053-2048x1365.jpg 2048w\" sizes=\"auto, (max-width: 1024px) 100vw, 1024px\" \/><\/figure><div class=\"wp-block-media-text__content\">\n<h3 class=\"wp-block-heading\">Entertainment at the swimming pool at our Saint-Cast-le-Guildo campsite<\/h3>\n\n\n\n<p>In July and August, the aquatic area becomes a real living space in the heart of the <strong>campsite with swimming pool at Saint-Cast-le-Guildo<\/strong>.<\/p>\n\n\n\n<p>In the morning, join our sports instructor for a <strong>aquafit session<\/strong> ideal for a gentle start to the day. At the end of the afternoon, it's time for the campsite dance with the whole entertainment team. A friendly atmosphere guaranteed!<\/p>\n\n\n\n<p>Weather permitting, our <strong>pool parties\u201c<\/strong> transform the pool into a festive space: water games, buoyancy contests, team challenges and music set the pace. <strong>your holidays in Brittany.<\/strong><\/p>\n\n\n\n<p>Between relaxation and <a href=\"https:\/\/www.mirabel-mielles.com\/en\/activities-events-evenings\/\" target=\"_blank\" rel=\"noreferrer noopener\">animations,<\/a> our <strong>campsite with swimming pool in C\u00f4tes d'Armor<\/strong> offers the perfect balance for the whole family.<\/p>\n<\/div><\/div>\n\n\n\n<hr class=\"wp-block-separator has-alpha-channel-opacity\"\/>\n\n\n\n<div class=\"wp-block-columns is-layout-flex wp-container-core-columns-is-layout-7848aa1a wp-block-columns-is-layout-flex\" style=\"padding-bottom:var(--wp--preset--spacing--40)\">\n<div class=\"wp-block-column is-layout-flow wp-block-column-is-layout-flow\">\n<figure class=\"wp-block-gallery has-nested-images columns-default is-cropped wp-block-gallery-1 is-layout-flex wp-block-gallery-is-layout-flex\">\n<figure class=\"wp-block-image size-full\"><img loading=\"lazy\" decoding=\"async\" width=\"600\" height=\"399\" data-id=\"10770\" src=\"https:\/\/www.mirabel-mielles.com\/wp-content\/uploads\/2026\/02\/transats-piscine-bain-de-soleil.jpg\" alt=\"sun loungers at the pool\" class=\"wp-image-10770\" srcset=\"https:\/\/www.mirabel-mielles.com\/wp-content\/uploads\/2026\/02\/transats-piscine-bain-de-soleil.jpg 600w, https:\/\/www.mirabel-mielles.com\/wp-content\/uploads\/2026\/02\/transats-piscine-bain-de-soleil-300x200.jpg 300w\" sizes=\"auto, (max-width: 600px) 100vw, 600px\" \/><\/figure>\n<\/figure>\n\n\n\n<h4 class=\"wp-block-heading has-text-align-center has-small-font-size\"><strong>Sunbathing area with deckchairs<\/strong><\/h4>\n<\/div>\n\n\n\n<div class=\"wp-block-column is-layout-flow wp-block-column-is-layout-flow\">\n<figure class=\"wp-block-gallery has-nested-images columns-default is-cropped wp-block-gallery-2 is-layout-flex wp-block-gallery-is-layout-flex\">\n<figure class=\"wp-block-image size-full\"><img loading=\"lazy\" decoding=\"async\" width=\"600\" height=\"400\" data-id=\"10771\" src=\"https:\/\/www.mirabel-mielles.com\/wp-content\/uploads\/2026\/02\/piscine-bassin-chauffee-st-cast.jpg\" alt=\"large heated pool saint cast\" class=\"wp-image-10771\" srcset=\"https:\/\/www.mirabel-mielles.com\/wp-content\/uploads\/2026\/02\/piscine-bassin-chauffee-st-cast.jpg 600w, https:\/\/www.mirabel-mielles.com\/wp-content\/uploads\/2026\/02\/piscine-bassin-chauffee-st-cast-300x200.jpg 300w\" sizes=\"auto, (max-width: 600px) 100vw, 600px\" \/><\/figure>\n<\/figure>\n\n\n\n<h4 class=\"wp-block-heading has-text-align-center has-small-font-size\"><strong>Large heated pool<\/strong><\/h4>\n<\/div>\n\n\n\n<div class=\"wp-block-column is-layout-flow wp-block-column-is-layout-flow\">\n<figure class=\"wp-block-gallery has-nested-images columns-default is-cropped wp-block-gallery-3 is-layout-flex wp-block-gallery-is-layout-flex\">\n<figure class=\"wp-block-image size-full\"><img loading=\"lazy\" decoding=\"async\" width=\"600\" height=\"400\" data-id=\"10773\" src=\"https:\/\/www.mirabel-mielles.com\/wp-content\/uploads\/2026\/02\/pool-party-piscine-ete1.jpg\" alt=\"pool parties in saint cast le guildo\" class=\"wp-image-10773\" srcset=\"https:\/\/www.mirabel-mielles.com\/wp-content\/uploads\/2026\/02\/pool-party-piscine-ete1.jpg 600w, https:\/\/www.mirabel-mielles.com\/wp-content\/uploads\/2026\/02\/pool-party-piscine-ete1-300x200.jpg 300w\" sizes=\"auto, (max-width: 600px) 100vw, 600px\" \/><\/figure>\n<\/figure>\n\n\n\n<h4 class=\"wp-block-heading has-text-align-center has-small-font-size\"><strong>Summer pool parties at the swimming pool<\/strong><\/h4>\n<\/div>\n<\/div>\n\n\n\n<div class=\"wp-block-group card card-body border border-info is-layout-constrained wp-block-group-is-layout-constrained\">\n<h2 class=\"wp-block-heading has-text-align-center has-medium-font-size\"><strong>A campsite in Saint-Cast-le-Guildo with an indoor swimming pool<\/strong><\/h2>\n\n\n\n<figure class=\"wp-block-image aligncenter size-full\"><img loading=\"lazy\" decoding=\"async\" width=\"600\" height=\"341\" src=\"https:\/\/www.mirabel-mielles.com\/wp-content\/uploads\/2026\/01\/plan-piscine-nouveaute-2026.jpg\" alt=\"plan new indoor swimming pool camping les mielles\" class=\"wp-image-10651\" srcset=\"https:\/\/www.mirabel-mielles.com\/wp-content\/uploads\/2026\/01\/plan-piscine-nouveaute-2026.jpg 600w, https:\/\/www.mirabel-mielles.com\/wp-content\/uploads\/2026\/01\/plan-piscine-nouveaute-2026-300x171.jpg 300w\" sizes=\"auto, (max-width: 600px) 100vw, 600px\" \/><\/figure>\n\n\n\n<p class=\"has-text-align-center\"><em>Location map, non-contractual<\/em><\/p>\n\n\n\n<p>New for 2026: the <strong>the campsite swimming pool will be covered<\/strong> to enable you to enjoy the aquatic area for longer. Work is scheduled for completion in summer 2026.<\/p>\n\n\n\n<p>Choose a <strong>camping with<\/strong> <strong>indoor swimming pool at Saint-Cast-le-Guildo<\/strong>, This means you can enjoy swimming even when the weather in Brittany is more uncertain. It's a real asset for your <strong>seaside holidays.<\/strong><\/p>\n\n\n\n<p>A <strong>solarium area with deckchairs<\/strong> completes the facilities: perfect for relaxing, reading or watching children learning to swim in the campsite pools.<\/p>\n\n\n\n<p>Come and stay in <a href=\"https:\/\/www.mirabel-mielles.com\/en\/mobile-home-rental-rates\/\" target=\"_blank\" rel=\"noreferrer noopener\">mobile home <\/a>comfort, and enjoy a campsite with <strong>heated and covered swimming pool in Brittany<\/strong>, just a stone's throw from the beach.<br><\/p>\n\n\n\n<p>Don't hesitate to visit our social networks to follow the progress of the project!<\/p>\n\n\n\n<div class=\"wp-block-buttons is-content-justification-center is-layout-flex wp-container-core-buttons-is-layout-a89b3969 wp-block-buttons-is-layout-flex\">\n<div class=\"wp-block-button\"><a class=\"wp-block-button__link has-orange-background-color has-background wp-element-button\" href=\"https:\/\/www.facebook.com\/mirabelsaintcast\" target=\"_blank\" rel=\"noreferrer noopener\"><strong>Facebook<\/strong><\/a><\/div>\n\n\n\n<div class=\"wp-block-button\"><a class=\"wp-block-button__link has-turquoise-background-color has-background has-text-align-center wp-element-button\" href=\"https:\/\/www.instagram.com\/mirabelsaintcast\" target=\"_blank\" rel=\"noreferrer noopener\"><strong>Instagram<\/strong><\/a><\/div>\n<\/div>\n<\/div>\n\n\n\n<p class=\"has-text-align-center texte-rond mt-5 has-large-font-size\">Discover the campsite<\/p>\n\n\n\n<div class=\"wp-block-columns front-page-section grey is-layout-flex wp-container-core-columns-is-layout-28f84493 wp-block-columns-is-layout-flex\">\n<div class=\"wp-block-column is-layout-flow wp-block-column-is-layout-flow\"><\/div>\n\n\n\n<div class=\"wp-block-column is-layout-flow wp-block-column-is-layout-flow\">\n<div class=\"wp-block-create-block-sevgutenberg-navigation\"><aside class=\"encart-sev-navigation small carre\"><a href=\"https:\/\/www.mirabel-mielles.com\/en\/camping-services\/\" class=\"d-flex flex-column align-items-center\"><div class=\"encart-title\"><span>The services<\/span><\/div><div class=\"vague\"><\/div><img decoding=\"async\" src=\"https:\/\/www.mirabel-mielles.com\/wp-content\/uploads\/2022\/09\/accueil-entree-mielles-mirabel-1.jpg\" alt=\"reception at Mirabel campsite\"\/><div class=\"ligne\"><\/div><div class=\"hover\"><\/div><\/a><\/aside><\/div>\n<\/div>\n\n\n\n<div class=\"wp-block-column is-vertically-aligned-center is-layout-flow wp-block-column-is-layout-flow\">\n<div class=\"wp-block-create-block-sevgutenberg-navigation\"><aside class=\"encart-sev-navigation small carre\"><a href=\"https:\/\/www.mirabel-mielles.com\/en\/activities-events-evenings\/\" class=\"d-flex flex-column align-items-center\"><div class=\"encart-title\"><span>Entertainment<\/span><\/div><div class=\"vague\"><\/div><img decoding=\"async\" src=\"https:\/\/www.mirabel-mielles.com\/wp-content\/uploads\/2022\/09\/creation-peinture-club-enfant.jpg\" alt=\"creative workshop at the campsite\"\/><div class=\"ligne\"><\/div><div class=\"hover\"><\/div><\/a><\/aside><\/div>\n<\/div>\n\n\n\n<div class=\"wp-block-column is-layout-flow wp-block-column-is-layout-flow\">\n<div class=\"wp-block-create-block-sevgutenberg-navigation\"><aside class=\"encart-sev-navigation small carre\"><a href=\"https:\/\/www.mirabel-mielles.com\/en\/saint-cast-le-guildo\/\" class=\"d-flex flex-column align-items-center\"><div class=\"encart-title\"><span>Saint-Cast-le-Guildo<\/span><\/div><div class=\"vague\"><\/div><img decoding=\"async\" src=\"https:\/\/www.mirabel-mielles.com\/wp-content\/uploads\/2022\/09\/2-grande-plage-saint-cast.jpg\" alt=\"\"\/><div class=\"ligne\"><\/div><div class=\"hover\"><\/div><\/a><\/aside><\/div>\n<\/div>\n\n\n\n<div class=\"wp-block-column is-layout-flow wp-block-column-is-layout-flow\"><\/div>\n<\/div>\n\n\n\n<figure class=\"wp-block-image aligncenter size-large is-resized mt-5\"><img decoding=\"async\" src=\"https:\/\/www.campinglarenaudiere.com\/wp-content\/uploads\/2022\/01\/photo-1024x84.png\" alt=\"photo gallery\" class=\"wp-image-2371\" style=\"width:768px;height:63px\"\/><\/figure>\n\n\n\t\t\t<div id=\"sevgallery-1031503330\" class=\"sev-diaporama sev-diaporama-portfolio\">\r\n\t\t\t\t<div class=\"row\">\r\n\r\n\t\t\t\t\t\r\n\t\t\t\t\t\t\r\n\t\t\t\t\t\t<div class=\"sev-diaporama-portfolio-item   btnseeall btnseeall-xl col-12 col-md\">\r\n\t\t\t\t\t\t\t<a href=\"https:\/\/www.mirabel-mielles.com\/wp-content\/uploads\/2022\/09\/piscine-ete-danse-1024x768.jpg\" data-lightbox=\"sevgallery-1031503330\" style=\"background-image: url(https:\/\/www.mirabel-mielles.com\/wp-content\/uploads\/2022\/09\/piscine-ete-danse-1024x768.jpg)\">\r\n\t\t\t\t\t\t\t\t<img decoding=\"async\" src=\"https:\/\/www.mirabel-mielles.com\/wp-content\/uploads\/2022\/09\/piscine-ete-danse-1024x768.jpg\" alt=\"4-star campsite with swimming pool\" loading=\"lazy\">\r\n\t\t\t\t\t\t\t\t\t\t\t\t\t\t\t<\/a>\r\n\t\t\t\t\t\t<\/div>\r\n\r\n\t\t\t\t\t\t\r\n\t\t\t\t\t\t\t\t\t\t\t\t\t\t\t\t\t\r\n\t\t\t\t\t\t\r\n\t\t\t\t\t\t<div class=\"sev-diaporama-portfolio-item   btnseeall btnseeall-xl col-12 col-md\">\r\n\t\t\t\t\t\t\t<a href=\"https:\/\/www.mirabel-mielles.com\/en\/photos-camping-mielles\"  style=\"background-image: url(https:\/\/www.mirabel-mielles.com\/wp-content\/uploads\/2022\/09\/piscine-transat-repos-768x1024.jpg)\">\r\n\t\t\t\t\t\t\t\t<img decoding=\"async\" src=\"https:\/\/www.mirabel-mielles.com\/wp-content\/uploads\/2022\/09\/piscine-transat-repos-768x1024.jpg\" alt=\"deckchairs around the pool at the 4-star campsite\" loading=\"lazy\">\r\n\t\t\t\t\t\t\t\t\t\t\t\t\t\t\t<\/a>\r\n\t\t\t\t\t\t<\/div>\r\n\r\n\t\t\t\t\t\t\r\n\t\t\t\t\t\t\t\t\t\t\t\t\t\t\t\t\t\r\n\t\t\t\t\t\t\r\n\t\t\t\t\t\t<div class=\"sev-diaporama-portfolio-item   btnseeall btnseeall-xl col-12 col-md  col-grow\">\r\n\t\t\t\t\t\t\t<a href=\"https:\/\/www.mirabel-mielles.com\/wp-content\/uploads\/2022\/09\/piscine-chauffee-vacances-1024x768.jpg\" data-lightbox=\"sevgallery-1031503330\" style=\"background-image: url(https:\/\/www.mirabel-mielles.com\/wp-content\/uploads\/2022\/09\/piscine-chauffee-vacances-1024x768.jpg)\">\r\n\t\t\t\t\t\t\t\t<img decoding=\"async\" src=\"https:\/\/www.mirabel-mielles.com\/wp-content\/uploads\/2022\/09\/piscine-chauffee-vacances-1024x768.jpg\" alt=\"aquatic area at campsite Bretagne\" loading=\"lazy\">\r\n\t\t\t\t\t\t\t\t\t\t\t\t\t\t\t<\/a>\r\n\t\t\t\t\t\t<\/div>\r\n\r\n\t\t\t\t\t\t\r\n\t\t\t\t\t\t\t\t\t\t\t\t\t\t\t\t\t\r\n\t\t\t\t\t\t\r\n\t\t\t\t\t\t<div class=\"sev-diaporama-portfolio-item   btnseeall btnseeall-xl col-12 col-md  col-grow\">\r\n\t\t\t\t\t\t\t<a href=\"https:\/\/www.mirabel-mielles.com\/wp-content\/uploads\/2022\/09\/transat-piscine-bretagne-1024x768.jpg\" data-lightbox=\"sevgallery-1031503330\" style=\"background-image: url(https:\/\/www.mirabel-mielles.com\/wp-content\/uploads\/2022\/09\/transat-piscine-bretagne-1024x768.jpg)\">\r\n\t\t\t\t\t\t\t\t<img decoding=\"async\" src=\"https:\/\/www.mirabel-mielles.com\/wp-content\/uploads\/2022\/09\/transat-piscine-bretagne-1024x768.jpg\" alt=\"relaxing by the pool at the 4-star campsite\" loading=\"lazy\">\r\n\t\t\t\t\t\t\t\t\t\t\t\t\t\t\t<\/a>\r\n\t\t\t\t\t\t<\/div>\r\n\r\n\t\t\t\t\t\t\t\t\t\t\t\t\t<div class=\"w-100\"><\/div>\r\n\t\t\t\t\t\t\t\t\t\t\t\t\t\r\n\t\t\t\t\t\t\t\t\t\t\t\t\t\t\t\t\t\r\n\t\t\t\t\t\t\r\n\t\t\t\t\t\t<div class=\"sev-diaporama-portfolio-item   btnseeall btnseeall-xl col-12 col-md  col-grow\">\r\n\t\t\t\t\t\t\t<a href=\"https:\/\/www.mirabel-mielles.com\/wp-content\/uploads\/2022\/09\/piscine-enfant-jeux-768x1024.jpg\" data-lightbox=\"sevgallery-1031503330\" style=\"background-image: url(https:\/\/www.mirabel-mielles.com\/wp-content\/uploads\/2022\/09\/piscine-enfant-jeux-768x1024.jpg)\">\r\n\t\t\t\t\t\t\t\t<img decoding=\"async\" src=\"https:\/\/www.mirabel-mielles.com\/wp-content\/uploads\/2022\/09\/piscine-enfant-jeux-768x1024.jpg\" alt=\"Heated swimming pool\" loading=\"lazy\">\r\n\t\t\t\t\t\t\t\t\t\t\t\t\t\t\t<\/a>\r\n\t\t\t\t\t\t<\/div>\r\n\r\n\t\t\t\t\t\t\r\n\t\t\t\t\t\t\t\t\t\t\t\t\t\t\t\t\t\r\n\t\t\t\t\t\t\r\n\t\t\t\t\t\t<div class=\"sev-diaporama-portfolio-item   btnseeall btnseeall-xl col-12 col-md\">\r\n\t\t\t\t\t\t\t<a href=\"https:\/\/www.mirabel-mielles.com\/wp-content\/uploads\/2022\/09\/piscine-espace-aquatique-768x1024.jpg\" data-lightbox=\"sevgallery-1031503330\" style=\"background-image: url(https:\/\/www.mirabel-mielles.com\/wp-content\/uploads\/2022\/09\/piscine-espace-aquatique-768x1024.jpg)\">\r\n\t\t\t\t\t\t\t\t<img decoding=\"async\" src=\"https:\/\/www.mirabel-mielles.com\/wp-content\/uploads\/2022\/09\/piscine-espace-aquatique-768x1024.jpg\" alt=\"heated swimming pool\" loading=\"lazy\">\r\n\t\t\t\t\t\t\t\t\t\t\t\t\t\t\t<\/a>\r\n\t\t\t\t\t\t<\/div>\r\n\r\n\t\t\t\t\t\t\r\n\t\t\t\t\t\t\t\t\t\t\t\t\t\t\t\t\t\r\n\t\t\t\t\t\t\r\n\t\t\t\t\t\t<div class=\"sev-diaporama-portfolio-item   btnseeall btnseeall-xl col-12 col-md\">\r\n\t\t\t\t\t\t\t<a href=\"https:\/\/www.mirabel-mielles.com\/en\/photos-camping-mielles\"  style=\"background-image: url(https:\/\/www.mirabel-mielles.com\/wp-content\/uploads\/2022\/09\/piscine-camping-mielles-1024x768.jpg)\">\r\n\t\t\t\t\t\t\t\t<img decoding=\"async\" src=\"https:\/\/www.mirabel-mielles.com\/wp-content\/uploads\/2022\/09\/piscine-camping-mielles-1024x768.jpg\" alt=\"aquatic area of the 4-star campsite\" loading=\"lazy\">\r\n\t\t\t\t\t\t\t\t\t\t\t\t\t\t\t<\/a>\r\n\t\t\t\t\t\t<\/div>\r\n\r\n\t\t\t\t\t\t\r\n\t\t\t\t\t\t\t\t\t\t\t\t\t\t\t\t\t\r\n\t\t\t\t\t\t\r\n\t\t\t\t\t\t<div class=\"sev-diaporama-portfolio-item  limitsm btnseeall btnseeall-xl col-12 col-md  col-shrink last-visible\">\r\n\t\t\t\t\t\t\t<a href=\"https:\/\/www.mirabel-mielles.com\/wp-content\/uploads\/2022\/09\/piscine-soleil-baignade-1024x768.jpg\" data-lightbox=\"sevgallery-1031503330\" style=\"background-image: url(https:\/\/www.mirabel-mielles.com\/wp-content\/uploads\/2022\/09\/piscine-soleil-baignade-1024x768.jpg)\">\r\n\t\t\t\t\t\t\t\t<img decoding=\"async\" src=\"https:\/\/www.mirabel-mielles.com\/wp-content\/uploads\/2022\/09\/piscine-soleil-baignade-1024x768.jpg\" alt=\"heated outdoor swimming pool\" loading=\"lazy\">\r\n\t\t\t\t\t\t\t\t\t\t\t\t\t\t\t\t\t<img decoding=\"async\" src=\"https:\/\/www.mirabel-mielles.com\/wp-content\/themes\/mielles\/assets\/img\/voir-photos.png\" alt=\"\" \/>\r\n\t\t\t\t\t\t\t\t\t<span>See all photos<\/span>\r\n\t\t\t\t\t\t\t\t\t\t\t\t\t\t\t<\/a>\r\n\t\t\t\t\t\t<\/div>\r\n\r\n\t\t\t\t\t\t\t\t\t\t\t\t\t<div class=\"w-100\"><\/div>\r\n\t\t\t\t\t\t\t\t\t\t\t\t\t\r\n\t\t\t\t\t\t\t\t\t\t\t\t\t\t\t\t\t\t\t\t\t<\/div>\r\n\t\t\t<\/div>\r\n\r\n\t\t\t<script>\r\n\t\t\tjQuery(function($) {\r\n\r\n\t\t\t\tvar marginPortfolio = function() {\r\n\r\n\t\t\t\t\tvar $diapo          = $('#sevgallery-1031503330');\r\n\t\t\t\t\tvar container_width = $diapo.parent().outerWidth();\r\n\t\t\t\t\tvar side            = ( $(window).innerWidth() - container_width ) \/ 2;\r\n\r\n\t\t\t\t\t$diapo.css( {\r\n\t\t\t\t\t\t'margin-left': '-' + side + 'px',\r\n\t\t\t\t\t\t'margin-right': '-' + side + 'px',\r\n\t\t\t\t\t} );\r\n\t\t\t\t};\r\n\r\n\t\t\t\t$( window ).resize( function() {\r\n\t\t\t\t\tmarginPortfolio();\r\n\t\t\t\t} );\r\n\t\t\t\tmarginPortfolio();\r\n\t\t\t});\r\n\t\t\t<\/script>\r\n\t\t\t\n\n\n\n<p><\/p>","protected":false},"excerpt":{"rendered":"<p>Camping avec piscine \u00e0 Saint-Cast-le-Guildo \u00c0 seulement 250 m\u00e8tres de la plage de Saint-Cast-le-Guildo, notre camping Mirabel Les Mielles vous [&hellip;]<\/p>\n","protected":false},"author":1,"featured_media":0,"parent":0,"menu_order":0,"comment_status":"closed","ping_status":"closed","template":"","meta":{"_seopress_robots_primary_cat":"","_seopress_titles_title":"Camping avec piscine chauff\u00e9e \u00e0 Saint Cast le Guildo","_seopress_titles_desc":"L'espace aquatique du camping se compose d'un bassin ext\u00e9rieur chauff\u00e9 \u00e0 28\u00b0 et d'une pataugeoire pour les petits.","_seopress_robots_index":"","footnotes":""},"class_list":["post-54","page","type-page","status-publish","hentry"],"_links":{"self":[{"href":"https:\/\/www.mirabel-mielles.com\/en\/wp-json\/wp\/v2\/pages\/54","targetHints":{"allow":["GET"]}}],"collection":[{"href":"https:\/\/www.mirabel-mielles.com\/en\/wp-json\/wp\/v2\/pages"}],"about":[{"href":"https:\/\/www.mirabel-mielles.com\/en\/wp-json\/wp\/v2\/types\/page"}],"author":[{"embeddable":true,"href":"https:\/\/www.mirabel-mielles.com\/en\/wp-json\/wp\/v2\/users\/1"}],"replies":[{"embeddable":true,"href":"https:\/\/www.mirabel-mielles.com\/en\/wp-json\/wp\/v2\/comments?post=54"}],"version-history":[{"count":31,"href":"https:\/\/www.mirabel-mielles.com\/en\/wp-json\/wp\/v2\/pages\/54\/revisions"}],"predecessor-version":[{"id":10968,"href":"https:\/\/www.mirabel-mielles.com\/en\/wp-json\/wp\/v2\/pages\/54\/revisions\/10968"}],"wp:attachment":[{"href":"https:\/\/www.mirabel-mielles.com\/en\/wp-json\/wp\/v2\/media?parent=54"}],"curies":[{"name":"wp","href":"https:\/\/api.w.org\/{rel}","templated":true}]}}