{"id":56,"date":"2021-12-10T14:21:02","date_gmt":"2021-12-10T13:21:02","guid":{"rendered":"https:\/\/www.campinglarenaudiere.com\/?page_id=56"},"modified":"2026-01-08T12:06:15","modified_gmt":"2026-01-08T11:06:15","slug":"mobile-home-rental-rates","status":"publish","type":"page","link":"https:\/\/www.mirabel-mielles.com\/en\/tarifs-locations-mobilhomes","title":{"rendered":"Mobile homes"},"content":{"rendered":"<h1 class=\"wp-block-heading\" id=\"location-de-mobil-home-au-camping-4-etoiles-en-loire-atlantique\">Mobile home rentals in Saint-Cast-le-Guildo - C\u00f4tes d'Armor<\/h1>\n\n\n\n<p class=\"has-text-align-center\">If you feel the need to get away from it all for a few days or weeks with your loved ones, rent one of our mobile homes for your seaside holidays.<\/p>\n\n\n\n<div class=\"wp-block-media-text alignwide has-media-on-the-right is-stacked-on-mobile is-image-fill-element\"><div class=\"wp-block-media-text__content\">\n<h2 class=\"wp-block-heading\">Mobile homes at the 4-star campsite in Brittany<\/h2>\n\n\n\n<figure class=\"wp-block-image size-full\"><img loading=\"lazy\" decoding=\"async\" width=\"50\" height=\"8\" src=\"https:\/\/www.mirabel-mielles.com\/wp-content\/uploads\/2022\/09\/barre-bleue.png\" alt=\"\" class=\"wp-image-5969\"\/><\/figure>\n\n\n\n<p class=\"justify-content\">We look forward to welcoming you <strong>as in your own home<\/strong>, We equip our mobile homes with everything you need to <strong>your comfort<\/strong> and a successful holiday. <strong>Fully equipped kitchen<\/strong>, Television, terrace with garden furniture. From <strong>1 to 3 bedrooms<\/strong>, You can bring your whole family or share a holiday with friends, for up to 6 people, in the comfort of your own home. <strong>our bungalows <\/strong>comforts.<\/p>\n\n\n\n<p><\/p>\n\n\n\n<div class=\"wp-block-group has-border-color has-orange-border-color is-layout-flow wp-block-group-is-layout-flow\" style=\"border-width:1px;padding-top:var(--wp--preset--spacing--40);padding-right:var(--wp--preset--spacing--40);padding-bottom:var(--wp--preset--spacing--40);padding-left:var(--wp--preset--spacing--40)\">\n<p class=\"has-text-align-center texte-rond has-orange-color has-text-color has-large-font-size\">Choose your package and book!<\/p>\n\n\n\n<ul class=\"wp-block-list\">\n<li><strong>One-week stay<\/strong> - Choose your arrival day in spring or during the Indian summer. In summer, arrivals and departures are on Saturdays and Wednesdays.<br><\/li>\n\n\n\n<li><strong>Getaways<\/strong> Before and after the season, for weekends or short breaks (2 nights or more). Sports enthusiasts, hikers or families looking for a short break love this concept. Book your rental whenever you like and get away from it all for a few days at our campsite.<\/li>\n<\/ul>\n<\/div>\n<\/div><figure class=\"wp-block-media-text__media\"><img loading=\"lazy\" decoding=\"async\" width=\"683\" height=\"1024\" src=\"https:\/\/www.mirabel-mielles.com\/wp-content\/uploads\/2022\/10\/location-mobilhome-chambre-double-683x1024.jpg\" alt=\"\" class=\"wp-image-6888 size-full\" style=\"object-position:52% 71%\" srcset=\"https:\/\/www.mirabel-mielles.com\/wp-content\/uploads\/2022\/10\/location-mobilhome-chambre-double-683x1024.jpg 683w, https:\/\/www.mirabel-mielles.com\/wp-content\/uploads\/2022\/10\/location-mobilhome-chambre-double-200x300.jpg 200w, https:\/\/www.mirabel-mielles.com\/wp-content\/uploads\/2022\/10\/location-mobilhome-chambre-double-768x1152.jpg 768w, https:\/\/www.mirabel-mielles.com\/wp-content\/uploads\/2022\/10\/location-mobilhome-chambre-double.jpg 800w\" sizes=\"auto, (max-width: 683px) 100vw, 683px\" \/><\/figure><\/div>\n\n\n\n<div style=\"height:46px\" aria-hidden=\"true\" class=\"wp-block-spacer\"><\/div>\n\n\n\n<div class=\"wp-block-columns is-layout-flex wp-container-core-columns-is-layout-28f84493 wp-block-columns-is-layout-flex\">\n<div class=\"wp-block-column is-layout-flow wp-block-column-is-layout-flow\">\n<div class=\"wp-block-media-text alignwide is-stacked-on-mobile is-image-fill-element\"><figure class=\"wp-block-media-text__media\"><img loading=\"lazy\" decoding=\"async\" width=\"1024\" height=\"768\" src=\"https:\/\/www.mirabel-mielles.com\/wp-content\/uploads\/2022\/10\/mh-pmr-rampe-soleil-1024x768.jpg\" alt=\"\" class=\"wp-image-6871 size-full\" style=\"object-position:50% 50%\" srcset=\"https:\/\/www.mirabel-mielles.com\/wp-content\/uploads\/2022\/10\/mh-pmr-rampe-soleil-1024x768.jpg 1024w, https:\/\/www.mirabel-mielles.com\/wp-content\/uploads\/2022\/10\/mh-pmr-rampe-soleil-300x225.jpg 300w, https:\/\/www.mirabel-mielles.com\/wp-content\/uploads\/2022\/10\/mh-pmr-rampe-soleil-768x576.jpg 768w, https:\/\/www.mirabel-mielles.com\/wp-content\/uploads\/2022\/10\/mh-pmr-rampe-soleil-1536x1152.jpg 1536w, https:\/\/www.mirabel-mielles.com\/wp-content\/uploads\/2022\/10\/mh-pmr-rampe-soleil-2048x1536.jpg 2048w\" sizes=\"auto, (max-width: 1024px) 100vw, 1024px\" \/><\/figure><div class=\"wp-block-media-text__content\">\n<h2 class=\"wp-block-heading\">Our spacious mobile home with access ramp<\/h2>\n\n\n\n<figure class=\"wp-block-image size-full\"><img loading=\"lazy\" decoding=\"async\" width=\"50\" height=\"8\" src=\"https:\/\/www.mirabel-mielles.com\/wp-content\/uploads\/2022\/09\/barre-bleue.png\" alt=\"\" class=\"wp-image-5969\"\/><\/figure>\n\n\n\n<p>Our campsite is <strong>accessible to people with reduced mobility<\/strong>. Our PRM mobile home is completely<strong> adapted to your wheelchair<\/strong>. It's also ideal for families with babies. Its ramp gives you easy access to your rental with a wheelchair or pushchair. A<strong> large fitted bathroom<\/strong> and spacious for your comfort. The room has also been designed so that you can move around with ease or install a baby kit. All you have to do is enjoy your stay at 100 %!<\/p>\n\n\n\n<p><\/p>\n<\/div><\/div>\n\n\n\n<div style=\"height:30px\" aria-hidden=\"true\" class=\"wp-block-spacer\"><\/div>\n\n\n\n<h2 class=\"wp-block-heading\" id=\"gamme-superieure-de-l-espace-et-du-confort\">Rental prices for 1 to 3 bedrooms<\/h2>\n\n\n\n<figure class=\"wp-block-image size-full\"><img decoding=\"async\" src=\"https:\/\/www.campinglarenaudiere.com\/wp-content\/uploads\/2022\/01\/barre-bleue.png\" alt=\"\" class=\"wp-image-2382\"\/><\/figure>\n\n\n\n<p><\/p>\n\n\n<div class=\"multiple-hebergements\">\r\n<article class=\"multiple-item clearfix\">\r\n<a href=\"https:\/\/www.mirabel-mielles.com\/en\/hebergement\/mobil-home-1-chambre\">\r\n\t<div class=\"d-flex flex-column\">\r\n\t\t\r\n\t\t<div class=\"multiple-item-photo\">\r\n\t\t\t<img decoding=\"async\" src=\"https:\/\/www.mirabel-mielles.com\/wp-content\/uploads\/2022\/09\/locatif-mh-1chambre-768x1024.jpg\" alt=\"1-bedroom mobile home\">\r\n\t\t<\/div>\r\n\r\n\t\t<div class=\"multiple-item-titre\">\r\n\t\t\t1-bedroom mobile home \r\n\r\n\t\t\t\t\t\t\t\t\t\t\t\t<\/div>\r\n\t\t\r\n\t\t<div class=\"multiple-item-desc\">\r\n\t\t\t\t\t\t\t\t\t\t\t<div class=\"multiple-item-nbchambres multiple-item-champ\">\r\n\t\t\t\t\t<span class=\"val\">1<\/span>&nbsp;\r\n\t\t\t\t\t<span class=\"lbl\">ch<\/span>\r\n\t\t\t\t<\/div>\r\n\t\t\t\r\n\t\t\t\t\t\t\t\t\t\t\t<div class=\"multiple-item-nbpersonnes multiple-item-champ\">\r\n\t\t\t\t\t<span class=\"val\">2\/3<\/span>&nbsp;\r\n\t\t\t\t\t<span class=\"lbl\"><i class=\"fas fa-male\"><\/i><\/span>\r\n\t\t\t\t<\/div>\r\n\t\t\t\r\n\t\t\t\t\t\t\t<div class=\"multiple-item-nbsdb multiple-item-champ\">\r\n\t\t\t\t\t<span class=\"val\">1<\/span>\r\n\t\t\t\t\t<span class=\"lbl\"><img decoding=\"async\" src=\"https:\/\/www.mirabel-mielles.com\/wp-content\/themes\/mielles\/assets\/img\/picto-sdb.png\"><\/span>\r\n\t\t\t\t<\/div>\r\n\t\t\t\r\n\r\n\r\n\t\t\t\r\n\t\t\t\r\n\r\n\t\t\t\t\t\t<div class=\"multiple-item-champ\">\r\n\t\t\t\t<span class=\"lbl\">Surface:<\/span>&nbsp;\r\n\t\t\t\t<span class=\"val\">20 m\u00b2<\/span>\r\n\t\t\t<\/div>\r\n\t\t\t\r\n\r\n\t\t\t\t\t<\/div>\r\n\r\n\r\n\t\t<button class=\"plus\">\r\n\t\t\tFind out more\t\t<\/button>\r\n\r\n\t<\/div>\r\n<\/a>\r\n<\/article>\r\n\r\n<article class=\"multiple-item clearfix\">\r\n<a href=\"https:\/\/www.mirabel-mielles.com\/en\/hebergement\/mobil-home-2-chambres\">\r\n\t<div class=\"d-flex flex-column\">\r\n\t\t\r\n\t\t<div class=\"multiple-item-photo\">\r\n\t\t\t<img decoding=\"async\" src=\"https:\/\/www.mirabel-mielles.com\/wp-content\/uploads\/2022\/09\/mh-2chambres-1024x683.jpg\" alt=\"2-bedroom mobile home\">\r\n\t\t<\/div>\r\n\r\n\t\t<div class=\"multiple-item-titre\">\r\n\t\t\t2-bedroom mobile home \r\n\r\n\t\t\t\t\t\t\t\t\t\t\t\t<\/div>\r\n\t\t\r\n\t\t<div class=\"multiple-item-desc\">\r\n\t\t\t\t\t\t\t\t\t\t\t<div class=\"multiple-item-nbchambres multiple-item-champ\">\r\n\t\t\t\t\t<span class=\"val\">2<\/span>&nbsp;\r\n\t\t\t\t\t<span class=\"lbl\">ch<\/span>\r\n\t\t\t\t<\/div>\r\n\t\t\t\r\n\t\t\t\t\t\t\t\t\t\t\t<div class=\"multiple-item-nbpersonnes multiple-item-champ\">\r\n\t\t\t\t\t<span class=\"val\">4\/5<\/span>&nbsp;\r\n\t\t\t\t\t<span class=\"lbl\"><i class=\"fas fa-male\"><\/i><\/span>\r\n\t\t\t\t<\/div>\r\n\t\t\t\r\n\t\t\t\t\t\t\t<div class=\"multiple-item-nbsdb multiple-item-champ\">\r\n\t\t\t\t\t<span class=\"val\">1<\/span>\r\n\t\t\t\t\t<span class=\"lbl\"><img decoding=\"async\" src=\"https:\/\/www.mirabel-mielles.com\/wp-content\/themes\/mielles\/assets\/img\/picto-sdb.png\"><\/span>\r\n\t\t\t\t<\/div>\r\n\t\t\t\r\n\r\n\r\n\t\t\t\r\n\t\t\t\r\n\r\n\t\t\t\t\t\t<div class=\"multiple-item-champ\">\r\n\t\t\t\t<span class=\"lbl\">Surface:<\/span>&nbsp;\r\n\t\t\t\t<span class=\"val\">29.5 m\u00b2<\/span>\r\n\t\t\t<\/div>\r\n\t\t\t\r\n\r\n\t\t\t\t\t<\/div>\r\n\r\n\r\n\t\t<button class=\"plus\">\r\n\t\t\tFind out more\t\t<\/button>\r\n\r\n\t<\/div>\r\n<\/a>\r\n<\/article>\r\n\r\n<article class=\"multiple-item clearfix\">\r\n<a href=\"https:\/\/www.mirabel-mielles.com\/en\/hebergement\/mobil-home-pmr\">\r\n\t<div class=\"d-flex flex-column\">\r\n\t\t\r\n\t\t<div class=\"multiple-item-photo\">\r\n\t\t\t<img decoding=\"async\" src=\"https:\/\/www.mirabel-mielles.com\/wp-content\/uploads\/2022\/09\/mh-pmr-soleil-1024x768.jpg\" alt=\"2-bedroom mobile home with XXL space\">\r\n\t\t<\/div>\r\n\r\n\t\t<div class=\"multiple-item-titre\">\r\n\t\t\t2-bedroom mobile home with XXL space \r\n\r\n\t\t\t\t\t\t\t\t\t\t\t\t<\/div>\r\n\t\t\r\n\t\t<div class=\"multiple-item-desc\">\r\n\t\t\t\t\t\t\t\t\t\t\t<div class=\"multiple-item-nbchambres multiple-item-champ\">\r\n\t\t\t\t\t<span class=\"val\">2<\/span>&nbsp;\r\n\t\t\t\t\t<span class=\"lbl\">ch<\/span>\r\n\t\t\t\t<\/div>\r\n\t\t\t\r\n\t\t\t\t\t\t\t\t\t\t\t<div class=\"multiple-item-nbpersonnes multiple-item-champ\">\r\n\t\t\t\t\t<span class=\"val\">4<\/span>&nbsp;\r\n\t\t\t\t\t<span class=\"lbl\"><i class=\"fas fa-male\"><\/i><\/span>\r\n\t\t\t\t<\/div>\r\n\t\t\t\r\n\t\t\t\t\t\t\t<div class=\"multiple-item-nbsdb multiple-item-champ\">\r\n\t\t\t\t\t<span class=\"val\">1<\/span>\r\n\t\t\t\t\t<span class=\"lbl\"><img decoding=\"async\" src=\"https:\/\/www.mirabel-mielles.com\/wp-content\/themes\/mielles\/assets\/img\/picto-sdb.png\"><\/span>\r\n\t\t\t\t<\/div>\r\n\t\t\t\r\n\r\n\r\n\t\t\t\r\n\t\t\t\r\n\r\n\t\t\t\t\t\t<div class=\"multiple-item-champ\">\r\n\t\t\t\t<span class=\"lbl\">Surface:<\/span>&nbsp;\r\n\t\t\t\t<span class=\"val\">29 m\u00b2<\/span>\r\n\t\t\t<\/div>\r\n\t\t\t\r\n\r\n\t\t\t\t\t\t\t<div class=\"multiple-item-champ multiple-item-pmr\"><i class=\"fa fa-wheelchair\" aria-hidden=\"true\"><\/i><\/div>\r\n\t\t\t\t\t<\/div>\r\n\r\n\r\n\t\t<button class=\"plus\">\r\n\t\t\tFind out more\t\t<\/button>\r\n\r\n\t<\/div>\r\n<\/a>\r\n<\/article>\r\n\r\n<article class=\"multiple-item clearfix\">\r\n<a href=\"https:\/\/www.mirabel-mielles.com\/en\/hebergement\/mobil-home-3-chambres\">\r\n\t<div class=\"d-flex flex-column\">\r\n\t\t\r\n\t\t<div class=\"multiple-item-photo\">\r\n\t\t\t<img decoding=\"async\" src=\"https:\/\/www.mirabel-mielles.com\/wp-content\/uploads\/2022\/09\/locatif-mh-3chambres-768x1024.jpg\" alt=\"3-bedroom mobile home\">\r\n\t\t<\/div>\r\n\r\n\t\t<div class=\"multiple-item-titre\">\r\n\t\t\t3-bedroom mobile home \r\n\r\n\t\t\t\t\t\t\t\t\t\t\t\t<\/div>\r\n\t\t\r\n\t\t<div class=\"multiple-item-desc\">\r\n\t\t\t\t\t\t\t\t\t\t\t<div class=\"multiple-item-nbchambres multiple-item-champ\">\r\n\t\t\t\t\t<span class=\"val\">3<\/span>&nbsp;\r\n\t\t\t\t\t<span class=\"lbl\">ch<\/span>\r\n\t\t\t\t<\/div>\r\n\t\t\t\r\n\t\t\t\t\t\t\t\t\t\t\t<div class=\"multiple-item-nbpersonnes multiple-item-champ\">\r\n\t\t\t\t\t<span class=\"val\">6<\/span>&nbsp;\r\n\t\t\t\t\t<span class=\"lbl\"><i class=\"fas fa-male\"><\/i><\/span>\r\n\t\t\t\t<\/div>\r\n\t\t\t\r\n\t\t\t\t\t\t\t<div class=\"multiple-item-nbsdb multiple-item-champ\">\r\n\t\t\t\t\t<span class=\"val\">1<\/span>\r\n\t\t\t\t\t<span class=\"lbl\"><img decoding=\"async\" src=\"https:\/\/www.mirabel-mielles.com\/wp-content\/themes\/mielles\/assets\/img\/picto-sdb.png\"><\/span>\r\n\t\t\t\t<\/div>\r\n\t\t\t\r\n\r\n\r\n\t\t\t\r\n\t\t\t\r\n\r\n\t\t\t\t\t\t<div class=\"multiple-item-champ\">\r\n\t\t\t\t<span class=\"lbl\">Surface:<\/span>&nbsp;\r\n\t\t\t\t<span class=\"val\">32 m\u00b2<\/span>\r\n\t\t\t<\/div>\r\n\t\t\t\r\n\r\n\t\t\t\t\t<\/div>\r\n\r\n\r\n\t\t<button class=\"plus\">\r\n\t\t\tFind out more\t\t<\/button>\r\n\r\n\t<\/div>\r\n<\/a>\r\n<\/article>\r\n<\/div>\n<\/div>\n<\/div>\n\n\n\n<div class=\"wp-block-columns is-layout-flex wp-container-core-columns-is-layout-28f84493 wp-block-columns-is-layout-flex\">\n<div class=\"wp-block-column has-white-color has-text-color is-layout-flow wp-block-column-is-layout-flow\" id=\"options\">\n<div class=\"wp-block-group card h-100 pl-4 pr-4 pt-4 rounded-lg border border-info is-layout-flow wp-block-group-is-layout-flow\">\n<p class=\"has-text-align-left has-turquoise-color has-text-color has-medium-font-size\"><img decoding=\"async\" class=\"wp-image-1933\" style=\"width: 50px;\" src=\"https:\/\/www.campinglarenaudiere.com\/wp-content\/uploads\/2021\/12\/etoile.png\" alt=\"star\">   &nbsp;      <strong>OPTIONAL<\/strong><\/p>\n\n\n\n<figure class=\"wp-block-table text-left table-tarifs\"><table class=\"has-turquoise-color has-text-color\"><tbody><tr><td><mark style=\"background-color:rgba(0, 0, 0, 0)\" class=\"has-inline-color has-orange-color\"><strong><mark style=\"background-color:rgba(0, 0, 0, 0)\" class=\"has-inline-color has-orange-color\">\u2022<\/mark> <\/strong> <\/mark><strong>Sheet hire<\/strong>s<\/td><td class=\"has-text-align-left\" data-align=\"left\"><strong>12\u20ac\/15\u20ac<\/strong>                 <\/td><\/tr><tr><td><strong> <span class=\"has-inline-color has-orange-color\">\u2022<\/span> <\/strong> <strong>Baby kit hire<br><\/strong><em>(Cot and high chair) <\/em><\/td><td class=\"has-text-align-left\" data-align=\"left\"><strong>3\/day<\/strong><\/td><\/tr><tr><td><strong> <mark style=\"background-color:rgba(0, 0, 0, 0)\" class=\"has-inline-color has-orange-color\">\u2022<\/mark> <\/strong> <strong>WIFI<\/strong><br><em>(hourly or fixed price)<\/em><\/td><td class=\"has-text-align-left\" data-align=\"left\"><strong>5\u20ac \/ 39\u20ac <\/strong><\/td><\/tr><tr><td><strong> <mark style=\"background-color:rgba(0, 0, 0, 0)\" class=\"has-inline-color has-orange-color\">\u2022<\/mark> <\/strong> <strong>Laundry <br><\/strong><em>(Washing machine \u20ac5, laundry \u20ac1, <\/em><br><em>tumble dryer \u20ac 4.00)<\/em><\/td><td class=\"has-text-align-left\" data-align=\"left\"><strong>1\u20ac \/ 5\u20ac <\/strong><\/td><\/tr><tr><td><strong> <mark style=\"background-color:rgba(0, 0, 0, 0)\" class=\"has-inline-color has-orange-color\">\u2022<\/mark> <\/strong> <strong>Pets allowed  <em><br><\/em><\/strong><em>(cats and dogs, excluding cat 1 and 2, <\/em><br><em>maximum 2 per pitch)<\/em> <\/td><td class=\"has-text-align-left\" data-align=\"left\"><strong>3\/night <\/strong><\/td><\/tr><\/tbody><\/table><\/figure>\n<\/div>\n<\/div>\n\n\n\n<div class=\"wp-block-column is-vertically-aligned-top has-orange-color has-white-color has-text-color is-layout-flow wp-block-column-is-layout-flow\">\n<div class=\"wp-block-cover aligncenter card h-100 pl-4 pr-4 pt-4 rounded-lg border border-info\"><img decoding=\"async\" class=\"wp-block-cover__image-background wp-image-1376\" alt=\"\" src=\"https:\/\/www.campinglarenaudiere.com\/wp-content\/uploads\/2022\/01\/services-camping-Pornic.jpg\" style=\"object-position:61% 50%\" data-object-fit=\"cover\" data-object-position=\"61% 50%\"\/><span aria-hidden=\"true\" class=\"wp-block-cover__background has-turquoise-background-color has-background-dim-80 has-background-dim\"><\/span><div class=\"wp-block-cover__inner-container is-layout-flow wp-block-cover-is-layout-flow\">\n<p class=\"has-medium-font-size\"><img decoding=\"async\" class=\"wp-image-1977\" style=\"width: 70px;\" src=\"https:\/\/www.campinglarenaudiere.com\/wp-content\/uploads\/2021\/12\/smile-blanc.png\" alt=\"\">    &nbsp;  <strong>PRACTICE<\/strong><\/p>\n\n\n\n<div style=\"height:18px\" aria-hidden=\"true\" class=\"wp-block-spacer\"><\/div>\n\n\n\n<p class=\"wp-block-sev-picto-text\"><i class=\"fa fa-calendar-alt\"><\/i><span>Reservations for a minimum of 2 nights in low season, and a minimum of 7 nights in July and August, with arrival and departure possible on Wednesday or Saturday.<\/span><\/p>\n\n\n\n<p class=\"wp-block-sev-picto-text\"><i class=\"fa fa-clock\"><\/i><span>Arrival from 3pm and departure until 10am<\/span><\/p>\n\n\n\n<p class=\"wp-block-sev-picto-text\"><i class=\"fa fa-tv\"><\/i><span>TV in all mobile homes<\/span><\/p>\n\n\n\n<p class=\"wp-block-sev-picto-text\"><i class=\"fas fa-wifi\"><\/i><span>Free wifi<\/span><\/p>\n\n\n\n<div style=\"height:32px\" aria-hidden=\"true\" class=\"wp-block-spacer\"><\/div>\n\n\n\n<p class=\"has-text-align-center\"><strong>Reception timetable <\/strong> <br><img decoding=\"async\" class=\"wp-image-4325\" style=\"width: 49px;\" src=\"https:\/\/www.campinglarenaudiere.com\/wp-content\/uploads\/2021\/12\/barre-camping-1.png\" alt=\"\"> <\/p>\n\n\n\n<p class=\"has-text-align-center\">Low season: 9am to 12pm and 2pm to 6pm<br><em>closed on Sundays<\/em><br>July and August: 9am to 12pm and 2pm to 7pm<br>Sunday from 9am to 1pm<br><\/p>\n\n\n\n<p><\/p>\n<\/div><\/div>\n<\/div>\n<\/div>\n\n\n\n<p><\/p>\n\n\n\n<p class=\"has-text-align-center texte-rond mt-5 has-large-font-size\">Discover the campsite<\/p>\n\n\n\n<div class=\"wp-block-columns are-vertically-aligned-center h-20 front-page-section grey is-layout-flex wp-container-core-columns-is-layout-28f84493 wp-block-columns-is-layout-flex\">\n<div class=\"wp-block-column is-layout-flow wp-block-column-is-layout-flow\"><\/div>\n\n\n\n<div class=\"wp-block-column is-layout-flow wp-block-column-is-layout-flow\">\n<div class=\"wp-block-create-block-sevgutenberg-navigation\"><aside class=\"encart-sev-navigation small carre\"><a href=\"https:\/\/www.mirabel-mielles.com\/en\/mobile-homes-for-sale\/\" class=\"d-flex flex-column align-items-center\"><div class=\"encart-title\"><span>Become an owner<\/span><\/div><div class=\"vague\"><\/div><img decoding=\"async\" src=\"https:\/\/www.mirabel-mielles.com\/wp-content\/uploads\/2022\/09\/header-proprietaire-residence-secondaire.jpg\" alt=\"Owner campsite St Cast\"\/><div class=\"ligne\"><\/div><div class=\"hover\"><\/div><\/a><\/aside><\/div>\n<\/div>\n\n\n\n<div class=\"wp-block-column is-vertically-aligned-center is-layout-flow wp-block-column-is-layout-flow\">\n<div class=\"wp-block-create-block-sevgutenberg-navigation\"><aside class=\"encart-sev-navigation small carre\"><a href=\"https:\/\/www.mirabel-mielles.com\/en\/camping-services\/\" class=\"d-flex flex-column align-items-center\"><div class=\"encart-title\"><span>Services<\/span><\/div><div class=\"vague\"><\/div><img decoding=\"async\" src=\"https:\/\/www.mirabel-mielles.com\/wp-content\/uploads\/2022\/09\/accueil-entree-mielles-mirabel-1.jpg\" alt=\"reception at Mirabel campsite\"\/><div class=\"ligne\"><\/div><div class=\"hover\"><\/div><\/a><\/aside><\/div>\n<\/div>\n\n\n\n<div class=\"wp-block-column is-vertically-aligned-center is-layout-flow wp-block-column-is-layout-flow\">\n<div class=\"wp-block-create-block-sevgutenberg-navigation\"><aside class=\"encart-sev-navigation small carre\"><a href=\"https:\/\/www.mirabel-mielles.com\/en\/experiences\/\" class=\"d-flex flex-column align-items-center\"><div class=\"encart-title\"><span>Experiences<\/span><\/div><div class=\"vague\"><\/div><img decoding=\"async\" src=\"https:\/\/www.mirabel-mielles.com\/wp-content\/uploads\/2022\/09\/2-parapente-mer-pixabay.jpg\" alt=\"\"\/><div class=\"ligne\"><\/div><div class=\"hover\"><\/div><\/a><\/aside><\/div>\n<\/div>\n\n\n\n<div class=\"wp-block-column is-layout-flow wp-block-column-is-layout-flow\"><\/div>\n<\/div>","protected":false},"excerpt":{"rendered":"<p>Location de mobil-homes \u00e0 Saint-Cast-le-Guildo &#8211; C\u00f4tes d&rsquo;Armor Si vous ressentez le besoin de vous \u00e9vader quelques jours ou quelques [&hellip;]<\/p>\n","protected":false},"author":1,"featured_media":0,"parent":0,"menu_order":0,"comment_status":"closed","ping_status":"closed","template":"","meta":{"_seopress_robots_primary_cat":"","_seopress_titles_title":"Location mobil-home \u00e0 Saint Cast le Guildo %%sep%% C\u00f4tes d'Armor","_seopress_titles_desc":"Tarifs des bungalows de 1 \u00e0 3 chambres au camping avec piscine chauff\u00e9e \u00e0 Saint-Cast-Guildo. Vacances en bord de mer en Cote d'Armor, en Bretagne.","_seopress_robots_index":"","footnotes":""},"class_list":["post-56","page","type-page","status-publish","hentry"],"_links":{"self":[{"href":"https:\/\/www.mirabel-mielles.com\/en\/wp-json\/wp\/v2\/pages\/56","targetHints":{"allow":["GET"]}}],"collection":[{"href":"https:\/\/www.mirabel-mielles.com\/en\/wp-json\/wp\/v2\/pages"}],"about":[{"href":"https:\/\/www.mirabel-mielles.com\/en\/wp-json\/wp\/v2\/types\/page"}],"author":[{"embeddable":true,"href":"https:\/\/www.mirabel-mielles.com\/en\/wp-json\/wp\/v2\/users\/1"}],"replies":[{"embeddable":true,"href":"https:\/\/www.mirabel-mielles.com\/en\/wp-json\/wp\/v2\/comments?post=56"}],"version-history":[{"count":52,"href":"https:\/\/www.mirabel-mielles.com\/en\/wp-json\/wp\/v2\/pages\/56\/revisions"}],"predecessor-version":[{"id":10589,"href":"https:\/\/www.mirabel-mielles.com\/en\/wp-json\/wp\/v2\/pages\/56\/revisions\/10589"}],"wp:attachment":[{"href":"https:\/\/www.mirabel-mielles.com\/en\/wp-json\/wp\/v2\/media?parent=56"}],"curies":[{"name":"wp","href":"https:\/\/api.w.org\/{rel}","templated":true}]}}