{"id":5989,"date":"2022-09-23T10:01:00","date_gmt":"2022-09-23T08:01:00","guid":{"rendered":"https:\/\/www.mirabel-mielles.com\/?page_id=5989"},"modified":"2025-08-28T09:54:57","modified_gmt":"2025-08-28T07:54:57","slug":"saint-malo","status":"publish","type":"page","link":"https:\/\/www.mirabel-mielles.com\/en\/saint-malo","title":{"rendered":"Saint Malo"},"content":{"rendered":"<h1 class=\"wp-block-heading\">Saint Malo<\/h1>","protected":false},"excerpt":{"rendered":"<p>Saint Malo<\/p>","protected":false},"author":1,"featured_media":0,"parent":0,"menu_order":0,"comment_status":"closed","ping_status":"closed","template":"","meta":{"_seopress_robots_primary_cat":"","_seopress_titles_title":"Saint Malo - Camping Mirabel Les Mielles","_seopress_titles_desc":"D\u00e9couvrez notre camping Mirabel Les Mielles, situ\u00e9 \u00e0 Saint Cast le Guildo. Profitez des votre s\u00e9jour pour d\u00e9couvrir Saint Malo.","_seopress_robots_index":"","footnotes":""},"class_list":["post-5989","page","type-page","status-publish","hentry"],"_links":{"self":[{"href":"https:\/\/www.mirabel-mielles.com\/en\/wp-json\/wp\/v2\/pages\/5989","targetHints":{"allow":["GET"]}}],"collection":[{"href":"https:\/\/www.mirabel-mielles.com\/en\/wp-json\/wp\/v2\/pages"}],"about":[{"href":"https:\/\/www.mirabel-mielles.com\/en\/wp-json\/wp\/v2\/types\/page"}],"author":[{"embeddable":true,"href":"https:\/\/www.mirabel-mielles.com\/en\/wp-json\/wp\/v2\/users\/1"}],"replies":[{"embeddable":true,"href":"https:\/\/www.mirabel-mielles.com\/en\/wp-json\/wp\/v2\/comments?post=5989"}],"version-history":[{"count":3,"href":"https:\/\/www.mirabel-mielles.com\/en\/wp-json\/wp\/v2\/pages\/5989\/revisions"}],"predecessor-version":[{"id":10456,"href":"https:\/\/www.mirabel-mielles.com\/en\/wp-json\/wp\/v2\/pages\/5989\/revisions\/10456"}],"wp:attachment":[{"href":"https:\/\/www.mirabel-mielles.com\/en\/wp-json\/wp\/v2\/media?parent=5989"}],"curies":[{"name":"wp","href":"https:\/\/api.w.org\/{rel}","templated":true}]}}