{"id":69,"date":"2021-12-10T14:25:41","date_gmt":"2021-12-10T13:25:41","guid":{"rendered":"https:\/\/www.campinglarenaudiere.com\/?page_id=69"},"modified":"2026-02-02T12:12:08","modified_gmt":"2026-02-02T11:12:08","slug":"saint-cast-le-guildo","status":"publish","type":"page","link":"https:\/\/www.mirabel-mielles.com\/en\/saint-cast-le-guildo","title":{"rendered":"Saint-Cast-le-Guildo"},"content":{"rendered":"<h1 class=\"wp-block-heading\">Welcome to Saint-Cast-le-Guildo in Cotes d'Armor<\/h1>\n\n\n\n<p class=\"has-text-align-center\">For your next holiday, choose Brittany and its secrets. Put down your bags and discover our family campsite Les Mielles, just 250m from the beach in the small seaside resort of Saint-Cast-le-Guildo.<\/p>\n\n\n\n<figure class=\"wp-block-image aligncenter size-full\"><img loading=\"lazy\" decoding=\"async\" width=\"50\" height=\"8\" src=\"https:\/\/www.mirabel-mielles.com\/wp-content\/uploads\/2022\/09\/barre-bleue.png\" alt=\"\" class=\"wp-image-5969\"\/><\/figure>\n\n\n\n<div class=\"wp-block-media-text alignwide has-media-on-the-right is-stacked-on-mobile is-vertically-aligned-center is-style-default animate right\"><div class=\"wp-block-media-text__content\">\n<p class=\"texte-rond has-orange-color has-text-color has-large-font-size\">2 km of fine sandy beach!<\/p>\n\n\n\n<p><strong>St Cast le Guildo<\/strong>, Above all, it's a seaside resort where life is good. Bordered by this long beach, the village is a major tourist attraction both at the height of the season and in the off-season. In summer on the <strong>wide beach<\/strong>, There are supervised swimming and water sports activities available at the St Cast le Guildo water sports centre. If you're a keen reader, you can hire a deckchair and relax. Every year, there's also the Estivales de Volley, for sports fans, and plenty of entertainment. From our <strong>Les Mielles campsite,<\/strong> You can get there on foot in just 5 minutes.<\/p>\n\n\n\n<figure class=\"wp-block-image aligncenter size-full is-resized\"><img decoding=\"async\" src=\"https:\/\/www.campinglarenaudiere.com\/wp-content\/uploads\/2022\/01\/Vagues.png\" alt=\"waves by the sea\" class=\"wp-image-1794\" style=\"width:245px;height:42px\"\/><\/figure>\n<\/div><figure class=\"wp-block-media-text__media\"><img loading=\"lazy\" decoding=\"async\" width=\"1024\" height=\"1024\" src=\"https:\/\/www.mirabel-mielles.com\/wp-content\/uploads\/2022\/09\/1-Vacances-Saint-Cast-grande-plage-1024x1024.jpg\" alt=\"grande plage de st Cast le Guildo\" class=\"wp-image-6121 size-full\" srcset=\"https:\/\/www.mirabel-mielles.com\/wp-content\/uploads\/2022\/09\/1-Vacances-Saint-Cast-grande-plage-1024x1024.jpg 1024w, https:\/\/www.mirabel-mielles.com\/wp-content\/uploads\/2022\/09\/1-Vacances-Saint-Cast-grande-plage-300x300.jpg 300w, https:\/\/www.mirabel-mielles.com\/wp-content\/uploads\/2022\/09\/1-Vacances-Saint-Cast-grande-plage-150x150.jpg 150w, https:\/\/www.mirabel-mielles.com\/wp-content\/uploads\/2022\/09\/1-Vacances-Saint-Cast-grande-plage-768x768.jpg 768w, https:\/\/www.mirabel-mielles.com\/wp-content\/uploads\/2022\/09\/1-Vacances-Saint-Cast-grande-plage.jpg 1200w\" sizes=\"auto, (max-width: 1024px) 100vw, 1024px\" \/><\/figure><\/div>\n\n\n\n<div style=\"height:16px\" aria-hidden=\"true\" class=\"wp-block-spacer\"><\/div>\n\n\n\n<div class=\"wp-block-media-text alignwide is-stacked-on-mobile is-vertically-aligned-center animate left front-page-section grey\"><figure class=\"wp-block-media-text__media\"><img loading=\"lazy\" decoding=\"async\" width=\"1024\" height=\"768\" src=\"https:\/\/www.mirabel-mielles.com\/wp-content\/uploads\/2022\/09\/2-stcast-plage-4vaulx-1024x768.jpg\" alt=\"beach near the campsite\" class=\"wp-image-6122 size-full\" srcset=\"https:\/\/www.mirabel-mielles.com\/wp-content\/uploads\/2022\/09\/2-stcast-plage-4vaulx-1024x768.jpg 1024w, https:\/\/www.mirabel-mielles.com\/wp-content\/uploads\/2022\/09\/2-stcast-plage-4vaulx-300x225.jpg 300w, https:\/\/www.mirabel-mielles.com\/wp-content\/uploads\/2022\/09\/2-stcast-plage-4vaulx-768x576.jpg 768w, https:\/\/www.mirabel-mielles.com\/wp-content\/uploads\/2022\/09\/2-stcast-plage-4vaulx.jpg 1200w\" sizes=\"auto, (max-width: 1024px) 100vw, 1024px\" \/><\/figure><div class=\"wp-block-media-text__content\">\n<figure class=\"wp-block-image alignright size-full is-resized\"><img decoding=\"async\" src=\"https:\/\/www.campinglarenaudiere.com\/wp-content\/uploads\/2022\/01\/etoile.png\" alt=\"starfish\" class=\"wp-image-2111\" style=\"width:80px;height:82px\"\/><\/figure>\n\n\n\n<h2 class=\"wp-block-heading\">St Cast and its little coves!<\/h2>\n\n\n\n<figure class=\"wp-block-image size-full\"><img decoding=\"async\" src=\"https:\/\/www.campinglarenaudiere.com\/wp-content\/uploads\/2022\/01\/barre-bleue.png\" alt=\"\" class=\"wp-image-2382\"\/><\/figure>\n\n\n\n<p>As well as the large beach near the town centre, you can discover charming <strong>small beaches<\/strong>, Nestling here and there, in the sun or shade, rocky or flat, this is Saint-Cast-le-Guildo. Near the <a href=\"https:\/\/www.mirabel-crique.com\/\">Camping Mirabel La Crique,<\/a> La Mare beach offers a splendid view of the<strong> <a href=\"https:\/\/www.mirabel-mielles.com\/en\/destination-region-cap-frehel-cap-erquy\/\" data-type=\"page\" data-id=\"67\" target=\"_blank\" rel=\"noreferrer noopener\">Fort La Latte<\/a><\/strong>. It's also a popular spot for scuba divers and for watching the sun set over the Fort. On the other side of the resort, the<strong> 4 Vaulx beach<\/strong> is the ideal place for <strong>fishing<\/strong> on high tide days. Facing the Ebihens Islands, the scenery is exceptional. If you stay at Camping les 4 Vaulx or Clos Tranquille, you'll have plenty of time to wander around and enjoy it.<\/p>\n<\/div><\/div>\n\n\n\n<p><\/p>\n\n\n\n<div class=\"wp-block-columns alignwide are-vertically-aligned-center is-layout-flex wp-container-core-columns-is-layout-28f84493 wp-block-columns-is-layout-flex\">\n<div class=\"wp-block-column is-vertically-aligned-center is-layout-flow wp-block-column-is-layout-flow\">\n<h2 class=\"wp-block-heading\">A favourable geographical location for tourism<\/h2>\n\n\n\n<figure class=\"wp-block-image size-full\"><img decoding=\"async\" src=\"https:\/\/www.campinglarenaudiere.com\/wp-content\/uploads\/2022\/01\/barre-bleue.png\" alt=\"\" class=\"wp-image-2382\"\/><\/figure>\n\n\n\n<p>Located in the <strong>C\u00f4tes d'Armor<\/strong>, St Cast is perfectly positioned for visiting and discovering the beautiful villages and famous seaside resorts in the area. Many activities are also available, such as <strong>water activities<\/strong> (kayaking, windsurfing, sand yachting, paddle boarding, etc.), golf, tree climbing, paragliding, the Saint-Malo aquarium and numerous museums.<\/p>\n\n\n\n<p>If you're looking for a little pleasure, there are plenty of good addresses in the village centre: <strong>cr\u00eaperies, restaurants<\/strong>, You'll find everything you need for a great night out! For those who like to go out, discos, tapas bars and pubs await you. Finally, because no holiday is complete without a little souvenir, take a stroll through the<strong> narrow streets of St Cast le Guildo <\/strong>You'll be able to pick up a rare gem from one of the many small boutiques, not forgetting the traditional postcard!<\/p>\n<\/div>\n\n\n\n<div class=\"wp-block-column is-vertically-aligned-center is-layout-flow wp-block-column-is-layout-flow\">\n<figure class=\"wp-block-image size-large animate right\"><img loading=\"lazy\" decoding=\"async\" width=\"1024\" height=\"1024\" src=\"https:\/\/www.mirabel-mielles.com\/wp-content\/uploads\/2022\/09\/3-bol-breton-1024x1024.jpg\" alt=\"Breton bowl, speciality\" class=\"wp-image-6124\" srcset=\"https:\/\/www.mirabel-mielles.com\/wp-content\/uploads\/2022\/09\/3-bol-breton-1024x1024.jpg 1024w, https:\/\/www.mirabel-mielles.com\/wp-content\/uploads\/2022\/09\/3-bol-breton-300x300.jpg 300w, https:\/\/www.mirabel-mielles.com\/wp-content\/uploads\/2022\/09\/3-bol-breton-150x150.jpg 150w, https:\/\/www.mirabel-mielles.com\/wp-content\/uploads\/2022\/09\/3-bol-breton-768x768.jpg 768w, https:\/\/www.mirabel-mielles.com\/wp-content\/uploads\/2022\/09\/3-bol-breton.jpg 1200w\" sizes=\"auto, (max-width: 1024px) 100vw, 1024px\" \/><\/figure>\n<\/div>\n<\/div>\n\n\n\n<p class=\"has-text-align-center texte-rond mt-5 has-large-font-size\">Discover the campsite<\/p>\n\n\n\n<div class=\"wp-block-columns are-vertically-aligned-center h-20 front-page-section grey is-layout-flex wp-container-core-columns-is-layout-28f84493 wp-block-columns-is-layout-flex\">\n<div class=\"wp-block-column is-layout-flow wp-block-column-is-layout-flow\"><\/div>\n\n\n\n<div class=\"wp-block-column is-layout-flow wp-block-column-is-layout-flow\">\n<div class=\"wp-block-create-block-sevgutenberg-navigation\"><aside class=\"encart-sev-navigation small carre\"><a href=\"https:\/\/www.mirabel-mielles.com\/en\/mobile-home-rental-rates\/\" class=\"d-flex flex-column align-items-center\"><div class=\"encart-title\"><span>Mobile homes<\/span><\/div><div class=\"vague\"><\/div><img decoding=\"async\" src=\"https:\/\/www.mirabel-mielles.com\/wp-content\/uploads\/2022\/09\/mh-pmr-soleil.jpg\" alt=\"PMR mobile home rental\"\/><div class=\"ligne\"><\/div><div class=\"hover\"><\/div><\/a><\/aside><\/div>\n<\/div>\n\n\n\n<div class=\"wp-block-column is-vertically-aligned-center is-layout-flow wp-block-column-is-layout-flow\">\n<div class=\"wp-block-create-block-sevgutenberg-navigation\"><aside class=\"encart-sev-navigation small carre\"><a href=\"https:\/\/www.mirabel-mielles.com\/en\/contact-camping-mielles\/\" class=\"d-flex flex-column align-items-center\"><div class=\"encart-title\"><span>Contact<\/span><\/div><div class=\"vague\"><\/div><img decoding=\"async\" src=\"https:\/\/www.mirabel-mielles.com\/wp-content\/uploads\/2022\/09\/accueil-documentation-information-1.jpg\" alt=\"campsite reception\"\/><div class=\"ligne\"><\/div><div class=\"hover\"><\/div><\/a><\/aside><\/div>\n<\/div>\n\n\n\n<div class=\"wp-block-column is-vertically-aligned-center is-layout-flow wp-block-column-is-layout-flow\">\n<div class=\"wp-block-create-block-sevgutenberg-navigation\"><aside class=\"encart-sev-navigation small carre\"><a href=\"https:\/\/www.mirabel-mielles.com\/en\/sports-and-leisure-activities\/\" class=\"d-flex flex-column align-items-center\"><div class=\"encart-title\"><span>Sports and leisure<\/span><\/div><div class=\"vague\"><\/div><img decoding=\"async\" src=\"https:\/\/www.mirabel-mielles.com\/wp-content\/uploads\/2022\/09\/allee-camping-velos-enfants.jpg\" alt=\"cycling along the campsite lanes\"\/><div class=\"ligne\"><\/div><div class=\"hover\"><\/div><\/a><\/aside><\/div>\n<\/div>\n\n\n\n<div class=\"wp-block-column is-layout-flow wp-block-column-is-layout-flow\"><\/div>\n<\/div>\n\n\n\n<figure class=\"wp-block-image aligncenter size-full\"><img loading=\"lazy\" decoding=\"async\" width=\"1024\" height=\"84\" src=\"https:\/\/www.mirabel-mielles.com\/wp-content\/uploads\/2022\/09\/photo-1024x84-1.png\" alt=\"\" class=\"wp-image-6139\" srcset=\"https:\/\/www.mirabel-mielles.com\/wp-content\/uploads\/2022\/09\/photo-1024x84-1.png 1024w, https:\/\/www.mirabel-mielles.com\/wp-content\/uploads\/2022\/09\/photo-1024x84-1-300x25.png 300w, https:\/\/www.mirabel-mielles.com\/wp-content\/uploads\/2022\/09\/photo-1024x84-1-768x63.png 768w\" sizes=\"auto, (max-width: 1024px) 100vw, 1024px\" \/><\/figure>\n\n\n\t\t\t<div id=\"sevgallery-2097641032\" class=\"sev-diaporama sev-diaporama-portfolio\">\r\n\t\t\t\t<div class=\"row\">\r\n\r\n\t\t\t\t\t\r\n\t\t\t\t\t\t\r\n\t\t\t\t\t\t<div class=\"sev-diaporama-portfolio-item   btnseeall btnseeall-xl col-12 col-md  col-grow\">\r\n\t\t\t\t\t\t\t<a href=\"https:\/\/www.mirabel-mielles.com\/wp-content\/uploads\/2022\/09\/centre-ville-commerces-1024x768.jpg\" data-lightbox=\"sevgallery-2097641032\" style=\"background-image: url(https:\/\/www.mirabel-mielles.com\/wp-content\/uploads\/2022\/09\/centre-ville-commerces-1024x768.jpg)\">\r\n\t\t\t\t\t\t\t\t<img decoding=\"async\" src=\"https:\/\/www.mirabel-mielles.com\/wp-content\/uploads\/2022\/09\/centre-ville-commerces-1024x768.jpg\" alt=\"Saint Cast le Guildo town centre\" loading=\"lazy\">\r\n\t\t\t\t\t\t\t\t\t\t\t\t\t\t\t<\/a>\r\n\t\t\t\t\t\t<\/div>\r\n\r\n\t\t\t\t\t\t\r\n\t\t\t\t\t\t\t\t\t\t\t\t\t\t\t\t\t\r\n\t\t\t\t\t\t\r\n\t\t\t\t\t\t<div class=\"sev-diaporama-portfolio-item   btnseeall btnseeall-xl col-12 col-md\">\r\n\t\t\t\t\t\t\t<a href=\"https:\/\/www.mirabel-mielles.com\/wp-content\/uploads\/2022\/09\/centre-ville-magasin-1024x683.jpg\" data-lightbox=\"sevgallery-2097641032\" style=\"background-image: url(https:\/\/www.mirabel-mielles.com\/wp-content\/uploads\/2022\/09\/centre-ville-magasin-1024x683.jpg)\">\r\n\t\t\t\t\t\t\t\t<img decoding=\"async\" src=\"https:\/\/www.mirabel-mielles.com\/wp-content\/uploads\/2022\/09\/centre-ville-magasin-1024x683.jpg\" alt=\"shop in the town centre of Saint Cast le Guildo\" loading=\"lazy\">\r\n\t\t\t\t\t\t\t\t\t\t\t\t\t\t\t<\/a>\r\n\t\t\t\t\t\t<\/div>\r\n\r\n\t\t\t\t\t\t\r\n\t\t\t\t\t\t\t\t\t\t\t\t\t\t\t\t\t\r\n\t\t\t\t\t\t\r\n\t\t\t\t\t\t<div class=\"sev-diaporama-portfolio-item   btnseeall btnseeall-xl col-12 col-md\">\r\n\t\t\t\t\t\t\t<a href=\"https:\/\/www.mirabel-mielles.com\/wp-content\/uploads\/2022\/09\/centre-ville-rue-pietonne-768x1024.jpg\" data-lightbox=\"sevgallery-2097641032\" style=\"background-image: url(https:\/\/www.mirabel-mielles.com\/wp-content\/uploads\/2022\/09\/centre-ville-rue-pietonne-768x1024.jpg)\">\r\n\t\t\t\t\t\t\t\t<img decoding=\"async\" src=\"https:\/\/www.mirabel-mielles.com\/wp-content\/uploads\/2022\/09\/centre-ville-rue-pietonne-768x1024.jpg\" alt=\"Saint Cast le Guildo town centre\" loading=\"lazy\">\r\n\t\t\t\t\t\t\t\t\t\t\t\t\t\t\t<\/a>\r\n\t\t\t\t\t\t<\/div>\r\n\r\n\t\t\t\t\t\t\r\n\t\t\t\t\t\t\t\t\t\t\t\t\t\t\t\t\t\r\n\t\t\t\t\t\t\r\n\t\t\t\t\t\t<div class=\"sev-diaporama-portfolio-item   btnseeall btnseeall-xl col-12 col-md\">\r\n\t\t\t\t\t\t\t<a href=\"https:\/\/www.mirabel-mielles.com\/wp-content\/uploads\/2022\/09\/centre-ville-terrasse-1024x683.jpg\" data-lightbox=\"sevgallery-2097641032\" style=\"background-image: url(https:\/\/www.mirabel-mielles.com\/wp-content\/uploads\/2022\/09\/centre-ville-terrasse-1024x683.jpg)\">\r\n\t\t\t\t\t\t\t\t<img decoding=\"async\" src=\"https:\/\/www.mirabel-mielles.com\/wp-content\/uploads\/2022\/09\/centre-ville-terrasse-1024x683.jpg\" alt=\"campsite close to Saint Cast le Guildo town centre\" loading=\"lazy\">\r\n\t\t\t\t\t\t\t\t\t\t\t\t\t\t\t<\/a>\r\n\t\t\t\t\t\t<\/div>\r\n\r\n\t\t\t\t\t\t\t\t\t\t\t\t\t<div class=\"w-100\"><\/div>\r\n\t\t\t\t\t\t\t\t\t\t\t\t\t\r\n\t\t\t\t\t\t\t\t\t\t\t\t\t\t\t\t\t\r\n\t\t\t\t\t\t\r\n\t\t\t\t\t\t<div class=\"sev-diaporama-portfolio-item   btnseeall btnseeall-xl col-12 col-md\">\r\n\t\t\t\t\t\t\t<a href=\"https:\/\/www.mirabel-mielles.com\/wp-content\/uploads\/2022\/09\/centre-ville-terrasse-commerces-1024x1024.jpg\" data-lightbox=\"sevgallery-2097641032\" style=\"background-image: url(https:\/\/www.mirabel-mielles.com\/wp-content\/uploads\/2022\/09\/centre-ville-terrasse-commerces-1024x1024.jpg)\">\r\n\t\t\t\t\t\t\t\t<img decoding=\"async\" src=\"https:\/\/www.mirabel-mielles.com\/wp-content\/uploads\/2022\/09\/centre-ville-terrasse-commerces-1024x1024.jpg\" alt=\"campsite close to Saint Cast le Guildo town centre\" loading=\"lazy\">\r\n\t\t\t\t\t\t\t\t\t\t\t\t\t\t\t<\/a>\r\n\t\t\t\t\t\t<\/div>\r\n\r\n\t\t\t\t\t\t\r\n\t\t\t\t\t\t\t\t\t\t\t\t\t\t\t\t\t\r\n\t\t\t\t\t\t\r\n\t\t\t\t\t\t<div class=\"sev-diaporama-portfolio-item   btnseeall btnseeall-xl col-12 col-md\">\r\n\t\t\t\t\t\t\t<a href=\"https:\/\/www.mirabel-mielles.com\/wp-content\/uploads\/2022\/09\/glacier-st-cast-683x1024.jpg\" data-lightbox=\"sevgallery-2097641032\" style=\"background-image: url(https:\/\/www.mirabel-mielles.com\/wp-content\/uploads\/2022\/09\/glacier-st-cast-683x1024.jpg)\">\r\n\t\t\t\t\t\t\t\t<img decoding=\"async\" src=\"https:\/\/www.mirabel-mielles.com\/wp-content\/uploads\/2022\/09\/glacier-st-cast-683x1024.jpg\" alt=\"Saint Cast le Guildo ice cream parlour\" loading=\"lazy\">\r\n\t\t\t\t\t\t\t\t\t\t\t\t\t\t\t<\/a>\r\n\t\t\t\t\t\t<\/div>\r\n\r\n\t\t\t\t\t\t\r\n\t\t\t\t\t\t\t\t\t\t\t\t\t\t\t\t\t\r\n\t\t\t\t\t\t\r\n\t\t\t\t\t\t<div class=\"sev-diaporama-portfolio-item   btnseeall btnseeall-xl col-12 col-md\">\r\n\t\t\t\t\t\t\t<a href=\"https:\/\/www.mirabel-mielles.com\/wp-content\/uploads\/2022\/09\/plage-enfant-chateau-sable-1024x683.jpg\" data-lightbox=\"sevgallery-2097641032\" style=\"background-image: url(https:\/\/www.mirabel-mielles.com\/wp-content\/uploads\/2022\/09\/plage-enfant-chateau-sable-1024x683.jpg)\">\r\n\t\t\t\t\t\t\t\t<img decoding=\"async\" src=\"https:\/\/www.mirabel-mielles.com\/wp-content\/uploads\/2022\/09\/plage-enfant-chateau-sable-1024x683.jpg\" alt=\"Saint Cast le Guildo beach\" loading=\"lazy\">\r\n\t\t\t\t\t\t\t\t\t\t\t\t\t\t\t<\/a>\r\n\t\t\t\t\t\t<\/div>\r\n\r\n\t\t\t\t\t\t\r\n\t\t\t\t\t\t\t\t\t\t\t\t\t\t\t\t\t\r\n\t\t\t\t\t\t\r\n\t\t\t\t\t\t<div class=\"sev-diaporama-portfolio-item   btnseeall btnseeall-xl col-12 col-md  col-grow last-visible\">\r\n\t\t\t\t\t\t\t<a href=\"https:\/\/www.mirabel-mielles.com\/en\/photos-camping-mielles\"  style=\"background-image: url(https:\/\/www.mirabel-mielles.com\/wp-content\/uploads\/2022\/09\/st-cast-drapeaux-1024x654.jpg)\">\r\n\t\t\t\t\t\t\t\t<img decoding=\"async\" src=\"https:\/\/www.mirabel-mielles.com\/wp-content\/uploads\/2022\/09\/st-cast-drapeaux-1024x654.jpg\" alt=\"campsite Saint Cast le Guildo\" loading=\"lazy\">\r\n\t\t\t\t\t\t\t\t\t\t\t\t\t\t\t\t\t<img decoding=\"async\" src=\"https:\/\/www.mirabel-mielles.com\/wp-content\/themes\/mielles\/assets\/img\/voir-photos.png\" alt=\"\" \/>\r\n\t\t\t\t\t\t\t\t\t<span>See all photos<\/span>\r\n\t\t\t\t\t\t\t\t\t\t\t\t\t\t\t<\/a>\r\n\t\t\t\t\t\t<\/div>\r\n\r\n\t\t\t\t\t\t\t\t\t\t\t\t\t<div class=\"w-100\"><\/div>\r\n\t\t\t\t\t\t\t\t\t\t\t\t\t\r\n\t\t\t\t\t\t\t\t\t\t\t\t\t\t\t\t\t\r\n\t\t\t\t\t\t\r\n\t\t\t\t\t\t<div class=\"sev-diaporama-portfolio-item   btnseeall btnseeall-xl col-12 col-md  col-grow d-none\">\r\n\t\t\t\t\t\t\t<a href=\"https:\/\/www.mirabel-mielles.com\/wp-content\/uploads\/2022\/09\/plage-st-cast-longe-cote-1024x683.jpg\" data-lightbox=\"sevgallery-2097641032\" style=\"background-image: url(https:\/\/www.mirabel-mielles.com\/wp-content\/uploads\/2022\/09\/plage-st-cast-longe-cote-1024x683.jpg)\">\r\n\t\t\t\t\t\t\t\t<img decoding=\"async\" src=\"https:\/\/www.mirabel-mielles.com\/wp-content\/uploads\/2022\/09\/plage-st-cast-longe-cote-1024x683.jpg\" alt=\"cote Saint Cast le Guildo\" loading=\"lazy\">\r\n\t\t\t\t\t\t\t\t\t\t\t\t\t\t\t<\/a>\r\n\t\t\t\t\t\t<\/div>\r\n\r\n\t\t\t\t\t\t\r\n\t\t\t\t\t\t\t\t\t\t\t\t\t\t\t\t\t\r\n\t\t\t\t\t\t\r\n\t\t\t\t\t\t<div class=\"sev-diaporama-portfolio-item  limitsm btnseeall btnseeall-xl col-12 col-md  col-grow d-none\">\r\n\t\t\t\t\t\t\t<a href=\"https:\/\/www.mirabel-mielles.com\/wp-content\/uploads\/2022\/09\/plage-st-cast-promenade-1024x683.jpg\" data-lightbox=\"sevgallery-2097641032\" style=\"background-image: url(https:\/\/www.mirabel-mielles.com\/wp-content\/uploads\/2022\/09\/plage-st-cast-promenade-1024x683.jpg)\">\r\n\t\t\t\t\t\t\t\t<img decoding=\"async\" src=\"https:\/\/www.mirabel-mielles.com\/wp-content\/uploads\/2022\/09\/plage-st-cast-promenade-1024x683.jpg\" alt=\"campsite in Saint Cast le Guildo\" loading=\"lazy\">\r\n\t\t\t\t\t\t\t\t\t\t\t\t\t\t\t<\/a>\r\n\t\t\t\t\t\t<\/div>\r\n\r\n\t\t\t\t\t\t\r\n\t\t\t\t\t\t\t\t\t\t\t\t\t\t\t\t\t\t\t\t\t<\/div>\r\n\t\t\t<\/div>\r\n\r\n\t\t\t<script>\r\n\t\t\tjQuery(function($) {\r\n\r\n\t\t\t\tvar marginPortfolio = function() {\r\n\r\n\t\t\t\t\tvar $diapo          = $('#sevgallery-2097641032');\r\n\t\t\t\t\tvar container_width = $diapo.parent().outerWidth();\r\n\t\t\t\t\tvar side            = ( $(window).innerWidth() - container_width ) \/ 2;\r\n\r\n\t\t\t\t\t$diapo.css( {\r\n\t\t\t\t\t\t'margin-left': '-' + side + 'px',\r\n\t\t\t\t\t\t'margin-right': '-' + side + 'px',\r\n\t\t\t\t\t} );\r\n\t\t\t\t};\r\n\r\n\t\t\t\t$( window ).resize( function() {\r\n\t\t\t\t\tmarginPortfolio();\r\n\t\t\t\t} );\r\n\t\t\t\tmarginPortfolio();\r\n\t\t\t});\r\n\t\t\t<\/script>","protected":false},"excerpt":{"rendered":"<p>Bienvenue \u00e0 Saint-Cast-le-Guildo dans les Cotes d\u2019Armor Pour vos prochaines vacances, choisissez la Bretagne et ses secrets. Posez vos valises [&hellip;]<\/p>\n","protected":false},"author":1,"featured_media":0,"parent":0,"menu_order":0,"comment_status":"closed","ping_status":"closed","template":"","meta":{"_seopress_robots_primary_cat":"","_seopress_titles_title":"Camping \u00e0 Saint-Cast-le-Guildo dans les Cotes d\u2019Armor","_seopress_titles_desc":"Plages et criques de sable fin \u00e0 Saint Cast le Guildo pr\u00e8s du camping Les Mielles (C\u00f4tes d'Armor 22)","_seopress_robots_index":"","footnotes":""},"class_list":["post-69","page","type-page","status-publish","hentry"],"_links":{"self":[{"href":"https:\/\/www.mirabel-mielles.com\/en\/wp-json\/wp\/v2\/pages\/69","targetHints":{"allow":["GET"]}}],"collection":[{"href":"https:\/\/www.mirabel-mielles.com\/en\/wp-json\/wp\/v2\/pages"}],"about":[{"href":"https:\/\/www.mirabel-mielles.com\/en\/wp-json\/wp\/v2\/types\/page"}],"author":[{"embeddable":true,"href":"https:\/\/www.mirabel-mielles.com\/en\/wp-json\/wp\/v2\/users\/1"}],"replies":[{"embeddable":true,"href":"https:\/\/www.mirabel-mielles.com\/en\/wp-json\/wp\/v2\/comments?post=69"}],"version-history":[{"count":10,"href":"https:\/\/www.mirabel-mielles.com\/en\/wp-json\/wp\/v2\/pages\/69\/revisions"}],"predecessor-version":[{"id":10746,"href":"https:\/\/www.mirabel-mielles.com\/en\/wp-json\/wp\/v2\/pages\/69\/revisions\/10746"}],"wp:attachment":[{"href":"https:\/\/www.mirabel-mielles.com\/en\/wp-json\/wp\/v2\/media?parent=69"}],"curies":[{"name":"wp","href":"https:\/\/api.w.org\/{rel}","templated":true}]}}