{"id":895,"date":"2021-12-20T11:14:26","date_gmt":"2021-12-20T10:14:26","guid":{"rendered":"https:\/\/www.campinglarenaudiere.com\/?page_id=895"},"modified":"2024-04-04T09:36:39","modified_gmt":"2024-04-04T07:36:39","slug":"experience-saint-cast-le-guildo","status":"publish","type":"page","link":"https:\/\/www.mirabel-mielles.com\/en\/les-experiences\/experience-saint-cast-le-guildo","title":{"rendered":"A day in St Cast"},"content":{"rendered":"<figure class=\"wp-block-image alignright size-full is-resized\"><img decoding=\"async\" src=\"https:\/\/www.campinglarenaudiere.com\/wp-content\/uploads\/2022\/01\/Soleil.png\" alt=\"sun\" class=\"wp-image-1883\" style=\"width:160px;height:146px\"\/><\/figure>\n\n\n\n<h1 class=\"wp-block-heading\" id=\"a-la-decouverte-de-la-cote-de-jade-a-velo\">A day in Saint-Cast-le-Guildo<\/h1>\n\n\n\n<p class=\"has-text-align-center\">When you stay at Les Mielles campsite in the C\u00f4tes d'Armor, you'll love spending a day in Saint-Cast-le-Guildo, where everything can be done on foot. We've put a typical day to the test for you. Follow us as we tell you all about it!<\/p>\n\n\n\n<figure class=\"wp-block-image aligncenter size-full\"><img decoding=\"async\" src=\"https:\/\/www.campinglarenaudiere.com\/wp-content\/uploads\/2022\/01\/barre-bleue.png\" alt=\"\" class=\"wp-image-2382\"\/><\/figure>\n\n\n\n<div class=\"wp-block-media-text alignwide is-stacked-on-mobile\"><figure class=\"wp-block-media-text__media\"><a href=\"https:\/\/www.mirabel-mielles.com\/wp-content\/uploads\/2022\/09\/1-petit-dejeuner-terrasse.jpg\"><img loading=\"lazy\" decoding=\"async\" width=\"1024\" height=\"1024\" src=\"https:\/\/www.mirabel-mielles.com\/wp-content\/uploads\/2022\/09\/1-petit-dejeuner-terrasse-1024x1024.jpg\" alt=\"breakfast at Qaint Cast le Guildo\" class=\"wp-image-6217 size-full\" srcset=\"https:\/\/www.mirabel-mielles.com\/wp-content\/uploads\/2022\/09\/1-petit-dejeuner-terrasse-1024x1024.jpg 1024w, https:\/\/www.mirabel-mielles.com\/wp-content\/uploads\/2022\/09\/1-petit-dejeuner-terrasse-300x300.jpg 300w, https:\/\/www.mirabel-mielles.com\/wp-content\/uploads\/2022\/09\/1-petit-dejeuner-terrasse-150x150.jpg 150w, https:\/\/www.mirabel-mielles.com\/wp-content\/uploads\/2022\/09\/1-petit-dejeuner-terrasse-768x768.jpg 768w, https:\/\/www.mirabel-mielles.com\/wp-content\/uploads\/2022\/09\/1-petit-dejeuner-terrasse.jpg 1200w\" sizes=\"auto, (max-width: 1024px) 100vw, 1024px\" \/><\/a><\/figure><div class=\"wp-block-media-text__content\">\n<p class=\"has-medium-font-size\"><strong>Local breakfast on the terrace<\/strong><\/p>\n\n\n\n<figure class=\"wp-block-image size-full\"><img decoding=\"async\" src=\"https:\/\/www.campinglarenaudiere.com\/wp-content\/uploads\/2022\/01\/barre-bleue.png\" alt=\"\" class=\"wp-image-2382\"\/><\/figure>\n\n\n\n<p>Wake up gently at Les Mielles campsite in our well-equipped 1-bedroom mobile home. To get the day off to the best possible start, what better way than with a <strong>breakfast on the terrace<\/strong>. Head for the <strong>Saint-Cast-le-Guildo<\/strong>. It takes just 5 minutes to reach the small square, where you'll be spoilt for choice. We chose the restaurant La Belle Meuni\u00e8re with its beautiful stone arches and magnificent fa\u00e7ade. The breakfast menu includes a choice of tea, coffee, hot chocolate served in magnificent period mugs, and squeezed orange for a vitamin D boost. And when it comes to pastries, there's plenty to tempt your taste buds: croissants or pain au chocolat, fresh bread, butter, jam, brioche, kouign-amann!<\/p>\n\n\n\n<p>Once you've had your fill of energy, it's off to the narrow streets and <strong>local shops,<\/strong> perfect for bringing back a little <strong>holiday souvenir<\/strong>\u00a0From jewellery and ready-to-wear to local products and postcards, you'll find everything you need!<\/p>\n<\/div><\/div>\n\n\n\n<div class=\"wp-block-media-text alignwide has-media-on-the-right is-stacked-on-mobile front-page-section grey\"><div class=\"wp-block-media-text__content\">\n<p class=\"texte-rond has-orange-color has-text-color has-large-font-size\">The beach as far as the eye can see<\/p>\n\n\n\n<p>With the good weather on our side, we headed for <strong>the beach at Saint-Cast-le-Guildo<\/strong> for the traditional sandcastle, feet (and paws) in the water, a little cool but invigorating, and lazing around. For sports enthusiasts, a beach volleyball court is freely available! Just 250 m from the campsite, there's no need to look for a parking space - it's easy to get there on foot, by bike or on a scooter. For those who want to go for a walk, you can <strong>stroll along the seafront<\/strong> by taking the dyke and joining the GR34.<\/p>\n<\/div><figure class=\"wp-block-media-text__media\"><a href=\"https:\/\/www.mirabel-mielles.com\/wp-content\/uploads\/2022\/09\/2-grande-plage-saint-cast.jpg\"><img loading=\"lazy\" decoding=\"async\" width=\"1024\" height=\"575\" src=\"https:\/\/www.mirabel-mielles.com\/wp-content\/uploads\/2022\/09\/2-grande-plage-saint-cast-1024x575.jpg\" alt=\"saint cast le Guildo beach\" class=\"wp-image-6218 size-full\" srcset=\"https:\/\/www.mirabel-mielles.com\/wp-content\/uploads\/2022\/09\/2-grande-plage-saint-cast-1024x575.jpg 1024w, https:\/\/www.mirabel-mielles.com\/wp-content\/uploads\/2022\/09\/2-grande-plage-saint-cast-300x169.jpg 300w, https:\/\/www.mirabel-mielles.com\/wp-content\/uploads\/2022\/09\/2-grande-plage-saint-cast-768x431.jpg 768w, https:\/\/www.mirabel-mielles.com\/wp-content\/uploads\/2022\/09\/2-grande-plage-saint-cast.jpg 1200w\" sizes=\"auto, (max-width: 1024px) 100vw, 1024px\" \/><\/a><\/figure><\/div>\n\n\n\n<div class=\"wp-block-media-text alignwide is-stacked-on-mobile animate left\"><figure class=\"wp-block-media-text__media\"><a href=\"https:\/\/www.mirabel-mielles.com\/wp-content\/uploads\/2022\/09\/3-glacier-st-cast.jpg\"><img loading=\"lazy\" decoding=\"async\" width=\"1024\" height=\"1024\" src=\"https:\/\/www.mirabel-mielles.com\/wp-content\/uploads\/2022\/09\/3-glacier-st-cast-1024x1024.jpg\" alt=\"gourmet moment at saint cast le guildo\" class=\"wp-image-6219 size-full\" srcset=\"https:\/\/www.mirabel-mielles.com\/wp-content\/uploads\/2022\/09\/3-glacier-st-cast-1024x1024.jpg 1024w, https:\/\/www.mirabel-mielles.com\/wp-content\/uploads\/2022\/09\/3-glacier-st-cast-300x300.jpg 300w, https:\/\/www.mirabel-mielles.com\/wp-content\/uploads\/2022\/09\/3-glacier-st-cast-150x150.jpg 150w, https:\/\/www.mirabel-mielles.com\/wp-content\/uploads\/2022\/09\/3-glacier-st-cast-768x768.jpg 768w, https:\/\/www.mirabel-mielles.com\/wp-content\/uploads\/2022\/09\/3-glacier-st-cast.jpg 1200w\" sizes=\"auto, (max-width: 1024px) 100vw, 1024px\" \/><\/a><\/figure><div class=\"wp-block-media-text__content\">\n<p class=\"has-medium-font-size\"><strong>A snack for those with a sweet tooth<\/strong><\/p>\n\n\n\n<figure class=\"wp-block-image size-full\"><img decoding=\"async\" src=\"https:\/\/www.campinglarenaudiere.com\/wp-content\/uploads\/2022\/01\/barre-bleue.png\" alt=\"\" class=\"wp-image-2382\"\/><\/figure>\n\n\n\n<p>Approaching 4.00 p.m.: return to the town centre to enjoy a tasty meal, depending on your tastes. <strong>homemade ice cream<\/strong>, a waffle or a cr\u00eape (with salted butter caramel, of course). You're bound to find what you're looking for and your favourite flavour. <strong>at Tinou<\/strong> or to <strong>Ty Castin<\/strong>, both located on rue du Duc d'Alguillon in the centre of town, close to <strong>the children's play area.<\/strong><\/p>\n<\/div><\/div>\n\n\n\n<p><\/p>\n\n\n\n<div class=\"wp-block-media-text alignwide has-media-on-the-right is-stacked-on-mobile\"><div class=\"wp-block-media-text__content\">\n<p class=\"texte-rond has-orange-color has-text-color has-large-font-size\">A sweet moment with the unmissable Breton galette!<\/p>\n\n\n\n<p>What better way to end the day than to put your feet up under the table and simply enjoy. To finish off this little Castin trip, we went to <strong>the cr\u00eaperie<\/strong> \u00ab\u00a0<strong>Happiness is in the Wheat<\/strong>\u00a0\u00bb. Cider, kir Breton, galettes of all kinds, sweet cr\u00eapes - the menu is rich, and the cravings are endless, but you just have to make up your mind. Shellfish galettes, meat galettes, goat's cheese galettes, and so many other choices are available. For dessert, there are cr\u00eapes flamb\u00e9es with ice cream, classic cr\u00eapes flamb\u00e9es and ice creams - there's something for everyone! We loved this little place, where the service is fast, the team smiling and friendly, and the menu to match our tastes!<\/p>\n\n\n\n<p>Here's our little spring Castine day! Of course, there's <strong>other activities in St-Cast<\/strong> which we haven't had time to do, but which we recommend you try from our list of <a href=\"https:\/\/www.mirabel-mielles.com\/en\/good-addresses-links\/\" data-type=\"page\" data-id=\"73\">activities<\/a>. It's up to you to plan your day as you wish!<\/p>\n<\/div><figure class=\"wp-block-media-text__media\"><img loading=\"lazy\" decoding=\"async\" width=\"1024\" height=\"1024\" src=\"https:\/\/www.mirabel-mielles.com\/wp-content\/uploads\/2022\/09\/4-crepe-caramel-beurre-sale-1024x1024.jpg\" alt=\"gourmet break in saint cast le guildo\" class=\"wp-image-6220 size-full\" srcset=\"https:\/\/www.mirabel-mielles.com\/wp-content\/uploads\/2022\/09\/4-crepe-caramel-beurre-sale-1024x1024.jpg 1024w, https:\/\/www.mirabel-mielles.com\/wp-content\/uploads\/2022\/09\/4-crepe-caramel-beurre-sale-300x300.jpg 300w, https:\/\/www.mirabel-mielles.com\/wp-content\/uploads\/2022\/09\/4-crepe-caramel-beurre-sale-150x150.jpg 150w, https:\/\/www.mirabel-mielles.com\/wp-content\/uploads\/2022\/09\/4-crepe-caramel-beurre-sale-768x768.jpg 768w, https:\/\/www.mirabel-mielles.com\/wp-content\/uploads\/2022\/09\/4-crepe-caramel-beurre-sale.jpg 1200w\" sizes=\"auto, (max-width: 1024px) 100vw, 1024px\" \/><\/figure><\/div>","protected":false},"excerpt":{"rendered":"<p>Une journ\u00e9e \u00e0 Saint-Cast-le-Guildo En s\u00e9journant au camping Les Mielles dans les C\u00f4tes d\u2019Armor, vous appr\u00e9cierez de passer une journ\u00e9e [&hellip;]<\/p>\n","protected":false},"author":1,"featured_media":0,"parent":272,"menu_order":0,"comment_status":"closed","ping_status":"closed","template":"","meta":{"_seopress_robots_primary_cat":"","_seopress_titles_title":"Une journ\u00e9e \u00e0 Saint Cast le Guildo","_seopress_titles_desc":"En s\u00e9journant au camping Les Mielles dans les C\u00f4tes d\u2019Armor, vous appr\u00e9cierez de passer une journ\u00e9e \u00e0 Saint-Cast-le-Guildo o\u00f9 vous pourrez tout faire \u00e0 pied","_seopress_robots_index":"","footnotes":""},"class_list":["post-895","page","type-page","status-publish","hentry"],"_links":{"self":[{"href":"https:\/\/www.mirabel-mielles.com\/en\/wp-json\/wp\/v2\/pages\/895","targetHints":{"allow":["GET"]}}],"collection":[{"href":"https:\/\/www.mirabel-mielles.com\/en\/wp-json\/wp\/v2\/pages"}],"about":[{"href":"https:\/\/www.mirabel-mielles.com\/en\/wp-json\/wp\/v2\/types\/page"}],"author":[{"embeddable":true,"href":"https:\/\/www.mirabel-mielles.com\/en\/wp-json\/wp\/v2\/users\/1"}],"replies":[{"embeddable":true,"href":"https:\/\/www.mirabel-mielles.com\/en\/wp-json\/wp\/v2\/comments?post=895"}],"version-history":[{"count":6,"href":"https:\/\/www.mirabel-mielles.com\/en\/wp-json\/wp\/v2\/pages\/895\/revisions"}],"predecessor-version":[{"id":9545,"href":"https:\/\/www.mirabel-mielles.com\/en\/wp-json\/wp\/v2\/pages\/895\/revisions\/9545"}],"up":[{"embeddable":true,"href":"https:\/\/www.mirabel-mielles.com\/en\/wp-json\/wp\/v2\/pages\/272"}],"wp:attachment":[{"href":"https:\/\/www.mirabel-mielles.com\/en\/wp-json\/wp\/v2\/media?parent=895"}],"curies":[{"name":"wp","href":"https:\/\/api.w.org\/{rel}","templated":true}]}}