{"id":9459,"date":"2024-03-08T15:15:40","date_gmt":"2024-03-08T14:15:40","guid":{"rendered":"https:\/\/www.mirabel-mielles.com\/?page_id=9459"},"modified":"2025-02-06T15:07:09","modified_gmt":"2025-02-06T14:07:09","slug":"the-easter-camping-holidays","status":"publish","type":"page","link":"https:\/\/www.mirabel-mielles.com\/en\/les-experiences\/les-vacances-de-paques-en-camping","title":{"rendered":"Easter holidays in Brittany"},"content":{"rendered":"<h1 class=\"wp-block-heading\">Easter holidays in Brittany<\/h1>\n\n\n\n<h2 class=\"wp-block-heading has-text-align-center\">For the April holidays, come and enjoy a family holiday by the sea at Saint-Cast-le-Guildo. Our 4-star Les Mielles campsite is open during the Easter holidays, just 250 m from the sea. Numerous services are available on site, as well as quality, comfortable accommodation for your holidays. <strong>family holidays in Brittany.<\/strong><\/h2>\n\n\n\n<figure class=\"wp-block-image aligncenter size-full\"><img loading=\"lazy\" decoding=\"async\" width=\"50\" height=\"8\" src=\"https:\/\/www.mirabel-mielles.com\/wp-content\/uploads\/2022\/09\/barre-bleue.png\" alt=\"\" class=\"wp-image-5969\"\/><\/figure>\n\n\n\n<div class=\"wp-block-media-text is-stacked-on-mobile\"><figure class=\"wp-block-media-text__media\"><img loading=\"lazy\" decoding=\"async\" width=\"600\" height=\"400\" src=\"https:\/\/www.mirabel-mielles.com\/wp-content\/uploads\/2024\/03\/st-cast-le-guildo-centre-ville.jpg\" alt=\"The seaside resort of Saint Cast le Guildo at Easter\" class=\"wp-image-9467 size-full\" srcset=\"https:\/\/www.mirabel-mielles.com\/wp-content\/uploads\/2024\/03\/st-cast-le-guildo-centre-ville.jpg 600w, https:\/\/www.mirabel-mielles.com\/wp-content\/uploads\/2024\/03\/st-cast-le-guildo-centre-ville-300x200.jpg 300w\" sizes=\"auto, (max-width: 600px) 100vw, 600px\" \/><\/figure><div class=\"wp-block-media-text__content\">\n<h2 class=\"wp-block-heading\"><strong><strong>Where to go for the April holidays in Brittany?<\/strong><\/strong><\/h2>\n\n\n\n<p>Ahhh spring... the days are getting longer, the first rays of sunshine are warming us up, we can't wait! The C\u00f4tes d'Armor is an ideal destination for a holiday. <strong>Easter family holidays<\/strong> and more specifically Saint-Cast-le-Guildo. This small seaside resort, situated between Saint-Malo and Saint-Brieuc, is renowned for being a <strong>a true family destination<\/strong> <strong>in Brittany<\/strong> and a must for <strong>hiking enthusiasts<\/strong>. Whether you choose to go away as a couple, with friends or with the kids, you're bound to find something to suit you in Saint-Cast, thanks to the wide range of family activities on offer. The resort is surrounded by numerous beaches and coves. You can enjoy a variety of activities, including fishing, sand yachting, windsurfing, paddle boarding and scuba diving.<\/p>\n<\/div><\/div>\n\n\n\n<p><\/p>\n\n\n\n<div class=\"wp-block-media-text has-media-on-the-right is-stacked-on-mobile animate right front-page-section grey\"><div class=\"wp-block-media-text__content\">\n<h3 class=\"wp-block-heading\"><strong><strong>Family activities during the Easter holidays?<\/strong><\/strong><\/h3>\n\n\n\n<p>If you have chosen to spend a few days or a week in the <strong>Easter holidays in Brittany<\/strong>, There are plenty of activities on offer. If you're more of a nature lover, take the GR34, which can be accessed from all four corners of Saint Cast le Guildo and will take your eyes along the coast. In low season, you'll see very few hikers, so you'll be able to relax and unwind on your walks.<\/p>\n\n\n\n<p>For fans of thrills and spills<strong> water sports<\/strong>, For more information, contact the St Cast sailing club: kayak or catamaran trips, stand-up paddle sessions, and much more, ....<\/p>\n\n\n\n<p><strong>Family activities<\/strong> are possible near your campsite, see below for the list of sites open in April.<\/p>\n\n\n\n<p>For other ideas for outings, please visit <strong>Saint-Cast-le-Guildo Tourist Office<\/strong> or on <a href=\"https:\/\/www.mirabel-mielles.com\/wp-admin\/post.php?post=8173&amp;action=edit\" target=\"_blank\" rel=\"noreferrer noopener\">our dedicated page<\/a>.<\/p>\n\n\n\n<p><\/p>\n<\/div><figure class=\"wp-block-media-text__media\"><img loading=\"lazy\" decoding=\"async\" width=\"600\" height=\"400\" src=\"https:\/\/www.mirabel-mielles.com\/wp-content\/uploads\/2024\/03\/web-plage-st-cast.jpg\" alt=\"spring water sports activities at st cast le guildo plage\" class=\"wp-image-9464 size-full\" srcset=\"https:\/\/www.mirabel-mielles.com\/wp-content\/uploads\/2024\/03\/web-plage-st-cast.jpg 600w, https:\/\/www.mirabel-mielles.com\/wp-content\/uploads\/2024\/03\/web-plage-st-cast-300x200.jpg 300w\" sizes=\"auto, (max-width: 600px) 100vw, 600px\" \/><\/figure><\/div>\n\n\n\n<p><\/p>\n\n\n\n<div class=\"wp-block-media-text is-stacked-on-mobile\"><figure class=\"wp-block-media-text__media\"><img loading=\"lazy\" decoding=\"async\" width=\"1024\" height=\"768\" src=\"https:\/\/www.mirabel-mielles.com\/wp-content\/uploads\/2022\/09\/trampoline-enfant-1024x768.jpg\" alt=\"trampoline camping children&#039;s playground\" class=\"wp-image-6072 size-full\" srcset=\"https:\/\/www.mirabel-mielles.com\/wp-content\/uploads\/2022\/09\/trampoline-enfant-1024x768.jpg 1024w, https:\/\/www.mirabel-mielles.com\/wp-content\/uploads\/2022\/09\/trampoline-enfant-300x225.jpg 300w, https:\/\/www.mirabel-mielles.com\/wp-content\/uploads\/2022\/09\/trampoline-enfant-768x576.jpg 768w, https:\/\/www.mirabel-mielles.com\/wp-content\/uploads\/2022\/09\/trampoline-enfant.jpg 1200w\" sizes=\"auto, (max-width: 1024px) 100vw, 1024px\" \/><\/figure><div class=\"wp-block-media-text__content\">\n<h3 class=\"wp-block-heading\"><strong>Our campsite in Brittany opens in April<\/strong><\/h3>\n\n\n\n<p>For the <strong>Easter holidays<\/strong>, rent a <a href=\"https:\/\/www.mirabel-mielles.com\/en\/mobile-home-rental-rates\/\" target=\"_blank\" rel=\"noreferrer noopener\">comfortable mobile home<\/a> for a week of total relaxation in Brittany by the sea. At Camping Mirabel Les Mielles, you can sleep in <strong>1 to 3 bedroom bungalows<\/strong> all recent. When the fine weather returns, make yourself comfortable on the semi-covered terrace of your mobile home for breakfast or an aperitif with friends after a good walk along the sea. <\/p>\n\n\n\n<p>On site, children can have fun on the secure play area or in the covered hall, while older children can enjoy a game of p\u00e9tanque on our bowling green. A volleyball net is also at your disposal, and a Des <strong>April camping holidays<\/strong> in the C\u00f4tes d'Armor region.<\/p>\n<\/div><\/div>\n\n\n\n<p><\/p>\n\n\n\n<div class=\"wp-block-group alignwide border border-info card is-layout-constrained wp-block-group-is-layout-constrained\">\n<p class=\"has-text-align-center\"><strong>Leisure sites open in April<\/strong><\/p>\n\n\n\n<ul class=\"wp-block-list\">\n<li>Cape Frehel and its lighthouse <\/li>\n\n\n\n<li>Fort La Latte from 10.30 a.m. to 6 p.m. <\/li>\n\n\n\n<li>Ch\u00e2teau de la Hunaudaye from 2.30pm to 6pm - Pl\u00e9d\u00e9liac<\/li>\n\n\n\n<li>Harras National de Lamballe - open Tuesday to Saturday<\/li>\n\n\n\n<li>Saint-Cast-Aventure - open every day<\/li>\n\n\n\n<li>Eco-mus\u00e9e de la ferme d'Antan - open Tuesday to Sunday<\/li>\n\n\n\n<li>Aquarium de St Malo - daily<\/li>\n<\/ul>\n\n\n\n<p><strong>Find other addresses on <a href=\"https:\/\/www.mirabel-mielles.com\/en\/good-addresses-links\/\" target=\"_blank\" rel=\"noreferrer noopener\">our dedicated page<\/a>.<\/strong><\/p>\n<\/div>","protected":false},"excerpt":{"rendered":"<p>Les vacances de P\u00e2ques en Bretagne Pour les vacances d\u2019avril, venez profiter d\u2019un s\u00e9jour en famille au bord de la [&hellip;]<\/p>\n","protected":false},"author":2,"featured_media":0,"parent":272,"menu_order":0,"comment_status":"closed","ping_status":"closed","template":"","meta":{"_seopress_robots_primary_cat":"","_seopress_titles_title":"Les vacances de paques en bretagne","_seopress_titles_desc":"Partez en camping 4 \u00e9toiles \u00e0 Saint Cast le Guildo pendant les vacances d'avril. Nos locations de mobil-homes tout confort sont situ\u00e9s \u00e0 250 m de la mer.","_seopress_robots_index":"","footnotes":""},"class_list":["post-9459","page","type-page","status-publish","hentry"],"_links":{"self":[{"href":"https:\/\/www.mirabel-mielles.com\/en\/wp-json\/wp\/v2\/pages\/9459","targetHints":{"allow":["GET"]}}],"collection":[{"href":"https:\/\/www.mirabel-mielles.com\/en\/wp-json\/wp\/v2\/pages"}],"about":[{"href":"https:\/\/www.mirabel-mielles.com\/en\/wp-json\/wp\/v2\/types\/page"}],"author":[{"embeddable":true,"href":"https:\/\/www.mirabel-mielles.com\/en\/wp-json\/wp\/v2\/users\/2"}],"replies":[{"embeddable":true,"href":"https:\/\/www.mirabel-mielles.com\/en\/wp-json\/wp\/v2\/comments?post=9459"}],"version-history":[{"count":22,"href":"https:\/\/www.mirabel-mielles.com\/en\/wp-json\/wp\/v2\/pages\/9459\/revisions"}],"predecessor-version":[{"id":10112,"href":"https:\/\/www.mirabel-mielles.com\/en\/wp-json\/wp\/v2\/pages\/9459\/revisions\/10112"}],"up":[{"embeddable":true,"href":"https:\/\/www.mirabel-mielles.com\/en\/wp-json\/wp\/v2\/pages\/272"}],"wp:attachment":[{"href":"https:\/\/www.mirabel-mielles.com\/en\/wp-json\/wp\/v2\/media?parent=9459"}],"curies":[{"name":"wp","href":"https:\/\/api.w.org\/{rel}","templated":true}]}}