{"id":40,"date":"2021-12-10T14:14:32","date_gmt":"2021-12-10T13:14:32","guid":{"rendered":"https:\/\/www.campinglarenaudiere.com\/?page_id=40"},"modified":"2021-12-10T14:14:32","modified_gmt":"2021-12-10T13:14:32","slug":"restaurant-bar-snack","status":"publish","type":"page","link":"https:\/\/www.mirabel-mielles.com\/nl\/restaurant-bar-snack","title":{"rendered":"Snackbar"},"content":{"rendered":"<h1 class=\"wp-block-heading\" id=\"restaurant-snack-bar-a-la-plaine-sur-mer\">Snackbar in la Plaine-sur-Mer<\/h1>\n\n\n\n<p class=\"has-text-align-center\">We verwelkomen je op het terras op zonnige dagen en binnen op koelere avonden, van mei tot september.&nbsp;<\/p>\n\n\n\n<div class=\"wp-block-image\"><figure class=\"aligncenter size-full\"><img decoding=\"async\" src=\"https:\/\/www.campinglarenaudiere.com\/wp-content\/uploads\/2022\/01\/barre-bleue.png\" alt=\"\" class=\"wp-image-2382\"\/><\/figure><\/div>\n\n\n\n<div class=\"wp-block-media-text alignwide has-media-on-the-right is-stacked-on-mobile is-vertically-aligned-center\"><figure class=\"wp-block-media-text__media\"><img decoding=\"async\" src=\"https:\/\/www.campinglarenaudiere.com\/wp-content\/uploads\/2021\/12\/restaurant-bar-perroquet-1024x768.jpg\" alt=\"Het terras van snackbar La Renaudi\u00e8re\" class=\"wp-image-576 size-full\"\/><\/figure><div class=\"wp-block-media-text__content\">\n<p>Neem op elk moment van de dag een pauze in Le Perroquet, de snackbar van de camping.<\/p>\n\n\n\n<p>Koude dranken, warme dranken, ijsjes en wafels voor een snack na het zwemmen. <\/p>\n\n\n\n<p>Voor het diner biedt Le Perroquet een gevarieerd menu: hamburgers, pizza's, aperitiefschotels met vleeswaren en kaas, en gebak voor een maaltijd in de zon aan het strand. <a href=\"https:\/\/www.campinglarenaudiere.com\/piscine-espace-aquatique\">het zwembad&nbsp;<\/a>!<\/p>\n\n\n\n<div class=\"wp-block-image\"><figure class=\"aligncenter size-full is-resized\"><a href=\"https:\/\/www.campinglarenaudiere.com\/wp-content\/uploads\/2021\/12\/bar-restaurant-le-perroquet.jpg\"><img loading=\"lazy\" decoding=\"async\" src=\"https:\/\/www.campinglarenaudiere.com\/wp-content\/uploads\/2021\/12\/bar-restaurant-le-perroquet.jpg\" alt=\"Bar Restaurant Le Perroquet\" class=\"wp-image-631\" width=\"400\" height=\"205\"\/><\/a><\/figure><\/div>\n<\/div><\/div>\n\n\n\n<div style=\"height:14px\" aria-hidden=\"true\" class=\"wp-block-spacer\"><\/div>\n\n\n\n<div class=\"wp-block-media-text alignwide is-stacked-on-mobile front-page-section grey\"><figure class=\"wp-block-media-text__media\"><img decoding=\"async\" src=\"https:\/\/www.campinglarenaudiere.com\/wp-content\/uploads\/2021\/12\/cocktail-bar-camping-1-1024x768.jpg\" alt=\"cocktails in de snackbar van de camping\" class=\"wp-image-575 size-full\"\/><\/figure><div class=\"wp-block-media-text__content\">\n<h2 class=\"wp-block-heading\" id=\"le-snack-bar-du-camping-sur-place-ou-a-emporter\">Snackbar op de camping: eten of meenemen!<\/h2>\n\n\n\n<figure class=\"wp-block-image size-full\"><img decoding=\"async\" src=\"https:\/\/www.campinglarenaudiere.com\/wp-content\/uploads\/2022\/01\/barre-bleue.png\" alt=\"\" class=\"wp-image-2382\"\/><\/figure>\n\n\n\n<p>Kom iets drinken in de snackbar van de camping. <\/p>\n\n\n\n<p>Het is seizoensgebonden geopend van mei tot september. Ons personeel maakt graag een van hun geheime cocktails voor je klaar.<\/p>\n\n\n\n<p> Als je wilt, kun je ook onze snackproducten bestellen om mee te nemen: panini's, cr\u00eapes, pizza's, enz. <\/p>\n\n\n\n<p><\/p>\n\n\n\n<p><\/p>\n\n\n\n<p><\/p>\n\n\n\n<div class=\"wp-block-buttons is-layout-flex wp-block-buttons-is-layout-flex\">\n<div class=\"wp-block-button aligncenter\"><a class=\"wp-block-button__link has-turquoise-background-color has-background\" href=\"https:\/\/www.facebook.com\/leperroquetrestaurant\" target=\"_blank\" rel=\"noreferrer noopener\">Volg ons op Facebook<\/a><\/div>\n<\/div>\n<\/div><\/div>\n\n\n\n<div class=\"wp-block-media-text alignwide has-media-on-the-right is-stacked-on-mobile animate right\"><figure class=\"wp-block-media-text__media\"><img decoding=\"async\" src=\"https:\/\/www.campinglarenaudiere.com\/wp-content\/uploads\/2021\/12\/cafe-bar-camping-1-1024x729.jpg\" alt=\"een kopje koffie in de Perroquet bar\" class=\"wp-image-573 size-full\"\/><\/figure><div class=\"wp-block-media-text__content\">\n<p class=\"texte-rond has-orange-color has-text-color has-large-font-size\">Ontbijt net als thuis!&nbsp;<\/p>\n\n\n\n<p><strong>Brood en gebak verkrijgbaar in de zomer<\/strong><\/p>\n\n\n\n<p>In juli en augustus heeft de camping brood en gebak op voorraad voor je ontbijt. Geef je bestelling de dag van tevoren door en geniet direct op je kamer van verse producten. <a href=\"https:\/\/www.campinglarenaudiere.com\/tarifs-locations-mobilhomes\" data-type=\"page\" data-id=\"56\">je stacaravan<\/a> of op <a href=\"https:\/\/www.campinglarenaudiere.com\/tarifs-tentes-caravanes\" data-type=\"page\" data-id=\"60\">uw locatie<\/a>. <\/p>\n\n\n\n<p>Je kunt ook ontbijten met vruchtensap, warme drank, vers brood en croissant of pain au chocolat. Je hoeft de camping niet af voor je eerste maaltijd van de dag!<\/p>\n\n\n\n<p><strong>Ontdek onze kaarten<\/strong><\/p>\n\n\n\n<div class=\"wp-block-buttons is-layout-flex wp-block-buttons-is-layout-flex\"><\/div>\n\n\n\n<div class=\"wp-block-buttons is-horizontal is-content-justification-left is-layout-flex wp-container-core-buttons-is-layout-20be11b6 wp-block-buttons-is-layout-flex\">\n<div class=\"wp-block-button\"><a class=\"wp-block-button__link has-turquoise-background-color has-background\" href=\"https:\/\/www.campinglarenaudiere.com\/wp-content\/uploads\/2022\/05\/carte-snack-bar-le-perroquet-juillet2022.pdf\" target=\"_blank\" rel=\"noreferrer noopener\"> Snackmenu <\/a><\/div>\n<\/div>\n<\/div><\/div>\n\n\n\n<p class=\"has-text-align-center texte-rond mt-5 has-large-font-size\">Ontdek de camping<\/p>\n\n\n\n<div class=\"wp-block-columns h-20 front-page-section grey is-layout-flex wp-container-core-columns-is-layout-28f84493 wp-block-columns-is-layout-flex\">\n<div class=\"wp-block-column is-layout-flow wp-block-column-is-layout-flow\" style=\"flex-basis:20%\"><\/div>\n\n\n\n<div class=\"wp-block-column is-layout-flow wp-block-column-is-layout-flow\">\n<div class=\"wp-block-create-block-sevgutenberg-navigation\"><aside class=\"encart-sev-navigation small carre\"><a href=\"https:\/\/www.campinglarenaudiere.com\/piscine-espace-aquatique\" class=\"d-flex flex-column align-items-center\"><div class=\"encart-title\"><span>Waterpark<\/span><\/div><div class=\"vague\"><\/div><img decoding=\"async\" src=\"https:\/\/www.campinglarenaudiere.com\/wp-content\/uploads\/2021\/12\/piscine-toboggan-camping.jpg\" alt=\"camping met zwembad en waterglijbanen\"\/><div class=\"ligne\"><\/div><div class=\"hover\"><\/div><\/a><\/aside><\/div>\n<\/div>\n\n\n\n<div class=\"wp-block-column is-layout-flow wp-block-column-is-layout-flow\">\n<div class=\"wp-block-create-block-sevgutenberg-navigation\"><aside class=\"encart-sev-navigation small carre\"><a href=\"https:\/\/www.campinglarenaudiere.com\/region-destination-pornic\" class=\"d-flex flex-column align-items-center\"><div class=\"encart-title\"><span>Porno<\/span><\/div><div class=\"vague\"><\/div><img decoding=\"async\" src=\"https:\/\/www.campinglarenaudiere.com\/wp-content\/uploads\/2021\/12\/glaces_fraiseraie_pornic.jpg\" alt=\"La Fraiseraie ijs in Pornic\"\/><div class=\"ligne\"><\/div><div class=\"hover\"><\/div><\/a><\/aside><\/div>\n<\/div>\n\n\n\n<div class=\"wp-block-column is-layout-flow wp-block-column-is-layout-flow\">\n<div class=\"wp-block-create-block-sevgutenberg-navigation\"><aside class=\"encart-sev-navigation small carre\"><a href=\"https:\/\/www.campinglarenaudiere.com\/activites-animations-soirees\" class=\"d-flex flex-column align-items-center\"><div class=\"encart-title\"><span>Activiteiten <\/span><\/div><div class=\"vague\"><\/div><img decoding=\"async\" src=\"https:\/\/www.campinglarenaudiere.com\/wp-content\/uploads\/2021\/12\/club-enfant-camping-1.jpg\" alt=\"Kinderclub\"\/><div class=\"ligne\"><\/div><div class=\"hover\"><\/div><\/a><\/aside><\/div>\n<\/div>\n\n\n\n<div class=\"wp-block-column is-layout-flow wp-block-column-is-layout-flow\" style=\"flex-basis:20%\"><\/div>\n<\/div>\n\n\n\n<div class=\"wp-block-image mt-5\"><figure class=\"aligncenter size-large is-resized\"><img loading=\"lazy\" decoding=\"async\" src=\"https:\/\/www.campinglarenaudiere.com\/wp-content\/uploads\/2022\/01\/photo-1024x84.png\" alt=\"fotogalerij\" class=\"wp-image-2371\" width=\"768\" height=\"63\"\/><\/figure><\/div>\n\n\n<!-- Aucune image dans cette galerie -->","protected":false},"excerpt":{"rendered":"<p>Snack Bar \u00e0 la Plaine-sur-Mer Nous vous accueillons en terrasse pour les jours ensoleill\u00e9s et en int\u00e9rieur pour les soir\u00e9es [&hellip;]<\/p>\n","protected":false},"author":1,"featured_media":0,"parent":0,"menu_order":0,"comment_status":"closed","ping_status":"closed","template":"","meta":{"_seopress_robots_primary_cat":"","_seopress_titles_title":"Camping avec snack-bar restaurant pr\u00e8s de Pornic","_seopress_titles_desc":"Ouvert en Juillet et Ao\u00fbt, le snack-bar-restaurant du Camping La Renaudi\u00e8re pr\u00e8s de Pornic vous propose aussi le wifi gratuit !","_seopress_robots_index":"","footnotes":""},"class_list":["post-40","page","type-page","status-publish","hentry"],"_links":{"self":[{"href":"https:\/\/www.mirabel-mielles.com\/nl\/wp-json\/wp\/v2\/pages\/40","targetHints":{"allow":["GET"]}}],"collection":[{"href":"https:\/\/www.mirabel-mielles.com\/nl\/wp-json\/wp\/v2\/pages"}],"about":[{"href":"https:\/\/www.mirabel-mielles.com\/nl\/wp-json\/wp\/v2\/types\/page"}],"author":[{"embeddable":true,"href":"https:\/\/www.mirabel-mielles.com\/nl\/wp-json\/wp\/v2\/users\/1"}],"replies":[{"embeddable":true,"href":"https:\/\/www.mirabel-mielles.com\/nl\/wp-json\/wp\/v2\/comments?post=40"}],"version-history":[{"count":0,"href":"https:\/\/www.mirabel-mielles.com\/nl\/wp-json\/wp\/v2\/pages\/40\/revisions"}],"wp:attachment":[{"href":"https:\/\/www.mirabel-mielles.com\/nl\/wp-json\/wp\/v2\/media?parent=40"}],"curies":[{"name":"wp","href":"https:\/\/api.w.org\/{rel}","templated":true}]}}