{"id":43,"date":"2021-12-10T14:15:21","date_gmt":"2021-12-10T13:15:21","guid":{"rendered":"https:\/\/www.campinglarenaudiere.com\/?page_id=43"},"modified":"2026-01-14T15:16:43","modified_gmt":"2026-01-14T14:16:43","slug":"sport-en-vrijetijdsactiviteiten","status":"publish","type":"page","link":"https:\/\/www.mirabel-mielles.com\/nl\/activites-sports-loisirs","title":{"rendered":"Sport en vrije tijd"},"content":{"rendered":"<h1 class=\"wp-block-heading\" id=\"faites-le-plein-d-activites-au-camping-la-renaudiere\">Kwaliteitsvoorzieningen op camping Saint-Cast-le-Guildo<\/h1>\n\n\n\n<p class=\"has-text-align-center\">Tijdens een kampeervakantie kun je deelnemen aan een breed scala aan activiteiten dankzij onze vele faciliteiten ter plaatse. Van kinderspelen tot een ruimte voor oudere kinderen, er is voor elk wat wils.<\/p>\n\n\n\n<figure class=\"wp-block-image aligncenter size-full\"><img decoding=\"async\" src=\"https:\/\/www.campinglarenaudiere.com\/wp-content\/uploads\/2022\/01\/barre-bleue.png\" alt=\"\" class=\"wp-image-2382\"\/><\/figure>\n\n\n\n<div class=\"wp-block-media-text alignwide has-media-on-the-right is-stacked-on-mobile\"><div class=\"wp-block-media-text__content\">\n<p class=\"texte-rond has-orange-color has-text-color has-large-font-size\">Onze camping met speeltuin<\/p>\n\n\n\n<p>Op camping Les Mielles in Saint-Cast-le-Guildo staan de volgende voorzieningen tot uw beschikking <strong>gratis beveiligde apparatuur<\/strong> zodat je kinderen plezier kunnen hebben en vakantievriendjes kunnen maken!<\/p>\n\n\n\n<p><\/p>\n\n\n\n<ul class=\"wp-block-list\">\n<li>Een grote speelruimte voor kinderen <strong>schommel, glijbaan <\/strong>en zandbak<\/li>\n\n\n\n<li>De ster van de hoek : <strong>de trampoline <\/strong>om terug te stuiteren!<\/li>\n\n\n\n<li>Een prachtig <strong>springkasteel<\/strong> ge\u00efnstalleerd (kan gesloten zijn bij slecht weer)<\/li>\n<\/ul>\n<\/div><figure class=\"wp-block-media-text__media\"><img loading=\"lazy\" decoding=\"async\" width=\"1024\" height=\"683\" src=\"https:\/\/www.mirabel-mielles.com\/wp-content\/uploads\/2022\/09\/1-mielles-trampoline.jpeg\" alt=\"camping met animaties in St Cast le Guildo\" class=\"wp-image-5931 size-full\" srcset=\"https:\/\/www.mirabel-mielles.com\/wp-content\/uploads\/2022\/09\/1-mielles-trampoline.jpeg 1024w, https:\/\/www.mirabel-mielles.com\/wp-content\/uploads\/2022\/09\/1-mielles-trampoline-300x200.jpeg 300w, https:\/\/www.mirabel-mielles.com\/wp-content\/uploads\/2022\/09\/1-mielles-trampoline-768x512.jpeg 768w\" sizes=\"auto, (max-width: 1024px) 100vw, 1024px\" \/><\/figure><\/div>\n\n\n\n<div style=\"height:14px\" aria-hidden=\"true\" class=\"wp-block-spacer\"><\/div>\n\n\n\n<div class=\"wp-block-media-text alignwide front-page-section grey\"><figure class=\"wp-block-media-text__media\"><img loading=\"lazy\" decoding=\"async\" width=\"600\" height=\"400\" src=\"https:\/\/www.mirabel-mielles.com\/wp-content\/uploads\/2026\/01\/boulodrome-petanque-camping-1.jpg\" alt=\"boulodrome petanque camping bretagne\" class=\"wp-image-10616 size-medium\" srcset=\"https:\/\/www.mirabel-mielles.com\/wp-content\/uploads\/2026\/01\/boulodrome-petanque-camping-1.jpg 600w, https:\/\/www.mirabel-mielles.com\/wp-content\/uploads\/2026\/01\/boulodrome-petanque-camping-1-300x200.jpg 300w\" sizes=\"auto, (max-width: 600px) 100vw, 600px\" \/><\/figure><div class=\"wp-block-media-text__content\">\n<p class=\"texte-rond has-orange-color has-text-color\" style=\"font-size:32px\">Sportfaciliteiten op de camping<\/p>\n\n\n\n<p>Voor sommige mensen betekent vakantie niet altijd rust. We weten het, je bent <strong>veel sporters<\/strong> om een paar dagen of een week door te brengen op Les Mielles in C\u00f4tes d'Armor. Om op de hoogte te blijven, hebben we een<strong> tafeltennis <\/strong>waar je de strijd aan kunt gaan met je vrienden. Je vindt er ook een <strong>volleybalnet<\/strong> op een grasveld, voor een kleine wedstrijd onder de Bretonse zon.<\/p>\n\n\n\n<p>Tot slot, omdat dit de essenti\u00eble activiteiten zijn voor elke goede kampeerder: <strong>boulodrome<\/strong> voor uw <strong>jeu de boules spelletjes<\/strong>e, Bretonse sjoelbak of molkky zijn beschikbaar in de buurt van de kinderspeelplaats. Ieder zijn eigen ruimte en de vrijheid om je in alle rust te vermaken, dat is de spirit van onze camping. <strong>4-sterren familiecamping<\/strong>.<\/p>\n<\/div><\/div>\n\n\n\n<p><\/p>\n\n\n\n<div class=\"wp-block-media-text has-media-on-the-right is-stacked-on-mobile\"><div class=\"wp-block-media-text__content\">\n<h3 class=\"wp-block-heading\">Uitrusting lenen bij de receptie van de camping<\/h3>\n\n\n\n<p>Is het weer niet goed genoeg om buiten te zijn? Geen paniek, we hebben altijd een plan B of zelfs een plan C bij Les Mielles! <\/p>\n\n\n\n<p>Plan B: De Saloon. In deze <strong>overdekte gemeenschappelijke ruimte<\/strong>, Je vindt er arcadespellen en bankjes om met vrienden te kletsen. Het is geopend van 9.00 tot 18.00 uur (tot 22.00 uur in de zomer). Neem een pauze met je vrienden en deel een moment van ontspanning. <strong>uit de regen<\/strong>.<\/p>\n\n\n\n<p>Plan C: lenen <strong>boeken of bordspellen bij de receptie.<\/strong> Het is gratis, dus profiteer ervan. En neem gerust je eigen spel mee voor een spelletje met vrienden in de Saloon of op het terras van je stacaravan.<br><\/p>\n\n\n\n<figure class=\"wp-block-image alignright size-full is-resized\"><img decoding=\"async\" src=\"https:\/\/www.campinglarenaudiere.com\/wp-content\/uploads\/2022\/01\/livre.png\" alt=\"\" class=\"wp-image-1892\" style=\"width:80px;height:70px\"\/><\/figure>\n<\/div><figure class=\"wp-block-media-text__media\"><img loading=\"lazy\" decoding=\"async\" width=\"600\" height=\"480\" src=\"https:\/\/www.mirabel-mielles.com\/wp-content\/uploads\/2026\/01\/mielles-saloon-salle-couverte.jpg\" alt=\"overdekte zaal op de camping voor plezier\" class=\"wp-image-10619 size-full\" srcset=\"https:\/\/www.mirabel-mielles.com\/wp-content\/uploads\/2026\/01\/mielles-saloon-salle-couverte.jpg 600w, https:\/\/www.mirabel-mielles.com\/wp-content\/uploads\/2026\/01\/mielles-saloon-salle-couverte-300x240.jpg 300w\" sizes=\"auto, (max-width: 600px) 100vw, 600px\" \/><\/figure><\/div>\n\n\n\n<p class=\"has-text-align-center texte-rond mt-5 has-large-font-size\">Ontdek de camping<\/p>\n\n\n\n<div class=\"wp-block-columns h-20 front-page-section grey is-layout-flex wp-container-core-columns-is-layout-28f84493 wp-block-columns-is-layout-flex\">\n<div class=\"wp-block-column is-layout-flow wp-block-column-is-layout-flow\"><\/div>\n\n\n\n<div class=\"wp-block-column is-layout-flow wp-block-column-is-layout-flow\">\n<div class=\"wp-block-create-block-sevgutenberg-navigation\"><aside class=\"encart-sev-navigation small carre\"><a href=\"https:\/\/www.mirabel-mielles.com\/nl\/zwembad-aquatisch-gebied\/\" class=\"d-flex flex-column align-items-center\"><div class=\"encart-title\"><span>Waterpark<\/span><\/div><div class=\"vague\"><\/div><img decoding=\"async\" src=\"https:\/\/www.mirabel-mielles.com\/wp-content\/uploads\/2022\/09\/piscine-soleil-baignade.jpg\" alt=\"verwarmd buitenzwembad\"\/><div class=\"ligne\"><\/div><div class=\"hover\"><\/div><\/a><\/aside><\/div>\n<\/div>\n\n\n\n<div class=\"wp-block-column is-layout-flow wp-block-column-is-layout-flow\">\n<div class=\"wp-block-create-block-sevgutenberg-navigation\"><aside class=\"encart-sev-navigation small carre\"><a href=\"https:\/\/www.mirabel-mielles.com\/nl\/goede-adressen-links\/\" class=\"d-flex flex-column align-items-center\"><div class=\"encart-title\"><span>De activiteiten<\/span><\/div><div class=\"vague\"><\/div><img decoding=\"async\" src=\"https:\/\/www.mirabel-mielles.com\/wp-content\/uploads\/2022\/09\/3-Adt-accrobranche_Loic-KERSUZAN.jpg\" alt=\"\"\/><div class=\"ligne\"><\/div><div class=\"hover\"><\/div><\/a><\/aside><\/div>\n<\/div>\n\n\n\n<div class=\"wp-block-column is-layout-flow wp-block-column-is-layout-flow\">\n<div class=\"wp-block-create-block-sevgutenberg-navigation\"><aside class=\"encart-sev-navigation small carre\"><a href=\"https:\/\/www.mirabel-mielles.com\/nl\/ervaringen\/\" class=\"d-flex flex-column align-items-center\"><div class=\"encart-title\"><span>Ervaringen<\/span><\/div><div class=\"vague\"><\/div><img decoding=\"async\" src=\"https:\/\/www.mirabel-mielles.com\/wp-content\/uploads\/2022\/09\/2-parapente-mer-pixabay.jpg\" alt=\"\"\/><div class=\"ligne\"><\/div><div class=\"hover\"><\/div><\/a><\/aside><\/div>\n<\/div>\n\n\n\n<div class=\"wp-block-column is-layout-flow wp-block-column-is-layout-flow\"><\/div>\n<\/div>\n\n\n\n<div class=\"wp-block-group is-layout-flow wp-block-group-is-layout-flow\">\n<figure class=\"wp-block-image aligncenter size-large is-resized mt-5\"><img decoding=\"async\" src=\"https:\/\/www.campinglarenaudiere.com\/wp-content\/uploads\/2022\/01\/photo-1024x84.png\" alt=\"fotogalerij\" class=\"wp-image-2371\" style=\"width:768px;height:63px\"\/><\/figure>\n\n\n\t\t\t<div id=\"sevgallery-604120031\" class=\"sev-diaporama sev-diaporama-portfolio\">\r\n\t\t\t\t<div class=\"row\">\r\n\r\n\t\t\t\t\t\r\n\t\t\t\t\t\t\r\n\t\t\t\t\t\t<div class=\"sev-diaporama-portfolio-item   btnseeall btnseeall-xl col-12 col-md  col-grow\">\r\n\t\t\t\t\t\t\t<a href=\"https:\/\/www.mirabel-mielles.com\/wp-content\/uploads\/2023\/12\/aire-jeux-homeball1-1024x768.jpg\" data-lightbox=\"sevgallery-604120031\" style=\"background-image: url(https:\/\/www.mirabel-mielles.com\/wp-content\/uploads\/2023\/12\/aire-jeux-homeball1-1024x768.jpg)\">\r\n\t\t\t\t\t\t\t\t<img decoding=\"async\" src=\"https:\/\/www.mirabel-mielles.com\/wp-content\/uploads\/2023\/12\/aire-jeux-homeball1-1024x768.jpg\" alt=\"\" loading=\"lazy\">\r\n\t\t\t\t\t\t\t\t\t\t\t\t\t\t\t<\/a>\r\n\t\t\t\t\t\t<\/div>\r\n\r\n\t\t\t\t\t\t\r\n\t\t\t\t\t\t\t\t\t\t\t\t\t\t\t\t\t\r\n\t\t\t\t\t\t\r\n\t\t\t\t\t\t<div class=\"sev-diaporama-portfolio-item   btnseeall btnseeall-xl col-12 col-md\">\r\n\t\t\t\t\t\t\t<a href=\"https:\/\/www.mirabel-mielles.com\/wp-content\/uploads\/2023\/12\/meilles-aires-de-jeux-2-1024x683.jpg\" data-lightbox=\"sevgallery-604120031\" style=\"background-image: url(https:\/\/www.mirabel-mielles.com\/wp-content\/uploads\/2023\/12\/meilles-aires-de-jeux-2-1024x683.jpg)\">\r\n\t\t\t\t\t\t\t\t<img decoding=\"async\" src=\"https:\/\/www.mirabel-mielles.com\/wp-content\/uploads\/2023\/12\/meilles-aires-de-jeux-2-1024x683.jpg\" alt=\"\" loading=\"lazy\">\r\n\t\t\t\t\t\t\t\t\t\t\t\t\t\t\t<\/a>\r\n\t\t\t\t\t\t<\/div>\r\n\r\n\t\t\t\t\t\t\r\n\t\t\t\t\t\t\t\t\t\t\t\t\t\t\t\t\t\r\n\t\t\t\t\t\t\r\n\t\t\t\t\t\t<div class=\"sev-diaporama-portfolio-item   btnseeall btnseeall-xl col-12 col-md\">\r\n\t\t\t\t\t\t\t<a href=\"https:\/\/www.mirabel-mielles.com\/wp-content\/uploads\/2022\/09\/aire-de-jeux-enfants-1024x683.jpg\" data-lightbox=\"sevgallery-604120031\" style=\"background-image: url(https:\/\/www.mirabel-mielles.com\/wp-content\/uploads\/2022\/09\/aire-de-jeux-enfants-1024x683.jpg)\">\r\n\t\t\t\t\t\t\t\t<img decoding=\"async\" src=\"https:\/\/www.mirabel-mielles.com\/wp-content\/uploads\/2022\/09\/aire-de-jeux-enfants-1024x683.jpg\" alt=\"4 sterren speeltuin op de camping\" loading=\"lazy\">\r\n\t\t\t\t\t\t\t\t\t\t\t\t\t\t\t<\/a>\r\n\t\t\t\t\t\t<\/div>\r\n\r\n\t\t\t\t\t\t\r\n\t\t\t\t\t\t\t\t\t\t\t\t\t\t\t\t\t\r\n\t\t\t\t\t\t\r\n\t\t\t\t\t\t<div class=\"sev-diaporama-portfolio-item   btnseeall btnseeall-xl col-12 col-md  col-grow\">\r\n\t\t\t\t\t\t\t<a href=\"https:\/\/www.mirabel-mielles.com\/wp-content\/uploads\/2022\/09\/trampoline-enfant-1024x768.jpg\" data-lightbox=\"sevgallery-604120031\" style=\"background-image: url(https:\/\/www.mirabel-mielles.com\/wp-content\/uploads\/2022\/09\/trampoline-enfant-1024x768.jpg)\">\r\n\t\t\t\t\t\t\t\t<img decoding=\"async\" src=\"https:\/\/www.mirabel-mielles.com\/wp-content\/uploads\/2022\/09\/trampoline-enfant-1024x768.jpg\" alt=\"camping trampoline\" loading=\"lazy\">\r\n\t\t\t\t\t\t\t\t\t\t\t\t\t\t\t<\/a>\r\n\t\t\t\t\t\t<\/div>\r\n\r\n\t\t\t\t\t\t\t\t\t\t\t\t\t<div class=\"w-100\"><\/div>\r\n\t\t\t\t\t\t\t\t\t\t\t\t\t\r\n\t\t\t\t\t\t\t\t\t\t\t\t\t\t\t\t\t\r\n\t\t\t\t\t\t\r\n\t\t\t\t\t\t<div class=\"sev-diaporama-portfolio-item   btnseeall btnseeall-xl col-12 col-md  col-shrink\">\r\n\t\t\t\t\t\t\t<a href=\"https:\/\/www.mirabel-mielles.com\/wp-content\/uploads\/2022\/09\/aire-jeux-enfants-mielles-1024x768.jpg\" data-lightbox=\"sevgallery-604120031\" style=\"background-image: url(https:\/\/www.mirabel-mielles.com\/wp-content\/uploads\/2022\/09\/aire-jeux-enfants-mielles-1024x768.jpg)\">\r\n\t\t\t\t\t\t\t\t<img decoding=\"async\" src=\"https:\/\/www.mirabel-mielles.com\/wp-content\/uploads\/2022\/09\/aire-jeux-enfants-mielles-1024x768.jpg\" alt=\"speeltuin\" loading=\"lazy\">\r\n\t\t\t\t\t\t\t\t\t\t\t\t\t\t\t<\/a>\r\n\t\t\t\t\t\t<\/div>\r\n\r\n\t\t\t\t\t\t\r\n\t\t\t\t\t\t\t\t\t\t\t\t\t\t\t\t\t\r\n\t\t\t\t\t\t\r\n\t\t\t\t\t\t<div class=\"sev-diaporama-portfolio-item   btnseeall btnseeall-xl col-12 col-md  col-shrink\">\r\n\t\t\t\t\t\t\t<a href=\"https:\/\/www.mirabel-mielles.com\/wp-content\/uploads\/2022\/09\/allee-camping-velos-enfants-1024x768.jpg\" data-lightbox=\"sevgallery-604120031\" style=\"background-image: url(https:\/\/www.mirabel-mielles.com\/wp-content\/uploads\/2022\/09\/allee-camping-velos-enfants-1024x768.jpg)\">\r\n\t\t\t\t\t\t\t\t<img decoding=\"async\" src=\"https:\/\/www.mirabel-mielles.com\/wp-content\/uploads\/2022\/09\/allee-camping-velos-enfants-1024x768.jpg\" alt=\"fietsen langs de paden van de camping\" loading=\"lazy\">\r\n\t\t\t\t\t\t\t\t\t\t\t\t\t\t\t<\/a>\r\n\t\t\t\t\t\t<\/div>\r\n\r\n\t\t\t\t\t\t\r\n\t\t\t\t\t\t\t\t\t\t\t\t\t\t\t\t\t\r\n\t\t\t\t\t\t\r\n\t\t\t\t\t\t<div class=\"sev-diaporama-portfolio-item   btnseeall btnseeall-xl col-12 col-md  col-shrink\">\r\n\t\t\t\t\t\t\t<a href=\"https:\/\/www.mirabel-mielles.com\/wp-content\/uploads\/2022\/09\/balancoire-jeu-enfant.9-1024x683.jpg\" data-lightbox=\"sevgallery-604120031\" style=\"background-image: url(https:\/\/www.mirabel-mielles.com\/wp-content\/uploads\/2022\/09\/balancoire-jeu-enfant.9-1024x683.jpg)\">\r\n\t\t\t\t\t\t\t\t<img decoding=\"async\" src=\"https:\/\/www.mirabel-mielles.com\/wp-content\/uploads\/2022\/09\/balancoire-jeu-enfant.9-1024x683.jpg\" alt=\"4-sterren familiecamping\" loading=\"lazy\">\r\n\t\t\t\t\t\t\t\t\t\t\t\t\t\t\t<\/a>\r\n\t\t\t\t\t\t<\/div>\r\n\r\n\t\t\t\t\t\t\r\n\t\t\t\t\t\t\t\t\t\t\t\t\t\t\t\t\t\r\n\t\t\t\t\t\t\r\n\t\t\t\t\t\t<div class=\"sev-diaporama-portfolio-item   btnseeall btnseeall-xl col-12 col-md  col-shrink last-visible\">\r\n\t\t\t\t\t\t\t<a href=\"https:\/\/www.mirabel-mielles.com\/wp-content\/uploads\/2022\/09\/boulodrome-petanque-2-1024x683.jpg\" data-lightbox=\"sevgallery-604120031\" style=\"background-image: url(https:\/\/www.mirabel-mielles.com\/wp-content\/uploads\/2022\/09\/boulodrome-petanque-2-1024x683.jpg)\">\r\n\t\t\t\t\t\t\t\t<img decoding=\"async\" src=\"https:\/\/www.mirabel-mielles.com\/wp-content\/uploads\/2022\/09\/boulodrome-petanque-2-1024x683.jpg\" alt=\"camping bowling green\" loading=\"lazy\">\r\n\t\t\t\t\t\t\t\t\t\t\t\t\t\t\t\t\t<img decoding=\"async\" src=\"https:\/\/www.mirabel-mielles.com\/wp-content\/themes\/mielles\/assets\/img\/voir-photos.png\" alt=\"\" \/>\r\n\t\t\t\t\t\t\t\t\t<span>Bekijk alle foto's<\/span>\r\n\t\t\t\t\t\t\t\t\t\t\t\t\t\t\t<\/a>\r\n\t\t\t\t\t\t<\/div>\r\n\r\n\t\t\t\t\t\t\t\t\t\t\t\t\t<div class=\"w-100\"><\/div>\r\n\t\t\t\t\t\t\t\t\t\t\t\t\t\r\n\t\t\t\t\t\t\t\t\t\t\t\t\t\t\t\t\t\r\n\t\t\t\t\t\t\r\n\t\t\t\t\t\t<div class=\"sev-diaporama-portfolio-item   btnseeall btnseeall-xl col-12 col-md  col-grow d-none\">\r\n\t\t\t\t\t\t\t<a href=\"https:\/\/www.mirabel-mielles.com\/wp-content\/uploads\/2022\/09\/boulodrome-velo-enfant-1-1024x683.jpg\" data-lightbox=\"sevgallery-604120031\" style=\"background-image: url(https:\/\/www.mirabel-mielles.com\/wp-content\/uploads\/2022\/09\/boulodrome-velo-enfant-1-1024x683.jpg)\">\r\n\t\t\t\t\t\t\t\t<img decoding=\"async\" src=\"https:\/\/www.mirabel-mielles.com\/wp-content\/uploads\/2022\/09\/boulodrome-velo-enfant-1-1024x683.jpg\" alt=\"camping bowling green\" loading=\"lazy\">\r\n\t\t\t\t\t\t\t\t\t\t\t\t\t\t\t<\/a>\r\n\t\t\t\t\t\t<\/div>\r\n\r\n\t\t\t\t\t\t\r\n\t\t\t\t\t\t\t\t\t\t\t\t\t\t\t\t\t\r\n\t\t\t\t\t\t\r\n\t\t\t\t\t\t<div class=\"sev-diaporama-portfolio-item   btnseeall btnseeall-xl col-12 col-md  d-none\">\r\n\t\t\t\t\t\t\t<a href=\"https:\/\/www.mirabel-mielles.com\/nl\/photos-camping-mielles\"  style=\"background-image: url(https:\/\/www.mirabel-mielles.com\/wp-content\/uploads\/2022\/09\/jeu-gonflable-enfant-683x1024.jpg)\">\r\n\t\t\t\t\t\t\t\t<img decoding=\"async\" src=\"https:\/\/www.mirabel-mielles.com\/wp-content\/uploads\/2022\/09\/jeu-gonflable-enfant-683x1024.jpg\" alt=\"opblaasbare structuur op de camping\" loading=\"lazy\">\r\n\t\t\t\t\t\t\t\t\t\t\t\t\t\t\t<\/a>\r\n\t\t\t\t\t\t<\/div>\r\n\r\n\t\t\t\t\t\t\r\n\t\t\t\t\t\t\t\t\t\t\t\t\t\t\t\t\t\r\n\t\t\t\t\t\t\r\n\t\t\t\t\t\t<div class=\"sev-diaporama-portfolio-item   btnseeall btnseeall-xl col-12 col-md  col-grow d-none\">\r\n\t\t\t\t\t\t\t<a href=\"https:\/\/www.mirabel-mielles.com\/wp-content\/uploads\/2022\/09\/jeu-gonflable-enfants2-1024x683.jpg\" data-lightbox=\"sevgallery-604120031\" style=\"background-image: url(https:\/\/www.mirabel-mielles.com\/wp-content\/uploads\/2022\/09\/jeu-gonflable-enfants2-1024x683.jpg)\">\r\n\t\t\t\t\t\t\t\t<img decoding=\"async\" src=\"https:\/\/www.mirabel-mielles.com\/wp-content\/uploads\/2022\/09\/jeu-gonflable-enfants2-1024x683.jpg\" alt=\"Spel voor kinderen\" loading=\"lazy\">\r\n\t\t\t\t\t\t\t\t\t\t\t\t\t\t\t<\/a>\r\n\t\t\t\t\t\t<\/div>\r\n\r\n\t\t\t\t\t\t\r\n\t\t\t\t\t\t\t\t\t\t\t\t\t\t\t\t\t\r\n\t\t\t\t\t\t\r\n\t\t\t\t\t\t<div class=\"sev-diaporama-portfolio-item   btnseeall btnseeall-xl col-12 col-md  d-none\">\r\n\t\t\t\t\t\t\t<a href=\"https:\/\/www.mirabel-mielles.com\/wp-content\/uploads\/2022\/09\/mielles-joueurs-petanque-1024x683.jpg\" data-lightbox=\"sevgallery-604120031\" style=\"background-image: url(https:\/\/www.mirabel-mielles.com\/wp-content\/uploads\/2022\/09\/mielles-joueurs-petanque-1024x683.jpg)\">\r\n\t\t\t\t\t\t\t\t<img decoding=\"async\" src=\"https:\/\/www.mirabel-mielles.com\/wp-content\/uploads\/2022\/09\/mielles-joueurs-petanque-1024x683.jpg\" alt=\"petanqueterrein camping bretagne\" loading=\"lazy\">\r\n\t\t\t\t\t\t\t\t\t\t\t\t\t\t\t<\/a>\r\n\t\t\t\t\t\t<\/div>\r\n\r\n\t\t\t\t\t\t\t\t\t\t\t\t\t<div class=\"w-100 d-none\"><\/div>\r\n\t\t\t\t\t\t\t\t\t\t\t\t\t\r\n\t\t\t\t\t\t\t\t\t\t\t\t\t\t\t\t\t\r\n\t\t\t\t\t\t\r\n\t\t\t\t\t\t<div class=\"sev-diaporama-portfolio-item   btnseeall btnseeall-xl col-12 col-md  col-grow d-none\">\r\n\t\t\t\t\t\t\t<a href=\"https:\/\/www.mirabel-mielles.com\/wp-content\/uploads\/2022\/09\/trampoline-enfants-jeu-6-768x1024.jpg\" data-lightbox=\"sevgallery-604120031\" style=\"background-image: url(https:\/\/www.mirabel-mielles.com\/wp-content\/uploads\/2022\/09\/trampoline-enfants-jeu-6-768x1024.jpg)\">\r\n\t\t\t\t\t\t\t\t<img decoding=\"async\" src=\"https:\/\/www.mirabel-mielles.com\/wp-content\/uploads\/2022\/09\/trampoline-enfants-jeu-6-768x1024.jpg\" alt=\"spelletjes voor kinderen op de camping\" loading=\"lazy\">\r\n\t\t\t\t\t\t\t\t\t\t\t\t\t\t\t<\/a>\r\n\t\t\t\t\t\t<\/div>\r\n\r\n\t\t\t\t\t\t\r\n\t\t\t\t\t\t\t\t\t\t\t\t\t\t\t\t\t\r\n\t\t\t\t\t\t\r\n\t\t\t\t\t\t<div class=\"sev-diaporama-portfolio-item  limitsm btnseeall btnseeall-xl col-12 col-md  col-grow d-none\">\r\n\t\t\t\t\t\t\t<a href=\"https:\/\/www.mirabel-mielles.com\/wp-content\/uploads\/2022\/09\/allee-jeu-palet2-1024x683.jpg\" data-lightbox=\"sevgallery-604120031\" style=\"background-image: url(https:\/\/www.mirabel-mielles.com\/wp-content\/uploads\/2022\/09\/allee-jeu-palet2-1024x683.jpg)\">\r\n\t\t\t\t\t\t\t\t<img decoding=\"async\" src=\"https:\/\/www.mirabel-mielles.com\/wp-content\/uploads\/2022\/09\/allee-jeu-palet2-1024x683.jpg\" alt=\"familiecamping\" loading=\"lazy\">\r\n\t\t\t\t\t\t\t\t\t\t\t\t\t\t\t<\/a>\r\n\t\t\t\t\t\t<\/div>\r\n\r\n\t\t\t\t\t\t\r\n\t\t\t\t\t\t\t\t\t\t\t\t\t\t\t\t\t\t\t\t\t<\/div>\r\n\t\t\t<\/div>\r\n\r\n\t\t\t<script>\r\n\t\t\tjQuery(function($) {\r\n\r\n\t\t\t\tvar marginPortfolio = function() {\r\n\r\n\t\t\t\t\tvar $diapo          = $('#sevgallery-604120031');\r\n\t\t\t\t\tvar container_width = $diapo.parent().outerWidth();\r\n\t\t\t\t\tvar side            = ( $(window).innerWidth() - container_width ) \/ 2;\r\n\r\n\t\t\t\t\t$diapo.css( {\r\n\t\t\t\t\t\t'margin-left': '-' + side + 'px',\r\n\t\t\t\t\t\t'margin-right': '-' + side + 'px',\r\n\t\t\t\t\t} );\r\n\t\t\t\t};\r\n\r\n\t\t\t\t$( window ).resize( function() {\r\n\t\t\t\t\tmarginPortfolio();\r\n\t\t\t\t} );\r\n\t\t\t\tmarginPortfolio();\r\n\t\t\t});\r\n\t\t\t<\/script>\r\n\t\t\t\n<\/div>","protected":false},"excerpt":{"rendered":"<p>Des \u00e9quipements de qualit\u00e9 au camping \u00e0 Saint-Cast-le-Guildo En vacances au camping, vous avez la possibilit\u00e9 de participer \u00e0 de [&hellip;]<\/p>\n","protected":false},"author":1,"featured_media":0,"parent":0,"menu_order":0,"comment_status":"closed","ping_status":"closed","template":"","meta":{"_seopress_robots_primary_cat":"","_seopress_titles_title":"Camping avec activit\u00e9s 4 \u00e9toiles Saint Cast le Guildo","_seopress_titles_desc":"Au camping Les Mielles \u00e0 Saint Cast le Guildo, on ne s'ennuie jamais ! Petits et grands pourront y faire du sport ou s'amuser.","_seopress_robots_index":"","footnotes":""},"class_list":["post-43","page","type-page","status-publish","hentry"],"_links":{"self":[{"href":"https:\/\/www.mirabel-mielles.com\/nl\/wp-json\/wp\/v2\/pages\/43","targetHints":{"allow":["GET"]}}],"collection":[{"href":"https:\/\/www.mirabel-mielles.com\/nl\/wp-json\/wp\/v2\/pages"}],"about":[{"href":"https:\/\/www.mirabel-mielles.com\/nl\/wp-json\/wp\/v2\/types\/page"}],"author":[{"embeddable":true,"href":"https:\/\/www.mirabel-mielles.com\/nl\/wp-json\/wp\/v2\/users\/1"}],"replies":[{"embeddable":true,"href":"https:\/\/www.mirabel-mielles.com\/nl\/wp-json\/wp\/v2\/comments?post=43"}],"version-history":[{"count":18,"href":"https:\/\/www.mirabel-mielles.com\/nl\/wp-json\/wp\/v2\/pages\/43\/revisions"}],"predecessor-version":[{"id":10624,"href":"https:\/\/www.mirabel-mielles.com\/nl\/wp-json\/wp\/v2\/pages\/43\/revisions\/10624"}],"wp:attachment":[{"href":"https:\/\/www.mirabel-mielles.com\/nl\/wp-json\/wp\/v2\/media?parent=43"}],"curies":[{"name":"wp","href":"https:\/\/api.w.org\/{rel}","templated":true}]}}