{"id":52,"date":"2021-12-10T14:19:51","date_gmt":"2021-12-10T13:19:51","guid":{"rendered":"https:\/\/www.campinglarenaudiere.com\/?page_id=52"},"modified":"2022-11-10T15:48:07","modified_gmt":"2022-11-10T14:48:07","slug":"fotos-camping-mielles","status":"publish","type":"page","link":"https:\/\/www.mirabel-mielles.com\/nl\/photos-camping-mielles","title":{"rendered":"Fotogalerij"},"content":{"rendered":"<h1 class=\"wp-block-heading\">Fotogalerij van camping Les Mielles in Saint-Cast-le-Guildo<\/h1>\n\n\n\t\t\t<div id=\"sevgallery-1156196748\" class=\"sev-diaporama sev-diaporama-portfolio\">\r\n\t\t\t\t<div class=\"row\">\r\n\r\n\t\t\t\t\t\r\n\t\t\t\t\t\t\r\n\t\t\t\t\t\t<div class=\"sev-diaporama-portfolio-item    col-12 col-md  col-shrink\">\r\n\t\t\t\t\t\t\t<a href=\"https:\/\/www.mirabel-mielles.com\/wp-content\/uploads\/2022\/09\/2-jeux-cartes-1024x768.jpeg\" data-lightbox=\"sevgallery-1156196748\" style=\"background-image: url(https:\/\/www.mirabel-mielles.com\/wp-content\/uploads\/2022\/09\/2-jeux-cartes-1024x768.jpeg)\">\r\n\t\t\t\t\t\t\t\t<img decoding=\"async\" src=\"https:\/\/www.mirabel-mielles.com\/wp-content\/uploads\/2022\/09\/2-jeux-cartes-1024x768.jpeg\" alt=\"\" loading=\"lazy\">\r\n\t\t\t\t\t\t\t\t\t\t\t\t\t\t\t<\/a>\r\n\t\t\t\t\t\t<\/div>\r\n\r\n\t\t\t\t\t\t\r\n\t\t\t\t\t\t\t\t\t\t\t\t\t\t\t\t\t\r\n\t\t\t\t\t\t\r\n\t\t\t\t\t\t<div class=\"sev-diaporama-portfolio-item    col-12 col-md\">\r\n\t\t\t\t\t\t\t<a href=\"https:\/\/www.mirabel-mielles.com\/wp-content\/uploads\/2022\/09\/service-chien-laisse-1024x683.jpg\" data-lightbox=\"sevgallery-1156196748\" style=\"background-image: url(https:\/\/www.mirabel-mielles.com\/wp-content\/uploads\/2022\/09\/service-chien-laisse-1024x683.jpg)\">\r\n\t\t\t\t\t\t\t\t<img decoding=\"async\" src=\"https:\/\/www.mirabel-mielles.com\/wp-content\/uploads\/2022\/09\/service-chien-laisse-1024x683.jpg\" alt=\"rustige camping Saint-Cast-Le-Guildo\" loading=\"lazy\">\r\n\t\t\t\t\t\t\t\t\t\t\t\t\t\t\t<\/a>\r\n\t\t\t\t\t\t<\/div>\r\n\r\n\t\t\t\t\t\t\r\n\t\t\t\t\t\t\t\t\t\t\t\t\t\t\t\t\t\r\n\t\t\t\t\t\t\r\n\t\t\t\t\t\t<div class=\"sev-diaporama-portfolio-item    col-12 col-md\">\r\n\t\t\t\t\t\t\t<a href=\"https:\/\/www.mirabel-mielles.com\/wp-content\/uploads\/2022\/09\/accueil-documentation-information-1024x683.jpg\" data-lightbox=\"sevgallery-1156196748\" style=\"background-image: url(https:\/\/www.mirabel-mielles.com\/wp-content\/uploads\/2022\/09\/accueil-documentation-information-1024x683.jpg)\">\r\n\t\t\t\t\t\t\t\t<img decoding=\"async\" src=\"https:\/\/www.mirabel-mielles.com\/wp-content\/uploads\/2022\/09\/accueil-documentation-information-1024x683.jpg\" alt=\"4-sterren camping Saint-Cast-Le-Guildo\" loading=\"lazy\">\r\n\t\t\t\t\t\t\t\t\t\t\t\t\t\t\t<\/a>\r\n\t\t\t\t\t\t<\/div>\r\n\r\n\t\t\t\t\t\t\r\n\t\t\t\t\t\t\t\t\t\t\t\t\t\t\t\t\t\r\n\t\t\t\t\t\t\r\n\t\t\t\t\t\t<div class=\"sev-diaporama-portfolio-item    col-12 col-md  col-shrink\">\r\n\t\t\t\t\t\t\t<a href=\"https:\/\/www.mirabel-mielles.com\/wp-content\/uploads\/2022\/09\/creation-peinture-club-enfant-1024x683.jpg\" data-lightbox=\"sevgallery-1156196748\" style=\"background-image: url(https:\/\/www.mirabel-mielles.com\/wp-content\/uploads\/2022\/09\/creation-peinture-club-enfant-1024x683.jpg)\">\r\n\t\t\t\t\t\t\t\t<img decoding=\"async\" src=\"https:\/\/www.mirabel-mielles.com\/wp-content\/uploads\/2022\/09\/creation-peinture-club-enfant-1024x683.jpg\" alt=\"creatieve workshop op de camping\" loading=\"lazy\">\r\n\t\t\t\t\t\t\t\t\t\t\t\t\t\t\t<\/a>\r\n\t\t\t\t\t\t<\/div>\r\n\r\n\t\t\t\t\t\t\t\t\t\t\t\t\t<div class=\"w-100\"><\/div>\r\n\t\t\t\t\t\t\t\t\t\t\t\t\t\r\n\t\t\t\t\t\t\t\t\t\t\t\t\t\t\t\t\t\r\n\t\t\t\t\t\t\r\n\t\t\t\t\t\t<div class=\"sev-diaporama-portfolio-item    col-12 col-md  col-shrink\">\r\n\t\t\t\t\t\t\t<a href=\"https:\/\/www.mirabel-mielles.com\/wp-content\/uploads\/2022\/09\/accueil-entree-mielles-mirabel-1024x683.jpg\" data-lightbox=\"sevgallery-1156196748\" style=\"background-image: url(https:\/\/www.mirabel-mielles.com\/wp-content\/uploads\/2022\/09\/accueil-entree-mielles-mirabel-1024x683.jpg)\">\r\n\t\t\t\t\t\t\t\t<img decoding=\"async\" src=\"https:\/\/www.mirabel-mielles.com\/wp-content\/uploads\/2022\/09\/accueil-entree-mielles-mirabel-1024x683.jpg\" alt=\"camping Les Mielles Saint-Cast-Le-Guildo\" loading=\"lazy\">\r\n\t\t\t\t\t\t\t\t\t\t\t\t\t\t\t<\/a>\r\n\t\t\t\t\t\t<\/div>\r\n\r\n\t\t\t\t\t\t\r\n\t\t\t\t\t\t\t\t\t\t\t\t\t\t\t\t\t\r\n\t\t\t\t\t\t\r\n\t\t\t\t\t\t<div class=\"sev-diaporama-portfolio-item    col-12 col-md  col-grow\">\r\n\t\t\t\t\t\t\t<a href=\"https:\/\/www.mirabel-mielles.com\/wp-content\/uploads\/2023\/04\/balancoire-jeu-enfant.10.jpg\" data-lightbox=\"sevgallery-1156196748\" style=\"background-image: url(https:\/\/www.mirabel-mielles.com\/wp-content\/uploads\/2023\/04\/balancoire-jeu-enfant.10.jpg)\">\r\n\t\t\t\t\t\t\t\t<img decoding=\"async\" src=\"https:\/\/www.mirabel-mielles.com\/wp-content\/uploads\/2023\/04\/balancoire-jeu-enfant.10.jpg\" alt=\"animaties op camping Saint Cast le Guildo\" loading=\"lazy\">\r\n\t\t\t\t\t\t\t\t\t\t\t\t\t\t\t<\/a>\r\n\t\t\t\t\t\t<\/div>\r\n\r\n\t\t\t\t\t\t\r\n\t\t\t\t\t\t\t\t\t\t\t\t\t\t\t\t\t\r\n\t\t\t\t\t\t\r\n\t\t\t\t\t\t<div class=\"sev-diaporama-portfolio-item    col-12 col-md  col-grow\">\r\n\t\t\t\t\t\t\t<a href=\"https:\/\/www.mirabel-mielles.com\/wp-content\/uploads\/2022\/09\/palmier-piscine-matin2-1024x768.jpg\" data-lightbox=\"sevgallery-1156196748\" style=\"background-image: url(https:\/\/www.mirabel-mielles.com\/wp-content\/uploads\/2022\/09\/palmier-piscine-matin2-1024x768.jpg)\">\r\n\t\t\t\t\t\t\t\t<img decoding=\"async\" src=\"https:\/\/www.mirabel-mielles.com\/wp-content\/uploads\/2022\/09\/palmier-piscine-matin2-1024x768.jpg\" alt=\"4-sterren camping zwembad\" loading=\"lazy\">\r\n\t\t\t\t\t\t\t\t\t\t\t\t\t\t\t<\/a>\r\n\t\t\t\t\t\t<\/div>\r\n\r\n\t\t\t\t\t\t\r\n\t\t\t\t\t\t\t\t\t\t\t\t\t\t\t\t\t\r\n\t\t\t\t\t\t\r\n\t\t\t\t\t\t<div class=\"sev-diaporama-portfolio-item    col-12 col-md  col-grow\">\r\n\t\t\t\t\t\t\t<a href=\"https:\/\/www.mirabel-mielles.com\/wp-content\/uploads\/2022\/10\/resident-amis-apero-1024x683.jpg\" data-lightbox=\"sevgallery-1156196748\" style=\"background-image: url(https:\/\/www.mirabel-mielles.com\/wp-content\/uploads\/2022\/10\/resident-amis-apero-1024x683.jpg)\">\r\n\t\t\t\t\t\t\t\t<img decoding=\"async\" src=\"https:\/\/www.mirabel-mielles.com\/wp-content\/uploads\/2022\/10\/resident-amis-apero-1024x683.jpg\" alt=\"een stacaravan kopen\" loading=\"lazy\">\r\n\t\t\t\t\t\t\t\t\t\t\t\t\t\t\t<\/a>\r\n\t\t\t\t\t\t<\/div>\r\n\r\n\t\t\t\t\t\t\t\t\t\t\t\t\t<div class=\"w-100\"><\/div>\r\n\t\t\t\t\t\t\t\t\t\t\t\t\t\r\n\t\t\t\t\t\t\t\t\t\t\t\t\t\t\t\t\t\r\n\t\t\t\t\t\t\r\n\t\t\t\t\t\t<div class=\"sev-diaporama-portfolio-item    col-12 col-md\">\r\n\t\t\t\t\t\t\t<a href=\"https:\/\/www.mirabel-mielles.com\/wp-content\/uploads\/2022\/09\/vue-aerienne-mielles-1024x683.jpg\" data-lightbox=\"sevgallery-1156196748\" style=\"background-image: url(https:\/\/www.mirabel-mielles.com\/wp-content\/uploads\/2022\/09\/vue-aerienne-mielles-1024x683.jpg)\">\r\n\t\t\t\t\t\t\t\t<img decoding=\"async\" src=\"https:\/\/www.mirabel-mielles.com\/wp-content\/uploads\/2022\/09\/vue-aerienne-mielles-1024x683.jpg\" alt=\"4-sterren camping Saint-Cast-Le-Guildo\" loading=\"lazy\">\r\n\t\t\t\t\t\t\t\t\t\t\t\t\t\t\t<\/a>\r\n\t\t\t\t\t\t<\/div>\r\n\r\n\t\t\t\t\t\t\r\n\t\t\t\t\t\t\t\t\t\t\t\t\t\t\t\t\t\r\n\t\t\t\t\t\t\r\n\t\t\t\t\t\t<div class=\"sev-diaporama-portfolio-item    col-12 col-md  col-shrink\">\r\n\t\t\t\t\t\t\t<a href=\"https:\/\/www.mirabel-mielles.com\/wp-content\/uploads\/2022\/09\/allee-fleurs-accueil-1024x768.jpg\" data-lightbox=\"sevgallery-1156196748\" style=\"background-image: url(https:\/\/www.mirabel-mielles.com\/wp-content\/uploads\/2022\/09\/allee-fleurs-accueil-1024x768.jpg)\">\r\n\t\t\t\t\t\t\t\t<img decoding=\"async\" src=\"https:\/\/www.mirabel-mielles.com\/wp-content\/uploads\/2022\/09\/allee-fleurs-accueil-1024x768.jpg\" alt=\"camping C\u00f4tes d&#039;Armor\" loading=\"lazy\">\r\n\t\t\t\t\t\t\t\t\t\t\t\t\t\t\t<\/a>\r\n\t\t\t\t\t\t<\/div>\r\n\r\n\t\t\t\t\t\t\r\n\t\t\t\t\t\t\t\t\t\t\t\t\t\t\t\t\t\r\n\t\t\t\t\t\t\r\n\t\t\t\t\t\t<div class=\"sev-diaporama-portfolio-item    col-12 col-md\">\r\n\t\t\t\t\t\t\t<a href=\"https:\/\/www.mirabel-mielles.com\/wp-content\/uploads\/2022\/09\/barbecue-vacances-1024x768.jpg\" data-lightbox=\"sevgallery-1156196748\" style=\"background-image: url(https:\/\/www.mirabel-mielles.com\/wp-content\/uploads\/2022\/09\/barbecue-vacances-1024x768.jpg)\">\r\n\t\t\t\t\t\t\t\t<img decoding=\"async\" src=\"https:\/\/www.mirabel-mielles.com\/wp-content\/uploads\/2022\/09\/barbecue-vacances-1024x768.jpg\" alt=\"barbecue verhuur camping Saint-Cast-Le-Guildo\" loading=\"lazy\">\r\n\t\t\t\t\t\t\t\t\t\t\t\t\t\t\t<\/a>\r\n\t\t\t\t\t\t<\/div>\r\n\r\n\t\t\t\t\t\t\r\n\t\t\t\t\t\t\t\t\t\t\t\t\t\t\t\t\t\r\n\t\t\t\t\t\t\r\n\t\t\t\t\t\t<div class=\"sev-diaporama-portfolio-item    col-12 col-md  col-grow\">\r\n\t\t\t\t\t\t\t<a href=\"https:\/\/www.mirabel-mielles.com\/wp-content\/uploads\/2022\/09\/barbecue-table-piquenique-1024x768.jpg\" data-lightbox=\"sevgallery-1156196748\" style=\"background-image: url(https:\/\/www.mirabel-mielles.com\/wp-content\/uploads\/2022\/09\/barbecue-table-piquenique-1024x768.jpg)\">\r\n\t\t\t\t\t\t\t\t<img decoding=\"async\" src=\"https:\/\/www.mirabel-mielles.com\/wp-content\/uploads\/2022\/09\/barbecue-table-piquenique-1024x768.jpg\" alt=\"4-sterrencamping Saint-Cast-Le-Guildo\" loading=\"lazy\">\r\n\t\t\t\t\t\t\t\t\t\t\t\t\t\t\t<\/a>\r\n\t\t\t\t\t\t<\/div>\r\n\r\n\t\t\t\t\t\t\t\t\t\t\t\t\t<div class=\"w-100\"><\/div>\r\n\t\t\t\t\t\t\t\t\t\t\t\t\t\r\n\t\t\t\t\t\t\t\t\t\t\t\t\t\t\t\t\t\r\n\t\t\t\t\t\t\r\n\t\t\t\t\t\t<div class=\"sev-diaporama-portfolio-item    col-12 col-md\">\r\n\t\t\t\t\t\t\t<a href=\"https:\/\/www.mirabel-mielles.com\/wp-content\/uploads\/2022\/09\/fleurs-parterre-paysager-1024x683.jpg\" data-lightbox=\"sevgallery-1156196748\" style=\"background-image: url(https:\/\/www.mirabel-mielles.com\/wp-content\/uploads\/2022\/09\/fleurs-parterre-paysager-1024x683.jpg)\">\r\n\t\t\t\t\t\t\t\t<img decoding=\"async\" src=\"https:\/\/www.mirabel-mielles.com\/wp-content\/uploads\/2022\/09\/fleurs-parterre-paysager-1024x683.jpg\" alt=\"natuurcamping Saint-Cast-Le-Guildo\" loading=\"lazy\">\r\n\t\t\t\t\t\t\t\t\t\t\t\t\t\t\t<\/a>\r\n\t\t\t\t\t\t<\/div>\r\n\r\n\t\t\t\t\t\t\r\n\t\t\t\t\t\t\t\t\t\t\t\t\t\t\t\t\t\r\n\t\t\t\t\t\t\r\n\t\t\t\t\t\t<div class=\"sev-diaporama-portfolio-item    col-12 col-md  col-shrink\">\r\n\t\t\t\t\t\t\t<a href=\"https:\/\/www.mirabel-mielles.com\/wp-content\/uploads\/2022\/09\/palmier-piscine-entree-1024x768.jpg\" data-lightbox=\"sevgallery-1156196748\" style=\"background-image: url(https:\/\/www.mirabel-mielles.com\/wp-content\/uploads\/2022\/09\/palmier-piscine-entree-1024x768.jpg)\">\r\n\t\t\t\t\t\t\t\t<img decoding=\"async\" src=\"https:\/\/www.mirabel-mielles.com\/wp-content\/uploads\/2022\/09\/palmier-piscine-entree-1024x768.jpg\" alt=\"zwembad op camping Saint-Cast-Le-Guildo\" loading=\"lazy\">\r\n\t\t\t\t\t\t\t\t\t\t\t\t\t\t\t<\/a>\r\n\t\t\t\t\t\t<\/div>\r\n\r\n\t\t\t\t\t\t\r\n\t\t\t\t\t\t\t\t\t\t\t\t\t\t\t\t\t\r\n\t\t\t\t\t\t\r\n\t\t\t\t\t\t<div class=\"sev-diaporama-portfolio-item    col-12 col-md  col-shrink\">\r\n\t\t\t\t\t\t\t<a href=\"https:\/\/www.mirabel-mielles.com\/wp-content\/uploads\/2022\/10\/proprietaire-mobilhome-resident-1024x683.jpg\" data-lightbox=\"sevgallery-1156196748\" style=\"background-image: url(https:\/\/www.mirabel-mielles.com\/wp-content\/uploads\/2022\/10\/proprietaire-mobilhome-resident-1024x683.jpg)\">\r\n\t\t\t\t\t\t\t\t<img decoding=\"async\" src=\"https:\/\/www.mirabel-mielles.com\/wp-content\/uploads\/2022\/10\/proprietaire-mobilhome-resident-1024x683.jpg\" alt=\"je tweede huis in Bretagne\" loading=\"lazy\">\r\n\t\t\t\t\t\t\t\t\t\t\t\t\t\t\t<\/a>\r\n\t\t\t\t\t\t<\/div>\r\n\r\n\t\t\t\t\t\t\r\n\t\t\t\t\t\t\t\t\t\t\t\t\t\t\t\t\t\r\n\t\t\t\t\t\t\r\n\t\t\t\t\t\t<div class=\"sev-diaporama-portfolio-item    col-12 col-md  col-grow\">\r\n\t\t\t\t\t\t\t<a href=\"https:\/\/www.mirabel-mielles.com\/wp-content\/uploads\/2022\/09\/jeu-gonflable-enfants2-1024x683.jpg\" data-lightbox=\"sevgallery-1156196748\" style=\"background-image: url(https:\/\/www.mirabel-mielles.com\/wp-content\/uploads\/2022\/09\/jeu-gonflable-enfants2-1024x683.jpg)\">\r\n\t\t\t\t\t\t\t\t<img decoding=\"async\" src=\"https:\/\/www.mirabel-mielles.com\/wp-content\/uploads\/2022\/09\/jeu-gonflable-enfants2-1024x683.jpg\" alt=\"Spel voor kinderen\" loading=\"lazy\">\r\n\t\t\t\t\t\t\t\t\t\t\t\t\t\t\t<\/a>\r\n\t\t\t\t\t\t<\/div>\r\n\r\n\t\t\t\t\t\t\t\t\t\t\t\t\t<div class=\"w-100\"><\/div>\r\n\t\t\t\t\t\t\t\t\t\t\t\t\t\r\n\t\t\t\t\t\t\t\t\t\t\t\t\t\t\t\t\t\r\n\t\t\t\t\t\t\r\n\t\t\t\t\t\t<div class=\"sev-diaporama-portfolio-item    col-12 col-md  col-grow\">\r\n\t\t\t\t\t\t\t<a href=\"https:\/\/www.mirabel-mielles.com\/wp-content\/uploads\/2022\/09\/mielles-joueurs-petanque-1024x683.jpg\" data-lightbox=\"sevgallery-1156196748\" style=\"background-image: url(https:\/\/www.mirabel-mielles.com\/wp-content\/uploads\/2022\/09\/mielles-joueurs-petanque-1024x683.jpg)\">\r\n\t\t\t\t\t\t\t\t<img decoding=\"async\" src=\"https:\/\/www.mirabel-mielles.com\/wp-content\/uploads\/2022\/09\/mielles-joueurs-petanque-1024x683.jpg\" alt=\"petanqueterrein camping bretagne\" loading=\"lazy\">\r\n\t\t\t\t\t\t\t\t\t\t\t\t\t\t\t<\/a>\r\n\t\t\t\t\t\t<\/div>\r\n\r\n\t\t\t\t\t\t\r\n\t\t\t\t\t\t\t\t\t\t\t\t\t\t\t\t\t\r\n\t\t\t\t\t\t\r\n\t\t\t\t\t\t<div class=\"sev-diaporama-portfolio-item    col-12 col-md  col-grow\">\r\n\t\t\t\t\t\t\t<a href=\"https:\/\/www.mirabel-mielles.com\/wp-content\/uploads\/2022\/09\/trampoline-enfants-jeu-6-768x1024.jpg\" data-lightbox=\"sevgallery-1156196748\" style=\"background-image: url(https:\/\/www.mirabel-mielles.com\/wp-content\/uploads\/2022\/09\/trampoline-enfants-jeu-6-768x1024.jpg)\">\r\n\t\t\t\t\t\t\t\t<img decoding=\"async\" src=\"https:\/\/www.mirabel-mielles.com\/wp-content\/uploads\/2022\/09\/trampoline-enfants-jeu-6-768x1024.jpg\" alt=\"spelletjes voor kinderen op de camping\" loading=\"lazy\">\r\n\t\t\t\t\t\t\t\t\t\t\t\t\t\t\t<\/a>\r\n\t\t\t\t\t\t<\/div>\r\n\r\n\t\t\t\t\t\t\r\n\t\t\t\t\t\t\t\t\t\t\t\t\t\t\t\t\t\r\n\t\t\t\t\t\t\r\n\t\t\t\t\t\t<div class=\"sev-diaporama-portfolio-item    col-12 col-md\">\r\n\t\t\t\t\t\t\t<a href=\"https:\/\/www.mirabel-mielles.com\/wp-content\/uploads\/2022\/09\/allee-jeu-palet2-1024x683.jpg\" data-lightbox=\"sevgallery-1156196748\" style=\"background-image: url(https:\/\/www.mirabel-mielles.com\/wp-content\/uploads\/2022\/09\/allee-jeu-palet2-1024x683.jpg)\">\r\n\t\t\t\t\t\t\t\t<img decoding=\"async\" src=\"https:\/\/www.mirabel-mielles.com\/wp-content\/uploads\/2022\/09\/allee-jeu-palet2-1024x683.jpg\" alt=\"familiecamping\" loading=\"lazy\">\r\n\t\t\t\t\t\t\t\t\t\t\t\t\t\t\t<\/a>\r\n\t\t\t\t\t\t<\/div>\r\n\r\n\t\t\t\t\t\t\r\n\t\t\t\t\t\t\t\t\t\t\t\t\t\t\t\t\t\r\n\t\t\t\t\t\t\r\n\t\t\t\t\t\t<div class=\"sev-diaporama-portfolio-item    col-12 col-md  col-grow\">\r\n\t\t\t\t\t\t\t<a href=\"https:\/\/www.mirabel-mielles.com\/wp-content\/uploads\/2022\/09\/soiree-poker-animations-576x1024.jpg\" data-lightbox=\"sevgallery-1156196748\" style=\"background-image: url(https:\/\/www.mirabel-mielles.com\/wp-content\/uploads\/2022\/09\/soiree-poker-animations-576x1024.jpg)\">\r\n\t\t\t\t\t\t\t\t<img decoding=\"async\" src=\"https:\/\/www.mirabel-mielles.com\/wp-content\/uploads\/2022\/09\/soiree-poker-animations-576x1024.jpg\" alt=\"pokeravond op de camping\" loading=\"lazy\">\r\n\t\t\t\t\t\t\t\t\t\t\t\t\t\t\t<\/a>\r\n\t\t\t\t\t\t<\/div>\r\n\r\n\t\t\t\t\t\t\t\t\t\t\t\t\t<div class=\"w-100\"><\/div>\r\n\t\t\t\t\t\t\t\t\t\t\t\t\t\r\n\t\t\t\t\t\t\t\t\t\t\t\t\t\t\t\t\t\r\n\t\t\t\t\t\t\r\n\t\t\t\t\t\t<div class=\"sev-diaporama-portfolio-item    col-12 col-md\">\r\n\t\t\t\t\t\t\t<a href=\"https:\/\/www.mirabel-mielles.com\/wp-content\/uploads\/2022\/09\/piscine-soleil-baignade-1024x768.jpg\" data-lightbox=\"sevgallery-1156196748\" style=\"background-image: url(https:\/\/www.mirabel-mielles.com\/wp-content\/uploads\/2022\/09\/piscine-soleil-baignade-1024x768.jpg)\">\r\n\t\t\t\t\t\t\t\t<img decoding=\"async\" src=\"https:\/\/www.mirabel-mielles.com\/wp-content\/uploads\/2022\/09\/piscine-soleil-baignade-1024x768.jpg\" alt=\"verwarmd buitenzwembad\" loading=\"lazy\">\r\n\t\t\t\t\t\t\t\t\t\t\t\t\t\t\t<\/a>\r\n\t\t\t\t\t\t<\/div>\r\n\r\n\t\t\t\t\t\t\r\n\t\t\t\t\t\t\t\t\t\t\t\t\t\t\t\t\t\r\n\t\t\t\t\t\t\r\n\t\t\t\t\t\t<div class=\"sev-diaporama-portfolio-item    col-12 col-md  col-grow\">\r\n\t\t\t\t\t\t\t<a href=\"https:\/\/www.mirabel-mielles.com\/wp-content\/uploads\/2022\/09\/plage-st-cast-promenade-1024x683.jpg\" data-lightbox=\"sevgallery-1156196748\" style=\"background-image: url(https:\/\/www.mirabel-mielles.com\/wp-content\/uploads\/2022\/09\/plage-st-cast-promenade-1024x683.jpg)\">\r\n\t\t\t\t\t\t\t\t<img decoding=\"async\" src=\"https:\/\/www.mirabel-mielles.com\/wp-content\/uploads\/2022\/09\/plage-st-cast-promenade-1024x683.jpg\" alt=\"camping in Saint Cast le Guildo\" loading=\"lazy\">\r\n\t\t\t\t\t\t\t\t\t\t\t\t\t\t\t<\/a>\r\n\t\t\t\t\t\t<\/div>\r\n\r\n\t\t\t\t\t\t\r\n\t\t\t\t\t\t\t\t\t\t\t\t\t\t\t\t\t\r\n\t\t\t\t\t\t\r\n\t\t\t\t\t\t<div class=\"sev-diaporama-portfolio-item    col-12 col-md  col-shrink\">\r\n\t\t\t\t\t\t\t<a href=\"https:\/\/www.mirabel-mielles.com\/wp-content\/uploads\/2022\/09\/plage-st-cast-longe-cote-1024x683.jpg\" data-lightbox=\"sevgallery-1156196748\" style=\"background-image: url(https:\/\/www.mirabel-mielles.com\/wp-content\/uploads\/2022\/09\/plage-st-cast-longe-cote-1024x683.jpg)\">\r\n\t\t\t\t\t\t\t\t<img decoding=\"async\" src=\"https:\/\/www.mirabel-mielles.com\/wp-content\/uploads\/2022\/09\/plage-st-cast-longe-cote-1024x683.jpg\" alt=\"cote Saint Cast le Guildo\" loading=\"lazy\">\r\n\t\t\t\t\t\t\t\t\t\t\t\t\t\t\t<\/a>\r\n\t\t\t\t\t\t<\/div>\r\n\r\n\t\t\t\t\t\t\r\n\t\t\t\t\t\t\t\t\t\t\t\t\t\t\t\t\t\r\n\t\t\t\t\t\t\r\n\t\t\t\t\t\t<div class=\"sev-diaporama-portfolio-item    col-12 col-md  col-grow\">\r\n\t\t\t\t\t\t\t<a href=\"https:\/\/www.mirabel-mielles.com\/wp-content\/uploads\/2022\/09\/perros-guirrec-1024x683.jpg\" data-lightbox=\"sevgallery-1156196748\" style=\"background-image: url(https:\/\/www.mirabel-mielles.com\/wp-content\/uploads\/2022\/09\/perros-guirrec-1024x683.jpg)\">\r\n\t\t\t\t\t\t\t\t<img decoding=\"async\" src=\"https:\/\/www.mirabel-mielles.com\/wp-content\/uploads\/2022\/09\/perros-guirrec-1024x683.jpg\" alt=\"Verblijf in Bretagne\" loading=\"lazy\">\r\n\t\t\t\t\t\t\t\t\t\t\t\t\t\t\t<\/a>\r\n\t\t\t\t\t\t<\/div>\r\n\r\n\t\t\t\t\t\t\t\t\t\t\t\t\t<div class=\"w-100\"><\/div>\r\n\t\t\t\t\t\t\t\t\t\t\t\t\t\r\n\t\t\t\t\t\t\t\t\t\t\t\t\t\t\t\t\t\r\n\t\t\t\t\t\t\r\n\t\t\t\t\t\t<div class=\"sev-diaporama-portfolio-item    col-12 col-md  col-grow\">\r\n\t\t\t\t\t\t\t<a href=\"https:\/\/www.mirabel-mielles.com\/wp-content\/uploads\/2022\/09\/Dinard-cote-eau-turquoise-1024x683.jpg\" data-lightbox=\"sevgallery-1156196748\" style=\"background-image: url(https:\/\/www.mirabel-mielles.com\/wp-content\/uploads\/2022\/09\/Dinard-cote-eau-turquoise-1024x683.jpg)\">\r\n\t\t\t\t\t\t\t\t<img decoding=\"async\" src=\"https:\/\/www.mirabel-mielles.com\/wp-content\/uploads\/2022\/09\/Dinard-cote-eau-turquoise-1024x683.jpg\" alt=\"camping dichtbij Dinard\" loading=\"lazy\">\r\n\t\t\t\t\t\t\t\t\t\t\t\t\t\t\t<\/a>\r\n\t\t\t\t\t\t<\/div>\r\n\r\n\t\t\t\t\t\t\r\n\t\t\t\t\t\t\t\t\t\t\t\t\t\t\t\t\t\r\n\t\t\t\t\t\t\r\n\t\t\t\t\t\t<div class=\"sev-diaporama-portfolio-item  limitsm  col-12 col-md  col-grow last-visible\">\r\n\t\t\t\t\t\t\t<a href=\"https:\/\/www.mirabel-mielles.com\/wp-content\/uploads\/2022\/09\/erquy-crique-2-1024x683.jpg\" data-lightbox=\"sevgallery-1156196748\" style=\"background-image: url(https:\/\/www.mirabel-mielles.com\/wp-content\/uploads\/2022\/09\/erquy-crique-2-1024x683.jpg)\">\r\n\t\t\t\t\t\t\t\t<img decoding=\"async\" src=\"https:\/\/www.mirabel-mielles.com\/wp-content\/uploads\/2022\/09\/erquy-crique-2-1024x683.jpg\" alt=\"kaap erquy\" loading=\"lazy\">\r\n\t\t\t\t\t\t\t\t\t\t\t\t\t\t\t\t\t<img decoding=\"async\" src=\"https:\/\/www.mirabel-mielles.com\/wp-content\/themes\/mielles\/assets\/img\/voir-photos.png\" alt=\"\" \/>\r\n\t\t\t\t\t\t\t\t\t<span>Bekijk alle foto's<\/span>\r\n\t\t\t\t\t\t\t\t\t\t\t\t\t\t\t<\/a>\r\n\t\t\t\t\t\t<\/div>\r\n\r\n\t\t\t\t\t\t\r\n\t\t\t\t\t\t\t\t\t\t\t\t\t\t\t\t\t\t\t\t\t<\/div>\r\n\t\t\t<\/div>\r\n\r\n\t\t\t<script>\r\n\t\t\tjQuery(function($) {\r\n\r\n\t\t\t\tvar marginPortfolio = function() {\r\n\r\n\t\t\t\t\tvar $diapo          = $('#sevgallery-1156196748');\r\n\t\t\t\t\tvar container_width = $diapo.parent().outerWidth();\r\n\t\t\t\t\tvar side            = ( $(window).innerWidth() - container_width ) \/ 2;\r\n\r\n\t\t\t\t\t$diapo.css( {\r\n\t\t\t\t\t\t'margin-left': '-' + side + 'px',\r\n\t\t\t\t\t\t'margin-right': '-' + side + 'px',\r\n\t\t\t\t\t} );\r\n\t\t\t\t};\r\n\r\n\t\t\t\t$( window ).resize( function() {\r\n\t\t\t\t\tmarginPortfolio();\r\n\t\t\t\t} );\r\n\t\t\t\tmarginPortfolio();\r\n\t\t\t});\r\n\t\t\t<\/script>","protected":false},"excerpt":{"rendered":"<p>Fotogalerij van camping Les Mielles in Saint-Cast-le-Guildo<\/p>","protected":false},"author":1,"featured_media":0,"parent":0,"menu_order":0,"comment_status":"closed","ping_status":"closed","template":"","meta":{"_seopress_robots_primary_cat":"","_seopress_titles_title":"Photos du camping les Mielles \u00e0 Saint Cast","_seopress_titles_desc":"Retrouvez ici la galerie de photos du camping Les Mielles \u00e0 Saint Cast le Guildo ! Ambiance de vacances et de d\u00e9tente pour toute la famille.","_seopress_robots_index":"","footnotes":""},"class_list":["post-52","page","type-page","status-publish","hentry"],"_links":{"self":[{"href":"https:\/\/www.mirabel-mielles.com\/nl\/wp-json\/wp\/v2\/pages\/52","targetHints":{"allow":["GET"]}}],"collection":[{"href":"https:\/\/www.mirabel-mielles.com\/nl\/wp-json\/wp\/v2\/pages"}],"about":[{"href":"https:\/\/www.mirabel-mielles.com\/nl\/wp-json\/wp\/v2\/types\/page"}],"author":[{"embeddable":true,"href":"https:\/\/www.mirabel-mielles.com\/nl\/wp-json\/wp\/v2\/users\/1"}],"replies":[{"embeddable":true,"href":"https:\/\/www.mirabel-mielles.com\/nl\/wp-json\/wp\/v2\/comments?post=52"}],"version-history":[{"count":1,"href":"https:\/\/www.mirabel-mielles.com\/nl\/wp-json\/wp\/v2\/pages\/52\/revisions"}],"predecessor-version":[{"id":5961,"href":"https:\/\/www.mirabel-mielles.com\/nl\/wp-json\/wp\/v2\/pages\/52\/revisions\/5961"}],"wp:attachment":[{"href":"https:\/\/www.mirabel-mielles.com\/nl\/wp-json\/wp\/v2\/media?parent=52"}],"curies":[{"name":"wp","href":"https:\/\/api.w.org\/{rel}","templated":true}]}}