{"id":54,"date":"2021-12-10T14:20:25","date_gmt":"2021-12-10T13:20:25","guid":{"rendered":"https:\/\/www.campinglarenaudiere.com\/?page_id=54"},"modified":"2026-03-19T12:05:25","modified_gmt":"2026-03-19T11:05:25","slug":"zwembad-aquatisch-gebied","status":"publish","type":"page","link":"https:\/\/www.mirabel-mielles.com\/nl\/piscine-espace-aquatique","title":{"rendered":"Waterpark"},"content":{"rendered":"<h1 class=\"wp-block-heading\" id=\"un-camping-4-etoiles-avec-piscine-saint-cast-le-guildo\">Camping met zwembad in Saint-Cast-le-Guildo<\/h1>\n\n\n\n<div class=\"wp-block-group is-layout-flow wp-block-group-is-layout-flow\">\n<p class=\"has-text-align-center\">Op slechts 250 meter van de <strong>Saint-Cast-le-Guildo strand<\/strong>, onze camping Mirabel Les Mielles heet u welkom voor <strong>vakantie in Bretagne<\/strong> tussen zee en ontspanning. Geniet van een <strong>gebruiksvriendelijke aquatische ruimte<\/strong> met grote <strong>verwarmd zwembad<\/strong>, Er is ook een kinderzwembad en ligstoelen. Nieuw in 2026: een <strong>overdekt zwembad<\/strong> is toegevoegd aan ons assortiment zodat je er nog langer in het seizoen van kunt genieten.<\/p>\n\n\n\n<p class=\"has-text-align-center\"><em><strong>(pagina wordt bijgewerkt)<\/strong><\/em><\/p>\n\n\n\n<figure class=\"wp-block-image aligncenter size-full is-resized\"><img decoding=\"async\" src=\"https:\/\/www.campinglarenaudiere.com\/wp-content\/uploads\/2022\/01\/barre-bleue.png\" alt=\"\" class=\"wp-image-2382\" style=\"width:50px;height:8px\"\/><\/figure>\n<\/div>\n\n\n\n<div class=\"wp-block-media-text alignwide has-media-on-the-right is-stacked-on-mobile animate right\"><div class=\"wp-block-media-text__content\">\n<h2 class=\"wp-block-heading\"><strong>Onze camping in C\u00f4tes d'Armor met zwembad<\/strong> verwarmd<\/h2>\n\n\n\n<figure class=\"wp-block-image size-full\"><img loading=\"lazy\" decoding=\"async\" width=\"50\" height=\"8\" src=\"https:\/\/www.mirabel-mielles.com\/wp-content\/uploads\/2022\/09\/barre-bleue.png\" alt=\"\" class=\"wp-image-5969\"\/><\/figure>\n\n\n\n<p>Op camping Les Mielles in Saint-Cast-le-Guildo is de\u2019<strong>aquatisch gebied<\/strong> is ontworpen voor jong en oud. Vanaf 15 juni (als het weer het toelaat), <strong>het verwarmde zwembad<\/strong> Het zwembad is open voor momenten van ontspanning en spel. Verwarmd tot ongeveer 28\u00b0C, kun je zonder aarzelen het water in, zelfs aan het begin of het einde van het seizoen.<\/p>\n\n\n\n<p>Het grote zwembad is ideaal om een paar baantjes te trekken of af te koelen na een dagje strand. Ondertussen kunnen kinderen zich vermaken in het zwembad dat is aangepast aan hun leeftijd. Of je nu een sporter bent, graag luiert of op zoek bent naar ontspanning, er is voor elk wat wils. <strong>gezinsvakanties in Bretagne<\/strong>, Iedereen vindt zijn eigen ritme aan de waterkant.<\/p>\n\n\n\n<p class=\"has-text-align-center texte-rond has-orange-color has-text-color has-large-font-size\">Het water in!<\/p>\n\n\n\n<div class=\"wp-block-columns is-layout-flex wp-container-core-columns-is-layout-28f84493 wp-block-columns-is-layout-flex\">\n<div class=\"wp-block-column ml-auto mr-auto is-layout-flow wp-block-column-is-layout-flow\" style=\"flex-basis:80%\">\n<div class=\"wp-block-group border border-info card is-layout-flow wp-block-group-is-layout-flow\">\n<p class=\"has-text-align-center\"><strong>Openingstijden zwembaden&nbsp;<\/strong><br><img decoding=\"async\" class=\"wp-image-2357\" style=\"width: 50px;\" src=\"https:\/\/www.campinglarenaudiere.com\/wp-content\/uploads\/2022\/01\/barre-orange.png\" alt=\"\"><\/p>\n\n\n\n<p class=\"has-text-align-center\">10.00 - 19.00 uur<br>Openingsperiode : <br>15 juni - 17 september<br><br><em>Deze data kunnen veranderen afhankelijk van het weer<\/em><\/p>\n<\/div>\n<\/div>\n<\/div>\n\n\n\n<div style=\"height:50px\" aria-hidden=\"true\" class=\"wp-block-spacer\"><\/div>\n<\/div><figure class=\"wp-block-media-text__media\"><img loading=\"lazy\" decoding=\"async\" width=\"1024\" height=\"768\" src=\"https:\/\/www.mirabel-mielles.com\/wp-content\/uploads\/2022\/09\/1-espace-aquatique-chauffee-bretagne-1024x768.jpg\" alt=\"zwemparadijs op camping Saint Cast le Guildo\" class=\"wp-image-5970 size-full\" srcset=\"https:\/\/www.mirabel-mielles.com\/wp-content\/uploads\/2022\/09\/1-espace-aquatique-chauffee-bretagne-1024x768.jpg 1024w, https:\/\/www.mirabel-mielles.com\/wp-content\/uploads\/2022\/09\/1-espace-aquatique-chauffee-bretagne-300x225.jpg 300w, https:\/\/www.mirabel-mielles.com\/wp-content\/uploads\/2022\/09\/1-espace-aquatique-chauffee-bretagne-768x576.jpg 768w, https:\/\/www.mirabel-mielles.com\/wp-content\/uploads\/2022\/09\/1-espace-aquatique-chauffee-bretagne.jpg 1200w\" sizes=\"auto, (max-width: 1024px) 100vw, 1024px\" \/><\/figure><\/div>\n\n\n\n<div class=\"wp-block-media-text alignwide is-stacked-on-mobile\"><figure class=\"wp-block-media-text__media\"><img loading=\"lazy\" decoding=\"async\" width=\"600\" height=\"400\" src=\"https:\/\/www.mirabel-mielles.com\/wp-content\/uploads\/2026\/02\/piscine-pataugeoire-enfant.jpg\" alt=\"kinderzwembad zwembad cote d&#039;armor\" class=\"wp-image-10769 size-full\" srcset=\"https:\/\/www.mirabel-mielles.com\/wp-content\/uploads\/2026\/02\/piscine-pataugeoire-enfant.jpg 600w, https:\/\/www.mirabel-mielles.com\/wp-content\/uploads\/2026\/02\/piscine-pataugeoire-enfant-300x200.jpg 300w\" sizes=\"auto, (max-width: 600px) 100vw, 600px\" \/><\/figure><div class=\"wp-block-media-text__content\">\n<h3 class=\"wp-block-heading\">Een verwarmd peuterbad voor peuters<\/h3>\n\n\n\n<p>Het zwembad is de favoriete plek van je kinderen tijdens de vakantie. <strong>campingvakanties<\/strong>. Om ervoor te zorgen dat ze zich veilig kunnen vermaken, is ons zwemparadijs uitgerust met een <strong>zwembad voor peuters<\/strong>. <\/p>\n\n\n\n<p>Verwarmd tot 28\u00b0, <strong>het kinderzwembad<\/strong> Zo kunnen kinderen in alle rust van het zwembad genieten. Het zwembad is niet dieper dan 50 cm. Dit betekent dat ouders comfortabel in het water kunnen zitten met hun kind terwijl het zijn eerste waterontdekkingen doet.<\/p>\n\n\n\n<p>Op Camping Les Mielles heeft iedereen zijn eigen ruimte om optimaal van zijn vakantie te genieten. <strong>vakantie in Saint-Cast-le-Guildo.<\/strong><\/p>\n<\/div><\/div>\n\n\n\n<p><\/p>\n\n\n\n<div class=\"wp-block-media-text is-stacked-on-mobile\"><figure class=\"wp-block-media-text__media\"><img loading=\"lazy\" decoding=\"async\" width=\"1024\" height=\"683\" src=\"https:\/\/www.mirabel-mielles.com\/wp-content\/uploads\/2026\/02\/IMG_2053-1024x683.jpg\" alt=\"zomer zwembad activiteiten saint cast le guildo\" class=\"wp-image-10768 size-full\" srcset=\"https:\/\/www.mirabel-mielles.com\/wp-content\/uploads\/2026\/02\/IMG_2053-1024x683.jpg 1024w, https:\/\/www.mirabel-mielles.com\/wp-content\/uploads\/2026\/02\/IMG_2053-300x200.jpg 300w, https:\/\/www.mirabel-mielles.com\/wp-content\/uploads\/2026\/02\/IMG_2053-768x512.jpg 768w, https:\/\/www.mirabel-mielles.com\/wp-content\/uploads\/2026\/02\/IMG_2053-1536x1024.jpg 1536w, https:\/\/www.mirabel-mielles.com\/wp-content\/uploads\/2026\/02\/IMG_2053-2048x1365.jpg 2048w\" sizes=\"auto, (max-width: 1024px) 100vw, 1024px\" \/><\/figure><div class=\"wp-block-media-text__content\">\n<h3 class=\"wp-block-heading\">Animatie bij het zwembad van onze camping in Saint-Cast-le-Guildo<\/h3>\n\n\n\n<p>In juli en augustus wordt de aquatische ruimte een echte leefruimte in het hart van de <strong>camping met zwembad in Saint-Cast-le-Guildo<\/strong>.<\/p>\n\n\n\n<p>Ga 's ochtends mee met onze sportinstructeur voor een <strong>aquafit sessie<\/strong> ideaal voor een zacht begin van de dag. Aan het eind van de middag is het tijd voor de campingdans met het hele animatieteam. Een gezellige sfeer gegarandeerd!<\/p>\n\n\n\n<p>Als het weer het toelaat <strong>zwembadfeestjes\u201c<\/strong> tover het zwembad om in een feestelijke ruimte: waterspelletjes, drijfvermogenwedstrijden, teamuitdagingen en muziek bepalen het tempo. <strong>uw vakantie in Bretagne.<\/strong><\/p>\n\n\n\n<p>Tussen ontspanning en <a href=\"https:\/\/www.mirabel-mielles.com\/nl\/activiteiten-evenementen-avonden\/\" target=\"_blank\" rel=\"noreferrer noopener\">animaties,<\/a> onze <strong>camping met zwembad in C\u00f4tes d'Armor<\/strong> biedt de perfecte balans voor het hele gezin.<\/p>\n<\/div><\/div>\n\n\n\n<hr class=\"wp-block-separator has-alpha-channel-opacity\"\/>\n\n\n\n<div class=\"wp-block-columns is-layout-flex wp-container-core-columns-is-layout-7848aa1a wp-block-columns-is-layout-flex\" style=\"padding-bottom:var(--wp--preset--spacing--40)\">\n<div class=\"wp-block-column is-layout-flow wp-block-column-is-layout-flow\">\n<figure class=\"wp-block-gallery has-nested-images columns-default is-cropped wp-block-gallery-1 is-layout-flex wp-block-gallery-is-layout-flex\">\n<figure class=\"wp-block-image size-full\"><img loading=\"lazy\" decoding=\"async\" width=\"600\" height=\"399\" data-id=\"10770\" src=\"https:\/\/www.mirabel-mielles.com\/wp-content\/uploads\/2026\/02\/transats-piscine-bain-de-soleil.jpg\" alt=\"ligstoelen bij het zwembad\" class=\"wp-image-10770\" srcset=\"https:\/\/www.mirabel-mielles.com\/wp-content\/uploads\/2026\/02\/transats-piscine-bain-de-soleil.jpg 600w, https:\/\/www.mirabel-mielles.com\/wp-content\/uploads\/2026\/02\/transats-piscine-bain-de-soleil-300x200.jpg 300w\" sizes=\"auto, (max-width: 600px) 100vw, 600px\" \/><\/figure>\n<\/figure>\n\n\n\n<h4 class=\"wp-block-heading has-text-align-center has-small-font-size\"><strong>Zonneweide met ligstoelen<\/strong><\/h4>\n<\/div>\n\n\n\n<div class=\"wp-block-column is-layout-flow wp-block-column-is-layout-flow\">\n<figure class=\"wp-block-gallery has-nested-images columns-default is-cropped wp-block-gallery-2 is-layout-flex wp-block-gallery-is-layout-flex\">\n<figure class=\"wp-block-image size-full\"><img loading=\"lazy\" decoding=\"async\" width=\"600\" height=\"400\" data-id=\"10771\" src=\"https:\/\/www.mirabel-mielles.com\/wp-content\/uploads\/2026\/02\/piscine-bassin-chauffee-st-cast.jpg\" alt=\"groot verwarmd zwembad saint cast\" class=\"wp-image-10771\" srcset=\"https:\/\/www.mirabel-mielles.com\/wp-content\/uploads\/2026\/02\/piscine-bassin-chauffee-st-cast.jpg 600w, https:\/\/www.mirabel-mielles.com\/wp-content\/uploads\/2026\/02\/piscine-bassin-chauffee-st-cast-300x200.jpg 300w\" sizes=\"auto, (max-width: 600px) 100vw, 600px\" \/><\/figure>\n<\/figure>\n\n\n\n<h4 class=\"wp-block-heading has-text-align-center has-small-font-size\"><strong>Groot verwarmd zwembad<\/strong><\/h4>\n<\/div>\n\n\n\n<div class=\"wp-block-column is-layout-flow wp-block-column-is-layout-flow\">\n<figure class=\"wp-block-gallery has-nested-images columns-default is-cropped wp-block-gallery-3 is-layout-flex wp-block-gallery-is-layout-flex\">\n<figure class=\"wp-block-image size-full\"><img loading=\"lazy\" decoding=\"async\" width=\"600\" height=\"400\" data-id=\"10773\" src=\"https:\/\/www.mirabel-mielles.com\/wp-content\/uploads\/2026\/02\/pool-party-piscine-ete1.jpg\" alt=\"zwembadfeestjes in saint cast le guildo\" class=\"wp-image-10773\" srcset=\"https:\/\/www.mirabel-mielles.com\/wp-content\/uploads\/2026\/02\/pool-party-piscine-ete1.jpg 600w, https:\/\/www.mirabel-mielles.com\/wp-content\/uploads\/2026\/02\/pool-party-piscine-ete1-300x200.jpg 300w\" sizes=\"auto, (max-width: 600px) 100vw, 600px\" \/><\/figure>\n<\/figure>\n\n\n\n<h4 class=\"wp-block-heading has-text-align-center has-small-font-size\"><strong>Zomerfeestjes bij het zwembad<\/strong><\/h4>\n<\/div>\n<\/div>\n\n\n\n<div class=\"wp-block-group card card-body border border-info is-layout-constrained wp-block-group-is-layout-constrained\">\n<h2 class=\"wp-block-heading has-text-align-center has-medium-font-size\"><strong>Camping in Saint-Cast-le-Guildo met overdekt zwembad<\/strong><\/h2>\n\n\n\n<figure class=\"wp-block-image aligncenter size-full\"><img loading=\"lazy\" decoding=\"async\" width=\"600\" height=\"341\" src=\"https:\/\/www.mirabel-mielles.com\/wp-content\/uploads\/2026\/01\/plan-piscine-nouveaute-2026.jpg\" alt=\"plan nieuw overdekt zwembad camping les mielles\" class=\"wp-image-10651\" srcset=\"https:\/\/www.mirabel-mielles.com\/wp-content\/uploads\/2026\/01\/plan-piscine-nouveaute-2026.jpg 600w, https:\/\/www.mirabel-mielles.com\/wp-content\/uploads\/2026\/01\/plan-piscine-nouveaute-2026-300x171.jpg 300w\" sizes=\"auto, (max-width: 600px) 100vw, 600px\" \/><\/figure>\n\n\n\n<p class=\"has-text-align-center\"><em>Locatiekaart, niet-contractueel<\/em><\/p>\n\n\n\n<p>Nieuw voor 2026: de <strong>het zwembad van de camping is overdekt<\/strong> zodat je langer van het water kunt genieten. Volgens de planning moeten de werkzaamheden in de zomer van 2026 klaar zijn.<\/p>\n\n\n\n<p>Kies een <strong>kamperen met<\/strong> <strong>overdekt zwembad Saint-Cast-le-Guildo<\/strong>, Dit betekent dat u ook kunt zwemmen als het weer in Bretagne onzekerder is. Het is een echte aanwinst voor uw <strong>vakantie aan zee.<\/strong><\/p>\n\n\n\n<p>A <strong>solarium met ligstoelen<\/strong> completeert de faciliteiten: ideaal om te ontspannen, te lezen of te kijken naar kinderen die leren zwemmen in de zwembaden van de camping.<\/p>\n\n\n\n<p>Kom en verblijf in <a href=\"https:\/\/www.mirabel-mielles.com\/nl\/huurprijzen-stacaravans\/\" target=\"_blank\" rel=\"noreferrer noopener\">stacaravan <\/a>comfort, en geniet van een camping met <strong>verwarmd en overdekt zwembad in Bretagne<\/strong>, op een steenworp afstand van het strand.<br><\/p>\n\n\n\n<p>Aarzel niet om onze sociale netwerken te bezoeken om de voortgang van het project te volgen!<\/p>\n\n\n\n<div class=\"wp-block-buttons is-content-justification-center is-layout-flex wp-container-core-buttons-is-layout-a89b3969 wp-block-buttons-is-layout-flex\">\n<div class=\"wp-block-button\"><a class=\"wp-block-button__link has-orange-background-color has-background wp-element-button\" href=\"https:\/\/www.facebook.com\/mirabelsaintcast\" target=\"_blank\" rel=\"noreferrer noopener\"><strong>Facebook<\/strong><\/a><\/div>\n\n\n\n<div class=\"wp-block-button\"><a class=\"wp-block-button__link has-turquoise-background-color has-background has-text-align-center wp-element-button\" href=\"https:\/\/www.instagram.com\/mirabelsaintcast\" target=\"_blank\" rel=\"noreferrer noopener\"><strong>Instagram<\/strong><\/a><\/div>\n<\/div>\n<\/div>\n\n\n\n<p class=\"has-text-align-center texte-rond mt-5 has-large-font-size\">Ontdek de camping<\/p>\n\n\n\n<div class=\"wp-block-columns front-page-section grey is-layout-flex wp-container-core-columns-is-layout-28f84493 wp-block-columns-is-layout-flex\">\n<div class=\"wp-block-column is-layout-flow wp-block-column-is-layout-flow\"><\/div>\n\n\n\n<div class=\"wp-block-column is-layout-flow wp-block-column-is-layout-flow\">\n<div class=\"wp-block-create-block-sevgutenberg-navigation\"><aside class=\"encart-sev-navigation small carre\"><a href=\"https:\/\/www.mirabel-mielles.com\/nl\/camping-diensten\/\" class=\"d-flex flex-column align-items-center\"><div class=\"encart-title\"><span>De diensten<\/span><\/div><div class=\"vague\"><\/div><img decoding=\"async\" src=\"https:\/\/www.mirabel-mielles.com\/wp-content\/uploads\/2022\/09\/accueil-entree-mielles-mirabel-1.jpg\" alt=\"ontvangst op camping Mirabel\"\/><div class=\"ligne\"><\/div><div class=\"hover\"><\/div><\/a><\/aside><\/div>\n<\/div>\n\n\n\n<div class=\"wp-block-column is-vertically-aligned-center is-layout-flow wp-block-column-is-layout-flow\">\n<div class=\"wp-block-create-block-sevgutenberg-navigation\"><aside class=\"encart-sev-navigation small carre\"><a href=\"https:\/\/www.mirabel-mielles.com\/nl\/activiteiten-evenementen-avonden\/\" class=\"d-flex flex-column align-items-center\"><div class=\"encart-title\"><span>Amusement<\/span><\/div><div class=\"vague\"><\/div><img decoding=\"async\" src=\"https:\/\/www.mirabel-mielles.com\/wp-content\/uploads\/2022\/09\/creation-peinture-club-enfant.jpg\" alt=\"creatieve workshop op de camping\"\/><div class=\"ligne\"><\/div><div class=\"hover\"><\/div><\/a><\/aside><\/div>\n<\/div>\n\n\n\n<div class=\"wp-block-column is-layout-flow wp-block-column-is-layout-flow\">\n<div class=\"wp-block-create-block-sevgutenberg-navigation\"><aside class=\"encart-sev-navigation small carre\"><a href=\"https:\/\/www.mirabel-mielles.com\/nl\/sint-cast-le-guildo\/\" class=\"d-flex flex-column align-items-center\"><div class=\"encart-title\"><span>Saint-Cast-le-Guildo<\/span><\/div><div class=\"vague\"><\/div><img decoding=\"async\" src=\"https:\/\/www.mirabel-mielles.com\/wp-content\/uploads\/2022\/09\/2-grande-plage-saint-cast.jpg\" alt=\"\"\/><div class=\"ligne\"><\/div><div class=\"hover\"><\/div><\/a><\/aside><\/div>\n<\/div>\n\n\n\n<div class=\"wp-block-column is-layout-flow wp-block-column-is-layout-flow\"><\/div>\n<\/div>\n\n\n\n<figure class=\"wp-block-image aligncenter size-large is-resized mt-5\"><img decoding=\"async\" src=\"https:\/\/www.campinglarenaudiere.com\/wp-content\/uploads\/2022\/01\/photo-1024x84.png\" alt=\"fotogalerij\" class=\"wp-image-2371\" style=\"width:768px;height:63px\"\/><\/figure>\n\n\n\t\t\t<div id=\"sevgallery-405057500\" class=\"sev-diaporama sev-diaporama-portfolio\">\r\n\t\t\t\t<div class=\"row\">\r\n\r\n\t\t\t\t\t\r\n\t\t\t\t\t\t\r\n\t\t\t\t\t\t<div class=\"sev-diaporama-portfolio-item   btnseeall btnseeall-xl col-12 col-md\">\r\n\t\t\t\t\t\t\t<a href=\"https:\/\/www.mirabel-mielles.com\/wp-content\/uploads\/2022\/09\/piscine-ete-danse-1024x768.jpg\" data-lightbox=\"sevgallery-405057500\" style=\"background-image: url(https:\/\/www.mirabel-mielles.com\/wp-content\/uploads\/2022\/09\/piscine-ete-danse-1024x768.jpg)\">\r\n\t\t\t\t\t\t\t\t<img decoding=\"async\" src=\"https:\/\/www.mirabel-mielles.com\/wp-content\/uploads\/2022\/09\/piscine-ete-danse-1024x768.jpg\" alt=\"4-sterrencamping met zwembad\" loading=\"lazy\">\r\n\t\t\t\t\t\t\t\t\t\t\t\t\t\t\t<\/a>\r\n\t\t\t\t\t\t<\/div>\r\n\r\n\t\t\t\t\t\t\r\n\t\t\t\t\t\t\t\t\t\t\t\t\t\t\t\t\t\r\n\t\t\t\t\t\t\r\n\t\t\t\t\t\t<div class=\"sev-diaporama-portfolio-item   btnseeall btnseeall-xl col-12 col-md  col-shrink\">\r\n\t\t\t\t\t\t\t<a href=\"https:\/\/www.mirabel-mielles.com\/nl\/photos-camping-mielles\"  style=\"background-image: url(https:\/\/www.mirabel-mielles.com\/wp-content\/uploads\/2022\/09\/piscine-transat-repos-768x1024.jpg)\">\r\n\t\t\t\t\t\t\t\t<img decoding=\"async\" src=\"https:\/\/www.mirabel-mielles.com\/wp-content\/uploads\/2022\/09\/piscine-transat-repos-768x1024.jpg\" alt=\"ligstoelen rond het zwembad op de 4-sterrencamping\" loading=\"lazy\">\r\n\t\t\t\t\t\t\t\t\t\t\t\t\t\t\t<\/a>\r\n\t\t\t\t\t\t<\/div>\r\n\r\n\t\t\t\t\t\t\r\n\t\t\t\t\t\t\t\t\t\t\t\t\t\t\t\t\t\r\n\t\t\t\t\t\t\r\n\t\t\t\t\t\t<div class=\"sev-diaporama-portfolio-item   btnseeall btnseeall-xl col-12 col-md\">\r\n\t\t\t\t\t\t\t<a href=\"https:\/\/www.mirabel-mielles.com\/wp-content\/uploads\/2022\/09\/piscine-chauffee-vacances-1024x768.jpg\" data-lightbox=\"sevgallery-405057500\" style=\"background-image: url(https:\/\/www.mirabel-mielles.com\/wp-content\/uploads\/2022\/09\/piscine-chauffee-vacances-1024x768.jpg)\">\r\n\t\t\t\t\t\t\t\t<img decoding=\"async\" src=\"https:\/\/www.mirabel-mielles.com\/wp-content\/uploads\/2022\/09\/piscine-chauffee-vacances-1024x768.jpg\" alt=\"zwemparadijs op camping Bretagne\" loading=\"lazy\">\r\n\t\t\t\t\t\t\t\t\t\t\t\t\t\t\t<\/a>\r\n\t\t\t\t\t\t<\/div>\r\n\r\n\t\t\t\t\t\t\r\n\t\t\t\t\t\t\t\t\t\t\t\t\t\t\t\t\t\r\n\t\t\t\t\t\t\r\n\t\t\t\t\t\t<div class=\"sev-diaporama-portfolio-item   btnseeall btnseeall-xl col-12 col-md  col-grow\">\r\n\t\t\t\t\t\t\t<a href=\"https:\/\/www.mirabel-mielles.com\/wp-content\/uploads\/2022\/09\/transat-piscine-bretagne-1024x768.jpg\" data-lightbox=\"sevgallery-405057500\" style=\"background-image: url(https:\/\/www.mirabel-mielles.com\/wp-content\/uploads\/2022\/09\/transat-piscine-bretagne-1024x768.jpg)\">\r\n\t\t\t\t\t\t\t\t<img decoding=\"async\" src=\"https:\/\/www.mirabel-mielles.com\/wp-content\/uploads\/2022\/09\/transat-piscine-bretagne-1024x768.jpg\" alt=\"ontspannen bij het zwembad op de 4-sterrencamping\" loading=\"lazy\">\r\n\t\t\t\t\t\t\t\t\t\t\t\t\t\t\t<\/a>\r\n\t\t\t\t\t\t<\/div>\r\n\r\n\t\t\t\t\t\t\t\t\t\t\t\t\t<div class=\"w-100\"><\/div>\r\n\t\t\t\t\t\t\t\t\t\t\t\t\t\r\n\t\t\t\t\t\t\t\t\t\t\t\t\t\t\t\t\t\r\n\t\t\t\t\t\t\r\n\t\t\t\t\t\t<div class=\"sev-diaporama-portfolio-item   btnseeall btnseeall-xl col-12 col-md\">\r\n\t\t\t\t\t\t\t<a href=\"https:\/\/www.mirabel-mielles.com\/wp-content\/uploads\/2022\/09\/piscine-enfant-jeux-768x1024.jpg\" data-lightbox=\"sevgallery-405057500\" style=\"background-image: url(https:\/\/www.mirabel-mielles.com\/wp-content\/uploads\/2022\/09\/piscine-enfant-jeux-768x1024.jpg)\">\r\n\t\t\t\t\t\t\t\t<img decoding=\"async\" src=\"https:\/\/www.mirabel-mielles.com\/wp-content\/uploads\/2022\/09\/piscine-enfant-jeux-768x1024.jpg\" alt=\"Verwarmd zwembad\" loading=\"lazy\">\r\n\t\t\t\t\t\t\t\t\t\t\t\t\t\t\t<\/a>\r\n\t\t\t\t\t\t<\/div>\r\n\r\n\t\t\t\t\t\t\r\n\t\t\t\t\t\t\t\t\t\t\t\t\t\t\t\t\t\r\n\t\t\t\t\t\t\r\n\t\t\t\t\t\t<div class=\"sev-diaporama-portfolio-item   btnseeall btnseeall-xl col-12 col-md  col-shrink\">\r\n\t\t\t\t\t\t\t<a href=\"https:\/\/www.mirabel-mielles.com\/wp-content\/uploads\/2022\/09\/piscine-espace-aquatique-768x1024.jpg\" data-lightbox=\"sevgallery-405057500\" style=\"background-image: url(https:\/\/www.mirabel-mielles.com\/wp-content\/uploads\/2022\/09\/piscine-espace-aquatique-768x1024.jpg)\">\r\n\t\t\t\t\t\t\t\t<img decoding=\"async\" src=\"https:\/\/www.mirabel-mielles.com\/wp-content\/uploads\/2022\/09\/piscine-espace-aquatique-768x1024.jpg\" alt=\"verwarmd zwembad\" loading=\"lazy\">\r\n\t\t\t\t\t\t\t\t\t\t\t\t\t\t\t<\/a>\r\n\t\t\t\t\t\t<\/div>\r\n\r\n\t\t\t\t\t\t\r\n\t\t\t\t\t\t\t\t\t\t\t\t\t\t\t\t\t\r\n\t\t\t\t\t\t\r\n\t\t\t\t\t\t<div class=\"sev-diaporama-portfolio-item   btnseeall btnseeall-xl col-12 col-md\">\r\n\t\t\t\t\t\t\t<a href=\"https:\/\/www.mirabel-mielles.com\/nl\/photos-camping-mielles\"  style=\"background-image: url(https:\/\/www.mirabel-mielles.com\/wp-content\/uploads\/2022\/09\/piscine-camping-mielles-1024x768.jpg)\">\r\n\t\t\t\t\t\t\t\t<img decoding=\"async\" src=\"https:\/\/www.mirabel-mielles.com\/wp-content\/uploads\/2022\/09\/piscine-camping-mielles-1024x768.jpg\" alt=\"zwemparadijs van de 4-sterren camping\" loading=\"lazy\">\r\n\t\t\t\t\t\t\t\t\t\t\t\t\t\t\t<\/a>\r\n\t\t\t\t\t\t<\/div>\r\n\r\n\t\t\t\t\t\t\r\n\t\t\t\t\t\t\t\t\t\t\t\t\t\t\t\t\t\r\n\t\t\t\t\t\t\r\n\t\t\t\t\t\t<div class=\"sev-diaporama-portfolio-item  limitsm btnseeall btnseeall-xl col-12 col-md  last-visible\">\r\n\t\t\t\t\t\t\t<a href=\"https:\/\/www.mirabel-mielles.com\/wp-content\/uploads\/2022\/09\/piscine-soleil-baignade-1024x768.jpg\" data-lightbox=\"sevgallery-405057500\" style=\"background-image: url(https:\/\/www.mirabel-mielles.com\/wp-content\/uploads\/2022\/09\/piscine-soleil-baignade-1024x768.jpg)\">\r\n\t\t\t\t\t\t\t\t<img decoding=\"async\" src=\"https:\/\/www.mirabel-mielles.com\/wp-content\/uploads\/2022\/09\/piscine-soleil-baignade-1024x768.jpg\" alt=\"verwarmd buitenzwembad\" loading=\"lazy\">\r\n\t\t\t\t\t\t\t\t\t\t\t\t\t\t\t\t\t<img decoding=\"async\" src=\"https:\/\/www.mirabel-mielles.com\/wp-content\/themes\/mielles\/assets\/img\/voir-photos.png\" alt=\"\" \/>\r\n\t\t\t\t\t\t\t\t\t<span>Bekijk alle foto's<\/span>\r\n\t\t\t\t\t\t\t\t\t\t\t\t\t\t\t<\/a>\r\n\t\t\t\t\t\t<\/div>\r\n\r\n\t\t\t\t\t\t\t\t\t\t\t\t\t<div class=\"w-100\"><\/div>\r\n\t\t\t\t\t\t\t\t\t\t\t\t\t\r\n\t\t\t\t\t\t\t\t\t\t\t\t\t\t\t\t\t\t\t\t\t<\/div>\r\n\t\t\t<\/div>\r\n\r\n\t\t\t<script>\r\n\t\t\tjQuery(function($) {\r\n\r\n\t\t\t\tvar marginPortfolio = function() {\r\n\r\n\t\t\t\t\tvar $diapo          = $('#sevgallery-405057500');\r\n\t\t\t\t\tvar container_width = $diapo.parent().outerWidth();\r\n\t\t\t\t\tvar side            = ( $(window).innerWidth() - container_width ) \/ 2;\r\n\r\n\t\t\t\t\t$diapo.css( {\r\n\t\t\t\t\t\t'margin-left': '-' + side + 'px',\r\n\t\t\t\t\t\t'margin-right': '-' + side + 'px',\r\n\t\t\t\t\t} );\r\n\t\t\t\t};\r\n\r\n\t\t\t\t$( window ).resize( function() {\r\n\t\t\t\t\tmarginPortfolio();\r\n\t\t\t\t} );\r\n\t\t\t\tmarginPortfolio();\r\n\t\t\t});\r\n\t\t\t<\/script>\r\n\t\t\t\n\n\n\n<p><\/p>","protected":false},"excerpt":{"rendered":"<p>Camping avec piscine \u00e0 Saint-Cast-le-Guildo \u00c0 seulement 250 m\u00e8tres de la plage de Saint-Cast-le-Guildo, notre camping Mirabel Les Mielles vous [&hellip;]<\/p>\n","protected":false},"author":1,"featured_media":0,"parent":0,"menu_order":0,"comment_status":"closed","ping_status":"closed","template":"","meta":{"_seopress_robots_primary_cat":"","_seopress_titles_title":"Camping avec piscine chauff\u00e9e \u00e0 Saint Cast le Guildo","_seopress_titles_desc":"L'espace aquatique du camping se compose d'un bassin ext\u00e9rieur chauff\u00e9 \u00e0 28\u00b0 et d'une pataugeoire pour les petits.","_seopress_robots_index":"","footnotes":""},"class_list":["post-54","page","type-page","status-publish","hentry"],"_links":{"self":[{"href":"https:\/\/www.mirabel-mielles.com\/nl\/wp-json\/wp\/v2\/pages\/54","targetHints":{"allow":["GET"]}}],"collection":[{"href":"https:\/\/www.mirabel-mielles.com\/nl\/wp-json\/wp\/v2\/pages"}],"about":[{"href":"https:\/\/www.mirabel-mielles.com\/nl\/wp-json\/wp\/v2\/types\/page"}],"author":[{"embeddable":true,"href":"https:\/\/www.mirabel-mielles.com\/nl\/wp-json\/wp\/v2\/users\/1"}],"replies":[{"embeddable":true,"href":"https:\/\/www.mirabel-mielles.com\/nl\/wp-json\/wp\/v2\/comments?post=54"}],"version-history":[{"count":31,"href":"https:\/\/www.mirabel-mielles.com\/nl\/wp-json\/wp\/v2\/pages\/54\/revisions"}],"predecessor-version":[{"id":10968,"href":"https:\/\/www.mirabel-mielles.com\/nl\/wp-json\/wp\/v2\/pages\/54\/revisions\/10968"}],"wp:attachment":[{"href":"https:\/\/www.mirabel-mielles.com\/nl\/wp-json\/wp\/v2\/media?parent=54"}],"curies":[{"name":"wp","href":"https:\/\/api.w.org\/{rel}","templated":true}]}}