{"id":7632,"date":"2023-01-13T14:24:51","date_gmt":"2023-01-13T13:24:51","guid":{"rendered":"https:\/\/www.mirabel-mielles.com\/?page_id=7632"},"modified":"2024-03-18T14:01:50","modified_gmt":"2024-03-18T13:01:50","slug":"redactie","status":"publish","type":"page","link":"https:\/\/www.mirabel-mielles.com\/nl\/editorial","title":{"rendered":"Redactie"},"content":{"rendered":"\n<h1 class=\"wp-block-heading\">Editorial<\/h1>\n\n\n\n<p><\/p>\n\n\n\t\t\r\n\t\t<div class=\"editos\">\r\n\t\t\t\r\n\t\t\t\t\r\n\t\t\t\t\t\r\n\t\t\t<article>\r\n\t\t\t\t<h2><a href=\"https:\/\/www.mirabel-mielles.com\/nl\/editorial\/camping-ouvert-en-octobre-saint-cast-le-guildo\">Camping ouvert en octobre Saint-Cast-le-Guildo<\/a><\/h2>\r\n\t\t\t\t<div class=\"content\"><p>Camping ouvert en octobre \u00e0 Saint-Cast-le-Guildo Si vous cherchez un camping familial ouvert pendant les vacances d&rsquo;octobre en C\u00f4tes-d&rsquo;Armor, le [&hellip;]<\/p>\n<\/div>\r\n\t\t\t\t<p class=\"text-right\"><a href=\"https:\/\/www.mirabel-mielles.com\/nl\/editorial\/camping-ouvert-en-octobre-saint-cast-le-guildo\">Lees meer...<\/a><\/p>\r\n\t\t\t<\/article>\r\n\r\n\t\t\t\t\t\r\n\t\t\t<article>\r\n\t\t\t\t<h2><a href=\"https:\/\/www.mirabel-mielles.com\/nl\/editorial\/camping-bord-de-mer-cote-demeraude\">Camping bord de mer C\u00f4te d&rsquo;Emeraude<\/a><\/h2>\r\n\t\t\t\t<div class=\"content\"><p>Camping bord de mer C\u00f4te d&rsquo;Emeraude Mirabel r\u00e9unit 4 campings en bord de mer sur la C\u00f4te d\u2019Emeraude. Si vous [&hellip;]<\/p>\n<\/div>\r\n\t\t\t\t<p class=\"text-right\"><a href=\"https:\/\/www.mirabel-mielles.com\/nl\/editorial\/camping-bord-de-mer-cote-demeraude\">Lees meer...<\/a><\/p>\r\n\t\t\t<\/article>\r\n\r\n\t\t\t\t\t\r\n\t\t\t<article>\r\n\t\t\t\t<h2><a href=\"https:\/\/www.mirabel-mielles.com\/nl\/editorial\/stage-voile-proche-camping-saint-cast-le-guildo\">Stage voile proche camping Saint Cast le Guildo<\/a><\/h2>\r\n\t\t\t\t<div class=\"content\"><p>Stage voile proche camping Saint Cast le Guildo Cela fait pas mal de temps que vous souhaitez faire un stage [&hellip;]<\/p>\n<\/div>\r\n\t\t\t\t<p class=\"text-right\"><a href=\"https:\/\/www.mirabel-mielles.com\/nl\/editorial\/stage-voile-proche-camping-saint-cast-le-guildo\">Lees meer...<\/a><\/p>\r\n\t\t\t<\/article>\r\n\r\n\t\t\t\t\t\r\n\t\t\t<article>\r\n\t\t\t\t<h2><a href=\"https:\/\/www.mirabel-mielles.com\/nl\/editorial\/location-mobil-home-piscine-saint-lunaire\">Location mobil home piscine Saint Lunaire<\/a><\/h2>\r\n\t\t\t\t<div class=\"content\"><p>Location mobil home piscine Saint Lunaire Vous vous \u00eates peut-\u00eatre offert des voyages f\u00e9eriques autour du globe. Vous avez march\u00e9 [&hellip;]<\/p>\n<\/div>\r\n\t\t\t\t<p class=\"text-right\"><a href=\"https:\/\/www.mirabel-mielles.com\/nl\/editorial\/location-mobil-home-piscine-saint-lunaire\">Lees meer...<\/a><\/p>\r\n\t\t\t<\/article>\r\n\r\n\t\t\t\t\t\r\n\t\t\t<article>\r\n\t\t\t\t<h2><a href=\"https:\/\/www.mirabel-mielles.com\/nl\/editorial\/camping-4-etoiles-proche-mont-saint-michel\">Camping 4 \u00e9toiles proche Mont Saint Michel<\/a><\/h2>\r\n\t\t\t\t<div class=\"content\"><p>Camping 4 \u00e9toiles proche du Mont Saint Michel Mondialement connue l\u2019abbaye du Mont Saint Michel attire chaque ann\u00e9e des millions [&hellip;]<\/p>\n<\/div>\r\n\t\t\t\t<p class=\"text-right\"><a href=\"https:\/\/www.mirabel-mielles.com\/nl\/editorial\/camping-4-etoiles-proche-mont-saint-michel\">Lees meer...<\/a><\/p>\r\n\t\t\t<\/article>\r\n\r\n\t\t\t\t\t\r\n\t\t\t<article>\r\n\t\t\t\t<h2><a href=\"https:\/\/www.mirabel-mielles.com\/nl\/editorial\/camping-avec-piscine-chauffee-22\">Camping avec piscine chauff\u00e9e 22<\/a><\/h2>\r\n\t\t\t\t<div class=\"content\"><p>Camping avec piscine chauff\u00e9e dans les C\u00f4tes d&rsquo;Armor &#8211; 22 Vous avez choisi de visiter les C\u00f4tes d\u2019Armor, ce magnifique [&hellip;]<\/p>\n<\/div>\r\n\t\t\t\t<p class=\"text-right\"><a href=\"https:\/\/www.mirabel-mielles.com\/nl\/editorial\/camping-avec-piscine-chauffee-22\">Lees meer...<\/a><\/p>\r\n\t\t\t<\/article>\r\n\r\n\t\t\t\t\t\r\n\t\t\t<article>\r\n\t\t\t\t<h2><a href=\"https:\/\/www.mirabel-mielles.com\/nl\/editorial\/camping-bord-de-mer-proche-cap-frehel\">Camping bord de mer proche Cap Fr\u00e9hel<\/a><\/h2>\r\n\t\t\t\t<div class=\"content\"><p>Camping bord de mer proche Cap Fr\u00e9hel Si vous \u00eates un amoureux de la nature, un inconditionnel de tout de [&hellip;]<\/p>\n<\/div>\r\n\t\t\t\t<p class=\"text-right\"><a href=\"https:\/\/www.mirabel-mielles.com\/nl\/editorial\/camping-bord-de-mer-proche-cap-frehel\">Lees meer...<\/a><\/p>\r\n\t\t\t<\/article>\r\n\r\n\t\t\t\t\t\r\n\t\t\t<article>\r\n\t\t\t\t<h2><a href=\"https:\/\/www.mirabel-mielles.com\/nl\/editorial\/camping-4-etoiles-bretagne\">Camping 4 \u00e9toiles Bretagne<\/a><\/h2>\r\n\t\t\t\t<div class=\"content\"><p>Camping 4 \u00e9toiles Bretagne Qui n\u2019a pas entendu parler de la Bretagne ?\u00a0 Cette r\u00e9gion est compos\u00e9e de quatre d\u00e9partement [&hellip;]<\/p>\n<\/div>\r\n\t\t\t\t<p class=\"text-right\"><a href=\"https:\/\/www.mirabel-mielles.com\/nl\/editorial\/camping-4-etoiles-bretagne\">Lees meer...<\/a><\/p>\r\n\t\t\t<\/article>\r\n\r\n\t\t\t\t\t\r\n\t\t\t<article>\r\n\t\t\t\t<h2><a href=\"https:\/\/www.mirabel-mielles.com\/nl\/editorial\/location-vacances-saint-cast-le-guildo\">Location vacances Saint Cast le Guildo<\/a><\/h2>\r\n\t\t\t\t<div class=\"content\"><p>Location de vacances \u00e0 Saint Cast le Guildo Le saviez-vous ? Les plages de sable blanc et les eaux cristallines [&hellip;]<\/p>\n<\/div>\r\n\t\t\t\t<p class=\"text-right\"><a href=\"https:\/\/www.mirabel-mielles.com\/nl\/editorial\/location-vacances-saint-cast-le-guildo\">Lees meer...<\/a><\/p>\r\n\t\t\t<\/article>\r\n\r\n\t\t\t\t\t\r\n\t\t\t<article>\r\n\t\t\t\t<h2><a href=\"https:\/\/www.mirabel-mielles.com\/nl\/editorial\/camping-proche-cap-frehel\">Camping proche Cap Fr\u00e9hel\u00a0<\/a><\/h2>\r\n\t\t\t\t<div class=\"content\"><p>Camping proche Cap Fr\u00e9hel Amoureux de la nature, vous vous appr\u00eatez en explorant la Bretagne \u00e0 vivre une fabuleuse aventure. [&hellip;]<\/p>\n<\/div>\r\n\t\t\t\t<p class=\"text-right\"><a href=\"https:\/\/www.mirabel-mielles.com\/nl\/editorial\/camping-proche-cap-frehel\">Lees meer...<\/a><\/p>\r\n\t\t\t<\/article>\r\n\r\n\t\t\t\t\t\r\n\t\t\t<article>\r\n\t\t\t\t<h2><a href=\"https:\/\/www.mirabel-mielles.com\/nl\/editorial\/location-mobil-home-cotes-darmor\">Location mobil home Cotes d\u2019Armor<\/a><\/h2>\r\n\t\t\t\t<div class=\"content\"><p>Location mobil home dans les Cotes d\u2019Armor Souvent lorsque nous \u00e9voquons la Bretagne les gens n\u2019ont pas toujours conscience que [&hellip;]<\/p>\n<\/div>\r\n\t\t\t\t<p class=\"text-right\"><a href=\"https:\/\/www.mirabel-mielles.com\/nl\/editorial\/location-mobil-home-cotes-darmor\">Lees meer...<\/a><\/p>\r\n\t\t\t<\/article>\r\n\r\n\t\t\t\t\t\r\n\t\t\t<article>\r\n\t\t\t\t<h2><a href=\"https:\/\/www.mirabel-mielles.com\/nl\/editorial\/location-mobil-home-saint-cast-le-guildo\">Location mobil home Saint Cast le Guildo<\/a><\/h2>\r\n\t\t\t\t<div class=\"content\"><p>Location de mobil home \u00e0 Saint Cast le Guildo Bienvenue au camping Les Mielles dans la commune de Saint Cast [&hellip;]<\/p>\n<\/div>\r\n\t\t\t\t<p class=\"text-right\"><a href=\"https:\/\/www.mirabel-mielles.com\/nl\/editorial\/location-mobil-home-saint-cast-le-guildo\">Lees meer...<\/a><\/p>\r\n\t\t\t<\/article>\r\n\r\n\t\t\t\t\t\r\n\t\t\t<article>\r\n\t\t\t\t<h2><a href=\"https:\/\/www.mirabel-mielles.com\/nl\/editorial\/camping-avec-piscine-saint-cast-le-guildo\">Camping avec piscine \u00e0 Saint Cast le Guildo<\/a><\/h2>\r\n\t\t\t\t<div class=\"content\"><p>Camping avec piscine \u00e0 Saint Cast le Guildo Notre camping avec piscine se situe sur la magnifique presqu\u2019\u00eele de Saint [&hellip;]<\/p>\n<\/div>\r\n\t\t\t\t<p class=\"text-right\"><a href=\"https:\/\/www.mirabel-mielles.com\/nl\/editorial\/camping-avec-piscine-saint-cast-le-guildo\">Lees meer...<\/a><\/p>\r\n\t\t\t<\/article>\r\n\r\n\t\t\t\t\t\r\n\t\t\t<article>\r\n\t\t\t\t<h2><a href=\"https:\/\/www.mirabel-mielles.com\/nl\/editorial\/camping-proche-saint-malo\">Camping proche Saint Malo<\/a><\/h2>\r\n\t\t\t\t<div class=\"content\"><p>Camping proche Saint Malo Le mois de mai a fait son arriv\u00e9e et les beaux jours aussi. Cette m\u00e9t\u00e9o donne [&hellip;]<\/p>\n<\/div>\r\n\t\t\t\t<p class=\"text-right\"><a href=\"https:\/\/www.mirabel-mielles.com\/nl\/editorial\/camping-proche-saint-malo\">Lees meer...<\/a><\/p>\r\n\t\t\t<\/article>\r\n\r\n\t\t\t\t\t\r\n\t\t\t<article>\r\n\t\t\t\t<h2><a href=\"https:\/\/www.mirabel-mielles.com\/nl\/editorial\/camping-ideal-famille-saint-cast-le-guildo\">Camping id\u00e9al pour les familles \u00e0 Saint Cast le Guildo<\/a><\/h2>\r\n\t\t\t\t<div class=\"content\"><p>Camping id\u00e9al pour les familles \u00e0 Saint Cast le Guildo Vous avez besoin de vous ressourcer ? Alors bienvenue sur [&hellip;]<\/p>\n<\/div>\r\n\t\t\t\t<p class=\"text-right\"><a href=\"https:\/\/www.mirabel-mielles.com\/nl\/editorial\/camping-ideal-famille-saint-cast-le-guildo\">Lees meer...<\/a><\/p>\r\n\t\t\t<\/article>\r\n\r\n\t\t\t\t\t\r\n\t\t\t<article>\r\n\t\t\t\t<h2><a href=\"https:\/\/www.mirabel-mielles.com\/nl\/editorial\/camping-saint-cast-le-guildo-bord-de-mer\">Camping \u00e0 Saint Cast le Guildo en bord de mer<\/a><\/h2>\r\n\t\t\t\t<div class=\"content\"><p>Camping \u00e0 Saint Cast le Guildo en bord de mer La charmante commune de Saint Cast le Guildo en Bretagne [&hellip;]<\/p>\n<\/div>\r\n\t\t\t\t<p class=\"text-right\"><a href=\"https:\/\/www.mirabel-mielles.com\/nl\/editorial\/camping-saint-cast-le-guildo-bord-de-mer\">Lees meer...<\/a><\/p>\r\n\t\t\t<\/article>\r\n\r\n\t\t\t\t\t\r\n\t\t\t<article>\r\n\t\t\t\t<h2><a href=\"https:\/\/www.mirabel-mielles.com\/nl\/editorial\/camping-proche-plage-saint-cast-le-guildo\">Camping proche plage Saint-Cast-le-Guildo<\/a><\/h2>\r\n\t\t\t\t<div class=\"content\"><p>Camping proche plage Saint-Cast-le-Guildo Le camping Les Mielles \u00e0 Saint-Cast-le-Guildo est un endroit id\u00e9al pour les vacances en famille proche [&hellip;]<\/p>\n<\/div>\r\n\t\t\t\t<p class=\"text-right\"><a href=\"https:\/\/www.mirabel-mielles.com\/nl\/editorial\/camping-proche-plage-saint-cast-le-guildo\">Lees meer...<\/a><\/p>\r\n\t\t\t<\/article>\r\n\r\n\t\t\t\t\t\r\n\t\t\t<article>\r\n\t\t\t\t<h2><a href=\"https:\/\/www.mirabel-mielles.com\/nl\/editorial\/camping-saint-cast-le-guildo\">Camping Saint Cast le Guildo<\/a><\/h2>\r\n\t\t\t\t<div class=\"content\"><p>Votre camping \u00e0 Saint Cast le Guildo La chaleureuse station baln\u00e9aire de Saint Cast le Guildo vous attend pour vos [&hellip;]<\/p>\n<\/div>\r\n\t\t\t\t<p class=\"text-right\"><a href=\"https:\/\/www.mirabel-mielles.com\/nl\/editorial\/camping-saint-cast-le-guildo\">Lees meer...<\/a><\/p>\r\n\t\t\t<\/article>\r\n\r\n\t\t\r\n\t\t\t\t\t\r\n\t\t\t\t\r\n\t\t\t\t\t\t\r\n\t\t<\/div>\r\n\r\n\t\t\n","protected":false},"excerpt":{"rendered":"<p>Redactie<\/p>","protected":false},"author":1,"featured_media":0,"parent":0,"menu_order":0,"comment_status":"closed","ping_status":"closed","template":"","meta":{"_seopress_robots_primary_cat":"","_seopress_titles_title":"","_seopress_titles_desc":"","_seopress_robots_index":"","footnotes":""},"class_list":["post-7632","page","type-page","status-publish","hentry"],"_links":{"self":[{"href":"https:\/\/www.mirabel-mielles.com\/nl\/wp-json\/wp\/v2\/pages\/7632","targetHints":{"allow":["GET"]}}],"collection":[{"href":"https:\/\/www.mirabel-mielles.com\/nl\/wp-json\/wp\/v2\/pages"}],"about":[{"href":"https:\/\/www.mirabel-mielles.com\/nl\/wp-json\/wp\/v2\/types\/page"}],"author":[{"embeddable":true,"href":"https:\/\/www.mirabel-mielles.com\/nl\/wp-json\/wp\/v2\/users\/1"}],"replies":[{"embeddable":true,"href":"https:\/\/www.mirabel-mielles.com\/nl\/wp-json\/wp\/v2\/comments?post=7632"}],"version-history":[{"count":2,"href":"https:\/\/www.mirabel-mielles.com\/nl\/wp-json\/wp\/v2\/pages\/7632\/revisions"}],"predecessor-version":[{"id":9515,"href":"https:\/\/www.mirabel-mielles.com\/nl\/wp-json\/wp\/v2\/pages\/7632\/revisions\/9515"}],"wp:attachment":[{"href":"https:\/\/www.mirabel-mielles.com\/nl\/wp-json\/wp\/v2\/media?parent=7632"}],"curies":[{"name":"wp","href":"https:\/\/api.w.org\/{rel}","templated":true}]}}