{"id":77,"date":"2021-12-10T14:28:16","date_gmt":"2021-12-10T13:28:16","guid":{"rendered":"https:\/\/www.campinglarenaudiere.com\/?page_id=77"},"modified":"2025-12-18T12:12:30","modified_gmt":"2025-12-18T11:12:30","slug":"toegang-camping-saint-cast-le-guildo","status":"publish","type":"page","link":"https:\/\/www.mirabel-mielles.com\/nl\/acces-camping-saint-cast-le-guildo","title":{"rendered":"Toegang"},"content":{"rendered":"<h1 class=\"wp-block-heading\" id=\"comment-venir-au-camping-la-renaudiere\">Hoe kom ik op camping Les Mielles in Saint Cast le Guildo?<\/h1>\n\n\n\n<div class=\"wp-block-columns is-layout-flex wp-container-core-columns-is-layout-28f84493 wp-block-columns-is-layout-flex\">\n<div class=\"wp-block-column is-vertically-aligned-center border border-info card pt-4 is-layout-flow wp-block-column-is-layout-flow\" style=\"flex-basis:40%\">\n<div class=\"wp-block-group is-layout-flow wp-block-group-is-layout-flow\">\n<p class=\"has-text-align-center\"><strong>Camping Les Mielles<\/strong><\/p>\n\n\n\n<p class=\"has-text-align-center\">****<br><\/p>\n\n\n\n<p class=\"has-text-align-center\">Boulevard de la Vieux Ville<br>22 380 Saint-Cast-le-Guildo<\/p>\n<\/div>\n\n\n\n<div style=\"height:15px\" aria-hidden=\"true\" class=\"wp-block-spacer\"><\/div>\n\n\n\n<p class=\"has-text-align-center\"><strong>Naast de camping :<\/strong><br><\/p>\n\n\n\n<p class=\"has-text-align-center\">Matignon supermarkt - 5 km<br>Station Saint-Malo - 33 km<br>Station Lamballe - 28 km<\/p>\n\n\n\n<div style=\"height:13px\" aria-hidden=\"true\" class=\"wp-block-spacer\"><\/div>\n\n\n\n<div class=\"wp-block-buttons is-horizontal is-content-justification-center is-layout-flex wp-container-core-buttons-is-layout-03627597 wp-block-buttons-is-layout-flex\">\n<div class=\"wp-block-button\"><a class=\"wp-block-button__link has-turquoise-background-color has-background wp-element-button\" href=\"https:\/\/www.campinglarenaudiere.com\/contact-camping-mielles\">Neem contact op met<\/a><\/div>\n<\/div>\n\n\n\n<p class=\"has-text-align-center\"><\/p>\n<\/div>\n\n\n\n<div class=\"wp-block-column is-layout-flow wp-block-column-is-layout-flow\" style=\"flex-basis:60%\">\n<iframe src=\"https:\/\/www.google.com\/maps\/embed?pb=!1m18!1m12!1m3!1d17739.449462437922!2d-2.2529097055128324!3d48.62927024728247!2m3!1f0!2f0!3f0!3m2!1i1024!2i768!4f13.1!3m3!1m2!1s0x480e79decaf51db9%3A0xa085c4355804fc4c!2sCamping%20Les%20Mielles!5e0!3m2!1sfr!2sfr!4v1663922921514!5m2!1sfr!2sfr\" width=\"100%\" height=\"370\" style=\"border:0;\" allowfullscreen=\"\" loading=\"lazy\" referrerpolicy=\"no-referrer-when-downgrade\"><\/iframe>\n<\/div>\n<\/div>\n\n\n\n<figure class=\"wp-block-image alignright size-full is-resized\"><img decoding=\"async\" src=\"https:\/\/www.campinglarenaudiere.com\/wp-content\/uploads\/2022\/01\/etoile.png\" alt=\"\" class=\"wp-image-2111\" style=\"width:160px;height:165px\"\/><\/figure>\n\n\n\n<p class=\"texte-rond has-orange-color has-text-color has-large-font-size\">Onze routeplanner voor Saint-Cast-le-Guildo<\/p>\n\n\n\n<p><strong>Over de weg vanuit Parijs :<\/strong> ongeveer 4u30 vanaf de A11. Neem de A10 richting Bordeaux\/Nantes - Neem de A11 richting de A81 Rennes en Nantes - Ga verder op de A81 - Neem de afslag naar de N136 richting Saint-Malo\/Porte de la Rougourdi\u00e8re - Ga verder op de N176 - Kom aan op de D19 Saint-Cast-le-Guildo<\/p>\n\n\n\n<p><strong>Via de weg vanuit Nantes&nbsp;<\/strong>Ongeveer 2u30. Neem de A844 richting Rennes - Neem de E3 (afslag 37) richting Porte de Rennes N137 - Neem op de D137 de richting Porte de Saint-Malo\/Dinan - Volg de N176 richting Dinan\/Saint-Brieuc - Ga verder op de D766 voordat je bij Saint-Cast-le-Guildo op de D19 komt.<\/p>\n\n\n\n<p><strong>Met de trein :<\/strong> <\/p>\n\n\n\n<ul class=\"wp-block-list\">\n<li>SNCF toegang station Lamballe, neem vervolgens de Breizh Go-bus lijn 231 Lamballe - St Cast (halte bij Office du Tourisme).<\/li>\n\n\n\n<li>SNCF toegang station St Malo, neem dan de Breizh Go bus lijn 14 St Malo St Cast (halte Toeristenbureau)<\/li>\n<\/ul>\n\n\n\n<p><strong>Met het vliegtuig :<\/strong> vanaf vliegveld Rennes<\/p>\n\n\n\n<p class=\"has-text-align-center texte-rond mt-5 has-large-font-size\">Ontdek de camping<\/p>\n\n\n\n<div class=\"wp-block-columns are-vertically-aligned-center h-20 front-page-section grey is-layout-flex wp-container-core-columns-is-layout-28f84493 wp-block-columns-is-layout-flex\">\n<div class=\"wp-block-column is-layout-flow wp-block-column-is-layout-flow\"><\/div>\n\n\n\n<div class=\"wp-block-column is-layout-flow wp-block-column-is-layout-flow\">\n<div class=\"wp-block-create-block-sevgutenberg-navigation\"><aside class=\"encart-sev-navigation small carre\"><a href=\"https:\/\/www.mirabel-mielles.com\/nl\/contact-opnemen-met-camping-mielles\/\" class=\"d-flex flex-column align-items-center\"><div class=\"encart-title\"><span>Neem contact op met<\/span><\/div><div class=\"vague\"><\/div><img decoding=\"async\" src=\"https:\/\/www.mirabel-mielles.com\/wp-content\/uploads\/2022\/09\/accueil-documentation-information-1.jpg\" alt=\"receptie camping\"\/><div class=\"ligne\"><\/div><div class=\"hover\"><\/div><\/a><\/aside><\/div>\n<\/div>\n\n\n\n<div class=\"wp-block-column is-vertically-aligned-center is-layout-flow wp-block-column-is-layout-flow\">\n<div class=\"wp-block-create-block-sevgutenberg-navigation\"><aside class=\"encart-sev-navigation small carre\"><a href=\"https:\/\/www.mirabel-mielles.com\/nl\/sint-cast-le-guildo\/\" class=\"d-flex flex-column align-items-center\"><div class=\"encart-title\"><span>Saint-Cast-le-Guildo<\/span><\/div><div class=\"vague\"><\/div><img decoding=\"async\" src=\"https:\/\/www.mirabel-mielles.com\/wp-content\/uploads\/2022\/09\/2-grande-plage-saint-cast.jpg\" alt=\"\"\/><div class=\"ligne\"><\/div><div class=\"hover\"><\/div><\/a><\/aside><\/div>\n<\/div>\n\n\n\n<div class=\"wp-block-column is-vertically-aligned-center is-layout-flow wp-block-column-is-layout-flow\">\n<div class=\"wp-block-create-block-sevgutenberg-navigation\"><aside class=\"encart-sev-navigation small carre\"><a href=\"https:\/\/www.mirabel-mielles.com\/nl\/ervaringen\/\" class=\"d-flex flex-column align-items-center\"><div class=\"encart-title\"><span>Ervaringen<\/span><\/div><div class=\"vague\"><\/div><img decoding=\"async\" src=\"https:\/\/www.mirabel-mielles.com\/wp-content\/uploads\/2022\/09\/2-parapente-mer-pixabay.jpg\" alt=\"\"\/><div class=\"ligne\"><\/div><div class=\"hover\"><\/div><\/a><\/aside><\/div>\n<\/div>\n\n\n\n<div class=\"wp-block-column is-layout-flow wp-block-column-is-layout-flow\"><\/div>\n<\/div>","protected":false},"excerpt":{"rendered":"<p>Comment venir au camping Les Mielles&nbsp;\u00e0 Saint Cast le Guildo ? Camping les Mielles **** Boulevard de la Vieux Ville22 [&hellip;]<\/p>\n","protected":false},"author":1,"featured_media":0,"parent":0,"menu_order":0,"comment_status":"closed","ping_status":"closed","template":"","meta":{"_seopress_robots_primary_cat":"","_seopress_titles_title":"Acc\u00e8s camping 4 \u00e9toiles Saint-Cast-le-Guildo C\u00f4tes-d'Armor","_seopress_titles_desc":"D\u00e9couvrez comment acc\u00e9der au camping 4* Les Mielles en C\u00f4tes-d'Armor pour profiter de votre s\u00e9jour en camping avec piscine \u00e0 Saint-Cast-le-Guildo","_seopress_robots_index":"","footnotes":""},"class_list":["post-77","page","type-page","status-publish","hentry"],"_links":{"self":[{"href":"https:\/\/www.mirabel-mielles.com\/nl\/wp-json\/wp\/v2\/pages\/77","targetHints":{"allow":["GET"]}}],"collection":[{"href":"https:\/\/www.mirabel-mielles.com\/nl\/wp-json\/wp\/v2\/pages"}],"about":[{"href":"https:\/\/www.mirabel-mielles.com\/nl\/wp-json\/wp\/v2\/types\/page"}],"author":[{"embeddable":true,"href":"https:\/\/www.mirabel-mielles.com\/nl\/wp-json\/wp\/v2\/users\/1"}],"replies":[{"embeddable":true,"href":"https:\/\/www.mirabel-mielles.com\/nl\/wp-json\/wp\/v2\/comments?post=77"}],"version-history":[{"count":9,"href":"https:\/\/www.mirabel-mielles.com\/nl\/wp-json\/wp\/v2\/pages\/77\/revisions"}],"predecessor-version":[{"id":10540,"href":"https:\/\/www.mirabel-mielles.com\/nl\/wp-json\/wp\/v2\/pages\/77\/revisions\/10540"}],"wp:attachment":[{"href":"https:\/\/www.mirabel-mielles.com\/nl\/wp-json\/wp\/v2\/media?parent=77"}],"curies":[{"name":"wp","href":"https:\/\/api.w.org\/{rel}","templated":true}]}}