{"id":889,"date":"2021-12-20T11:10:21","date_gmt":"2021-12-20T10:10:21","guid":{"rendered":"https:\/\/www.campinglarenaudiere.com\/?page_id=889"},"modified":"2023-12-08T16:11:27","modified_gmt":"2023-12-08T15:11:27","slug":"bretagne-voor-sporters","status":"publish","type":"page","link":"https:\/\/www.mirabel-mielles.com\/nl\/les-experiences\/bretagne-pour-les-sportifs","title":{"rendered":"Voor sportliefhebbers"},"content":{"rendered":"<figure class=\"wp-block-image alignright size-full is-resized\"><img decoding=\"async\" src=\"https:\/\/www.campinglarenaudiere.com\/wp-content\/uploads\/2021\/12\/Smile.png\" alt=\"praktisch glimlachen\" class=\"wp-image-1947\" style=\"width:160px;height:107px\"\/><\/figure>\n\n\n\n<h1 class=\"wp-block-heading\" id=\"vivez-l-experience-loire-atlantique-en-famille\">Sport en adrenaline op het programma<\/h1>\n\n\n\n<p class=\"has-text-align-center\">Als je een fervent sportliefhebber bent, heb je er goed aan gedaan de C\u00f4tes d'Armor te kiezen voor een kort weekend of een vakantie van een paar dagen. Onze 4 campings bieden een breed scala aan activiteiten, toegankelijk voor iedereen en voor elk budget! Een kort overzicht.<\/p>\n\n\n\n<figure class=\"wp-block-image aligncenter size-full\"><img decoding=\"async\" src=\"https:\/\/www.campinglarenaudiere.com\/wp-content\/uploads\/2022\/01\/barre-bleue.png\" alt=\"\" class=\"wp-image-2382\"\/><\/figure>\n\n\n\n<div class=\"wp-block-media-text alignwide is-stacked-on-mobile\"><figure class=\"wp-block-media-text__media\"><a href=\"https:\/\/www.mirabel-mielles.com\/wp-content\/uploads\/2022\/09\/1-kayak-mer_LE-GALL-Mathieu.jpg\"><img loading=\"lazy\" decoding=\"async\" width=\"1024\" height=\"683\" src=\"https:\/\/www.mirabel-mielles.com\/wp-content\/uploads\/2022\/09\/1-kayak-mer_LE-GALL-Mathieu-1024x683.jpg\" alt=\"sportieve ervaring\" class=\"wp-image-6224 size-full\"\/><\/a><\/figure><div class=\"wp-block-media-text__content\">\n<p class=\"has-text-align-left texte-rond has-orange-color has-text-color has-large-font-size\">Waarom zou je de sprong niet wagen?<\/p>\n\n\n\n<p>Na een rustige ochtend op de camping is het tijd om wat actie in je vakantie te brengen. Ga naar de <a href=\"https:\/\/www.centre-nautique-saint-cast.fr\" target=\"_blank\" rel=\"noreferrer noopener\">Nautisch Centrum Saint-Cast<\/a> voor windsurfen, catamaranzeilen of kajakken. De behendigsten geven misschien de voorkeur aan Stand-up Paddle of Dinghy. Het grote strand wacht op je om de golven te trotseren en je vrienden en familie uit te dagen voor een leuke en uitdagende activiteit. Je kunt ook Optimist of J80 zeilen proberen.<\/p>\n<\/div><\/div>\n\n\n\n<div style=\"height:30px\" aria-hidden=\"true\" class=\"wp-block-spacer\"><\/div>\n\n\n\n<div class=\"wp-block-media-text alignwide has-media-on-the-right is-stacked-on-mobile front-page-section grey\"><div class=\"wp-block-media-text__content\">\n<h2 class=\"wp-block-heading\">Een beetje hoogte krijgen<\/h2>\n\n\n\n<figure class=\"wp-block-image size-full\"><img loading=\"lazy\" decoding=\"async\" width=\"50\" height=\"8\" src=\"https:\/\/www.mirabel-mielles.com\/wp-content\/uploads\/2022\/09\/barre-bleue.png\" alt=\"\" class=\"wp-image-5969\"\/><\/figure>\n\n\n\n<p>Pak je handdoek en droog je af, want het is tijd om de lucht in te gaan voor je volgende activiteit. Klim je liever de lucht in of daal je er liever in af?<\/p>\n\n\n\n<p>In St Cast-le-Guildo kun je genieten van een heel bijzondere activiteit: paragliding! Geharnast aan je professionele instructeur kun je <strong>over de Bretonse kust vliegen<\/strong> tussen Saint-Coulomb, St-Jacut-de-la-Mer en Sables-d'Or-les-Pins voor een buitengewoon avontuur en onvergetelijke herinneringen. Als je het naar je zin hebt, kun je je wagen aan een paar <strong>acrobatische figuren<\/strong> misschien de controle over je vlucht nemen.<\/p>\n\n\n\n<p>Sommige mensen geven er de voorkeur aan om stevig aan de structuur vast te zitten voordat ze de lucht in gaan. Ga in dat geval naar <a href=\"https:\/\/www.saintcast-aventure.com\/\" target=\"_blank\" rel=\"noreferrer noopener\">Saint-Cast Aventure<\/a>. Deze <strong>acrobatisch park<\/strong> biedt cursussen voor kinderen en volwassenen voor een geweldig familiedagje uit in het Bois Bras. Er zijn parcoursen voor alle niveaus, zodat iedereen van de activiteit kan genieten. Je zult in staat zijn om <strong>in bomen klimmen<\/strong> en met behulp van allerlei apparatuur: tokkelbanen, Tarzansprongen, golfbruggen, surfen, enz.<br>Om optimaal van de dag te genieten is er in het park een snackbar met een zonnig terras en fastfood beschikbaar.<\/p>\n<\/div><figure class=\"wp-block-media-text__media\"><a href=\"https:\/\/www.mirabel-mielles.com\/wp-content\/uploads\/2022\/09\/2-parapente-mer-pixabay.jpg\"><img loading=\"lazy\" decoding=\"async\" width=\"1024\" height=\"683\" src=\"https:\/\/www.mirabel-mielles.com\/wp-content\/uploads\/2022\/09\/2-parapente-mer-pixabay-1024x683.jpg\" alt=\"paragliding in de buurt van de camping in St Cast\" class=\"wp-image-6225 size-full\" srcset=\"https:\/\/www.mirabel-mielles.com\/wp-content\/uploads\/2022\/09\/2-parapente-mer-pixabay-1024x683.jpg 1024w, https:\/\/www.mirabel-mielles.com\/wp-content\/uploads\/2022\/09\/2-parapente-mer-pixabay-300x200.jpg 300w, https:\/\/www.mirabel-mielles.com\/wp-content\/uploads\/2022\/09\/2-parapente-mer-pixabay-768x512.jpg 768w, https:\/\/www.mirabel-mielles.com\/wp-content\/uploads\/2022\/09\/2-parapente-mer-pixabay.jpg 1200w\" sizes=\"auto, (max-width: 1024px) 100vw, 1024px\" \/><\/a><\/figure><\/div>\n\n\n\n<div class=\"wp-block-media-text alignwide is-stacked-on-mobile\"><figure class=\"wp-block-media-text__media\"><img loading=\"lazy\" decoding=\"async\" width=\"1024\" height=\"666\" src=\"https:\/\/www.mirabel-mielles.com\/wp-content\/uploads\/2022\/09\/3-Adt-accrobranche_Loic-KERSUZAN-1024x666.jpg\" alt=\"accrobranche in Saint Cast le Guildo vlakbij de camping \" class=\"wp-image-6227 size-full\" srcset=\"https:\/\/www.mirabel-mielles.com\/wp-content\/uploads\/2022\/09\/3-Adt-accrobranche_Loic-KERSUZAN-1024x666.jpg 1024w, https:\/\/www.mirabel-mielles.com\/wp-content\/uploads\/2022\/09\/3-Adt-accrobranche_Loic-KERSUZAN-300x195.jpg 300w, https:\/\/www.mirabel-mielles.com\/wp-content\/uploads\/2022\/09\/3-Adt-accrobranche_Loic-KERSUZAN-768x500.jpg 768w, https:\/\/www.mirabel-mielles.com\/wp-content\/uploads\/2022\/09\/3-Adt-accrobranche_Loic-KERSUZAN.jpg 1200w\" sizes=\"auto, (max-width: 1024px) 100vw, 1024px\" \/><\/figure><div class=\"wp-block-media-text__content\">\n<h2 class=\"wp-block-heading\" id=\"tous-a-la-mer\">Ongewone sporten in C\u00f4tes d'Armor<\/h2>\n\n\n\n<figure class=\"wp-block-image size-full\"><img decoding=\"async\" src=\"https:\/\/www.campinglarenaudiere.com\/wp-content\/uploads\/2022\/01\/barre-bleue.png\" alt=\"\" class=\"wp-image-2382\"\/><\/figure>\n\n\n\n<p>Natuurlijk is er net zo veel te doen terwijl je met beide benen op de grond blijft (of bijna)! De prachtige <a href=\"https:\/\/golf-st-cast.com\/\" target=\"_blank\" rel=\"noreferrer noopener\">Golf van St-Cast<\/a>, met uitzicht op zee en een uitzonderlijk uitzicht tijdens het spelen, is het hele jaar door geopend. Aan de ene kant <strong>Pen Guen strand<\/strong> en op de andere <strong>de Ebihens archipel<\/strong>. Of je nu een beginner of een ervaren speler bent, je hebt alle tijd om van de 18-holesbaan te genieten en naar wens lessen voor kinderen of volwassenen te volgen.<\/p>\n\n\n\n<p>Zin in een strandwandeling? Ga dan naar <strong>Hippisch Centrum<\/strong> van het resort, waar gekwalificeerde instructeurs je meenemen voor ritjes op het strand in kleine groepen. Als je je op je gemak voelt, nemen de paarden je mee voor een ritje op het strand.<strong> unieke ervaring<\/strong> en uniek in contact met water en golven. Om af te sluiten, houd je je stevig vast voor de laatste galop voordat je naar huis gaat!<\/p>\n\n\n\n<p><br><\/p>\n<\/div><\/div>\n\n\n\n<div style=\"height:10px\" aria-hidden=\"true\" class=\"wp-block-spacer\"><\/div>","protected":false},"excerpt":{"rendered":"<p>Sport et adr\u00e9naline au programme Sportif dans l\u2019\u00e2me, vous avez bien fait de choisir les C\u00f4tes d\u2019Armor pour un petit [&hellip;]<\/p>\n","protected":false},"author":1,"featured_media":0,"parent":272,"menu_order":0,"comment_status":"closed","ping_status":"closed","template":"","meta":{"_seopress_robots_primary_cat":"","_seopress_titles_title":"A la d\u00e9couverte des sports insolites en C\u00f4tes d&#039;Armor","_seopress_titles_desc":"Tourisme sportif autour du camping \u00e0 Saint Cast le Guildo en C\u00f4tes d&#039;Armor","_seopress_robots_index":"","footnotes":""},"class_list":["post-889","page","type-page","status-publish","hentry"],"_links":{"self":[{"href":"https:\/\/www.mirabel-mielles.com\/nl\/wp-json\/wp\/v2\/pages\/889","targetHints":{"allow":["GET"]}}],"collection":[{"href":"https:\/\/www.mirabel-mielles.com\/nl\/wp-json\/wp\/v2\/pages"}],"about":[{"href":"https:\/\/www.mirabel-mielles.com\/nl\/wp-json\/wp\/v2\/types\/page"}],"author":[{"embeddable":true,"href":"https:\/\/www.mirabel-mielles.com\/nl\/wp-json\/wp\/v2\/users\/1"}],"replies":[{"embeddable":true,"href":"https:\/\/www.mirabel-mielles.com\/nl\/wp-json\/wp\/v2\/comments?post=889"}],"version-history":[{"count":5,"href":"https:\/\/www.mirabel-mielles.com\/nl\/wp-json\/wp\/v2\/pages\/889\/revisions"}],"predecessor-version":[{"id":9165,"href":"https:\/\/www.mirabel-mielles.com\/nl\/wp-json\/wp\/v2\/pages\/889\/revisions\/9165"}],"up":[{"embeddable":true,"href":"https:\/\/www.mirabel-mielles.com\/nl\/wp-json\/wp\/v2\/pages\/272"}],"wp:attachment":[{"href":"https:\/\/www.mirabel-mielles.com\/nl\/wp-json\/wp\/v2\/media?parent=889"}],"curies":[{"name":"wp","href":"https:\/\/api.w.org\/{rel}","templated":true}]}}