{"id":895,"date":"2021-12-20T11:14:26","date_gmt":"2021-12-20T10:14:26","guid":{"rendered":"https:\/\/www.campinglarenaudiere.com\/?page_id=895"},"modified":"2024-04-04T09:36:39","modified_gmt":"2024-04-04T07:36:39","slug":"ervaring-saint-cast-le-guildo","status":"publish","type":"page","link":"https:\/\/www.mirabel-mielles.com\/nl\/les-experiences\/experience-saint-cast-le-guildo","title":{"rendered":"Een dag in St Cast"},"content":{"rendered":"<figure class=\"wp-block-image alignright size-full is-resized\"><img decoding=\"async\" src=\"https:\/\/www.campinglarenaudiere.com\/wp-content\/uploads\/2022\/01\/Soleil.png\" alt=\"zon\" class=\"wp-image-1883\" style=\"width:160px;height:146px\"\/><\/figure>\n\n\n\n<h1 class=\"wp-block-heading\" id=\"a-la-decouverte-de-la-cote-de-jade-a-velo\">Een dag in Saint-Cast-le-Guildo<\/h1>\n\n\n\n<p class=\"has-text-align-center\">Als u op camping Les Mielles in de C\u00f4tes d\u2019Armor verblijft, zult u genieten van een dag in Saint-Cast-le-Guildo, waar alles te voet te doen is. Wij hebben een typische dag voor u getest, volg ons, we vertellen u alles!<\/p>\n\n\n\n<figure class=\"wp-block-image aligncenter size-full\"><img decoding=\"async\" src=\"https:\/\/www.campinglarenaudiere.com\/wp-content\/uploads\/2022\/01\/barre-bleue.png\" alt=\"\" class=\"wp-image-2382\"\/><\/figure>\n\n\n\n<div class=\"wp-block-media-text alignwide is-stacked-on-mobile\"><figure class=\"wp-block-media-text__media\"><a href=\"https:\/\/www.mirabel-mielles.com\/wp-content\/uploads\/2022\/09\/1-petit-dejeuner-terrasse.jpg\"><img loading=\"lazy\" decoding=\"async\" width=\"1024\" height=\"1024\" src=\"https:\/\/www.mirabel-mielles.com\/wp-content\/uploads\/2022\/09\/1-petit-dejeuner-terrasse-1024x1024.jpg\" alt=\"ontbijt in Qaint Cast le Guildo\" class=\"wp-image-6217 size-full\" srcset=\"https:\/\/www.mirabel-mielles.com\/wp-content\/uploads\/2022\/09\/1-petit-dejeuner-terrasse-1024x1024.jpg 1024w, https:\/\/www.mirabel-mielles.com\/wp-content\/uploads\/2022\/09\/1-petit-dejeuner-terrasse-300x300.jpg 300w, https:\/\/www.mirabel-mielles.com\/wp-content\/uploads\/2022\/09\/1-petit-dejeuner-terrasse-150x150.jpg 150w, https:\/\/www.mirabel-mielles.com\/wp-content\/uploads\/2022\/09\/1-petit-dejeuner-terrasse-768x768.jpg 768w, https:\/\/www.mirabel-mielles.com\/wp-content\/uploads\/2022\/09\/1-petit-dejeuner-terrasse.jpg 1200w\" sizes=\"auto, (max-width: 1024px) 100vw, 1024px\" \/><\/a><\/figure><div class=\"wp-block-media-text__content\">\n<p class=\"has-medium-font-size\"><strong>Lokaal ontbijt op het terras<\/strong><\/p>\n\n\n\n<figure class=\"wp-block-image size-full\"><img decoding=\"async\" src=\"https:\/\/www.campinglarenaudiere.com\/wp-content\/uploads\/2022\/01\/barre-bleue.png\" alt=\"\" class=\"wp-image-2382\"\/><\/figure>\n\n\n\n<p>Zacht wakker worden op Camping les Mielles in onze goed uitgeruste mobilhome met 1 slaapkamer. Om deze dag zo goed mogelijk te beginnen, wat is er beter dan een <strong>ontbijt op het terras<\/strong>. Richting het centrum van <strong>Saint-Cast-le-Guildo<\/strong>. 5 minuten is genoeg om het kleine plein te bereiken waar u keuzestress zult hebben. Wij kozen voor restaurant La Belle Meuni\u00e8re met zijn prachtige stenen bogen en prachtige gevel. Ontbijtformule met keuze uit: thee, koffie, warme chocolademelk geserveerd in prachtige antieke kopjes, vers geperste sinaasappelsap om vitamine D op te doen. Wat betreft het gebak, de gulzigheid krijgt de vrije loop: croissants of chocoladebroodjes, vers brood, boter, jam, brioche, kouign-amann, uw smaakpapillen zullen verwend worden!<\/p>\n\n\n\n<p>Nu de energie is opgedaan, op naar de kleine steegjes en <strong>de lokale boetieks,<\/strong> perfect voor een klein souvenir <strong>vakantieherinnering<\/strong>\u00a0Sieraden, confectiekleding, streekproducten, ansichtkaarten, er is alles wat je nodig hebt!<\/p>\n<\/div><\/div>\n\n\n\n<div class=\"wp-block-media-text alignwide has-media-on-the-right is-stacked-on-mobile front-page-section grey\"><div class=\"wp-block-media-text__content\">\n<p class=\"texte-rond has-orange-color has-text-color has-large-font-size\">Het strand voor zover het oog reikt<\/p>\n\n\n\n<p>Nu het mooie weer ons goedgezind is, gaan we richting <strong>het strand van Saint-Cast-le-Guildo<\/strong> voor het traditionele zandkasteel, de voeten (en poten) in het water, een beetje koud maar verkwikkend, en het luieren. Voor sporters is een beachvolleybalveld gratis beschikbaar! Op 250 meter van de camping, geen parkeerplaats zoeken, te voet, met de fiets of step, het is heel gemakkelijk te bereiken. Voor degenen die willen wandelen, kunt u <strong>langs de zee flaneren<\/strong> en de dijk nemend, en aansluitend op het GR34.<\/p>\n<\/div><figure class=\"wp-block-media-text__media\"><a href=\"https:\/\/www.mirabel-mielles.com\/wp-content\/uploads\/2022\/09\/2-grande-plage-saint-cast.jpg\"><img loading=\"lazy\" decoding=\"async\" width=\"1024\" height=\"575\" src=\"https:\/\/www.mirabel-mielles.com\/wp-content\/uploads\/2022\/09\/2-grande-plage-saint-cast-1024x575.jpg\" alt=\"strand van Saint-Cast-le-Guildo\" class=\"wp-image-6218 size-full\" srcset=\"https:\/\/www.mirabel-mielles.com\/wp-content\/uploads\/2022\/09\/2-grande-plage-saint-cast-1024x575.jpg 1024w, https:\/\/www.mirabel-mielles.com\/wp-content\/uploads\/2022\/09\/2-grande-plage-saint-cast-300x169.jpg 300w, https:\/\/www.mirabel-mielles.com\/wp-content\/uploads\/2022\/09\/2-grande-plage-saint-cast-768x431.jpg 768w, https:\/\/www.mirabel-mielles.com\/wp-content\/uploads\/2022\/09\/2-grande-plage-saint-cast.jpg 1200w\" sizes=\"auto, (max-width: 1024px) 100vw, 1024px\" \/><\/a><\/figure><\/div>\n\n\n\n<div class=\"wp-block-media-text alignwide is-stacked-on-mobile animate left\"><figure class=\"wp-block-media-text__media\"><a href=\"https:\/\/www.mirabel-mielles.com\/wp-content\/uploads\/2022\/09\/3-glacier-st-cast.jpg\"><img loading=\"lazy\" decoding=\"async\" width=\"1024\" height=\"1024\" src=\"https:\/\/www.mirabel-mielles.com\/wp-content\/uploads\/2022\/09\/3-glacier-st-cast-1024x1024.jpg\" alt=\"instant gourmand in Saint-Cast-le-Guildo\" class=\"wp-image-6219 size-full\" srcset=\"https:\/\/www.mirabel-mielles.com\/wp-content\/uploads\/2022\/09\/3-glacier-st-cast-1024x1024.jpg 1024w, https:\/\/www.mirabel-mielles.com\/wp-content\/uploads\/2022\/09\/3-glacier-st-cast-300x300.jpg 300w, https:\/\/www.mirabel-mielles.com\/wp-content\/uploads\/2022\/09\/3-glacier-st-cast-150x150.jpg 150w, https:\/\/www.mirabel-mielles.com\/wp-content\/uploads\/2022\/09\/3-glacier-st-cast-768x768.jpg 768w, https:\/\/www.mirabel-mielles.com\/wp-content\/uploads\/2022\/09\/3-glacier-st-cast.jpg 1200w\" sizes=\"auto, (max-width: 1024px) 100vw, 1024px\" \/><\/a><\/figure><div class=\"wp-block-media-text__content\">\n<p class=\"has-medium-font-size\"><strong>De guilty pleasure snack<\/strong><\/p>\n\n\n\n<figure class=\"wp-block-image size-full\"><img decoding=\"async\" src=\"https:\/\/www.campinglarenaudiere.com\/wp-content\/uploads\/2022\/01\/barre-bleue.png\" alt=\"\" class=\"wp-image-2382\"\/><\/figure>\n\n\n\n<p>16:00 uur nadert: terug naar het stadscentrum om, naar wens, te genieten van een goede <strong>zelfgemaakt ijs<\/strong>, een wafel, een cr\u00eape (met karamel zeezout natuurlijk). Je zult zeker je geluk en je favoriete smaak vinden. <strong>bij Tinou<\/strong> of <strong>Ty Castin<\/strong>, beide gelegen aan de Rue du Duc d\u2019Alguillon, midden in het centrum, nabij <strong>de speelplaats voor de kinderen.<\/strong><\/p>\n<\/div><\/div>\n\n\n\n<p><\/p>\n\n\n\n<div class=\"wp-block-media-text alignwide has-media-on-the-right is-stacked-on-mobile\"><div class=\"wp-block-media-text__content\">\n<p class=\"texte-rond has-orange-color has-text-color has-large-font-size\">Directe zoetheid met de onmisbare Bretonse galette!<\/p>\n\n\n\n<p>Wat is er beter om de dag af te sluiten dan de voeten onder tafel te schuiven en gewoon te genieten. Om dit kleine avontuur van Castin af te sluiten, zijn we naar <strong>de cr\u00eaperie<\/strong> \u00ab\u00a0<strong>Het geluk ligt in het graan<\/strong>\u00a0\u00bbCider, kir Breton, galettes van allerlei soorten, zoete cr\u00eapes, het menu is uitgebreid, de wensen volgen elkaar op, maar je moet toch een keuze maken. Galettes met schaaldieren, met vlees, met geitenkaas, en zoveel andere keuzes staan tot je beschikking. Als dessert, flamberende cr\u00eapes met ijs, klassieke cr\u00eapes, ijsjes, er is zeker voor elk wat wils! Wij waren dol op dit kleine adresje waar de service snel is, het personeel lachend en vriendelijk en het menu aansluit bij onze wensen!<\/p>\n\n\n\n<p>Hier is onze kleine lente Castine dag! Natuurlijk is er <strong>andere activiteiten in St-Cast<\/strong> wat we niet de tijd hadden om te doen, maar die we aanraden om te proberen uit onze lijst van <a href=\"https:\/\/www.mirabel-mielles.com\/nl\/goede-adressen-links\/\" data-type=\"page\" data-id=\"73\">activiteiten<\/a>. Het is aan u om uw dag naar wens in te vullen!<\/p>\n<\/div><figure class=\"wp-block-media-text__media\"><img loading=\"lazy\" decoding=\"async\" width=\"1024\" height=\"1024\" src=\"https:\/\/www.mirabel-mielles.com\/wp-content\/uploads\/2022\/09\/4-crepe-caramel-beurre-sale-1024x1024.jpg\" alt=\"culinaire pauze in Saint-Cast-le-Guildo\" class=\"wp-image-6220 size-full\" srcset=\"https:\/\/www.mirabel-mielles.com\/wp-content\/uploads\/2022\/09\/4-crepe-caramel-beurre-sale-1024x1024.jpg 1024w, https:\/\/www.mirabel-mielles.com\/wp-content\/uploads\/2022\/09\/4-crepe-caramel-beurre-sale-300x300.jpg 300w, https:\/\/www.mirabel-mielles.com\/wp-content\/uploads\/2022\/09\/4-crepe-caramel-beurre-sale-150x150.jpg 150w, https:\/\/www.mirabel-mielles.com\/wp-content\/uploads\/2022\/09\/4-crepe-caramel-beurre-sale-768x768.jpg 768w, https:\/\/www.mirabel-mielles.com\/wp-content\/uploads\/2022\/09\/4-crepe-caramel-beurre-sale.jpg 1200w\" sizes=\"auto, (max-width: 1024px) 100vw, 1024px\" \/><\/figure><\/div>","protected":false},"excerpt":{"rendered":"<p>Une journ\u00e9e \u00e0 Saint-Cast-le-Guildo En s\u00e9journant au camping Les Mielles dans les C\u00f4tes d\u2019Armor, vous appr\u00e9cierez de passer une journ\u00e9e [&hellip;]<\/p>\n","protected":false},"author":1,"featured_media":0,"parent":272,"menu_order":0,"comment_status":"closed","ping_status":"closed","template":"","meta":{"_seopress_robots_primary_cat":"","_seopress_titles_title":"Une journ\u00e9e \u00e0 Saint Cast le Guildo","_seopress_titles_desc":"En s\u00e9journant au camping Les Mielles dans les C\u00f4tes d\u2019Armor, vous appr\u00e9cierez de passer une journ\u00e9e \u00e0 Saint-Cast-le-Guildo o\u00f9 vous pourrez tout faire \u00e0 pied","_seopress_robots_index":"","footnotes":""},"class_list":["post-895","page","type-page","status-publish","hentry"],"_links":{"self":[{"href":"https:\/\/www.mirabel-mielles.com\/nl\/wp-json\/wp\/v2\/pages\/895","targetHints":{"allow":["GET"]}}],"collection":[{"href":"https:\/\/www.mirabel-mielles.com\/nl\/wp-json\/wp\/v2\/pages"}],"about":[{"href":"https:\/\/www.mirabel-mielles.com\/nl\/wp-json\/wp\/v2\/types\/page"}],"author":[{"embeddable":true,"href":"https:\/\/www.mirabel-mielles.com\/nl\/wp-json\/wp\/v2\/users\/1"}],"replies":[{"embeddable":true,"href":"https:\/\/www.mirabel-mielles.com\/nl\/wp-json\/wp\/v2\/comments?post=895"}],"version-history":[{"count":6,"href":"https:\/\/www.mirabel-mielles.com\/nl\/wp-json\/wp\/v2\/pages\/895\/revisions"}],"predecessor-version":[{"id":9545,"href":"https:\/\/www.mirabel-mielles.com\/nl\/wp-json\/wp\/v2\/pages\/895\/revisions\/9545"}],"up":[{"embeddable":true,"href":"https:\/\/www.mirabel-mielles.com\/nl\/wp-json\/wp\/v2\/pages\/272"}],"wp:attachment":[{"href":"https:\/\/www.mirabel-mielles.com\/nl\/wp-json\/wp\/v2\/media?parent=895"}],"curies":[{"name":"wp","href":"https:\/\/api.w.org\/{rel}","templated":true}]}}