{"id":9459,"date":"2024-03-08T15:15:40","date_gmt":"2024-03-08T14:15:40","guid":{"rendered":"https:\/\/www.mirabel-mielles.com\/?page_id=9459"},"modified":"2025-02-06T15:07:09","modified_gmt":"2025-02-06T14:07:09","slug":"de-paasvakantie-op-de-camping","status":"publish","type":"page","link":"https:\/\/www.mirabel-mielles.com\/nl\/les-experiences\/les-vacances-de-paques-en-camping","title":{"rendered":"Paasvakantie in Bretagne"},"content":{"rendered":"<h1 class=\"wp-block-heading\">Paasvakantie in Bretagne<\/h1>\n\n\n\n<h2 class=\"wp-block-heading has-text-align-center\">Kom voor de aprilvakantie genieten van een gezinsvakantie aan zee in Saint-Cast-le-Guildo. Onze 4-sterren camping Les Mielles is geopend tijdens de paasvakantie, op slechts 250 m van de zee. Ter plaatse vind je tal van diensten en comfortabele kwaliteitsaccommodaties voor je vakantie. <strong>gezinsvakanties in Bretagne.<\/strong><\/h2>\n\n\n\n<figure class=\"wp-block-image aligncenter size-full\"><img loading=\"lazy\" decoding=\"async\" width=\"50\" height=\"8\" src=\"https:\/\/www.mirabel-mielles.com\/wp-content\/uploads\/2022\/09\/barre-bleue.png\" alt=\"\" class=\"wp-image-5969\"\/><\/figure>\n\n\n\n<div class=\"wp-block-media-text is-stacked-on-mobile\"><figure class=\"wp-block-media-text__media\"><img loading=\"lazy\" decoding=\"async\" width=\"600\" height=\"400\" src=\"https:\/\/www.mirabel-mielles.com\/wp-content\/uploads\/2024\/03\/st-cast-le-guildo-centre-ville.jpg\" alt=\"De badplaats Saint Cast le Guildo met Pasen\" class=\"wp-image-9467 size-full\" srcset=\"https:\/\/www.mirabel-mielles.com\/wp-content\/uploads\/2024\/03\/st-cast-le-guildo-centre-ville.jpg 600w, https:\/\/www.mirabel-mielles.com\/wp-content\/uploads\/2024\/03\/st-cast-le-guildo-centre-ville-300x200.jpg 300w\" sizes=\"auto, (max-width: 600px) 100vw, 600px\" \/><\/figure><div class=\"wp-block-media-text__content\">\n<h2 class=\"wp-block-heading\"><strong><strong>Waar naartoe tijdens de aprilvakantie in Bretagne?<\/strong><\/strong><\/h2>\n\n\n\n<p>Ahhh lente... de dagen worden langer, de eerste zonnestralen warmen ons op, we kunnen niet wachten! De C\u00f4tes d'Armor is een ideale bestemming voor een vakantie. <strong>Paasvakantie met het gezin<\/strong> en meer specifiek Saint-Cast-le-Guildo. Deze kleine badplaats, gelegen tussen Saint-Malo en Saint-Brieuc, staat bekend als een <strong>een echte gezinsbestemming<\/strong> <strong>in Bretagne<\/strong> en een must voor <strong>wandelliefhebbers<\/strong>. Of je er nu met z'n twee\u00ebn, met vrienden of met de kinderen op uit trekt, in Saint-Cast vind je vast iets van je gading dankzij het ruime aanbod aan gezinsactiviteiten. De badplaats wordt omringd door talloze stranden en baaien. Je kunt er verschillende activiteiten beoefenen, zoals vissen, strandzeilen, windsurfen, paddleboarden en duiken.<\/p>\n<\/div><\/div>\n\n\n\n<p><\/p>\n\n\n\n<div class=\"wp-block-media-text has-media-on-the-right is-stacked-on-mobile animate right front-page-section grey\"><div class=\"wp-block-media-text__content\">\n<h3 class=\"wp-block-heading\"><strong><strong>Gezinsactiviteiten tijdens de paasvakantie?<\/strong><\/strong><\/h3>\n\n\n\n<p>Als je ervoor hebt gekozen om een paar dagen of een week in de <strong>Paasvakantie in Bretagne<\/strong>, Er worden tal van activiteiten aangeboden. Als je meer van de natuur houdt, neem dan de GR34, die vanuit alle hoeken van Saint Cast le Guildo toegankelijk is en je langs de kust voert. In het laagseizoen zie je weinig wandelaars, dus je kunt heerlijk ontspannen tijdens je wandelingen.<\/p>\n\n\n\n<p>Voor fans van spanning en sensatie<strong> watersport<\/strong>, Neem voor meer informatie contact op met de zeilclub van St Cast: kajak- of catamarantochten, sessies stand-up paddle en nog veel meer, ....<\/p>\n\n\n\n<p><strong>Gezinsactiviteiten<\/strong> zijn mogelijk in de buurt van uw camping, zie hieronder voor de lijst met campings die open zijn in april.<\/p>\n\n\n\n<p>Ga voor andere idee\u00ebn voor uitjes naar <strong>Toeristenbureau Saint-Cast-le-Guildo<\/strong> of op <a href=\"https:\/\/www.mirabel-mielles.com\/wp-admin\/post.php?post=8173&amp;action=edit\" target=\"_blank\" rel=\"noreferrer noopener\">onze speciale pagina<\/a>.<\/p>\n\n\n\n<p><\/p>\n<\/div><figure class=\"wp-block-media-text__media\"><img loading=\"lazy\" decoding=\"async\" width=\"600\" height=\"400\" src=\"https:\/\/www.mirabel-mielles.com\/wp-content\/uploads\/2024\/03\/web-plage-st-cast.jpg\" alt=\"watersportactiviteiten in st cast le guildo plage\" class=\"wp-image-9464 size-full\" srcset=\"https:\/\/www.mirabel-mielles.com\/wp-content\/uploads\/2024\/03\/web-plage-st-cast.jpg 600w, https:\/\/www.mirabel-mielles.com\/wp-content\/uploads\/2024\/03\/web-plage-st-cast-300x200.jpg 300w\" sizes=\"auto, (max-width: 600px) 100vw, 600px\" \/><\/figure><\/div>\n\n\n\n<p><\/p>\n\n\n\n<div class=\"wp-block-media-text is-stacked-on-mobile\"><figure class=\"wp-block-media-text__media\"><img loading=\"lazy\" decoding=\"async\" width=\"1024\" height=\"768\" src=\"https:\/\/www.mirabel-mielles.com\/wp-content\/uploads\/2022\/09\/trampoline-enfant-1024x768.jpg\" alt=\"trampoline camping kinderspeelplaats\" class=\"wp-image-6072 size-full\" srcset=\"https:\/\/www.mirabel-mielles.com\/wp-content\/uploads\/2022\/09\/trampoline-enfant-1024x768.jpg 1024w, https:\/\/www.mirabel-mielles.com\/wp-content\/uploads\/2022\/09\/trampoline-enfant-300x225.jpg 300w, https:\/\/www.mirabel-mielles.com\/wp-content\/uploads\/2022\/09\/trampoline-enfant-768x576.jpg 768w, https:\/\/www.mirabel-mielles.com\/wp-content\/uploads\/2022\/09\/trampoline-enfant.jpg 1200w\" sizes=\"auto, (max-width: 1024px) 100vw, 1024px\" \/><\/figure><div class=\"wp-block-media-text__content\">\n<h3 class=\"wp-block-heading\"><strong>Onze camping in Bretagne gaat open in april<\/strong><\/h3>\n\n\n\n<p>Voor de <strong>Paasvakantie<\/strong>, een <a href=\"https:\/\/www.mirabel-mielles.com\/nl\/huurprijzen-stacaravans\/\" target=\"_blank\" rel=\"noreferrer noopener\">comfortabele stacaravan<\/a> voor een weekje totale ontspanning in Bretagne aan zee. Op Camping Mirabel Les Mielles kun je slapen in <strong>Bungalows met 1 tot 3 slaapkamers<\/strong> alles recent. Als het mooi weer is, maak het jezelf gemakkelijk op het halfoverdekte terras van je stacaravan voor het ontbijt of een aperitief met vrienden na een goede wandeling langs de zee. <\/p>\n\n\n\n<p>Op het terrein kunnen kinderen zich vermaken op de beveiligde speelplaats of in de overdekte hal, terwijl oudere kinderen kunnen genieten van een spelletje jeu de boules op onze jeu de boulesbaan. Er staat ook een volleybalnet tot je beschikking en een Des <strong>Kampeervakantie april<\/strong> in de C\u00f4tes d'Armor.<\/p>\n<\/div><\/div>\n\n\n\n<p><\/p>\n\n\n\n<div class=\"wp-block-group alignwide border border-info card is-layout-constrained wp-block-group-is-layout-constrained\">\n<p class=\"has-text-align-center\"><strong>Vrijetijdslocaties open in april<\/strong><\/p>\n\n\n\n<ul class=\"wp-block-list\">\n<li>Kaap Frehel en zijn vuurtoren <\/li>\n\n\n\n<li>Fort La Latte van 10.30 tot 18.00 uur. <\/li>\n\n\n\n<li>Ch\u00e2teau de la Hunaudaye van 14.30 tot 18.00 uur - Pl\u00e9d\u00e9liac<\/li>\n\n\n\n<li>Harras National de Lamballe - open dinsdag tot zaterdag<\/li>\n\n\n\n<li>Saint-Cast-Aventure - elke dag geopend<\/li>\n\n\n\n<li>Eco-mus\u00e9e de la ferme d'Antan - open van dinsdag tot zondag<\/li>\n\n\n\n<li>Aquarium de St Malo - dagelijks<\/li>\n<\/ul>\n\n\n\n<p><strong>Vind andere adressen op <a href=\"https:\/\/www.mirabel-mielles.com\/nl\/goede-adressen-links\/\" target=\"_blank\" rel=\"noreferrer noopener\">onze speciale pagina<\/a>.<\/strong><\/p>\n<\/div>","protected":false},"excerpt":{"rendered":"<p>Les vacances de P\u00e2ques en Bretagne Pour les vacances d\u2019avril, venez profiter d\u2019un s\u00e9jour en famille au bord de la [&hellip;]<\/p>\n","protected":false},"author":2,"featured_media":0,"parent":272,"menu_order":0,"comment_status":"closed","ping_status":"closed","template":"","meta":{"_seopress_robots_primary_cat":"","_seopress_titles_title":"Les vacances de paques en bretagne","_seopress_titles_desc":"Partez en camping 4 \u00e9toiles \u00e0 Saint Cast le Guildo pendant les vacances d'avril. Nos locations de mobil-homes tout confort sont situ\u00e9s \u00e0 250 m de la mer.","_seopress_robots_index":"","footnotes":""},"class_list":["post-9459","page","type-page","status-publish","hentry"],"_links":{"self":[{"href":"https:\/\/www.mirabel-mielles.com\/nl\/wp-json\/wp\/v2\/pages\/9459","targetHints":{"allow":["GET"]}}],"collection":[{"href":"https:\/\/www.mirabel-mielles.com\/nl\/wp-json\/wp\/v2\/pages"}],"about":[{"href":"https:\/\/www.mirabel-mielles.com\/nl\/wp-json\/wp\/v2\/types\/page"}],"author":[{"embeddable":true,"href":"https:\/\/www.mirabel-mielles.com\/nl\/wp-json\/wp\/v2\/users\/2"}],"replies":[{"embeddable":true,"href":"https:\/\/www.mirabel-mielles.com\/nl\/wp-json\/wp\/v2\/comments?post=9459"}],"version-history":[{"count":22,"href":"https:\/\/www.mirabel-mielles.com\/nl\/wp-json\/wp\/v2\/pages\/9459\/revisions"}],"predecessor-version":[{"id":10112,"href":"https:\/\/www.mirabel-mielles.com\/nl\/wp-json\/wp\/v2\/pages\/9459\/revisions\/10112"}],"up":[{"embeddable":true,"href":"https:\/\/www.mirabel-mielles.com\/nl\/wp-json\/wp\/v2\/pages\/272"}],"wp:attachment":[{"href":"https:\/\/www.mirabel-mielles.com\/nl\/wp-json\/wp\/v2\/media?parent=9459"}],"curies":[{"name":"wp","href":"https:\/\/api.w.org\/{rel}","templated":true}]}}